{"id":5031,"date":"2022-07-08T08:49:27","date_gmt":"2022-07-08T06:49:27","guid":{"rendered":"https:\/\/www.altisfain.com\/?post_type=product&#038;p=5031"},"modified":"2022-07-11T23:07:52","modified_gmt":"2022-07-11T21:07:52","slug":"collier-inox-les-diaboliques-pandore-labradorite","status":"publish","type":"product","link":"https:\/\/www.altisfain.com\/en\/boutique\/diaboliques\/collier-inox-les-diaboliques-pandore-labradorite\/","title":{"rendered":"Collier inox &#8220;Les Diaboliques: Pandore&#8221; Labradorite"},"content":{"rendered":"<blockquote>\n<p style=\"text-align: left; padding-left: 30px;\">&#8220;Le mot na\u00eff et \u00e9tonn\u00e9 de la Borgh\u00e8se, quand on lui demanda comment elle avait bien pu poser nue devant Canova: \u00abmais l&#8217;atelier \u00e9tait chaud! il y avait un po\u00eale!\u00bb&#8221;<br \/>\nLes Diaboliques, Barbey d&#8217;Aurevilly.<\/p>\n<\/blockquote>\n<p style=\"text-align: center;\">Collection inspir\u00e9e de femmes, fictives ou historiques qui, \u00e0 tord ou \u00e0 raison, ont suscit\u00e9 accusations et calomnies et marqu\u00e9 l&#8217;Histoire ou les histoires par leur personnalit\u00e9 sulfureuse&#8230;..<\/p>\n<p style=\"text-align: center;\">\u00a0Selon la mythologie grecque, Pandora \u00e9tait la premi\u00e8re femme cr\u00e9\u00e9e par le dieu Zeus. Elle a \u00e9t\u00e9 cr\u00e9\u00e9e pour punir l\u2019humanit\u00e9 apr\u00e8s que Prom\u00e9th\u00e9e eut vol\u00e9 le feu pour un usage destin\u00e9 aux humains. Pandora poss\u00e9dait une bo\u00eete, connue aujourd\u2019hui sous le nom de bo\u00eete de Pandore, qui contenait tous les maux du monde. On lui a dit de ne jamais ouvrir la bo\u00eete. Cependant, elle ne put s\u2019emp\u00eacher d\u2019y jeter un coup d\u2019\u0153il furtif et, apr\u00e8s l\u2019avoir ouvert, aurait d\u00e9clench\u00e9 tout le mal qu\u2019il existe dans le monde. Par la suite, elle essaya de fermer le couvercle, mais il \u00e9tait trop tard. Un seul des dons donn\u00e9s par les dieux est rest\u00e9 dans la bo\u00eete : l\u2019espoir.<\/p>\n<p style=\"text-align: center;\"><strong>Collier inox ras de cou forme plastron sym\u00e9trique, compos\u00e9 de 22 fils inox de diam\u00e8tres diff\u00e9rents, soud\u00e9s argent et martel\u00e9s main. <\/strong><strong><br \/>\nEn pi\u00e8ce centrale, un cabochon de tr\u00e8s belle qualit\u00e9 forme goutte serti griffe Labradorite, teintes violettes, roses et bleues, sur une plaque inox bross\u00e9e et martel\u00e9e en forme de palmette .<br \/>\nLe collier est mall\u00e9able, il peut se serrer et desserrer pour s&#8217;adapter au plus pr\u00e8s de votre cou .<br \/>\nDimension du collier: 5,2 cm au plus large du collier, 3,2 cm au plus mince tour de cou de 40 cm \u00e0 environ 45 cm.<br \/>\nDimension du cabochon: 2,5 cm par 3,3 cm.<\/strong><\/p>\n<p style=\"text-align: center;\"><strong><br \/>\n<\/strong><strong>Style m\u00e9di\u00e9val fantastique et elfique, pi\u00e8ce unique!!<\/strong><\/p>\n<hr \/>\n<p style=\"text-align: center;\">&#8220;The naive and astonished word of the Borghese, when asked how she could have posed naked before Canova:&#8221; but the workshop was hot, there was a stove! &#8220;&#8221;<br \/>\nThe Diabolics, Barbey d&#8217;Aurevilly.<\/p>\n<p style=\"text-align: center;\">Collection inspired by women, fictional or historical, who, rightly or wrongly, have succeeded in accusations and calumnies and marked history or stories by their sulphurous personality &#8230;..<\/p>\n<p style=\"text-align: center;\">Greek mythology, Pandora was the first woman created by the god Zeus. She was created to punish mankind after Prometheus stole fire for human use. Pandora had a box, known today as Pandora&#8217;s box, which contained all the evils of the world. He was told never to open the box. However, she couldn&#8217;t help but sneak a peek at it, and upon opening it would have unleashed all the evil there is in the world. Afterwards, she tried to close the lid, but it was too late. Only one of the gifts given by the gods remained in the box: hope.<\/p>\n<p><b>Stainless steel choker necklace with symmetrical plastron shape, made up of 22 stainless steel wires of different diameters, silver welded and hand hammered.\u00a0<\/b><b>In the center piece, a very good quality tears-shaped cabochon set with Labradorite claw, purple, pink and blue hues, on a brushed and hammered stainless steel plate in the shape of a palmette.<\/b><b>\u00a0The collar is malleable, it can tighten and loosen to fit closer to your neck.<\/b><b>\u00a0Dimension of the necklace: 5.2 cm at the widest of the necklace, 3.2 cm at the thinnest around the neck from 40 cm to about 45 cm.<\/b><b>\u00a0Dimension of the cabochon: 32.5 cm by 3.3 cm.<\/b><\/p>\n<p><strong>Fantastic and elven medieval style, unique piece !!<\/strong><\/p>\n","protected":false},"excerpt":{"rendered":"<p style=\"text-align: center;\"><strong>Collier inox, forme plastron victorien, entrelacs et serti Labradorite, esprit m\u00e9di\u00e9val avec un soup\u00e7on d&#8217;\u00e9poque antisue.<\/strong><\/p>\n<hr \/>\n<p><strong><span class=\"tlid-translation translation\" lang=\"en\"><span class=\"\" title=\"\"><span class=\"VIiyi\" lang=\"en\"><span class=\"JLqJ4b ChMk0b\" data-language-for-alternatives=\"en\" data-language-to-translate-into=\"fr\" data-phrase-index=\"0\">Stainless steel necklace, Victorian plastron shape, interlacing and Labradorite setting, medieval spirit with a hint of the antique period.<\/span><\/span><\/span><\/span><\/strong><\/p>\n","protected":false},"featured_media":5032,"comment_status":"open","ping_status":"closed","template":"","meta":[],"product_brand":[],"product_cat":[15],"product_tag":[31],"class_list":{"0":"post-5031","1":"product","2":"type-product","3":"status-publish","4":"has-post-thumbnail","6":"product_cat-diaboliques","7":"product_tag-collier","8":"pa_ambiance-baroque","9":"pa_ambiance-elfique","10":"pa_ambiance-feerique","11":"pa_ambiance-futuriste","12":"pa_ambiance-gothique","13":"pa_ambiance-historique","14":"pa_ambiance-victorien","15":"pa_matiere-laiton","16":"pa_ornement-labradorite","17":"pa_ornement-labradorite-bleue","18":"pa_ornement-labradorite-rose","19":"pa_ornement-labradorite-violette","20":"pa_ornement-pierre-semi","22":"first","23":"instock","24":"featured","25":"sold-individually","26":"shipping-taxable","27":"purchasable","28":"product-type-simple"},"translation":{"provider":"WPGlobus","version":"3.0.2","language":"en","enabled_languages":["fr","en"],"languages":{"fr":{"title":true,"content":true,"excerpt":true},"en":{"title":false,"content":false,"excerpt":false}}},"jetpack-related-posts":[],"jetpack_sharing_enabled":true,"_links":{"self":[{"href":"https:\/\/www.altisfain.com\/en\/wp-json\/wp\/v2\/product\/5031","targetHints":{"allow":["GET"]}}],"collection":[{"href":"https:\/\/www.altisfain.com\/en\/wp-json\/wp\/v2\/product"}],"about":[{"href":"https:\/\/www.altisfain.com\/en\/wp-json\/wp\/v2\/types\/product"}],"replies":[{"embeddable":true,"href":"https:\/\/www.altisfain.com\/en\/wp-json\/wp\/v2\/comments?post=5031"}],"wp:featuredmedia":[{"embeddable":true,"href":"https:\/\/www.altisfain.com\/en\/wp-json\/wp\/v2\/media\/5032"}],"wp:attachment":[{"href":"https:\/\/www.altisfain.com\/en\/wp-json\/wp\/v2\/media?parent=5031"}],"wp:term":[{"taxonomy":"product_brand","embeddable":true,"href":"https:\/\/www.altisfain.com\/en\/wp-json\/wp\/v2\/product_brand?post=5031"},{"taxonomy":"product_cat","embeddable":true,"href":"https:\/\/www.altisfain.com\/en\/wp-json\/wp\/v2\/product_cat?post=5031"},{"taxonomy":"product_tag","embeddable":true,"href":"https:\/\/www.altisfain.com\/en\/wp-json\/wp\/v2\/product_tag?post=5031"}],"curies":[{"name":"wp","href":"https:\/\/api.w.org\/{rel}","templated":true}]}}