{"id":5012,"date":"2022-06-30T15:56:03","date_gmt":"2022-06-30T13:56:03","guid":{"rendered":"https:\/\/www.altisfain.com\/?post_type=product&#038;p=5012"},"modified":"2022-06-30T16:05:55","modified_gmt":"2022-06-30T14:05:55","slug":"pendentif-inox-et-laiton-litha-hestia-cornaline","status":"publish","type":"product","link":"https:\/\/www.altisfain.com\/en\/boutique\/collection-litha\/pendentif-inox-et-laiton-litha-hestia-cornaline\/","title":{"rendered":"Pendentif inox et laiton Litha &#8220;Hestia&#8221; Cornaline"},"content":{"rendered":"<p style=\"text-align: center;\"><strong>&#8220;Nous portons en nous la flamme. La flamme pure de ce feu de foi. Non pas un feu de souvenir. Non pas un feu de pi\u00e9t\u00e9 filiale. Mais un feu de joie et de gravit\u00e9 qu\u2019il convient d\u2019allumer sur notre terre. L\u00e0 nous voulons vivre et remplir notre devoir d\u2019hommes sans renier aucune des particularit\u00e9s de notre\u00a0sang, notre histoire, notre foi entrem\u00eal\u00e9s dans nos souvenirs et dans nos veines\u2026&#8221; Jean Mabire<\/strong><\/p>\n<p style=\"text-align: center;\"><strong>Litha\u00a0est une f\u00eate pa\u00efenne (et Wicca). C&#8217;est le solstice d&#8217;\u00e9t\u00e9, la f\u00eate de la mi \u00e9t\u00e9, oppos\u00e9 de Yule, c&#8217;est aussi le jour le plus important de l&#8217;ann\u00e9e pour les anciens cultes solaires. Cette collection s&#8217;inspire de tous les \u00e9l\u00e9ments qui gravitent autour du solstice d&#8217;\u00e9t\u00e9: le feu, le lierre, le soleil, etc&#8230;<\/strong><\/p>\n<p style=\"text-align: center;\">Avec Ath\u00e9na et Art\u00e9mis, Hestia fait partie des d\u00e9esses vierges. A la diff\u00e9rence de ses ni\u00e8ces, elle ne la demanda pas \u00e0 Zeus. Poursuivie et lass\u00e9e des tentatives d\u2019Apollon et Pos\u00e9idon \u00e0 son \u00e9gard, elle jura d\u2019une main sur le Styx (un serment impossible \u00e0 rompre chez les dieux), l\u2019autre pos\u00e9e sur la t\u00eate de Zeus de rester vierge. Zeus lui donna en \u00e9change de ce sacrifice, compte tenu de son caract\u00e8re rassembleur et protecteur, la c\u00e9l\u00e9bration dans tous les foyers et temples. Ainsi, malgr\u00e9 sa discr\u00e9tion, pour ne pas dire absente dans les r\u00e9cits, Hestia est une des divinit\u00e9s les plus pr\u00e9sentes au quotidien. Elle est la personnification du foyer et la flamme sacr\u00e9e qui prot\u00e8ge les familles, les demeures, les temples, les villes et les colonies. On pr\u00e9sente devant sa flamme les nouveaux-n\u00e9s, la nouvelle \u00e9pouse, on la loue avant les repas et la premi\u00e8re part des sacrifices lui est toujours destin\u00e9e.<\/p>\n<p style=\"text-align: center;\"><b>Avec sa couleur vive, la cornaline est une pierre de joie, de spontan\u00e9it\u00e9 et de vitalit\u00e9. C&#8217;est une pierre concr\u00e8te qui ram\u00e8ne son propri\u00e9taire au moment pr\u00e9sent et dissipe les pens\u00e9es vagabondes am\u00e9liorant ainsi la concentration, les capacit\u00e9s de travail et la r\u00e9ussite.\u00a0<\/b><b>En lithoth\u00e9rapie, une des principales propri\u00e9t\u00e9s de la cornaline est d&#8217;apaiser les personnes \u00e9motives et col\u00e9riques, car contrairement \u00e0 la plupart des pierres rouges, la cornaline r\u00e9gule le trop plein d&#8217;\u00e9nergie au lieu de l&#8217;amplifier.\u00a0<\/b><b>Charg\u00e9 de l&#8217;\u00e9nergie du feu, le cristal orange donne courage et confiance en soi. Il aide \u00e0 exprimer clairement nos opinions et am\u00e9liore l&#8217;\u00e9loquence. La personne devient donc plus s\u00fbre d&#8217;elle, plus charismatique mais sans devenir hautaine ou orgueilleuse.<\/b><\/p>\n<p style=\"text-align: center;\">\u00a0Pendentif inox et laiton, serti griffe avec cabochon forme ovale Cornaline rouge orang\u00e9 intense . D\u00e9cor de flammes inox et laiton, pendentif forme goutte .<\/p>\n<p style=\"text-align: center;\">Dimensions pendentif: 6,5 cm par 3,5 cm. Chaine inox de 40 cm de long. Dimensions cabochon: 1,8 cm par 1,4 cm.<\/p>\n<p style=\"text-align: center;\"><strong>Pendentif infiniment elfique et onirique!! <\/strong><\/p>\n<hr \/>\n<p style=\"text-align: center;\"><strong>\u201cWe carry within us the flame. The pure flame of this fire of faith. Not a fire of remembrance. Not a fire of filial piety. There we want to live and fulfill our duty as men without denying any of the particularities of our blood, our history, our faith intertwined in our memories and in our veins&#8230;&#8221; Jean Mabire<\/strong><\/p>\n<p style=\"text-align: center;\"><strong>Litha is a pagan (and Wicca) holiday. It is the summer solstice, the midsummer festival, opposite of Yule, it is also the most important day of the year for the ancient solar cults. This collection is inspired by all the elements that revolve around the summer solstice: fire, ivy, sun, etc&#8230;<\/strong><\/p>\n<p style=\"text-align: center;\"><b>Along with Athena and Artemis, Hestia is one of the virgin goddesses. Unlike her nieces, she did not ask Zeus for it. Pursued and tired of the attempts of Apollo and Poseidon towards her, she swore with one hand on the Styx (an oath impossible to break among the gods), the other placed on the head of Zeus to remain a virgin. Zeus gave him in exchange for this sacrifice, given his unifying and protective character, the celebration in all homes and temples. Thus, despite her discretion, not to say absent in the stories, Hestia is one of the deities most present in everyday life. She is the personification of the hearth and the sacred flame that protects families, homes, temples, cities and settlements. Newborn babies, the new bride are presented before his flame, they praise her before meals and the first part of the sacrifices is always intended for her.<\/b><\/p>\n<p style=\"text-align: center;\">With its bright color, carnelian is a stone of joy, spontaneity and vitality. It is a concrete stone that brings its owner back to the present moment and dispels wandering thoughts, thus improving concentration, work capacity and success. In lithotherapy, one of the main properties of carnelian is to soothe emotional and angry people, because unlike most red stones, carnelian regulates excess energy instead of amplifying it. Charged with the energy of fire, the orange crystal gives courage and self-confidence. It helps to express our opinions clearly and improves eloquence. The person therefore becomes more sure of herself, more charismatic but without becoming haughty or proud. Stainless steel and brass pendant, claw setting with oval cabochon Carnelian deep orange red. Decoration of stainless steel and brass flames, drop-shaped pendant.<\/p>\n<p style=\"text-align: center;\">\u00a0Dimensions pendant: 6.5 cm by 3.5 cm. 40 cm long stainless steel chain. Dimensions cabochon: 1.8 cm by 1.4 cm.<\/p>\n<p style=\"text-align: center;\">\n<p style=\"text-align: center;\"><strong><span class=\"VIiyi\" lang=\"en\"><span class=\"JLqJ4b\" data-language-for-alternatives=\"en\" data-language-to-translate-into=\"fr\" data-phrase-index=\"0\" data-number-of-phrases=\"1\">Infinitely elven and dreamlike pendant !!<\/span><\/span> <\/strong><\/p>\n","protected":false},"excerpt":{"rendered":"<p style=\"text-align: center;\"><strong>Pendentif inox et laiton serti Cornaline. <\/strong><strong>Pendentif infiniment elfique et esprit sorcellerie.<\/strong><\/p>\n<hr \/>\n<p style=\"text-align: center;\"><strong><span class=\"VIiyi\" lang=\"en\"><span class=\"JLqJ4b ChMk0b\" data-language-for-alternatives=\"en\" data-language-to-translate-into=\"fr\" data-phrase-index=\"0\" data-number-of-phrases=\"1\">Stainless steel pendant set with Carnelian. Infinitely elven pendant and witchcraft.<\/span><\/span> <\/strong><\/p>\n","protected":false},"featured_media":5013,"comment_status":"open","ping_status":"closed","template":"","meta":[],"product_brand":[],"product_cat":[205],"product_tag":[131],"class_list":{"0":"post-5012","1":"product","2":"type-product","3":"status-publish","4":"has-post-thumbnail","6":"product_cat-collection-litha","7":"product_tag-pendentif","8":"pa_ambiance-art-nouveau","9":"pa_ambiance-celtique","10":"pa_ambiance-elfique","11":"pa_ambiance-feerique","12":"pa_ambiance-medieval","13":"pa_ambiance-vegetal","14":"pa_matiere-inox","15":"pa_ornement-grenat","16":"pa_ornement-pierre-semi","18":"first","19":"instock","20":"featured","21":"sold-individually","22":"shipping-taxable","23":"purchasable","24":"product-type-simple"},"translation":{"provider":"WPGlobus","version":"3.0.2","language":"en","enabled_languages":["fr","en"],"languages":{"fr":{"title":true,"content":true,"excerpt":true},"en":{"title":false,"content":false,"excerpt":false}}},"jetpack-related-posts":[],"jetpack_sharing_enabled":true,"_links":{"self":[{"href":"https:\/\/www.altisfain.com\/en\/wp-json\/wp\/v2\/product\/5012","targetHints":{"allow":["GET"]}}],"collection":[{"href":"https:\/\/www.altisfain.com\/en\/wp-json\/wp\/v2\/product"}],"about":[{"href":"https:\/\/www.altisfain.com\/en\/wp-json\/wp\/v2\/types\/product"}],"replies":[{"embeddable":true,"href":"https:\/\/www.altisfain.com\/en\/wp-json\/wp\/v2\/comments?post=5012"}],"wp:featuredmedia":[{"embeddable":true,"href":"https:\/\/www.altisfain.com\/en\/wp-json\/wp\/v2\/media\/5013"}],"wp:attachment":[{"href":"https:\/\/www.altisfain.com\/en\/wp-json\/wp\/v2\/media?parent=5012"}],"wp:term":[{"taxonomy":"product_brand","embeddable":true,"href":"https:\/\/www.altisfain.com\/en\/wp-json\/wp\/v2\/product_brand?post=5012"},{"taxonomy":"product_cat","embeddable":true,"href":"https:\/\/www.altisfain.com\/en\/wp-json\/wp\/v2\/product_cat?post=5012"},{"taxonomy":"product_tag","embeddable":true,"href":"https:\/\/www.altisfain.com\/en\/wp-json\/wp\/v2\/product_tag?post=5012"}],"curies":[{"name":"wp","href":"https:\/\/api.w.org\/{rel}","templated":true}]}}