{"id":5007,"date":"2022-06-30T15:38:55","date_gmt":"2022-06-30T13:38:55","guid":{"rendered":"https:\/\/www.altisfain.com\/?post_type=product&#038;p=5007"},"modified":"2024-07-15T21:42:21","modified_gmt":"2024-07-15T19:42:21","slug":"collier-inox-litha-hephaistos-cornaline","status":"publish","type":"product","link":"https:\/\/www.altisfain.com\/en\/boutique\/collection-litha\/collier-inox-litha-hephaistos-cornaline\/","title":{"rendered":"Collier inox Litha &#8220;Hepha\u00efstos&#8221; Cornaline"},"content":{"rendered":"<p style=\"text-align: left;\"><strong>&#8220;Nous portons en nous la flamme. La flamme pure de ce feu de foi. Non pas un feu de souvenir. Non pas un feu de pi\u00e9t\u00e9 filiale. Mais un feu de joie et de gravit\u00e9 qu\u2019il convient d\u2019allumer sur notre terre. L\u00e0 nous voulons vivre et remplir notre devoir d\u2019hommes sans renier aucune des particularit\u00e9s de notre\u00a0sang, notre histoire, notre foi entrem\u00eal\u00e9s dans nos souvenirs et dans nos veines\u2026&#8221; Jean Mabire<\/strong><\/p>\n<p style=\"text-align: center;\"><strong>Litha\u00a0est une f\u00eate pa\u00efenne (et Wicca). C&#8217;est le solstice d&#8217;\u00e9t\u00e9, la f\u00eate de la mi \u00e9t\u00e9, oppos\u00e9 de Yule, c&#8217;est aussi le jour le plus important de l&#8217;ann\u00e9e pour les anciens cultes solaires. Cette collection s&#8217;inspire de tous les \u00e9l\u00e9ments qui gravitent autour du solstice d&#8217;\u00e9t\u00e9: le feu, le lierre, le soleil, etc&#8230;<\/strong><\/p>\n<p style=\"text-align: center;\">Dieu grec du Feu, \u00e0 l&#8217;origine du feu souterrain, puis des foyers domestiques et artisanaux, ma\u00eetre des arts de la forge et du travail des m\u00e9taux. Fils d&#8217;H\u00e9ra, forgeron des dieux, boiteux, il eut le cruel destin d&#8217;aimer les cr\u00e9atures les plus belles : Charis, Agla\u00e9 et Aphrodite.<\/p>\n<p style=\"text-align: center;\"><b>La Cornaline est la pierre de la s\u00e9r\u00e9nit\u00e9 et de l\u2019apaisement. Elle apporte bonheur, joie de vivre et enthousiasme. Ses vibrations dissipent les mauvaises \u00e9motions comme la col\u00e8re ou la jalousie.<\/b><b>\u00a0Cette p<\/b><b>ierre donne du courage aux introvertis qui n\u2019osent pas s\u2019imposer. C\u2019est l\u2019alli\u00e9e parfaite des personnes qui souhaitent se concentrer sur leur travail sans avoir l\u2019esprit qui divague sans cesse. La Cornaline est une pierre \u00e0 porter sur soi lorsque l\u2019on travaille, car elle stimule la cr\u00e9ativit\u00e9 et la concentration.<\/b><\/p>\n<p style=\"text-align: center;\">\u00a0Collier plastron inox, serti griffe avec cabochon forme ovale Cornaline rouge orang\u00e9 intense . D\u00e9cor de flammes laiton et inox, martel\u00e9es, cisel\u00e9es et bross\u00e9es, qui se rejoignent autour de la pierre. Une cha\u00eenette de rallonge permet de jouer sur la longueur du collier.<\/p>\n<div class=\"listing-tabs\" data-module=\"tabs\">\n<div class=\"col-wrapper\">\n<p class=\"col-sm-12 col-md-4\" style=\"text-align: center;\">Dimensions plastron: 3 cm au plus large, 42 cm de tour de cou.<br \/>\nDimensions cabochon: 2,4 cm par 1,8 cm.<\/p>\n<\/div>\n<\/div>\n<p style=\"text-align: center;\"><strong>Pendentif infiniment elfique et onirique!! <\/strong><\/p>\n<hr \/>\n<p style=\"text-align: center;\"><strong>\u201cWe carry within us the flame. The pure flame of this fire of faith. Not a fire of remembrance. Not a fire of filial piety. There we want to live and fulfill our duty as men without denying any of the particularities of our blood, our history, our faith intertwined in our memories and in our veins&#8230;&#8221; Jean Mabire<\/strong><\/p>\n<p style=\"text-align: center;\"><strong>Litha is a pagan (and Wicca) holiday. It is the summer solstice, the midsummer festival, opposite of Yule, it is also the most important day of the year for the ancient solar cults. This collection is inspired by all the elements that revolve around the summer solstice: fire, ivy, sun, etc&#8230;<\/strong><\/p>\n<p style=\"text-align: center;\">\u00a0Greek God of Fire, originator of underground fire, then of domestic and artisanal hearths, master of the arts of forging and metalworking. Son of Hera, blacksmith of the gods, lame, he had the cruel destiny to love the most beautiful creatures: Charis, Agla\u00e9 and Aphrodite.<\/p>\n<p style=\"text-align: center;\">Carnelian is the stone of serenity and appeasement. It brings happiness, joie de vivre and enthusiasm. Its vibrations dissipate bad emotions such as anger or jealousy. This stone gives courage to introverts who do not dare to impose themselves. It is the perfect ally for people who want to concentrate on their work without having their mind wandering constantly. Carnelian is a stone to carry with you when working, because it stimulates creativity and concentration.<\/p>\n<p style=\"text-align: center;\"><b>\u00a0Stainless steel plastron necklace, claw setting with oval cabochon Carnelian deep orange red. Decor of brass and stainless steel flames, hammered, chiseled and brushed, which come together around the stone. An extension chain allows you to play with the length of the necklace.<\/b><b>\u00a0Breastplate dimensions: 3 cm at the widest, 42 cm around the neck.<\/b><b>\u00a0Cabochon dimensions: 2.4 cm by 1.8 cm.<\/b><\/p>\n<p style=\"text-align: center;\"><strong><span class=\"VIiyi\" lang=\"en\"><span class=\"JLqJ4b\" data-language-for-alternatives=\"en\" data-language-to-translate-into=\"fr\" data-phrase-index=\"0\" data-number-of-phrases=\"1\">Infinitely elven and dreamlike pendant !!<\/span><\/span> <\/strong><\/p>\n","protected":false},"excerpt":{"rendered":"<p style=\"text-align: center;\"><strong>Collier inox serti Cornaline et flammes. <\/strong><strong>Pendentif infiniment elfique et esprit sorcellerie.<\/strong><\/p>\n<hr \/>\n<p style=\"padding-left: 30px;\"><strong><span class=\"VIiyi\" lang=\"en\"><span class=\"JLqJ4b ChMk0b\" data-language-for-alternatives=\"en\" data-language-to-translate-into=\"fr\" data-phrase-index=\"0\" data-number-of-phrases=\"1\">Stainless steel necklace set with\u00a0 Carnelian and flame. Infinitely elven pendant and witchcraft.<\/span><\/span> <\/strong><\/p>\n","protected":false},"featured_media":5008,"comment_status":"open","ping_status":"closed","template":"","meta":[],"product_brand":[],"product_cat":[205],"product_tag":[31],"class_list":{"0":"post-5007","1":"product","2":"type-product","3":"status-publish","4":"has-post-thumbnail","6":"product_cat-collection-litha","7":"product_tag-collier","8":"pa_ambiance-art-nouveau","9":"pa_ambiance-celtique","10":"pa_ambiance-elfique","11":"pa_ambiance-feerique","12":"pa_ambiance-medieval","13":"pa_ambiance-vegetal","14":"pa_matiere-inox","15":"pa_ornement-cornaline","16":"pa_ornement-pierre-semi","18":"first","19":"instock","20":"featured","21":"sold-individually","22":"shipping-taxable","23":"purchasable","24":"product-type-simple"},"translation":{"provider":"WPGlobus","version":"3.0.2","language":"en","enabled_languages":["fr","en"],"languages":{"fr":{"title":true,"content":true,"excerpt":true},"en":{"title":false,"content":false,"excerpt":false}}},"jetpack-related-posts":[],"jetpack_sharing_enabled":true,"_links":{"self":[{"href":"https:\/\/www.altisfain.com\/en\/wp-json\/wp\/v2\/product\/5007","targetHints":{"allow":["GET"]}}],"collection":[{"href":"https:\/\/www.altisfain.com\/en\/wp-json\/wp\/v2\/product"}],"about":[{"href":"https:\/\/www.altisfain.com\/en\/wp-json\/wp\/v2\/types\/product"}],"replies":[{"embeddable":true,"href":"https:\/\/www.altisfain.com\/en\/wp-json\/wp\/v2\/comments?post=5007"}],"wp:featuredmedia":[{"embeddable":true,"href":"https:\/\/www.altisfain.com\/en\/wp-json\/wp\/v2\/media\/5008"}],"wp:attachment":[{"href":"https:\/\/www.altisfain.com\/en\/wp-json\/wp\/v2\/media?parent=5007"}],"wp:term":[{"taxonomy":"product_brand","embeddable":true,"href":"https:\/\/www.altisfain.com\/en\/wp-json\/wp\/v2\/product_brand?post=5007"},{"taxonomy":"product_cat","embeddable":true,"href":"https:\/\/www.altisfain.com\/en\/wp-json\/wp\/v2\/product_cat?post=5007"},{"taxonomy":"product_tag","embeddable":true,"href":"https:\/\/www.altisfain.com\/en\/wp-json\/wp\/v2\/product_tag?post=5007"}],"curies":[{"name":"wp","href":"https:\/\/api.w.org\/{rel}","templated":true}]}}