{"id":4987,"date":"2022-06-23T06:20:20","date_gmt":"2022-06-23T04:20:20","guid":{"rendered":"https:\/\/www.altisfain.com\/?post_type=product&#038;p=4987"},"modified":"2024-10-23T23:54:03","modified_gmt":"2024-10-23T21:54:03","slug":"collier-inox-litha-bacchus-peridot","status":"publish","type":"product","link":"https:\/\/www.altisfain.com\/en\/boutique\/les-adoptes\/collier-inox-litha-bacchus-peridot\/","title":{"rendered":"Collier inox Litha &#8220;Bacchus&#8221; P\u00e9ridot"},"content":{"rendered":"<p style=\"text-align: left;\"><strong>&#8220;Nous portons en nous la flamme. La flamme pure de ce feu de foi. Non pas un feu de souvenir. Non pas un feu de pi\u00e9t\u00e9 filiale. Mais un feu de joie et de gravit\u00e9 qu\u2019il convient d\u2019allumer sur notre terre. L\u00e0 nous voulons vivre et remplir notre devoir d\u2019hommes sans renier aucune des particularit\u00e9s de notre\u00a0sang, notre histoire, notre foi entrem\u00eal\u00e9s dans nos souvenirs et dans nos veines\u2026&#8221; Jean Mabire<\/strong><\/p>\n<p style=\"text-align: center;\"><strong>Litha\u00a0est une f\u00eate pa\u00efenne (et Wicca). C&#8217;est le solstice d&#8217;\u00e9t\u00e9, la f\u00eate de la mi \u00e9t\u00e9, oppos\u00e9 de Yule, c&#8217;est aussi le jour le plus important de l&#8217;ann\u00e9e pour les anciens cultes solaires. Cette collection s&#8217;inspire de tous les \u00e9l\u00e9ments qui gravitent autour du solstice d&#8217;\u00e9t\u00e9: le feu, le lierre, le soleil, etc&#8230;<\/strong><\/p>\n<p style=\"text-align: center;\">Le lierre est avec la vigne l\u2019un des attributs de Bacchus et des ses suivantes : les M\u00e9nades. OVIDE raconte que juste apr\u00e8s sa naissance il fut confi\u00e9 aux Nymphes de Nysa qui dissimul\u00e8rent son berceau en le recouvrant de lierre pour le soustraire \u00e0 la col\u00e8re de JUNON. En effet, l\u2019enfant \u00e9tait n\u00e9 de l\u2019union clandestine de ZEUS et MENELE. Dieu de la v\u00e9g\u00e9tation, de la vigne et de l\u2019ivresse\u2026..Son culte est centr\u00e9 sur la libert\u00e9, l\u2019extase par la joie mais aussi sur la brutalit\u00e9 sauvage (effets du vin).BACCHUS utilise le diad\u00e8me de lierre (nomm\u00e9 credemnon) pour soulager ses douleurs de t\u00eate lorsqu\u2019il avait trop bu ainsi que le jus des baies et de la plante pour pr\u00e9venir l\u2019ivresse (la symbolique restera jusqu&#8217;\u00e0 nos jours dans l\u2019ornementation des portes et de la d\u00e9coration des tavernes afin de rendre \u00ab le vin innocent \u00bb).<\/p>\n<p style=\"text-align: center;\"><strong><span class=\"ILfuVd\"><span class=\"hgKElc\">En lithoth\u00e9rapie, le\u00a0p\u00e9ridot\u00a0agit\u00a0mentalement\u00a0sur la personne pour am\u00e9liorer la confiance en soi en r\u00e9duisant le stress et laisse place \u00e0 un mental d\u2019acier en effa\u00e7ant toute culpabilit\u00e9 h\u00e9rit\u00e9e du pass\u00e9.\u00a0L\u2019\u00e9nergie\u00a0contenue dans ce beau joyau lui conf\u00e8re ainsi une importante place dans la spiritualit\u00e9. On lui pr\u00eate des\u00a0pouvoirs mystiques\u00a0pour oublier m\u00e9lancolie et maux divers, mais il apporte \u00e9galement la\u00a0bonne fortune et la f\u00e9licit\u00e9 de son acqu\u00e9reur.<\/span><\/span><\/strong><\/p>\n<p style=\"text-align: center;\">\u00a0Collier plastron inox, serti griffe avec cabochon forme ovale P\u00e9ridot vert intense . D\u00e9cor de 12 feuilles lierres martel\u00e9s qui se rejoignent autour de la pierre. Une cha\u00eenette de rallonge permet de jouer sur la longueur du collier.<\/p>\n<div class=\"listing-tabs\" data-module=\"tabs\">\n<div class=\"col-wrapper\">\n<p class=\"col-sm-12 col-md-4\" style=\"text-align: center;\">Dimensions plastron: 3 cm au plus large, 42 cm de tour de cou.<br \/>\nDimensions cabochon: 1,8 cm par 1,3 cm.<\/p>\n<\/div>\n<\/div>\n<p style=\"text-align: center;\"><strong>Pendentif infiniment elfique et onirique!! <\/strong><\/p>\n<hr \/>\n<p style=\"text-align: center;\"><strong>\u201cWe carry within us the flame. The pure flame of this fire of faith. Not a fire of remembrance. Not a fire of filial piety. There we want to live and fulfill our duty as men without denying any of the particularities of our blood, our history, our faith intertwined in our memories and in our veins&#8230;&#8221; Jean Mabire<\/strong><\/p>\n<p style=\"text-align: center;\"><strong>Litha is a pagan (and Wicca) holiday. It is the summer solstice, the midsummer festival, opposite of Yule, it is also the most important day of the year for the ancient solar cults. This collection is inspired by all the elements that revolve around the summer solstice: fire, ivy, sun, etc&#8230;<\/strong><\/p>\n<p style=\"text-align: center;\">Ivy is with the vine one of the attributes of Bacchus and his followers: the Maenads. OVIDE tells that just after his birth he was entrusted to the Nymphs of Nysa who concealed his cradle by covering it with ivy to save him from the wrath of JUNO. Indeed, the child was born of the clandestine union of ZEUS and MENELE. God of vegetation, vines and intoxication\u2026..His cult is centered on freedom, ecstasy through joy but also on wild brutality (effects of wine).BACCHUS uses the ivy diadem (named credemnon) to relieve his headaches when he had drunk too much as well as the juice of the berries and the plant to prevent drunkenness (the symbolism will remain until our days in the ornamentation of the doors and the decoration of the taverns in order to make \u201cwine innocent\u201d).<\/p>\n<p style=\"text-align: center;\">In lithotherapy, peridot acts mentally on the person to improve self-confidence by reducing stress and leaves room for a steely mind by erasing any guilt inherited from the past. The energy contained in this beautiful gem thus gives it an important place in spirituality. It is credited with mystical powers to forget melancholy and various ailments, but it also brings good fortune and happiness to its acquirer.<\/p>\n<p style=\"text-align: center;\"><b>\u00a0Stainless steel chestplate necklace, claw setting with intense green Peridot oval-shaped cabochon. Decor of 12 hammered ivy leaves which meet around the stone. An extension chain allows you to play with the length of the necklace.<\/b><b>\u00a0<\/b><\/p>\n<p style=\"text-align: center;\"><b>Breastplate dimensions: 3 cm at the widest, 42 cm around the neck.<\/b><b>\u00a0Cabochon dimensions: 1.8 cm by 1.3 cm.<\/b><\/p>\n<p style=\"text-align: center;\"><strong><span class=\"VIiyi\" lang=\"en\"><span class=\"JLqJ4b\" data-language-for-alternatives=\"en\" data-language-to-translate-into=\"fr\" data-phrase-index=\"0\" data-number-of-phrases=\"1\">Infinitely elven and dreamlike pendant !!<\/span><\/span> <\/strong><\/p>\n","protected":false},"excerpt":{"rendered":"<p style=\"text-align: center;\"><strong>Collier inox serti P\u00e9ridot et lierre. <\/strong><strong>Pendentif infiniment elfique et esprit sorcellerie.<\/strong><\/p>\n<hr \/>\n<p style=\"padding-left: 30px;\"><strong><span class=\"VIiyi\" lang=\"en\"><span class=\"JLqJ4b ChMk0b\" data-language-for-alternatives=\"en\" data-language-to-translate-into=\"fr\" data-phrase-index=\"0\" data-number-of-phrases=\"1\">Stainless steel necklace set with Labradorite and Ivy leaves. Infinitely elven pendant and witchcraft.<\/span><\/span> <\/strong><\/p>\n","protected":false},"featured_media":4988,"comment_status":"open","ping_status":"closed","template":"","meta":[],"product_brand":[],"product_cat":[222],"product_tag":[31],"class_list":{"0":"post-4987","1":"product","2":"type-product","3":"status-publish","4":"has-post-thumbnail","6":"product_cat-les-adoptes","7":"product_tag-collier","8":"pa_ambiance-art-nouveau","9":"pa_ambiance-celtique","10":"pa_ambiance-elfique","11":"pa_ambiance-feerique","12":"pa_ambiance-medieval","13":"pa_ambiance-vegetal","14":"pa_matiere-inox","15":"pa_ornement-peridot","16":"pa_ornement-pierre-semi","18":"first","19":"outofstock","20":"featured","21":"sold-individually","22":"shipping-taxable","23":"purchasable","24":"product-type-simple"},"translation":{"provider":"WPGlobus","version":"3.0.2","language":"en","enabled_languages":["fr","en"],"languages":{"fr":{"title":true,"content":true,"excerpt":true},"en":{"title":false,"content":false,"excerpt":false}}},"jetpack-related-posts":[],"jetpack_sharing_enabled":true,"_links":{"self":[{"href":"https:\/\/www.altisfain.com\/en\/wp-json\/wp\/v2\/product\/4987","targetHints":{"allow":["GET"]}}],"collection":[{"href":"https:\/\/www.altisfain.com\/en\/wp-json\/wp\/v2\/product"}],"about":[{"href":"https:\/\/www.altisfain.com\/en\/wp-json\/wp\/v2\/types\/product"}],"replies":[{"embeddable":true,"href":"https:\/\/www.altisfain.com\/en\/wp-json\/wp\/v2\/comments?post=4987"}],"wp:featuredmedia":[{"embeddable":true,"href":"https:\/\/www.altisfain.com\/en\/wp-json\/wp\/v2\/media\/4988"}],"wp:attachment":[{"href":"https:\/\/www.altisfain.com\/en\/wp-json\/wp\/v2\/media?parent=4987"}],"wp:term":[{"taxonomy":"product_brand","embeddable":true,"href":"https:\/\/www.altisfain.com\/en\/wp-json\/wp\/v2\/product_brand?post=4987"},{"taxonomy":"product_cat","embeddable":true,"href":"https:\/\/www.altisfain.com\/en\/wp-json\/wp\/v2\/product_cat?post=4987"},{"taxonomy":"product_tag","embeddable":true,"href":"https:\/\/www.altisfain.com\/en\/wp-json\/wp\/v2\/product_tag?post=4987"}],"curies":[{"name":"wp","href":"https:\/\/api.w.org\/{rel}","templated":true}]}}