{"id":4949,"date":"2022-06-17T12:31:17","date_gmt":"2022-06-17T10:31:17","guid":{"rendered":"https:\/\/www.altisfain.com\/?post_type=product&#038;p=4949"},"modified":"2024-10-20T21:51:48","modified_gmt":"2024-10-20T19:51:48","slug":"pendentif-inox-et-laiton-litha-helios-grenat","status":"publish","type":"product","link":"https:\/\/www.altisfain.com\/en\/boutique\/collection-litha\/pendentif-inox-et-laiton-litha-helios-grenat\/","title":{"rendered":"Pendentif inox et laiton Litha &#8220;H\u00e9lios&#8221; Grenat"},"content":{"rendered":"<p style=\"text-align: center;\"><strong>&#8220;Nous portons en nous la flamme. La flamme pure de ce feu de foi. Non pas un feu de souvenir. Non pas un feu de pi\u00e9t\u00e9 filiale. Mais un feu de joie et de gravit\u00e9 qu\u2019il convient d\u2019allumer sur notre terre. L\u00e0 nous voulons vivre et remplir notre devoir d\u2019hommes sans renier aucune des particularit\u00e9s de notre\u00a0sang, notre histoire, notre foi entrem\u00eal\u00e9s dans nos souvenirs et dans nos veines\u2026&#8221; Jean Mabire<\/strong><\/p>\n<p style=\"text-align: center;\"><strong>Litha\u00a0est une f\u00eate pa\u00efenne (et Wicca). C&#8217;est le solstice d&#8217;\u00e9t\u00e9, la f\u00eate de la mi \u00e9t\u00e9, oppos\u00e9 de Yule, c&#8217;est aussi le jour le plus important de l&#8217;ann\u00e9e pour les anciens cultes solaires. Cette collection s&#8217;inspire de tous les \u00e9l\u00e9ments qui gravitent autour du solstice d&#8217;\u00e9t\u00e9: le feu, le lierre, le soleil, etc&#8230;<\/strong><\/p>\n<p style=\"text-align: center;\"><strong>Dans la mythologie grecque,\u00a0H\u00e9lios\u00a0est le dieu du Soleil personnifi\u00e9, souvent repr\u00e9sent\u00e9 avec une couronne rayonnante et chevauchant un char \u00e0 travers le ciel.<\/strong><\/p>\n<p style=\"text-align: center;\"><strong>Sur le plan psychologique, la\u00a0pierre\u00a0grenat\u00a0a de nombreuses propri\u00e9t\u00e9s, apportant ainsi joie et force de vivre, \u00e9nergie, courage, force motrice et assurance. On lui associe la puissance de la volont\u00e9, une meilleure confiance en soi, et le succ\u00e8s. La\u00a0pierre grenat\u00a0est ainsi une pierre d\u2019ancrage forte. On attribue au\u00a0grenat\u00a0le pouvoir de se lib\u00e9rer de sch\u00e9mas de comportements n\u00e9gatifs et le pouvoir de r\u00e9g\u00e9n\u00e9ration, pour aider \u00e0 combattre le d\u00e9couragement, la tristesse, l\u2019\u00e9chec et l\u2019instabilit\u00e9 \u00e9motionnelle. Cette pierre favorise le respect de soi et permet \u00e9galement de faire face aux obstacles ou \u00e0 un sentiment de pers\u00e9cution. Enfin, le\u00a0grenat\u00a0permet les r\u00e9gressions sur les vies ant\u00e9rieures.<\/strong><\/p>\n<p style=\"text-align: center;\">\u00a0Pendentif inox et laiton, serti griffe avec cabochon forme ovale Grenat rouge sombre . D\u00e9cor de soleil inox et laiton, pendentif forme goutte et volutes cisel\u00e9es autour du motif .<\/p>\n<p style=\"text-align: center;\">Dimensions pendentif: 6,5 cm par 3,5 cm. Chaine inox de 40 cm de long. Dimensions cabochon: 1,4 cm par 1 cm.<\/p>\n<p style=\"text-align: center;\"><strong>Pendentif infiniment elfique et onirique!! <\/strong><\/p>\n<hr \/>\n<p style=\"text-align: center;\"><strong>\u201cWe carry within us the flame. The pure flame of this fire of faith. Not a fire of remembrance. Not a fire of filial piety. There we want to live and fulfill our duty as men without denying any of the particularities of our blood, our history, our faith intertwined in our memories and in our veins&#8230;&#8221; Jean Mabire<\/strong><\/p>\n<p style=\"text-align: center;\"><strong>Litha is a pagan (and Wicca) holiday. It is the summer solstice, the midsummer festival, opposite of Yule, it is also the most important day of the year for the ancient solar cults. This collection is inspired by all the elements that revolve around the summer solstice: fire, ivy, sun, etc&#8230;<\/strong><\/p>\n<p style=\"text-align: center;\"><strong>In Greek mythology, Helios is the personified Sun God, often depicted wearing a radiant crown and riding a chariot through the sky.<\/strong><\/p>\n<p style=\"text-align: center;\"><strong>On a psychological level, the garnet stone has many properties, bringing joy and strength to life, energy, courage, driving force and confidence. It is associated with the power of the will, a better self-confidence, and success. Garnet stone is thus a strong grounding stone. Garnet is credited with the power to break free from negative behavioral patterns and the power of regeneration, to help combat discouragement, sadness, failure, and emotional instability. This stone promotes self-respect and also helps to face obstacles or a feeling of persecution. Finally, garnet allows for past life regressions.<\/strong><\/p>\n<p style=\"text-align: center;\">Stainless steel and brass pendant, claw setting with dark red garnet oval cabochon. Stainless steel and brass sun decor, drop-shaped pendant and chiseled scrolls around the motif. Dimensions pendant: 6,5 cm by 3,5 cm. 40 cm long stainless steel chain. Dimensions cabochon: 1,4 cm by 1 cm.<\/p>\n<p style=\"text-align: center;\"><strong><span class=\"VIiyi\" lang=\"en\"><span class=\"JLqJ4b\" data-language-for-alternatives=\"en\" data-language-to-translate-into=\"fr\" data-phrase-index=\"0\" data-number-of-phrases=\"1\">Infinitely elven and dreamlike pendant !!<\/span><\/span> <\/strong><\/p>\n","protected":false},"excerpt":{"rendered":"<p style=\"text-align: center;\"><strong>Pendentif inox et laiton serti Grenat. <\/strong><strong>Pendentif infiniment elfique et esprit sorcellerie.<\/strong><\/p>\n<hr \/>\n<p style=\"text-align: center;\"><strong><span class=\"VIiyi\" lang=\"en\"><span class=\"JLqJ4b ChMk0b\" data-language-for-alternatives=\"en\" data-language-to-translate-into=\"fr\" data-phrase-index=\"0\" data-number-of-phrases=\"1\">Stainless steel pendant set with Garnet. Infinitely elven pendant and witchcraft.<\/span><\/span> <\/strong><\/p>\n","protected":false},"featured_media":4967,"comment_status":"open","ping_status":"closed","template":"","meta":[],"product_brand":[],"product_cat":[205],"product_tag":[131],"class_list":{"0":"post-4949","1":"product","2":"type-product","3":"status-publish","4":"has-post-thumbnail","6":"product_cat-collection-litha","7":"product_tag-pendentif","8":"pa_ambiance-art-nouveau","9":"pa_ambiance-celtique","10":"pa_ambiance-elfique","11":"pa_ambiance-feerique","12":"pa_ambiance-medieval","13":"pa_ambiance-vegetal","14":"pa_matiere-inox","15":"pa_ornement-grenat","16":"pa_ornement-pierre-semi","18":"first","19":"instock","20":"featured","21":"sold-individually","22":"shipping-taxable","23":"purchasable","24":"product-type-simple"},"translation":{"provider":"WPGlobus","version":"3.0.2","language":"en","enabled_languages":["fr","en"],"languages":{"fr":{"title":true,"content":true,"excerpt":true},"en":{"title":false,"content":false,"excerpt":false}}},"jetpack-related-posts":[],"jetpack_sharing_enabled":true,"_links":{"self":[{"href":"https:\/\/www.altisfain.com\/en\/wp-json\/wp\/v2\/product\/4949","targetHints":{"allow":["GET"]}}],"collection":[{"href":"https:\/\/www.altisfain.com\/en\/wp-json\/wp\/v2\/product"}],"about":[{"href":"https:\/\/www.altisfain.com\/en\/wp-json\/wp\/v2\/types\/product"}],"replies":[{"embeddable":true,"href":"https:\/\/www.altisfain.com\/en\/wp-json\/wp\/v2\/comments?post=4949"}],"wp:featuredmedia":[{"embeddable":true,"href":"https:\/\/www.altisfain.com\/en\/wp-json\/wp\/v2\/media\/4967"}],"wp:attachment":[{"href":"https:\/\/www.altisfain.com\/en\/wp-json\/wp\/v2\/media?parent=4949"}],"wp:term":[{"taxonomy":"product_brand","embeddable":true,"href":"https:\/\/www.altisfain.com\/en\/wp-json\/wp\/v2\/product_brand?post=4949"},{"taxonomy":"product_cat","embeddable":true,"href":"https:\/\/www.altisfain.com\/en\/wp-json\/wp\/v2\/product_cat?post=4949"},{"taxonomy":"product_tag","embeddable":true,"href":"https:\/\/www.altisfain.com\/en\/wp-json\/wp\/v2\/product_tag?post=4949"}],"curies":[{"name":"wp","href":"https:\/\/api.w.org\/{rel}","templated":true}]}}