{"id":4947,"date":"2022-06-17T12:14:42","date_gmt":"2022-06-17T10:14:42","guid":{"rendered":"https:\/\/www.altisfain.com\/?post_type=product&#038;p=4947"},"modified":"2024-10-20T21:50:46","modified_gmt":"2024-10-20T19:50:46","slug":"bracelet-inox-litha-lyerre-peridot","status":"publish","type":"product","link":"https:\/\/www.altisfain.com\/en\/boutique\/les-adoptes\/bracelet-inox-litha-lyerre-peridot\/","title":{"rendered":"Bracelet inox Litha &#8220;Lyerre&#8221; P\u00e9ridot"},"content":{"rendered":"<p style=\"text-align: center;\"><strong>&#8220;Nous portons en nous la flamme. La flamme pure de ce feu de foi. Non pas un feu de souvenir. Non pas un feu de pi\u00e9t\u00e9 filiale. Mais un feu de joie et de gravit\u00e9 qu\u2019il convient d\u2019allumer sur notre terre. L\u00e0 nous voulons vivre et remplir notre devoir d\u2019hommes sans renier aucune des particularit\u00e9s de notre\u00a0sang, notre histoire, notre foi entrem\u00eal\u00e9s dans nos souvenirs et dans nos veines\u2026&#8221; Jean Mabire<\/strong><\/p>\n<p style=\"text-align: center;\"><strong>Litha\u00a0est une f\u00eate pa\u00efenne (et Wicca). C&#8217;est le solstice d&#8217;\u00e9t\u00e9, la f\u00eate de la mi \u00e9t\u00e9, oppos\u00e9 de Yule, c&#8217;est aussi le jour le plus important de l&#8217;ann\u00e9e pour les anciens cultes solaires. Cette collection s&#8217;inspire de tous les \u00e9l\u00e9ments qui gravitent autour du solstice d&#8217;\u00e9t\u00e9: le feu, le lierre, le soleil, etc&#8230;<\/strong><\/p>\n<p style=\"text-align: center;\"><strong>Pour les Romains, le lierre \u00e9tait associ\u00e9 \u00e0 Bacchus, le dieu de la vigne, aux buveurs et aux po\u00e8tes. La l\u00e9gende raconte qu&#8217;un jour, Lyerre, un jeune danseur du dieu Bacchus, dansa si longtemps qu&#8217;il s&#8217;\u00e9croula par terre. Pour lui rendre gr\u00e2ce, le dieu de la vigne l&#8217;enla\u00e7a d&#8217;une liane grimpante qui le souleva.<\/strong><\/p>\n<p style=\"text-align: center;\"><strong><span class=\"ILfuVd\"><span class=\"hgKElc\">En lithoth\u00e9rapie, le\u00a0p\u00e9ridot\u00a0agit\u00a0mentalement\u00a0sur la personne pour am\u00e9liorer la confiance en soi en r\u00e9duisant le stress et laisse place \u00e0 un mental d\u2019acier en effa\u00e7ant toute culpabilit\u00e9 h\u00e9rit\u00e9e du pass\u00e9.\u00a0L\u2019\u00e9nergie\u00a0contenue dans ce beau joyau lui conf\u00e8re ainsi une importante place dans la spiritualit\u00e9. On lui pr\u00eate des\u00a0pouvoirs mystiques\u00a0pour oublier m\u00e9lancolie et maux divers, mais il apporte \u00e9galement la\u00a0bonne fortune et la f\u00e9licit\u00e9 de son acqu\u00e9reur.<\/span><\/span><\/strong><\/p>\n<p style=\"text-align: center;\">\u00a0Bracelet inox, serti griffe avec cabochon forme ovale P\u00e9ridot vert intense . D\u00e9cor de lierres martel\u00e9s qui serpentent autour de la pierre.<\/p>\n<div class=\"listing-tabs\" data-module=\"tabs\">\n<div class=\"col-wrapper\">\n<p class=\"col-sm-12 col-md-4\" style=\"text-align: center;\">Dimensions Bracelet: 3,2 cm au plus large, 15 cm de long. Pour poignet de 15 \u00e0 19 cm.<br \/>\nDimensions cabochon: 1,4 cm par 1 cm.<\/p>\n<\/div>\n<\/div>\n<p style=\"text-align: center;\"><strong>Bracelet infiniment elfique et onirique!! <\/strong><\/p>\n<hr \/>\n<p style=\"text-align: center;\"><strong>\u201cWe carry within us the flame. The pure flame of this fire of faith. Not a fire of remembrance. Not a fire of filial piety. There we want to live and fulfill our duty as men without denying any of the particularities of our blood, our history, our faith intertwined in our memories and in our veins&#8230;&#8221; Jean Mabire<\/strong><\/p>\n<p style=\"text-align: center;\"><strong>Litha is a pagan (and Wicca) holiday. It is the summer solstice, the midsummer festival, opposite of Yule, it is also the most important day of the year for the ancient solar cults. This collection is inspired by all the elements that revolve around the summer solstice: fire, ivy, sun, etc&#8230;<\/strong><\/p>\n<p style=\"text-align: center;\"><strong>For the Romans, ivy was associated with Bacchus, the god of the vine, drinkers and poets. The legend says that one day, Lyerre, a young dancer of the god Bacchus, danced so long that he collapsed on the ground. To give him thanks, the god of the vine entwined him with a climbing vine which lifted him up.<\/strong><\/p>\n<p style=\"text-align: center;\"><strong>In lithotherapy, peridot acts mentally on the person to improve self-confidence by reducing stress and leaves room for a steely mind by erasing any guilt inherited from the past. The energy contained in this beautiful gem thus gives it an important place in spirituality. It is credited with mystical powers to forget melancholy and various ailments, but it also brings good fortune and happiness to its acquirer.<\/strong><\/p>\n<p style=\"text-align: center;\">Stainless steel bracelet, claw setting with intense green Peridot oval-shaped cabochon. Decor of hammered ivy that winds around the stone. Dimensions Bracelet: 3,2 cm at the widest, 15 cm long. For wrist from 15 to 19 cm.<br \/>\nDimensions cabochon: 1.4 cm by 1 cm.<\/p>\n<p style=\"text-align: center;\"><strong><span class=\"VIiyi\" lang=\"en\"><span class=\"JLqJ4b\" data-language-for-alternatives=\"en\" data-language-to-translate-into=\"fr\" data-phrase-index=\"0\" data-number-of-phrases=\"1\">Infinitely elven and dreamlike bracelet !!<\/span><\/span> <\/strong><\/p>\n","protected":false},"excerpt":{"rendered":"<p style=\"text-align: center;\"><strong>Bracelet inox serti P\u00e9ridot et lierre. <\/strong><strong>Bracelet infiniment elfique et esprit sorcellerie.<\/strong><\/p>\n<hr \/>\n<p style=\"text-align: center;\"><strong><span class=\"VIiyi\" lang=\"en\"><span class=\"JLqJ4b ChMk0b\" data-language-for-alternatives=\"en\" data-language-to-translate-into=\"fr\" data-phrase-index=\"0\" data-number-of-phrases=\"1\">Stainless steel bracelet set with Peridot and Ivy leaves. Infinitely elven bracelet and witchcraft.<\/span><\/span> <\/strong><\/p>\n","protected":false},"featured_media":4955,"comment_status":"open","ping_status":"closed","template":"","meta":[],"product_brand":[],"product_cat":[222],"product_tag":[33],"class_list":{"0":"post-4947","1":"product","2":"type-product","3":"status-publish","4":"has-post-thumbnail","6":"product_cat-les-adoptes","7":"product_tag-bracelet","8":"pa_ambiance-art-nouveau","9":"pa_ambiance-celtique","10":"pa_ambiance-elfique","11":"pa_ambiance-feerique","12":"pa_ambiance-medieval","13":"pa_ambiance-vegetal","14":"pa_matiere-inox","15":"pa_ornement-peridot","16":"pa_ornement-pierre-semi","18":"first","19":"outofstock","20":"featured","21":"sold-individually","22":"shipping-taxable","23":"purchasable","24":"product-type-simple"},"translation":{"provider":"WPGlobus","version":"3.0.2","language":"en","enabled_languages":["fr","en"],"languages":{"fr":{"title":true,"content":true,"excerpt":true},"en":{"title":false,"content":false,"excerpt":false}}},"jetpack-related-posts":[],"jetpack_sharing_enabled":true,"_links":{"self":[{"href":"https:\/\/www.altisfain.com\/en\/wp-json\/wp\/v2\/product\/4947","targetHints":{"allow":["GET"]}}],"collection":[{"href":"https:\/\/www.altisfain.com\/en\/wp-json\/wp\/v2\/product"}],"about":[{"href":"https:\/\/www.altisfain.com\/en\/wp-json\/wp\/v2\/types\/product"}],"replies":[{"embeddable":true,"href":"https:\/\/www.altisfain.com\/en\/wp-json\/wp\/v2\/comments?post=4947"}],"wp:featuredmedia":[{"embeddable":true,"href":"https:\/\/www.altisfain.com\/en\/wp-json\/wp\/v2\/media\/4955"}],"wp:attachment":[{"href":"https:\/\/www.altisfain.com\/en\/wp-json\/wp\/v2\/media?parent=4947"}],"wp:term":[{"taxonomy":"product_brand","embeddable":true,"href":"https:\/\/www.altisfain.com\/en\/wp-json\/wp\/v2\/product_brand?post=4947"},{"taxonomy":"product_cat","embeddable":true,"href":"https:\/\/www.altisfain.com\/en\/wp-json\/wp\/v2\/product_cat?post=4947"},{"taxonomy":"product_tag","embeddable":true,"href":"https:\/\/www.altisfain.com\/en\/wp-json\/wp\/v2\/product_tag?post=4947"}],"curies":[{"name":"wp","href":"https:\/\/api.w.org\/{rel}","templated":true}]}}