{"id":4927,"date":"2022-06-08T13:30:00","date_gmt":"2022-06-08T11:30:00","guid":{"rendered":"https:\/\/www.altisfain.com\/?post_type=product&#038;p=4927"},"modified":"2024-10-20T21:52:05","modified_gmt":"2024-10-20T19:52:05","slug":"collier-inox-les-diaboliques-scylla-labradorite","status":"publish","type":"product","link":"https:\/\/www.altisfain.com\/en\/boutique\/les-adoptes\/collier-inox-les-diaboliques-scylla-labradorite\/","title":{"rendered":"Collier inox &#8220;Les Diaboliques: Scylla&#8221; Labradorite"},"content":{"rendered":"<p style=\"text-align: center;\">&#8220;Le mot na\u00eff et \u00e9tonn\u00e9 de la Borgh\u00e8se, quand on lui demanda comment elle avait bien pu poser nue devant Canova: \u00abmais l&#8217;atelier \u00e9tait chaud! il y avait un po\u00eale!\u00bb&#8221;<br \/>\nLes Diaboliques, Barbey d&#8217;Aurevilly.<\/p>\n<p style=\"text-align: center;\">Collection inspir\u00e9e de femmes, fictives ou historiques qui, \u00e0 tord ou \u00e0 raison, ont suscit\u00e9 accusations et calomnies et marqu\u00e9 l&#8217;Histoire ou les histoires par leur personnalit\u00e9 sulfureuse&#8230;..<\/p>\n<p style=\"text-align: center;\">\u00a0D&#8217;une grande beaut\u00e9, Scylla vivait parmi les N\u00e9r\u00e9ides. Le dieu Glaucos s&#8217;\u00e9prit d&#8217;elle, mais elle le repoussa. Il s&#8217;adressa alors \u00e0 la magicienne Circ\u00e9 pour lui demander de fabriquer un philtre d&#8217;amour. Celle-ci, amoureuse du dieu et jalouse de sa rivale, mit au point un poison que Glaucos versa lui-m\u00eame dans la fontaine o\u00f9 Scylla avait l&#8217;habitude de se baigner. La nymphe se changea alors en un monstre hideux ayant douze moignons pour pieds et six longs cous ayant chacun une t\u00eate et une triple rang\u00e9e de dents, ou en un monstre hideux entour\u00e9 de chiens hurlants et de serpents. Voyant sa m\u00e9tamorphose, Scylla se pr\u00e9cipita dans la mer o\u00f9 elle terrorise depuis les marins.<\/p>\n<p style=\"text-align: center;\"><strong>Collier inox ras de cou forme plastron asym\u00e9trique, compos\u00e9 d&#8217;une dizaine de fils inox de diam\u00e8tres diff\u00e9rents, soud\u00e9s argent et martel\u00e9s main. <\/strong><strong><br \/>\nEn pi\u00e8ce centrale, un cabochon de tr\u00e8s belle qualit\u00e9 forme ovale serti griffe Labradorite, teinte bleue et pointe de vert.<br \/>\nLe collier est mall\u00e9able, il peut se serrer et desserrer pour s&#8217;adapter au plus pr\u00e8s de votre cou .<br \/>\nDimension du collier: 11,5 cm au centre du collier, 2,5 cm au plus mince tour de cou de 40 cm \u00e0 environ 45 cm.<br \/>\nDimension du cabochon: 3,2 cm par 2 cm.<\/strong><\/p>\n<p style=\"text-align: center;\"><strong><br \/>\n<\/strong><strong>Style m\u00e9di\u00e9val fantastique et elfique, pi\u00e8ce unique!!<\/strong><\/p>\n<hr \/>\n<p style=\"text-align: center;\">&#8220;The naive and astonished word of the Borghese, when asked how she could have posed naked before Canova:&#8221; but the workshop was hot, there was a stove! &#8220;&#8221;<br \/>\nThe Diabolics, Barbey d&#8217;Aurevilly.<\/p>\n<p style=\"text-align: center;\">Collection inspired by women, fictional or historical, who, rightly or wrongly, have succeeded in accusations and calumnies and marked history or stories by their sulphurous personality &#8230;..<\/p>\n<p style=\"text-align: center;\">Of great beauty, Scylla lived among the Nereids. The god Glaucos fell in love with her, but she pushed him away. He then turned to the magician Circe to ask her to make a love potion. The latter, in love with the god and jealous of her rival, developed a poison that Glaucus himself poured into the fountain where Scylla used to bathe. The nymph then changed into a hideous monster having twelve stumps for feet and six long necks each having a head and a triple row of teeth, or into a hideous monster surrounded by howling dogs and serpents. Seeing her metamorphosis, Scylla rushed into the sea where she terrorized sailors from there.<\/p>\n<p style=\"text-align: center;\">\u00a0<strong>Stainless steel choker necklace in the form of an asymmetrical plastron, made up of around ten stainless steel wires of different diameters, silver-welded and hand-hammered. In the center piece, a very good quality oval cabochon set with Labradorite claw, blue tint and green tip. The collar is malleable, it can tighten and loosen to fit closer to your neck. Necklace dimension: 11.5 cm at the center of the necklace, 2.5 cm at the thinnest neck circumference from 40 cm to about 45 cm. Dimension of the cabochon: 3.2 cm by 2 cm.<\/strong><\/p>\n<p><strong>Fantastic and elven medieval style, unique piece !!<\/strong><\/p>\n","protected":false},"excerpt":{"rendered":"<p style=\"text-align: center;\"><strong>Collier inox, forme plastron m\u00e9di\u00e9val fantastique, entrelacs et serti Labradorite, esprit m\u00e9di\u00e9val avec un soup\u00e7on d&#8217;\u00e9poque antique.<\/strong><\/p>\n<hr \/>\n<p><strong><span class=\"tlid-translation translation\" lang=\"en\"><span class=\"\" title=\"\"><span class=\"VIiyi\" lang=\"en\"><span class=\"JLqJ4b ChMk0b\" data-language-for-alternatives=\"en\" data-language-to-translate-into=\"fr\" data-phrase-index=\"0\">Stainless steel necklace, fantasy plastron shape, interlacing and Labradorite setting, medieval spirit with a hint of the antic period.<\/span><\/span><\/span><\/span><\/strong><\/p>\n","protected":false},"featured_media":4928,"comment_status":"open","ping_status":"closed","template":"","meta":[],"product_brand":[],"product_cat":[222],"product_tag":[31],"class_list":{"0":"post-4927","1":"product","2":"type-product","3":"status-publish","4":"has-post-thumbnail","6":"product_cat-les-adoptes","7":"product_tag-collier","8":"pa_ambiance-baroque","9":"pa_ambiance-elfique","10":"pa_ambiance-feerique","11":"pa_ambiance-futuriste","12":"pa_ambiance-gothique","13":"pa_ambiance-historique","14":"pa_ambiance-victorien","15":"pa_matiere-laiton","16":"pa_ornement-labradorite","17":"pa_ornement-labradorite-bleue","18":"pa_ornement-labradorite-verte","19":"pa_ornement-pierre-semi","21":"first","22":"outofstock","23":"featured","24":"sold-individually","25":"shipping-taxable","26":"purchasable","27":"product-type-simple"},"translation":{"provider":"WPGlobus","version":"3.0.2","language":"en","enabled_languages":["fr","en"],"languages":{"fr":{"title":true,"content":true,"excerpt":true},"en":{"title":false,"content":false,"excerpt":false}}},"jetpack-related-posts":[],"jetpack_sharing_enabled":true,"_links":{"self":[{"href":"https:\/\/www.altisfain.com\/en\/wp-json\/wp\/v2\/product\/4927","targetHints":{"allow":["GET"]}}],"collection":[{"href":"https:\/\/www.altisfain.com\/en\/wp-json\/wp\/v2\/product"}],"about":[{"href":"https:\/\/www.altisfain.com\/en\/wp-json\/wp\/v2\/types\/product"}],"replies":[{"embeddable":true,"href":"https:\/\/www.altisfain.com\/en\/wp-json\/wp\/v2\/comments?post=4927"}],"wp:featuredmedia":[{"embeddable":true,"href":"https:\/\/www.altisfain.com\/en\/wp-json\/wp\/v2\/media\/4928"}],"wp:attachment":[{"href":"https:\/\/www.altisfain.com\/en\/wp-json\/wp\/v2\/media?parent=4927"}],"wp:term":[{"taxonomy":"product_brand","embeddable":true,"href":"https:\/\/www.altisfain.com\/en\/wp-json\/wp\/v2\/product_brand?post=4927"},{"taxonomy":"product_cat","embeddable":true,"href":"https:\/\/www.altisfain.com\/en\/wp-json\/wp\/v2\/product_cat?post=4927"},{"taxonomy":"product_tag","embeddable":true,"href":"https:\/\/www.altisfain.com\/en\/wp-json\/wp\/v2\/product_tag?post=4927"}],"curies":[{"name":"wp","href":"https:\/\/api.w.org\/{rel}","templated":true}]}}