{"id":4829,"date":"2022-05-03T21:36:44","date_gmt":"2022-05-03T19:36:44","guid":{"rendered":"https:\/\/www.altisfain.com\/?post_type=product&#038;p=4829"},"modified":"2024-10-20T21:53:18","modified_gmt":"2024-10-20T19:53:18","slug":"pendentif-inox-talisman-briller-au-firmament-labradorite-blanche","status":"publish","type":"product","link":"https:\/\/www.altisfain.com\/en\/boutique\/les-adoptes\/pendentif-inox-talisman-briller-au-firmament-labradorite-blanche\/","title":{"rendered":"Pendentif inox &#8220;Talisman : Briller au firmament&#8221; Labradorite blanche"},"content":{"rendered":"<ol>\n<li style=\"text-align: left;\">Un talisman est un objet (pierre, anneau, etc.) portant des signes consacr\u00e9s auxquels sont attribu\u00e9es des vertus de protection et de pouvoirs magiques.L&#8217;art de fabriquer des talismans s&#8217;appelle la talismanie.<\/li>\n<\/ol>\n<p><span class=\"ILfuVd\"><span class=\"hgKElc\">\u00a0 \u00a0La Labradorite blanche est associ\u00e9e au Yin. Si vous vous int\u00e9ressez un peu \u00e0 la m\u00e9decine chinoise, vous savez certainement que le Yin est associ\u00e9 au principe f\u00e9minin comme la Lune. Dans cette croyance, la Labradorite repr\u00e9sente donc la lumi\u00e8re qui apporte du r\u00e9confort dans les t\u00e9n\u00e8bres. La Labradorite d\u00e9veloppe l\u2019intuition et la clairvoyance. Vous devenez capable d\u2019anticiper les probl\u00e8mes pour trouver une solution avant qu\u2019ils n\u2019arrivent. Des qualit\u00e9s f\u00e9minines vont devenir plus intenses comme la tendresse, l\u2019instinct maternel, la tol\u00e9rance et la douceur.<\/span><\/span><\/p>\n<p style=\"text-align: center;\">\u00a0 Le firmament est l&#8217;espace c\u00e9leste s\u00e9parant les eaux sup\u00e9rieures des eaux inf\u00e9rieures. Ptol\u00e9m\u00e9e y vit le Huiti\u00e8me ciel dans lequel sont plac\u00e9es les \u00e9toiles fixes. Il d\u00e9finit la Vo\u00fbte des cieux.<\/p>\n<p style=\"text-align: center;\">Collier inox forme cercle, serti griffe avec cabochon forme ovale Labradorite blanche aux reflets bleus et verts intenses . D\u00e9cors de lune et d&#8217;\u00e9toiles en laiton et nuages. D\u00e9cor, serti et plastron fait main, martel\u00e9s et cisel\u00e9s.<\/p>\n<div class=\"listing-tabs\" data-module=\"tabs\">\n<div class=\"col-wrapper\">\n<p class=\"col-sm-12 col-md-4\" style=\"text-align: center;\">Chaine inox de 40 cm maillage rectangle.<br \/>\nDimensions pendentif: 5 cm de diam\u00e8tre.<br \/>\nDimensions cabochon Labradorite : 1,8 cm par 1,4 cm.<\/p>\n<\/div>\n<\/div>\n<p style=\"text-align: center;\"><strong>Pendentif infiniment elfique et onirique!! <\/strong><\/p>\n<hr \/>\n<p><span class=\"VIiyi\" lang=\"en\"><span class=\"JLqJ4b\" data-language-for-alternatives=\"en\" data-language-to-translate-into=\"fr\" data-phrase-index=\"0\" data-number-of-phrases=\"1\">A talisman is an object (stone, ring, etc.) bearing consecrated signs to which are attributed the virtues of protection and magical powers.The art of making talismans is called talismania.<\/span><\/span><\/p>\n<p>The white labradorite is associated with Yin. If you are interested in a bit of Chinese medicine, you definitely know that Yin is associated with the feminine principle as the Moon. In this belief, labradorite represents the light that brings comfort in the darkness. Labradorite develops intuition and clairvoyance. You become able to anticipate problems to find a solution before they arrive. Feminine qualities will become more intense as tenderness, maternal instinct, tolerance and softness.<\/p>\n<p>The firmament is the heavenly space separating the upper waters from the lower waters. Ptolemy saw the Eighth sky in which the fixed stars are placed. It defines the vault of heaven.<\/p>\n<p>Stainless steel necklace circle shape, claw set with cabochon white labradorite oval blue and green reflections intense. Moon sets and brass stars and clouds. Decor, crimped and plastron handmade, hammered and chiseled. Stainless steel chain 40 cm rectangle mesh. Pendant Size: 5 cm oh diam\u00e8tre. Labradorite cabochon dimensions: 1.8 cm by 1.4 cm.<\/p>\n<p>Pendant infinitely elven and dreamy !!<\/p>\n","protected":false},"excerpt":{"rendered":"<p style=\"text-align: center;\"><strong>Collier inox serti Labradorite blanche et d\u00e9cor de lune, \u00e9toiles et nuages. <\/strong><strong>Pendentif infiniment elfique et esprit \u00e9sot\u00e9rique<\/strong><\/p>\n<hr \/>\n<p style=\"text-align: center;\"><strong><span class=\"VIiyi\" lang=\"en\"><span class=\"JLqJ4b ChMk0b\" data-language-for-alternatives=\"en\" data-language-to-translate-into=\"fr\" data-phrase-index=\"0\" data-number-of-phrases=\"1\">Stainless steel pendant set with white Labradorite and Moon, stars and clouds pattern. Infinitely elven pendant and esoteric spirit.<\/span><\/span><\/strong><\/p>\n","protected":false},"featured_media":4830,"comment_status":"open","ping_status":"closed","template":"","meta":[],"product_brand":[],"product_cat":[222],"product_tag":[131],"class_list":{"0":"post-4829","1":"product","2":"type-product","3":"status-publish","4":"has-post-thumbnail","6":"product_cat-les-adoptes","7":"product_tag-pendentif","8":"pa_ambiance-art-nouveau","9":"pa_ambiance-celtique","10":"pa_ambiance-elfique","11":"pa_ambiance-feerique","12":"pa_ambiance-medieval","13":"pa_ambiance-vegetal","14":"pa_matiere-inox","15":"pa_matiere-laiton","16":"pa_ornement-labradorite","17":"pa_ornement-labradorite-blanche","18":"pa_ornement-peristerite","19":"pa_ornement-pierre-semi","21":"first","22":"outofstock","23":"featured","24":"sold-individually","25":"shipping-taxable","26":"purchasable","27":"product-type-simple"},"translation":{"provider":"WPGlobus","version":"3.0.2","language":"en","enabled_languages":["fr","en"],"languages":{"fr":{"title":true,"content":true,"excerpt":true},"en":{"title":false,"content":false,"excerpt":false}}},"jetpack-related-posts":[],"jetpack_sharing_enabled":true,"_links":{"self":[{"href":"https:\/\/www.altisfain.com\/en\/wp-json\/wp\/v2\/product\/4829","targetHints":{"allow":["GET"]}}],"collection":[{"href":"https:\/\/www.altisfain.com\/en\/wp-json\/wp\/v2\/product"}],"about":[{"href":"https:\/\/www.altisfain.com\/en\/wp-json\/wp\/v2\/types\/product"}],"replies":[{"embeddable":true,"href":"https:\/\/www.altisfain.com\/en\/wp-json\/wp\/v2\/comments?post=4829"}],"wp:featuredmedia":[{"embeddable":true,"href":"https:\/\/www.altisfain.com\/en\/wp-json\/wp\/v2\/media\/4830"}],"wp:attachment":[{"href":"https:\/\/www.altisfain.com\/en\/wp-json\/wp\/v2\/media?parent=4829"}],"wp:term":[{"taxonomy":"product_brand","embeddable":true,"href":"https:\/\/www.altisfain.com\/en\/wp-json\/wp\/v2\/product_brand?post=4829"},{"taxonomy":"product_cat","embeddable":true,"href":"https:\/\/www.altisfain.com\/en\/wp-json\/wp\/v2\/product_cat?post=4829"},{"taxonomy":"product_tag","embeddable":true,"href":"https:\/\/www.altisfain.com\/en\/wp-json\/wp\/v2\/product_tag?post=4829"}],"curies":[{"name":"wp","href":"https:\/\/api.w.org\/{rel}","templated":true}]}}