{"id":4817,"date":"2022-04-28T08:42:00","date_gmt":"2022-04-28T06:42:00","guid":{"rendered":"https:\/\/www.altisfain.com\/?post_type=product&#038;p=4817"},"modified":"2025-10-20T22:03:42","modified_gmt":"2025-10-20T20:03:42","slug":"pendentif-inox-talisman-sygynie-astrale-labradorite","status":"publish","type":"product","link":"https:\/\/www.altisfain.com\/en\/boutique\/nymphes\/pendentif-inox-talisman-sygynie-astrale-labradorite\/","title":{"rendered":"Pendentif inox &#8220;Talisman : Syzygie astrale&#8221; Labradorite"},"content":{"rendered":"<ol>\n<li style=\"text-align: left;\">Un talisman est un objet (pierre, anneau, etc.) portant des signes consacr\u00e9s auxquels sont attribu\u00e9es des vertus de protection et de pouvoirs magiques.L&#8217;art de fabriquer des talismans s&#8217;appelle la talismanie.<\/li>\n<\/ol>\n<p><span class=\"ILfuVd\"><span class=\"hgKElc\">\u00a0 \u00a0En lithoth\u00e9rapie, la pierre labradorite est connue pour ses vertus de protection. Elle est extr\u00eamement protectrice en absorbant le n\u00e9gatif, mais aussi en \u00e9tant un bouclier \u00e0 part enti\u00e8re. La labradorite prot\u00e8ge du n\u00e9gatif environnant en l\u2019absorbant jusqu\u2019\u00e0 ce qu\u2019il soit totalement dissout.<\/span><\/span><\/p>\n<p style=\"text-align: center;\">\u00a0La syzygie est aussi un terme d\u00e9crivant l&#8217;union en symbiose de figures mythologiques, apparaissant notamment dans la tradition alchimique. Il s&#8217;agit de la r\u00e9union de couples de contraires, homme et femme, soleil et lune. L&#8217;androgyne herm\u00e9tique en est un des exemples les plus connus. C&#8217;est aussi une r\u00e9f\u00e9rence astrologique qui d\u00e9finie les positions du soleil et de la lune, quand ces astres sont en conjonction ou en opposition, c&#8217;est-\u00e0-dire \u00e0 la nouvelle et \u00e0 la pleine lune.<\/p>\n<p style=\"text-align: center;\">Collier inox, serti griffe avec cabochon forme goutte Labradorite bleue intense . D\u00e9cors de lune, soleil en laiton et nuages. D\u00e9cor, serti et plastron fait main, martel\u00e9s et cisel\u00e9s.<\/p>\n<div class=\"listing-tabs\" data-module=\"tabs\">\n<div class=\"col-wrapper\">\n<p class=\"col-sm-12 col-md-4\" style=\"text-align: center;\">Chaine inox de 40 cm maillage rectangle.<br \/>\nDimensions pendentif: 8,2 cm par 5,5 cm.<br \/>\nDimensions cabochon Labradorite : 3,6 cm par 2,4 cm.<\/p>\n<\/div>\n<\/div>\n<p style=\"text-align: center;\"><strong>Pendentif infiniment elfique et onirique!! <\/strong><\/p>\n<hr \/>\n<p><span class=\"VIiyi\" lang=\"en\"><span class=\"JLqJ4b\" data-language-for-alternatives=\"en\" data-language-to-translate-into=\"fr\" data-phrase-index=\"0\" data-number-of-phrases=\"1\">A talisman is an object (stone, ring, etc.) bearing consecrated signs to which are attributed the virtues of protection and magical powers.The art of making talismans is called talismania.<\/span><\/span><\/p>\n<p>In lithotherapy, labradorite stone is known for its protective properties. She is extremely protective by absorbing the negative, but also by being a shield in her own right. Labradorite protects from the surrounding negative by absorbing it until it is totally dissolved.<\/p>\n<p>Syzygy is also a term describing the union in symbiosis of mythological figures, appearing in particular in the alchemical tradition. It is about the meeting of couples of opposites, man and woman, sun and moon. The hermetic androgyne is one of the best known examples. It is also an astrological reference which defines the positions of the sun and the moon, when these stars are in conjunction or in opposition, that is to say at the new and at the full moon.<\/p>\n<p>Stainless steel necklace, claw setting with intense blue Labradorite teardrop cabochon. Moon, brass sun and clouds decorations. Decor, setting and hand-made plastron, hammered and chiseled. 40 cm stainless steel chain with rectangular mesh. Dimensions pendant: 8.2 cm by 5.5 cm. Labradorite cabochon dimensions: 3.6 cm by 2.4 cm.<\/p>\n<p>Infinitely elven and dreamlike pendant!!<\/p>\n","protected":false},"excerpt":{"rendered":"<p style=\"text-align: center;\"><strong>Collier inox serti Labradorite et d\u00e9cor de lune, soleil et nuages. <\/strong><strong>Pendentif infiniment elfique et esprit \u00e9sot\u00e9rique<\/strong><\/p>\n<hr \/>\n<p style=\"text-align: center;\"><strong><span class=\"VIiyi\" lang=\"en\"><span class=\"JLqJ4b ChMk0b\" data-language-for-alternatives=\"en\" data-language-to-translate-into=\"fr\" data-phrase-index=\"0\" data-number-of-phrases=\"1\">Stainless steel pendant set with Labradorite and Moon, Sun and clouds pattern. Infinitely elven pendant and esoteric spirit<\/span><\/span><\/strong><\/p>\n","protected":false},"featured_media":4818,"comment_status":"open","ping_status":"closed","template":"","meta":[],"product_brand":[],"product_cat":[22],"product_tag":[131],"class_list":{"0":"post-4817","1":"product","2":"type-product","3":"status-publish","4":"has-post-thumbnail","6":"product_cat-nymphes","7":"product_tag-pendentif","8":"pa_ambiance-art-nouveau","9":"pa_ambiance-celtique","10":"pa_ambiance-elfique","11":"pa_ambiance-feerique","12":"pa_ambiance-medieval","13":"pa_ambiance-vegetal","14":"pa_matiere-inox","15":"pa_matiere-laiton","16":"pa_ornement-labradorite","17":"pa_ornement-labradorite-bleue","18":"pa_ornement-pierre-bleue","19":"pa_ornement-pierre-semi","21":"first","22":"instock","23":"featured","24":"sold-individually","25":"shipping-taxable","26":"purchasable","27":"product-type-simple"},"translation":{"provider":"WPGlobus","version":"3.0.2","language":"en","enabled_languages":["fr","en"],"languages":{"fr":{"title":true,"content":true,"excerpt":true},"en":{"title":false,"content":false,"excerpt":false}}},"jetpack-related-posts":[],"jetpack_sharing_enabled":true,"_links":{"self":[{"href":"https:\/\/www.altisfain.com\/en\/wp-json\/wp\/v2\/product\/4817","targetHints":{"allow":["GET"]}}],"collection":[{"href":"https:\/\/www.altisfain.com\/en\/wp-json\/wp\/v2\/product"}],"about":[{"href":"https:\/\/www.altisfain.com\/en\/wp-json\/wp\/v2\/types\/product"}],"replies":[{"embeddable":true,"href":"https:\/\/www.altisfain.com\/en\/wp-json\/wp\/v2\/comments?post=4817"}],"wp:featuredmedia":[{"embeddable":true,"href":"https:\/\/www.altisfain.com\/en\/wp-json\/wp\/v2\/media\/4818"}],"wp:attachment":[{"href":"https:\/\/www.altisfain.com\/en\/wp-json\/wp\/v2\/media?parent=4817"}],"wp:term":[{"taxonomy":"product_brand","embeddable":true,"href":"https:\/\/www.altisfain.com\/en\/wp-json\/wp\/v2\/product_brand?post=4817"},{"taxonomy":"product_cat","embeddable":true,"href":"https:\/\/www.altisfain.com\/en\/wp-json\/wp\/v2\/product_cat?post=4817"},{"taxonomy":"product_tag","embeddable":true,"href":"https:\/\/www.altisfain.com\/en\/wp-json\/wp\/v2\/product_tag?post=4817"}],"curies":[{"name":"wp","href":"https:\/\/api.w.org\/{rel}","templated":true}]}}