{"id":4807,"date":"2022-04-25T15:59:19","date_gmt":"2022-04-25T13:59:19","guid":{"rendered":"https:\/\/www.altisfain.com\/?post_type=product&#038;p=4807"},"modified":"2025-10-20T22:03:28","modified_gmt":"2025-10-20T20:03:28","slug":"pendentif-inox-talisman-jindai-zakura-labradorite-copie","status":"publish","type":"product","link":"https:\/\/www.altisfain.com\/en\/boutique\/nymphes\/pendentif-inox-talisman-jindai-zakura-labradorite-copie\/","title":{"rendered":"Pendentif inox &#8220;Talisman : Jindai Zakura&#8221; Am\u00e9thyste trapiche"},"content":{"rendered":"<blockquote>\n<ol>\n<li style=\"text-align: left;\">Un talisman est un objet (pierre, anneau, etc.) portant des signes consacr\u00e9s auxquels sont attribu\u00e9es des vertus de protection et de pouvoirs magiques.L&#8217;art de fabriquer des talismans s&#8217;appelle la talismanie.<\/li>\n<\/ol>\n<\/blockquote>\n<p><span class=\"ILfuVd\"><span class=\"hgKElc\">\u00a0 \u00a0En lithoth\u00e9rapie, l\u2019am\u00e9thyste est consid\u00e9r\u00e9e comme la pierre de l\u2019humilit\u00e9 et la pierre de la sagesse. Elle stimule la cr\u00e9ativit\u00e9, l\u2019imagination et la clart\u00e9. Cette pierre joue un grand r\u00f4le et favorise non seulement la m\u00e9ditation, la concentration, mais aussi l\u2019\u00e9l\u00e9vation spirituelle. Elle se charge aussi d\u2019apaiser la col\u00e8re, la peur, les inqui\u00e9tudes, les angoisses, la tristesse et le chagrin.\u00a0<\/span><\/span><\/p>\n<p style=\"text-align: center;\">Ce magnifique cerisier en fleurs du temple Jissoji dans les hautes terres de la r\u00e9gion de Hokuto \u00e0 Yamanashi est l&#8217;un des \u00ab trois grands arbres Sakura \u00bb du Japon. D&#8217;environ 10,3 m\u00e8tres de haut, 11,8 m\u00e8tres de large au niveau du tronc et estim\u00e9 entre 1 800 et 2 000 ans, l&#8217;arbre est consid\u00e9r\u00e9 comme l&#8217;un des plus vieux grands arbres du Japon et a \u00e9t\u00e9 d\u00e9sign\u00e9 le tout premier monument naturel du pays. En revanche, le temple qui entoure l&#8217;arbre aurait environ 650 ans. Le Yamataka Jindai Zakura est un Edo higan zakura, l&#8217;une des plus anciennes races de cerisiers sauvages du Japon.<\/p>\n<p style=\"text-align: center;\">Collier inox, serti griffe avec cabochon forme goutte Am\u00e9thyste trapiche violette avec \u00e9clats intenses . D\u00e9cors de branches de cerisier et de fleurs de cerisier fa\u00e7onn\u00e9es main en laiton.<\/p>\n<div class=\"listing-tabs\" data-module=\"tabs\">\n<div class=\"col-wrapper\">\n<p class=\"col-sm-12 col-md-4\" style=\"text-align: center;\">Chaine inox de 40 cm maillage rectangle.<br \/>\nDimensions pendentif: 7,5 cm par 5,5 cm.<br \/>\nDimensions cabochon Labradorite : 3,4 cm par 2,7 cm.<\/p>\n<\/div>\n<\/div>\n<p style=\"text-align: center;\"><strong>Pendentif infiniment elfique et onirique!! <\/strong><\/p>\n<hr \/>\n<p><span class=\"VIiyi\" lang=\"en\"><span class=\"JLqJ4b\" data-language-for-alternatives=\"en\" data-language-to-translate-into=\"fr\" data-phrase-index=\"0\" data-number-of-phrases=\"1\">A talisman is an object (stone, ring, etc.) bearing consecrated signs to which are attributed the virtues of protection and magical powers.The art of making talismans is called talismania.<\/span><\/span><\/p>\n<p>In lithotherapy, amethyst is considered the stone of humility and the stone of wisdom. It stimulates creativity, imagination and clarity. This stone plays a great role and promotes not only meditation, concentration, but also spiritual elevation. It is also responsible for soothing anger, fear, worries, anxieties, sadness and grief.<\/p>\n<p>This magnificent cherry blossom tree at Jissoji Temple in the highlands of Yamanashi\u2019s Hokuto region is one of the \u201cThree Great Sakura Trees\u201d of Japan. About 10.3 meters tall, 11.8 meters wide at the trunk, and estimated to be between 1,800 and 2,000 years old, the tree is thought to be one of the oldest large trees in Japan and was designated the country\u2019s first-ever Natural Monument. In contrast, the temple that surrounds the tree is thought to be roughly 650 years old. The Yamataka Jindai Zakura is an Edo higan zakura, one of the oldest breeds of wild cherry tree in Japan.<\/p>\n<p>Stainless steel necklace, claw setting with drop-shaped cabochon Violet trapiche amethyst with intense sparkles. Decorations of cherry branches and cherry blossoms hand-crafted in brass. 40 cm stainless steel chain with rectangular mesh. Dimensions pendant: 7.5 cm by 5.5 cm. Labradorite cabochon dimensions: 3.4 cm by 2.7 cm.<\/p>\n<p>Infinitely elven and dreamlike pendant!!<\/p>\n","protected":false},"excerpt":{"rendered":"<p style=\"text-align: center;\"><strong>Collier inox serti Am\u00e9thyste trapiche et d\u00e9cor de Sakura japonais. <\/strong><strong>Pendentif infiniment elfique et esprit \u00e9sot\u00e9rique<\/strong><\/p>\n<hr \/>\n<p style=\"text-align: center;\"><strong><span class=\"VIiyi\" lang=\"en\"><span class=\"JLqJ4b ChMk0b\" data-language-for-alternatives=\"en\" data-language-to-translate-into=\"fr\" data-phrase-index=\"0\" data-number-of-phrases=\"1\">Stainless steel pendant set with Amethyst and Sakura pattern. Infinitely elven pendant and esoteric spirit.<\/span><\/span> <\/strong><\/p>\n","protected":false},"featured_media":4808,"comment_status":"open","ping_status":"closed","template":"","meta":[],"product_brand":[],"product_cat":[22],"product_tag":[131],"class_list":{"0":"post-4807","1":"product","2":"type-product","3":"status-publish","4":"has-post-thumbnail","6":"product_cat-nymphes","7":"product_tag-pendentif","8":"pa_ambiance-art-nouveau","9":"pa_ambiance-celtique","10":"pa_ambiance-elfique","11":"pa_ambiance-feerique","12":"pa_ambiance-medieval","13":"pa_ambiance-vegetal","14":"pa_matiere-inox","15":"pa_ornement-amethyste","16":"pa_ornement-amethyste-trapiche","18":"first","19":"instock","20":"featured","21":"sold-individually","22":"shipping-taxable","23":"purchasable","24":"product-type-simple"},"translation":{"provider":"WPGlobus","version":"3.0.2","language":"en","enabled_languages":["fr","en"],"languages":{"fr":{"title":true,"content":true,"excerpt":true},"en":{"title":false,"content":false,"excerpt":false}}},"jetpack-related-posts":[],"jetpack_sharing_enabled":true,"_links":{"self":[{"href":"https:\/\/www.altisfain.com\/en\/wp-json\/wp\/v2\/product\/4807","targetHints":{"allow":["GET"]}}],"collection":[{"href":"https:\/\/www.altisfain.com\/en\/wp-json\/wp\/v2\/product"}],"about":[{"href":"https:\/\/www.altisfain.com\/en\/wp-json\/wp\/v2\/types\/product"}],"replies":[{"embeddable":true,"href":"https:\/\/www.altisfain.com\/en\/wp-json\/wp\/v2\/comments?post=4807"}],"wp:featuredmedia":[{"embeddable":true,"href":"https:\/\/www.altisfain.com\/en\/wp-json\/wp\/v2\/media\/4808"}],"wp:attachment":[{"href":"https:\/\/www.altisfain.com\/en\/wp-json\/wp\/v2\/media?parent=4807"}],"wp:term":[{"taxonomy":"product_brand","embeddable":true,"href":"https:\/\/www.altisfain.com\/en\/wp-json\/wp\/v2\/product_brand?post=4807"},{"taxonomy":"product_cat","embeddable":true,"href":"https:\/\/www.altisfain.com\/en\/wp-json\/wp\/v2\/product_cat?post=4807"},{"taxonomy":"product_tag","embeddable":true,"href":"https:\/\/www.altisfain.com\/en\/wp-json\/wp\/v2\/product_tag?post=4807"}],"curies":[{"name":"wp","href":"https:\/\/api.w.org\/{rel}","templated":true}]}}