{"id":475,"date":"2018-03-05T14:11:39","date_gmt":"2018-03-05T13:11:39","guid":{"rendered":"http:\/\/www.altisfain.com\/?post_type=product&#038;p=475"},"modified":"2019-10-20T22:32:53","modified_gmt":"2019-10-20T20:32:53","slug":"collier-conte-la-belle-au-bois-dormant-feuilles-orme","status":"publish","type":"product","link":"https:\/\/www.altisfain.com\/en\/boutique\/conte\/collier-conte-la-belle-au-bois-dormant-feuilles-orme\/","title":{"rendered":"Collier Conte &#8220;La Belle au Bois Dormant&#8221; feuilles Orme"},"content":{"rendered":"<p style=\"text-align: center;\">&#8220;La vie ressemble \u00e0 un conte ; ce qui importe, ce n&#8217;est pas sa longueur, mais sa valeur.&#8221;<br \/>\nS\u00e9n\u00e8que.<\/p>\n<p style=\"text-align: center;\">&#8220;La Belle au Bois Dormant&#8221; est un conte de Charles Perrault.<\/p>\n<p style=\"text-align: center;\"><b>Collier articul\u00e9 inox, travail sur fils martel\u00e9s et soud\u00e9s argent.<br \/>\nEntrelacs inox soud\u00e9s en 10 points.<br \/>\nDeux feuilles d&#8217;ormes martel\u00e9es main et form\u00e9es \u00e0 l&#8217;enclume terminent l&#8217;ensemble.<br \/>\nUne cha\u00eenette de rallonge avec petite feuille d&#8217;orme permet de jouer sur la longueur du collier.<br \/>\nDimension des feuilles d&#8217;ormes: 3 cm par 2 cm.<br \/>\n<\/b><\/p>\n<p style=\"text-align: center;\"><b>Collier \u00e9perdument elfique!!<\/b><\/p>\n<hr \/>\n<p><span class=\"tlid-translation translation\" lang=\"en\"><span class=\"\" title=\"\">&#8220;Life is like a tale, what matters is not its length, but its value.&#8221;<\/span><br \/>\n<span class=\"\" title=\"\">Seneca.<\/span><\/p>\n<p><span title=\"\">&#8220;The Sleeping Beauty&#8221; is a tale by Charles Perrault.<\/span><\/p>\n<p><strong><span title=\"\">Stainless steel hinged collar, work on hammered wires and silver welded.<\/span><\/strong><br \/>\n<strong><span title=\"\">Stainless steel interlocks welded in 10 points.<\/span><\/strong><br \/>\n<strong><span title=\"\">Two leaves of elms hammered hand and formed at the anvil complete the set.<\/span><\/strong><br \/>\n<strong><span title=\"\">An extension chain with a small elm leaf allows you to play along the length of the necklace.<\/span><\/strong><br \/>\n<strong><span title=\"\">Dimension of the leaves of elms: 3 cm by 2 cm.<\/span><\/strong><\/p>\n<p><strong><span title=\"\">Necklace madly elfic !!<\/span><\/strong><\/span><\/p>\n","protected":false},"excerpt":{"rendered":"<p style=\"text-align: center;\"><strong>Collier inox articul\u00e9 avec deux feuilles d&#8217;orme et entrelacs, esprit elfique et f\u00e9\u00e9rique.<\/strong><\/p>\n<hr \/>\n<p style=\"text-align: center;\"><strong><span class=\"tlid-translation translation\" lang=\"en\"><span class=\"\" title=\"\">Stainless steel articulated necklace with two elm leaves and interlacing, elven and fairy spirit.<\/span><\/span><\/strong><\/p>\n","protected":false},"featured_media":476,"comment_status":"open","ping_status":"closed","template":"","meta":{"jetpack_publicize_message":"","jetpack_publicize_feature_enabled":true,"jetpack_social_post_already_shared":false,"jetpack_social_options":{"image_generator_settings":{"template":"highway","default_image_id":0,"font":"","enabled":false},"version":2}},"product_brand":[],"product_cat":[29],"product_tag":[31],"class_list":{"0":"post-475","1":"product","2":"type-product","3":"status-publish","4":"has-post-thumbnail","6":"product_cat-conte","7":"product_tag-collier","8":"pa_ambiance-bucolique","9":"pa_ambiance-celtique","10":"pa_ambiance-elfique","11":"pa_ambiance-feerique","12":"pa_ambiance-vegetal","13":"pa_feuille-orme","14":"pa_matiere-inox","15":"pa_matiere-laiton","17":"first","18":"instock","19":"featured","20":"sold-individually","21":"shipping-taxable","22":"purchasable","23":"product-type-variable"},"translation":{"provider":"WPGlobus","version":"3.0.2","language":"en","enabled_languages":["fr","en"],"languages":{"fr":{"title":true,"content":true,"excerpt":true},"en":{"title":false,"content":false,"excerpt":false}}},"jetpack_publicize_connections":[],"jetpack-related-posts":[],"jetpack_sharing_enabled":true,"jetpack_likes_enabled":true,"_links":{"self":[{"href":"https:\/\/www.altisfain.com\/en\/wp-json\/wp\/v2\/product\/475","targetHints":{"allow":["GET"]}}],"collection":[{"href":"https:\/\/www.altisfain.com\/en\/wp-json\/wp\/v2\/product"}],"about":[{"href":"https:\/\/www.altisfain.com\/en\/wp-json\/wp\/v2\/types\/product"}],"replies":[{"embeddable":true,"href":"https:\/\/www.altisfain.com\/en\/wp-json\/wp\/v2\/comments?post=475"}],"wp:featuredmedia":[{"embeddable":true,"href":"https:\/\/www.altisfain.com\/en\/wp-json\/wp\/v2\/media\/476"}],"wp:attachment":[{"href":"https:\/\/www.altisfain.com\/en\/wp-json\/wp\/v2\/media?parent=475"}],"wp:term":[{"taxonomy":"product_brand","embeddable":true,"href":"https:\/\/www.altisfain.com\/en\/wp-json\/wp\/v2\/product_brand?post=475"},{"taxonomy":"product_cat","embeddable":true,"href":"https:\/\/www.altisfain.com\/en\/wp-json\/wp\/v2\/product_cat?post=475"},{"taxonomy":"product_tag","embeddable":true,"href":"https:\/\/www.altisfain.com\/en\/wp-json\/wp\/v2\/product_tag?post=475"}],"curies":[{"name":"wp","href":"https:\/\/api.w.org\/{rel}","templated":true}]}}