{"id":470,"date":"2018-03-05T14:05:54","date_gmt":"2018-03-05T13:05:54","guid":{"rendered":"http:\/\/www.altisfain.com\/?post_type=product&#038;p=470"},"modified":"2024-06-08T21:26:35","modified_gmt":"2024-06-08T19:26:35","slug":"collier-conte-la-goutte-deau-feuilles-nenuphar","status":"publish","type":"product","link":"https:\/\/www.altisfain.com\/en\/boutique\/conte\/collier-conte-la-goutte-deau-feuilles-nenuphar\/","title":{"rendered":"Collier Conte &#8220;La Goutte d&#8217;Eau&#8221; feuilles N\u00e9nuphar"},"content":{"rendered":"<p style=\"text-align: center;\">&#8220;La vie ressemble \u00e0 un conte ; ce qui importe, ce n&#8217;est pas sa longueur, mais sa valeur.&#8221;<br \/>\nS\u00e9n\u00e8que.<\/p>\n<p style=\"text-align: center;\">&#8220;La Goutte d&#8217;Eau&#8221; est un conte d&#8217;Andersen.<\/p>\n<p style=\"text-align: center;\"><b>Collier articul\u00e9 inox, esprit collerette, travail en entrelacs sur fils martel\u00e9s et soud\u00e9s argent.<br \/>\nHuit fils inox, 17 points de soudure argent.<br \/>\nDeux feuilles de n\u00e9nuphar martel\u00e9es main et form\u00e9es \u00e0 l&#8217;enclume terminent l&#8217;ensemble.<br \/>\nUne cha\u00eenette de rallonge permet de jouer sur la longueur du collier, termin\u00e9e par une petite feuille de n\u00e9nuphar.<br \/>\nDimension des feuilles de n\u00e9nuphar: 2,5 cm par 2 cm.<\/b><\/p>\n<p style=\"text-align: center;\"><b>Collier \u00e9perdument elfique!!<\/b><\/p>\n<hr \/>\n<p><span class=\"tlid-translation translation\" lang=\"en\"><span title=\"\">&#8220;Life is like a tale, what matters is not its length, but its value.&#8221;<\/span><br \/>\n<span class=\"\" title=\"\">Seneca.<\/span><\/p>\n<p><span title=\"\">&#8220;The Drop of Water&#8221; is a tale of Andersen.<\/span><\/p>\n<p><strong><span title=\"\">Stainless steel articulated necklace, spirit collar, work in interlacing on hammered wires and welded silver.<\/span><\/strong><br \/>\n<strong><span title=\"\">Eight stainless steel wires, 17 silver solder points.<\/span><\/strong><br \/>\n<strong><span title=\"\">Two water lily leaves hammered by hand and formed at the anvil complete the set.<\/span><\/strong><br \/>\n<strong><span title=\"\">An extension chain allows you to play along the length of the necklace, ending with a small lily pad.<\/span><\/strong><br \/>\n<strong><span title=\"\">Size of the water lily leaves: 2.5 cm by 2 cm.<\/span><\/strong><\/p>\n<p><strong><span title=\"\">Necklace madly elfic !!<\/span><\/strong><\/span><\/p>\n","protected":false},"excerpt":{"rendered":"<p style=\"text-align: center;\"><strong>Collier inox articul\u00e9 avec deux feuilles de n\u00e9nuphar et entrelacs, esprit elfique et f\u00e9\u00e9rique.<\/strong><\/p>\n<hr \/>\n<div class=\"text-wrap tlid-copy-target\">\n<p class=\"result-shield-container tlid-copy-target\" style=\"text-align: center;\" tabindex=\"0\"><strong><span class=\"tlid-translation translation\" lang=\"en\"><span class=\"\" title=\"\">Articulated stainless steel necklace with two lily pads and interlacing, elven and fairy spirit.<\/span><\/span><\/strong><\/p>\n<\/div>\n<div class=\"tlid-result-transliteration-container result-transliteration-container transliteration-container\">\n<div class=\"tlid-transliteration-content transliteration-content full\"><\/div>\n<\/div>\n","protected":false},"featured_media":471,"comment_status":"open","ping_status":"closed","template":"","meta":[],"product_brand":[],"product_cat":[29],"product_tag":[31],"class_list":{"0":"post-470","1":"product","2":"type-product","3":"status-publish","4":"has-post-thumbnail","6":"product_cat-conte","7":"product_tag-collier","8":"pa_ambiance-bucolique","9":"pa_ambiance-celtique","10":"pa_ambiance-elfique","11":"pa_ambiance-feerique","12":"pa_ambiance-vegetal","13":"pa_feuille-nenuphar","14":"pa_matiere-inox","15":"pa_matiere-laiton","17":"first","18":"instock","19":"sold-individually","20":"shipping-taxable","21":"purchasable","22":"product-type-variable"},"translation":{"provider":"WPGlobus","version":"3.0.2","language":"en","enabled_languages":["fr","en"],"languages":{"fr":{"title":true,"content":true,"excerpt":true},"en":{"title":false,"content":false,"excerpt":false}}},"jetpack-related-posts":[],"jetpack_sharing_enabled":true,"_links":{"self":[{"href":"https:\/\/www.altisfain.com\/en\/wp-json\/wp\/v2\/product\/470","targetHints":{"allow":["GET"]}}],"collection":[{"href":"https:\/\/www.altisfain.com\/en\/wp-json\/wp\/v2\/product"}],"about":[{"href":"https:\/\/www.altisfain.com\/en\/wp-json\/wp\/v2\/types\/product"}],"replies":[{"embeddable":true,"href":"https:\/\/www.altisfain.com\/en\/wp-json\/wp\/v2\/comments?post=470"}],"wp:featuredmedia":[{"embeddable":true,"href":"https:\/\/www.altisfain.com\/en\/wp-json\/wp\/v2\/media\/471"}],"wp:attachment":[{"href":"https:\/\/www.altisfain.com\/en\/wp-json\/wp\/v2\/media?parent=470"}],"wp:term":[{"taxonomy":"product_brand","embeddable":true,"href":"https:\/\/www.altisfain.com\/en\/wp-json\/wp\/v2\/product_brand?post=470"},{"taxonomy":"product_cat","embeddable":true,"href":"https:\/\/www.altisfain.com\/en\/wp-json\/wp\/v2\/product_cat?post=470"},{"taxonomy":"product_tag","embeddable":true,"href":"https:\/\/www.altisfain.com\/en\/wp-json\/wp\/v2\/product_tag?post=470"}],"curies":[{"name":"wp","href":"https:\/\/api.w.org\/{rel}","templated":true}]}}