{"id":4683,"date":"2022-02-18T06:07:57","date_gmt":"2022-02-18T05:07:57","guid":{"rendered":"https:\/\/www.altisfain.com\/?post_type=product&#038;p=4683"},"modified":"2024-10-20T21:54:24","modified_gmt":"2024-10-20T19:54:24","slug":"collier-inox-les-passages-celestes-le-miroir-aux-fees-labradorite","status":"publish","type":"product","link":"https:\/\/www.altisfain.com\/en\/boutique\/les-adoptes\/collier-inox-les-passages-celestes-le-miroir-aux-fees-labradorite\/","title":{"rendered":"Collier inox &#8220;les Passages C\u00e9lestes: le Miroir aux F\u00e9es&#8221; Labradorite"},"content":{"rendered":"<p style=\"text-align: left; padding-left: 30px;\"><strong>\u201cSi la vie n&#8217;est qu&#8217;un passage, sur ce passage au moins semons des fleurs.\u201d<\/strong><br \/>\n<strong>Montaigne<\/strong><\/p>\n<p style=\"text-align: center;\"><strong>\u00ab Les Passages C\u00e9lestes \u00bb est une collection inspir\u00e9e des diff\u00e9rents portes conduisant \u00e0 des univers oniriques mais aussi personnels, des voies qui m\u00e8nent \u00e0 la pleine conscience de soi et du monde. Ces passerelles nous transportent vers des havres supr\u00eames, des finalit\u00e9s plus hautes, des buts ultimes. Ils touchent l&#8217;Histoire, la Spiritualit\u00e9, le Fantastique. Empruntons ces passages et nous entrons dans des contr\u00e9es intimes et fantaisistes.<\/strong><\/p>\n<p style=\"text-align: center;\"><strong>\u00a0\u00a0Le Miroir aux F\u00e9es \u00e0 Paimpont est un charmant petit \u00e9tang situ\u00e9 dans le fond du Val sans Retour, \u00e0 c\u00f4t\u00e9 de l&#8217;Arbre d&#8217;Or. Le nom de ce petit lac vient du fait qu\u2019\u00e0 l\u2019\u00e9poque, la for\u00eat \u00e9tant si dense que le vent ne pouvait casser la surface limpide de l\u2019eau, tel un miroir.<\/strong><strong>\u00a0La L\u00e9gende veut que les f\u00e9es, venant les nuits de pleine lune, y cachaient leurs bijoux et que quiconque d\u00e9sirait leurs subtiliser se verrait enfermer \u00e0 jamais dans les eaux du lac pour y ranger tout ce que les f\u00e9es y camouflaient.<\/strong><strong>\u00a0La l\u00e9gende dit \u00e9galement que 7 f\u00e9es, toutes s\u0153urs, y avaient \u00e9lu domicile et avaient fait serment de plus jamais se montrer aux hommes.<\/strong><strong>\u00a0Un beau jour, la plus jeune d\u2019entre elle brisa ce pacte et se montra \u00e0 un cavalier venu s\u2019abreuver aux bords du lac.<\/strong><strong>\u00a0Ses s\u0153urs, d\u00e9couvrant la maladresse de leurs cadette, d\u00e9cid\u00e8rent d\u2019assassiner le cavalier pour ne pas qu\u2019il \u00e9bruite la pr\u00e9sence de f\u00e9es dans ce lac.<\/strong><strong>\u00a0La petite, prise de rage, \u00e9gorgea ses 6 s\u0153urs pendant leurs sommeil. Elle recueilli un peu de leur sang ainsi que du sien pour former une potion magique qui redonna vie au cavalier assassin\u00e9.<\/strong><strong>\u00a0Il est dit que pendant 7 jours et 6 nuits, le sang des 6 s\u0153urs \u00e9gorg\u00e9es s\u2019est r\u00e9pandue dans les eaux de la vall\u00e9e, faisant vir\u00e9 sa couleur au pourpre.\u00a0<\/strong><strong>La r\u00e9alit\u00e9 est autre, la couleur des eaux alentours est d\u00fb \u00e0 la roche pr\u00e9sente, le schiste rouge.<\/strong><\/p>\n<p style=\"text-align: center;\">\u00a0 Collier inox ambiance elfique, tour de cou articul\u00e9 et pendentif serti Labradorite. Cabochon de tr\u00e8s belle qualit\u00e9 forme ovale, teintes bleues tr\u00e8s intenses. Tour de cou articul\u00e9 avec fils qui serpentent, de 40 \u00e0 45 cm de long, avec chainette de rallonge termin\u00e9 par un entrelacs, afin de jouer sur la longueur du collier. Dimension du pendentif: 6,5 cm par 3,8 cm. Dimension du cabochon: 3,5 cm par 2,3 cm.<\/p>\n<p style=\"text-align: center;\">Pendentif infiniment elfique et mystique!!<\/p>\n<hr \/>\n<p style=\"text-align: center;\">&#8220;If life is only a passage, on this passage at least sow flowers.&#8221;<br \/>\nMontaigne<\/p>\n<p style=\"text-align: center;\">&#8220;The heavenly passages&#8221; is a collection inspired by the different doors leading to dreamlike but also personal worlds, paths that lead to the full awareness of oneself and the world. These bridges carry us to supreme havens, higher ends, ultimate goals. They touch History, Spirituality, Fantasy. Let&#8217;s take these passages and we enter intimate and fanciful countries.<\/p>\n<p style=\"text-align: center;\"><span class=\"VIiyi\" lang=\"en\"><span class=\"JLqJ4b\" data-language-for-alternatives=\"en\" data-language-to-translate-into=\"fr\" data-phrase-index=\"0\">\u00a0 \u00a0Le Miroir aux F\u00e9es in Paimpont is a charming little pond located at the bottom of the Val sans Retour, next to the Golden Tree. The name of this small lake comes from the fact that at the time, the forest was so dense that the wind could not break the clear surface of the water, like a mirror.<\/span><\/span>\u00a0Legend has it that the fairies, coming on full moon nights, hid their jewels there and that anyone who wanted to steal them would be locked up forever in the waters of the lake to store everything the fairies camouflaged there. The legend also says that 7 fairies, all sisters, had taken up residence there and had sworn never to show themselves to men again. One fine day, the youngest of them broke this pact and showed herself to a rider who had come to drink on the shores of the lake. Her sisters, discovering the clumsiness of their youngest, decided to assassinate the rider so that he did not hear about the presence of fairies in this lake. The little one, taken with rage, slaughtered her 6 sisters while they slept. She collected some of their blood as well as her own to form a magic potion that brought the murdered horseman back to life. It is said that for 7 days and 6 nights, the blood of the 6 slain sisters spilled into the waters of the valley, turning its color purple. The reality is different, the color of the surrounding waters is due to the rock present, the red shale<strong><span class=\"VIiyi\" lang=\"en\"><span class=\"JLqJ4b\" data-language-for-alternatives=\"en\" data-language-to-translate-into=\"fr\" data-phrase-index=\"0\">.<\/span><\/span><\/strong><\/p>\n<p style=\"text-align: center;\"><strong><span class=\"VIiyi\" lang=\"en\"><span class=\"JLqJ4b\" data-language-for-alternatives=\"en\" data-language-to-translate-into=\"fr\" data-phrase-index=\"0\">Elven-inspired stainless steel necklace, articulated choker and pendant set with Labradorite.\u00a0<\/span><\/span><\/strong><strong><span class=\"VIiyi\" lang=\"en\"><span class=\"JLqJ4b\" data-language-for-alternatives=\"en\" data-language-to-translate-into=\"fr\" data-phrase-index=\"0\">Cabochon of very good quality oval shape, very intense blue hues.\u00a0<\/span><\/span><\/strong><strong><span class=\"VIiyi\" lang=\"en\"><span class=\"JLqJ4b\" data-language-for-alternatives=\"en\" data-language-to-translate-into=\"fr\" data-phrase-index=\"0\">Articulated choker with meandering threads, 40 to 45 cm long, with extension chain ending in interlacing, in order to play on the length of the necklace. Dimension of the pendant: 6.5 cm by 3.8 cm. Dimension of the cabochon: 3.5 cm by 2.3 cm.<\/span><\/span><\/strong><\/p>\n<p><strong>Pendant infinitely Elvish and mystical !!<\/strong><\/p>\n","protected":false},"excerpt":{"rendered":"<p style=\"text-align: center;\"><strong>Collier pendentif esprit elfique et celtique, serti Labradorite. <\/strong><\/p>\n<p style=\"text-align: center;\"><strong>Infiniment mystique et onirique!<\/strong><\/p>\n<hr \/>\n<p style=\"text-align: center;\"><span class=\"tlid-translation translation\" lang=\"en\"><strong><span class=\"\" title=\"\">Elven and Celtic spirit pendant necklace, set with Labradorite.<\/span><\/strong><\/span><\/p>\n<p style=\"text-align: center;\"><strong><span title=\"\">Infinitely mystical and dreamlike!<\/span><\/strong><\/p>\n","protected":false},"featured_media":4684,"comment_status":"open","ping_status":"closed","template":"","meta":[],"product_brand":[],"product_cat":[222],"product_tag":[31,131],"class_list":{"0":"post-4683","1":"product","2":"type-product","3":"status-publish","4":"has-post-thumbnail","6":"product_cat-les-adoptes","7":"product_tag-collier","8":"product_tag-pendentif","9":"pa_ambiance-baroque","10":"pa_ambiance-celtique","11":"pa_ambiance-elfique","12":"pa_ambiance-feerique","13":"pa_ambiance-mystique","14":"pa_ambiance-victorien","15":"pa_matiere-inox","16":"pa_ornement-labradorite","17":"pa_ornement-labradorite-argentee","18":"pa_ornement-labradorite-bleue","19":"pa_ornement-labradorite-doree","20":"pa_ornement-labradorite-grise","21":"pa_ornement-labradorite-violette","22":"pa_ornement-pierre-semi","24":"first","25":"outofstock","26":"shipping-taxable","27":"purchasable","28":"product-type-simple"},"translation":{"provider":"WPGlobus","version":"3.0.2","language":"en","enabled_languages":["fr","en"],"languages":{"fr":{"title":true,"content":true,"excerpt":true},"en":{"title":false,"content":false,"excerpt":false}}},"jetpack-related-posts":[],"jetpack_sharing_enabled":true,"_links":{"self":[{"href":"https:\/\/www.altisfain.com\/en\/wp-json\/wp\/v2\/product\/4683","targetHints":{"allow":["GET"]}}],"collection":[{"href":"https:\/\/www.altisfain.com\/en\/wp-json\/wp\/v2\/product"}],"about":[{"href":"https:\/\/www.altisfain.com\/en\/wp-json\/wp\/v2\/types\/product"}],"replies":[{"embeddable":true,"href":"https:\/\/www.altisfain.com\/en\/wp-json\/wp\/v2\/comments?post=4683"}],"wp:featuredmedia":[{"embeddable":true,"href":"https:\/\/www.altisfain.com\/en\/wp-json\/wp\/v2\/media\/4684"}],"wp:attachment":[{"href":"https:\/\/www.altisfain.com\/en\/wp-json\/wp\/v2\/media?parent=4683"}],"wp:term":[{"taxonomy":"product_brand","embeddable":true,"href":"https:\/\/www.altisfain.com\/en\/wp-json\/wp\/v2\/product_brand?post=4683"},{"taxonomy":"product_cat","embeddable":true,"href":"https:\/\/www.altisfain.com\/en\/wp-json\/wp\/v2\/product_cat?post=4683"},{"taxonomy":"product_tag","embeddable":true,"href":"https:\/\/www.altisfain.com\/en\/wp-json\/wp\/v2\/product_tag?post=4683"}],"curies":[{"name":"wp","href":"https:\/\/api.w.org\/{rel}","templated":true}]}}