{"id":4663,"date":"2022-02-11T22:19:35","date_gmt":"2022-02-11T21:19:35","guid":{"rendered":"https:\/\/www.altisfain.com\/?post_type=product&#038;p=4663"},"modified":"2022-05-05T18:21:47","modified_gmt":"2022-05-05T16:21:47","slug":"pendentif-inox-talisman-respiration-amethyste","status":"publish","type":"product","link":"https:\/\/www.altisfain.com\/en\/boutique\/nymphes\/pendentif-inox-talisman-respiration-amethyste\/","title":{"rendered":"Pendentif inox &#8220;Talisman : Respiration&#8221; Am\u00e9thyste"},"content":{"rendered":"<blockquote>\n<p style=\"text-align: left; padding-left: 30px;\">Un talisman est un objet (pierre, anneau, etc.) portant des signes consacr\u00e9s auxquels sont attribu\u00e9es des vertus de protection et de pouvoirs magiques.L&#8217;art de fabriquer des talismans s&#8217;appelle la talismanie.<\/p>\n<\/blockquote>\n<p style=\"text-align: center;\"><span class=\"ILfuVd\"><span class=\"hgKElc\">\u00a0En lithoth\u00e9rapie, l\u2019am\u00e9thyste est consid\u00e9r\u00e9e comme la pierre de l\u2019humilit\u00e9 et la pierre de la sagesse. Elle stimule la cr\u00e9ativit\u00e9, l\u2019imagination et la clart\u00e9. Cette pierre joue un grand r\u00f4le et favorise non seulement la m\u00e9ditation, la concentration, mais aussi l\u2019\u00e9l\u00e9vation spirituelle. Elle se charge aussi d\u2019apaiser la col\u00e8re, la peur, les inqui\u00e9tudes, les angoisses, la tristesse et le chagrin.<\/span><\/span><\/p>\n<p style=\"text-align: center;\">Historiquement, la respiration, un mot construit sur la racine latine sp\u012bro, se confond avec le souffle, en latin sp\u012br\u012dt\u016ds, si\u00e8ge de l&#8217;\u00e9nergie vitale, qui a \u00e9galement donn\u00e9 le mot \u00ab esprit \u00bb. De mani\u00e8re similaire, les traditions orientales accordent \u00e0 la respiration une vertu centrale d&#8217;\u00e9quilibre \u00e9nerg\u00e9tique et d&#8217;harmonie, d\u00e9veloppant au travers du yoga ou d&#8217;autres disciplines, des techniques de ma\u00eetrise de la respiration et ouvrant la voie \u00e0 des formes modernes d&#8217;exercices respiratoires.<\/p>\n<div class=\"listing-tabs\" data-module=\"tabs\">\n<div class=\"col-wrapper\">\n<p class=\"col-sm-12 col-md-4\" style=\"text-align: center;\">\u00a0Pendentif rond inox, serti griffe avec cabochon ovale Am\u00e9thyste trapiche . D\u00e9cor inox de montagne et ciel de Lune nuageux. Polissage vif et bross\u00e9.<br \/>\nChaine inox de 40 cm maillage serpent.<br \/>\nDimensions pendentif: 5 cm de diam\u00e8tre.<br \/>\nDimensions cabochon: 2,5 cm par 1 cm.<\/p>\n<\/div>\n<\/div>\n<p style=\"text-align: center;\"><strong>Pendentif infiniment elfique et onirique!! <\/strong><\/p>\n<hr \/>\n<p><span class=\"VIiyi\" lang=\"en\"><span class=\"JLqJ4b\" data-language-for-alternatives=\"en\" data-language-to-translate-into=\"fr\" data-phrase-index=\"0\" data-number-of-phrases=\"1\">A talisman is an object (stone, ring, etc.) bearing consecrated signs to which are attributed the virtues of protection and magical powers.The art of making talismans is called talismania.<\/span><\/span><\/p>\n<p style=\"text-align: center;\">\u00a0In lithotherapy, amethyst is considered the stone of humility and the stone of wisdom. It stimulates creativity, imagination and clarity. This stone plays a great role and promotes not only meditation, concentration, but also spiritual elevation. It is also responsible for soothing anger, fear, worries, anxieties, sadness and grief.<\/p>\n<p style=\"text-align: center;\">Historically, breathing, a word built on the Latin root sp\u012bro, is confused with the breath, in Latin sp\u012br\u012dt\u016ds, seat of vital energy, which also gave rise to the word \u201cspirit\u201d. Similarly, Eastern traditions give the breath a central virtue of energy balance and harmony, developing through yoga or other disciplines, techniques of mastery of the breath and paving the way for modern forms of breathing exercises.<\/p>\n<p style=\"text-align: center;\"><b>Stainless steel round pendant, claw setting with trapiche Amethyst oval cabochon. Stainless steel decor of mountain and cloudy moon sky. Sharp and brushed polish.<\/b><b>\u00a040 cm stainless steel snake mesh chain.<\/b><b>\u00a0Dimensions pendant: 5 cm in diameter.<\/b><b>\u00a0Dimensions cabochon: 2.5 cm by 1 cm.<\/b><\/p>\n<p style=\"text-align: center;\"><strong><span class=\"VIiyi\" lang=\"en\"><span class=\"JLqJ4b\" data-language-for-alternatives=\"en\" data-language-to-translate-into=\"fr\" data-phrase-index=\"0\" data-number-of-phrases=\"1\">Infinitely elven and dreamlike pendant !!<\/span><\/span> <\/strong><\/p>\n","protected":false},"excerpt":{"rendered":"<p style=\"text-align: center;\"><strong>Pendentif inox serti Am\u00e9thyste trapiche.\u00a0<\/strong><strong>Pendentif infiniment elfique et esprit \u00e9sot\u00e9rique<\/strong><\/p>\n<hr \/>\n<p style=\"text-align: center;\"><strong><span class=\"VIiyi\" lang=\"en\"><span class=\"JLqJ4b ChMk0b\" data-language-for-alternatives=\"en\" data-language-to-translate-into=\"fr\" data-phrase-index=\"0\" data-number-of-phrases=\"1\">Stainless steel pendant set with Amethyst. Infinitely elven pendant and esoteric spirit.<\/span><\/span> <\/strong><\/p>\n","protected":false},"featured_media":4748,"comment_status":"open","ping_status":"closed","template":"","meta":[],"product_brand":[],"product_cat":[22,46],"product_tag":[131],"class_list":{"0":"post-4663","1":"product","2":"type-product","3":"status-publish","4":"has-post-thumbnail","6":"product_cat-nymphes","7":"product_cat-non-classe","8":"product_tag-pendentif","9":"pa_ambiance-art-nouveau","10":"pa_ambiance-celtique","11":"pa_ambiance-elfique","12":"pa_ambiance-feerique","13":"pa_ambiance-medieval","14":"pa_ambiance-vegetal","15":"pa_matiere-inox","16":"pa_ornement-amethyste","17":"pa_ornement-amethyste-trapiche","18":"pa_ornement-pierre-semi","20":"first","21":"instock","22":"sale","23":"featured","24":"sold-individually","25":"shipping-taxable","26":"purchasable","27":"product-type-simple"},"translation":{"provider":"WPGlobus","version":"3.0.2","language":"en","enabled_languages":["fr","en"],"languages":{"fr":{"title":true,"content":true,"excerpt":true},"en":{"title":false,"content":false,"excerpt":false}}},"jetpack-related-posts":[],"jetpack_sharing_enabled":true,"_links":{"self":[{"href":"https:\/\/www.altisfain.com\/en\/wp-json\/wp\/v2\/product\/4663","targetHints":{"allow":["GET"]}}],"collection":[{"href":"https:\/\/www.altisfain.com\/en\/wp-json\/wp\/v2\/product"}],"about":[{"href":"https:\/\/www.altisfain.com\/en\/wp-json\/wp\/v2\/types\/product"}],"replies":[{"embeddable":true,"href":"https:\/\/www.altisfain.com\/en\/wp-json\/wp\/v2\/comments?post=4663"}],"wp:featuredmedia":[{"embeddable":true,"href":"https:\/\/www.altisfain.com\/en\/wp-json\/wp\/v2\/media\/4748"}],"wp:attachment":[{"href":"https:\/\/www.altisfain.com\/en\/wp-json\/wp\/v2\/media?parent=4663"}],"wp:term":[{"taxonomy":"product_brand","embeddable":true,"href":"https:\/\/www.altisfain.com\/en\/wp-json\/wp\/v2\/product_brand?post=4663"},{"taxonomy":"product_cat","embeddable":true,"href":"https:\/\/www.altisfain.com\/en\/wp-json\/wp\/v2\/product_cat?post=4663"},{"taxonomy":"product_tag","embeddable":true,"href":"https:\/\/www.altisfain.com\/en\/wp-json\/wp\/v2\/product_tag?post=4663"}],"curies":[{"name":"wp","href":"https:\/\/api.w.org\/{rel}","templated":true}]}}