{"id":4613,"date":"2022-01-24T20:03:02","date_gmt":"2022-01-24T19:03:02","guid":{"rendered":"https:\/\/www.altisfain.com\/?post_type=product&#038;p=4613"},"modified":"2025-10-20T22:04:04","modified_gmt":"2025-10-20T20:04:04","slug":"pendentif-inox-talisman-les-corps-celestes-labradorite","status":"publish","type":"product","link":"https:\/\/www.altisfain.com\/en\/boutique\/nymphes\/pendentif-inox-talisman-les-corps-celestes-labradorite\/","title":{"rendered":"Pendentif inox &#8220;Talisman : les Corps C\u00e9lestes&#8221; Labradorite"},"content":{"rendered":"<p style=\"text-align: left; padding-left: 30px;\">Un talisman est un objet (pierre, anneau, etc.) portant des signes consacr\u00e9s auxquels sont attribu\u00e9es des vertus de protection et de pouvoirs magiques.L&#8217;art de fabriquer des talismans s&#8217;appelle la talismanie.<\/p>\n<p><span class=\"ILfuVd\"><span class=\"hgKElc\">En lithoth\u00e9rapie, la pierre labradorite est connue pour ses vertus de protection. Elle est extr\u00eamement protectrice en absorbant le n\u00e9gatif, mais aussi en \u00e9tant un bouclier \u00e0 part enti\u00e8re. La labradorite prot\u00e8ge du n\u00e9gatif environnant en l\u2019absorbant jusqu\u2019\u00e0 ce qu\u2019il soit totalement dissout.<\/span><\/span><\/p>\n<p style=\"text-align: center;\">Un objet c\u00e9leste, ou corps c\u00e9leste, est un objet quelconque de l&#8217;Univers. Le terme \u00ab astre \u00bb est proche, mais est rarement utilis\u00e9 en astronomie pour les galaxies, les amas d\u2019\u00e9toiles ou les n\u00e9buleuses. En astrologie, il d\u00e9signe la Terre, le Soleil, les plan\u00e8tes et les \u00e9toiles.<\/p>\n<div class=\"listing-tabs\" data-module=\"tabs\">\n<div class=\"col-wrapper\">\n<p class=\"col-sm-12 col-md-4\" style=\"text-align: center;\">\u00a0Pendentif plastron inox, serti griffe avec cabochon rectangulaire Labradorite bleue et dor\u00e9e comme l&#8217;astre solaire . D\u00e9cor en inox et laiton inspir\u00e9 du soleil et de la lune travers\u00e9s par des nuages.<br \/>\nChaine inox de 40 cm maillage rectangulaire.<br \/>\nDimensions pendentif: 10,5 cm par 3,3 cm.<br \/>\nDimensions cabochon: 3 cm par 1,8 cm.<\/p>\n<\/div>\n<\/div>\n<p style=\"text-align: center;\"><strong>Pendentif infiniment elfique et onirique!! <\/strong><\/p>\n<hr \/>\n<p><span class=\"VIiyi\" lang=\"en\"><span class=\"JLqJ4b\" data-language-for-alternatives=\"en\" data-language-to-translate-into=\"fr\" data-phrase-index=\"0\" data-number-of-phrases=\"1\">A talisman is an object (stone, ring, etc.) bearing consecrated signs to which are attributed the virtues of protection and magical powers.The art of making talismans is called talismania.<\/span><\/span><\/p>\n<p><span class=\"VIiyi\" lang=\"en\"><span class=\"JLqJ4b ChMk0b\" data-language-for-alternatives=\"en\" data-language-to-translate-into=\"fr\" data-phrase-index=\"2\" data-number-of-phrases=\"16\">In lithotherapy, labradorite stone is known for its protective properties. It is extremely protective by absorbing the negative, but also by being a full shield. Labradorite protects against the surrounding negative by absorbing it until it is completely dissolved.<\/span> <\/span><\/p>\n<p style=\"text-align: center;\">A celestial object, or celestial body, is any object in the Universe. The term &#8220;star&#8221; is close, but is rarely used in astronomy for galaxies, star clusters or nebulae. In astrology, it designates the Earth, the Sun, the planets and the stars.<\/p>\n<p style=\"text-align: center;\"><b>Stainless steel plastron pendant, claw set with rectangular Labradorite cabochon blue and golden like the solar star. Decor in stainless steel and brass inspired by the sun and the moon crossed by clouds.\u00a0<\/b><b>40 cm stainless steel chain with rectangular mesh.\u00a0<\/b><b>Dimensions pendant: 10.5 cm by 3.3 cm.\u00a0<\/b><b>Dimensions cabochon: 3 cm by 1.8 cm.<\/b><\/p>\n<p style=\"text-align: center;\"><strong><span class=\"VIiyi\" lang=\"en\"><span class=\"JLqJ4b\" data-language-for-alternatives=\"en\" data-language-to-translate-into=\"fr\" data-phrase-index=\"0\" data-number-of-phrases=\"1\">Infinitely elven and dreamlike pendant !!<\/span><\/span> <\/strong><\/p>\n","protected":false},"excerpt":{"rendered":"<p style=\"text-align: center; padding-left: 60px;\"><strong>Pendentif inox serti Labradorite et d\u00e9cor de soleil et de lune. <\/strong><strong>Pendentif infiniment elfique et esprit Art Nouveau.<\/strong><\/p>\n<hr \/>\n<p style=\"text-align: center;\"><strong><span class=\"VIiyi\" lang=\"en\"><span class=\"JLqJ4b ChMk0b\" data-language-for-alternatives=\"en\" data-language-to-translate-into=\"fr\" data-phrase-index=\"0\" data-number-of-phrases=\"1\">Stainless steel pendant set with Labradorite and Sun and Moon patterns. Infinitely elven pendant and Art Nouveau spirit.<\/span><\/span> <\/strong><\/p>\n","protected":false},"featured_media":4749,"comment_status":"open","ping_status":"closed","template":"","meta":[],"product_brand":[],"product_cat":[22],"product_tag":[131],"class_list":{"0":"post-4613","1":"product","2":"type-product","3":"status-publish","4":"has-post-thumbnail","6":"product_cat-nymphes","7":"product_tag-pendentif","8":"pa_ambiance-art-nouveau","9":"pa_ambiance-celtique","10":"pa_ambiance-elfique","11":"pa_ambiance-feerique","12":"pa_ambiance-medieval","13":"pa_ambiance-vegetal","14":"pa_matiere-inox","15":"pa_ornement-labradorite","16":"pa_ornement-labradorite-bleue","17":"pa_ornement-labradorite-doree","18":"pa_ornement-pierre-semi","20":"first","21":"instock","22":"featured","23":"sold-individually","24":"shipping-taxable","25":"purchasable","26":"product-type-simple"},"translation":{"provider":"WPGlobus","version":"3.0.2","language":"en","enabled_languages":["fr","en"],"languages":{"fr":{"title":true,"content":true,"excerpt":true},"en":{"title":false,"content":false,"excerpt":false}}},"jetpack-related-posts":[],"jetpack_sharing_enabled":true,"_links":{"self":[{"href":"https:\/\/www.altisfain.com\/en\/wp-json\/wp\/v2\/product\/4613","targetHints":{"allow":["GET"]}}],"collection":[{"href":"https:\/\/www.altisfain.com\/en\/wp-json\/wp\/v2\/product"}],"about":[{"href":"https:\/\/www.altisfain.com\/en\/wp-json\/wp\/v2\/types\/product"}],"replies":[{"embeddable":true,"href":"https:\/\/www.altisfain.com\/en\/wp-json\/wp\/v2\/comments?post=4613"}],"wp:featuredmedia":[{"embeddable":true,"href":"https:\/\/www.altisfain.com\/en\/wp-json\/wp\/v2\/media\/4749"}],"wp:attachment":[{"href":"https:\/\/www.altisfain.com\/en\/wp-json\/wp\/v2\/media?parent=4613"}],"wp:term":[{"taxonomy":"product_brand","embeddable":true,"href":"https:\/\/www.altisfain.com\/en\/wp-json\/wp\/v2\/product_brand?post=4613"},{"taxonomy":"product_cat","embeddable":true,"href":"https:\/\/www.altisfain.com\/en\/wp-json\/wp\/v2\/product_cat?post=4613"},{"taxonomy":"product_tag","embeddable":true,"href":"https:\/\/www.altisfain.com\/en\/wp-json\/wp\/v2\/product_tag?post=4613"}],"curies":[{"name":"wp","href":"https:\/\/api.w.org\/{rel}","templated":true}]}}