{"id":460,"date":"2018-03-05T13:19:57","date_gmt":"2018-03-05T12:19:57","guid":{"rendered":"http:\/\/www.altisfain.com\/?post_type=product&#038;p=460"},"modified":"2025-10-25T17:36:45","modified_gmt":"2025-10-25T15:36:45","slug":"collier-conte-les-cygnes-sauvages-feuilles-bambou-ou-plumes","status":"publish","type":"product","link":"https:\/\/www.altisfain.com\/en\/boutique\/conte\/collier-conte-les-cygnes-sauvages-feuilles-bambou-ou-plumes\/","title":{"rendered":"Collier Conte &#8220;Les Cygnes Sauvages&#8221; feuilles bambou ou plumes"},"content":{"rendered":"<p style=\"text-align: center;\">&#8220;La vie ressemble \u00e0 un conte ; ce qui importe, ce n&#8217;est pas sa longueur, mais sa valeur.&#8221;<br \/>\nS\u00e9n\u00e8que.<\/p>\n<p style=\"text-align: center;\">&#8220;Les Cygnes Sauvages&#8221; est un conte d&#8217;Andersen.<\/p>\n<p style=\"text-align: center;\"><b>Collier articul\u00e9 inox, travail en entrelacs sur fils martel\u00e9s et soud\u00e9s argent.<br \/>\nDeux feuilles de bambou ou deux plumes martel\u00e9es main et form\u00e9es \u00e0 l&#8217;enclume terminent l&#8217;ensemble.<br \/>\nUne cha\u00eenette de rallonge permet de jouer sur la longueur du collier, termin\u00e9e par une petite feuille de bambou.<br \/>\nDimension des feuilles ou plumes: 3,8 cm par 1,2 cm et 3,5 cm par 1 cm.<\/b><\/p>\n<p style=\"text-align: center;\"><b>Collier \u00e9perdument elfique!!<\/b><\/p>\n<p style=\"text-align: center;\"><strong>Peut \u00eatre r\u00e9alis\u00e9 en laiton vernis satin haute r\u00e9sistance.<\/strong><\/p>\n<hr \/>\n<p><span class=\"tlid-translation translation\" lang=\"en\"><span class=\"\" title=\"\">&#8220;Life is like a tale, what matters is not its length, but its value.&#8221;<\/span><br \/>\n<span title=\"\">Seneca.<\/span><\/span><\/p>\n<p><span title=\"\">&#8220;The Wild Swans&#8221; is a tale of Andersen.<\/span><\/p>\n<p><strong><span title=\"\">Stainless steel articulated necklace, interlaced work on hammered wires and silver welded.<\/span><\/strong><br \/>\n<strong><span title=\"\">Two bamboo leaves or two hand-hammered feathers formed at the anvil complete the set.<\/span><\/strong><br \/>\n<strong><span title=\"\">An extension chain allows you to play along the length of the necklace, ending with a small bamboo leaf.<\/span><\/strong><br \/>\n<strong><span title=\"\">Size of the leaves or feathers: 3.8 cm by 1.2 cm and 3.5 cm by 1 cm.<\/span><\/strong><\/p>\n<p><strong><span title=\"\">Necklace madly elfic !!<\/span><\/strong><\/p>\n<p><strong><span title=\"\">Can be made of high resistance satin varnished brass.<\/span><\/strong><\/p>\n","protected":false},"excerpt":{"rendered":"<ul>\n<li style=\"text-align: center;\"><strong>Collier inox articul\u00e9 avec deux feuilles de bambou ou forme plume et entrelacs, tr\u00e8s elfique et f\u00e9\u00e9rique.<\/strong><\/li>\n<\/ul>\n<hr \/>\n<p style=\"text-align: center;\"><strong><span class=\"tlid-translation translation\" lang=\"en\"><span class=\"\" title=\"\">Articulated stainless steel necklace with two bamboo leaves or feather and tracery, very elfic and fairy.<\/span><\/span><\/strong><\/p>\n","protected":false},"featured_media":461,"comment_status":"open","ping_status":"closed","template":"","meta":[],"product_brand":[],"product_cat":[29],"product_tag":[31],"class_list":{"0":"post-460","1":"product","2":"type-product","3":"status-publish","4":"has-post-thumbnail","6":"product_cat-conte","7":"product_tag-collier","8":"pa_ambiance-bucolique","9":"pa_ambiance-celtique","10":"pa_ambiance-elfique","11":"pa_ambiance-feerique","12":"pa_ambiance-vegetal","13":"pa_feuille-bambou","14":"pa_matiere-inox","15":"pa_matiere-laiton","17":"first","18":"instock","19":"featured","20":"sold-individually","21":"shipping-taxable","22":"purchasable","23":"product-type-variable"},"translation":{"provider":"WPGlobus","version":"3.0.2","language":"en","enabled_languages":["fr","en"],"languages":{"fr":{"title":true,"content":true,"excerpt":true},"en":{"title":false,"content":false,"excerpt":false}}},"jetpack-related-posts":[],"jetpack_sharing_enabled":true,"_links":{"self":[{"href":"https:\/\/www.altisfain.com\/en\/wp-json\/wp\/v2\/product\/460","targetHints":{"allow":["GET"]}}],"collection":[{"href":"https:\/\/www.altisfain.com\/en\/wp-json\/wp\/v2\/product"}],"about":[{"href":"https:\/\/www.altisfain.com\/en\/wp-json\/wp\/v2\/types\/product"}],"replies":[{"embeddable":true,"href":"https:\/\/www.altisfain.com\/en\/wp-json\/wp\/v2\/comments?post=460"}],"wp:featuredmedia":[{"embeddable":true,"href":"https:\/\/www.altisfain.com\/en\/wp-json\/wp\/v2\/media\/461"}],"wp:attachment":[{"href":"https:\/\/www.altisfain.com\/en\/wp-json\/wp\/v2\/media?parent=460"}],"wp:term":[{"taxonomy":"product_brand","embeddable":true,"href":"https:\/\/www.altisfain.com\/en\/wp-json\/wp\/v2\/product_brand?post=460"},{"taxonomy":"product_cat","embeddable":true,"href":"https:\/\/www.altisfain.com\/en\/wp-json\/wp\/v2\/product_cat?post=460"},{"taxonomy":"product_tag","embeddable":true,"href":"https:\/\/www.altisfain.com\/en\/wp-json\/wp\/v2\/product_tag?post=460"}],"curies":[{"name":"wp","href":"https:\/\/api.w.org\/{rel}","templated":true}]}}