{"id":4524,"date":"2021-12-30T10:35:14","date_gmt":"2021-12-30T09:35:14","guid":{"rendered":"https:\/\/www.altisfain.com\/?post_type=product&#038;p=4524"},"modified":"2023-01-06T21:59:01","modified_gmt":"2023-01-06T20:59:01","slug":"creoles-psylle-hedera-inox-ou-laiton","status":"publish","type":"product","link":"https:\/\/www.altisfain.com\/en\/boutique\/psylle\/creoles-psylle-hedera-inox-ou-laiton\/","title":{"rendered":"Cr\u00e9oles Psylle Hedera inox ou laiton"},"content":{"rendered":"<p style=\"text-align: center;\">Les Psylles sont le nom d&#8217;un peuple de Cyr\u00e9na\u00efque qui avait la r\u00e9putation de gu\u00e9rir les morsures de serpent et d&#8217;\u00eatre immunis\u00e9 contre elles. Ils d\u00e9signent \u00e9galement les charmeurs de serpents!<\/p>\n<p style=\"text-align: center;\"><strong>Cr\u00e9oles inox et attaches puce inox hypoallerg\u00e9nique.<br \/>\nFeuille de lierre hedera martel\u00e9es main, form\u00e9es \u00e0 l&#8217;enclume et polies.<br \/>\nInox 304L type alimentaire, ne noircit pas et ne s&#8217;oxyde pas.<br \/>\nDimension feuille de lierre: 3,6 cm par 2,4 cm et 2,5 cm par 1,8 cm.<br \/>\nDiam\u00e8tre cr\u00e9oles: 3,7 cm.<\/strong><\/p>\n<p style=\"text-align: center;\"><strong>Infiniment elfique et v\u00e9g\u00e9tal!! <\/strong><\/p>\n<p style=\"text-align: center;\"><strong>Peut \u00eatre r\u00e9alis\u00e9es en laiton verni satin haute r\u00e9sistance.<\/strong><\/p>\n<hr \/>\n<p style=\"text-align: center;\"><span class=\"tlid-translation translation\" lang=\"en\"><span class=\"\" title=\"\">The Psylles are the name of a people of Cyrenaica who had the reputation of healing snake bites and being immune to them.<\/span> <span title=\"\">They also designate snake charmers!<\/span><\/span><\/p>\n<p><span title=\"\"><span class=\"VIiyi\" lang=\"en\"><span class=\"JLqJ4b ChMk0b\" data-language-for-alternatives=\"en\" data-language-to-translate-into=\"fr\" data-phrase-index=\"11\" data-number-of-phrases=\"16\">Stainless steel hoops and hypoallergenic stainless steel chip ties. Hand hammered, anvil formed and polished hedera ivy leaf. Food grade 304L stainless steel, does not blacken or oxidize. Ivy leaf dimension: 3.6 cm by 2.4 cm and 2.5 cm by 1.8 cm. Hoop diameter: 3.7 cm. <\/span><\/span><\/span><\/p>\n<p><strong><span title=\"\">Infinitely elfic and vegetal !!<\/span><\/strong><\/p>\n<p><strong><span title=\"\">Can be made of high resistance varnished satin brass.<\/span><\/strong><\/p>\n","protected":false},"excerpt":{"rendered":"<p style=\"text-align: center;\"><strong>Cr\u00e9oles inox feuille de lierre Hedera.<\/strong><\/p>\n<p style=\"text-align: center;\"><strong>Infiniment elfique et esprit Art Nouveau.<\/strong><\/p>\n<hr \/>\n<p style=\"text-align: center;\"><span class=\"tlid-translation translation\" lang=\"en\"><strong><span class=\"\" title=\"\">Stainless steel leaf ivy Hedera hoops.<\/span><\/strong><\/span><\/p>\n<p style=\"text-align: center;\"><strong><span title=\"\">Infinitely elven and Art Nouveau spirit.<\/span><\/strong><\/p>\n","protected":false},"featured_media":4527,"comment_status":"open","ping_status":"closed","template":"","meta":[],"product_brand":[],"product_cat":[26],"product_tag":[34],"class_list":{"0":"post-4524","1":"product","2":"type-product","3":"status-publish","4":"has-post-thumbnail","6":"product_cat-psylle","7":"product_tag-boucles-oreilles","8":"pa_ambiance-art-nouveau","9":"pa_ambiance-celtique","10":"pa_ambiance-elfique","11":"pa_ambiance-feerique","12":"pa_ambiance-medieval","13":"pa_ambiance-vegetal","14":"pa_feuille-palmette","15":"pa_matiere-argent-925","16":"pa_matiere-inox","17":"pa_matiere-laiton","19":"first","20":"instock","21":"sold-individually","22":"shipping-taxable","23":"purchasable","24":"product-type-variable"},"translation":{"provider":"WPGlobus","version":"3.0.2","language":"en","enabled_languages":["fr","en"],"languages":{"fr":{"title":true,"content":true,"excerpt":true},"en":{"title":false,"content":false,"excerpt":false}}},"jetpack-related-posts":[],"jetpack_sharing_enabled":true,"_links":{"self":[{"href":"https:\/\/www.altisfain.com\/en\/wp-json\/wp\/v2\/product\/4524","targetHints":{"allow":["GET"]}}],"collection":[{"href":"https:\/\/www.altisfain.com\/en\/wp-json\/wp\/v2\/product"}],"about":[{"href":"https:\/\/www.altisfain.com\/en\/wp-json\/wp\/v2\/types\/product"}],"replies":[{"embeddable":true,"href":"https:\/\/www.altisfain.com\/en\/wp-json\/wp\/v2\/comments?post=4524"}],"wp:featuredmedia":[{"embeddable":true,"href":"https:\/\/www.altisfain.com\/en\/wp-json\/wp\/v2\/media\/4527"}],"wp:attachment":[{"href":"https:\/\/www.altisfain.com\/en\/wp-json\/wp\/v2\/media?parent=4524"}],"wp:term":[{"taxonomy":"product_brand","embeddable":true,"href":"https:\/\/www.altisfain.com\/en\/wp-json\/wp\/v2\/product_brand?post=4524"},{"taxonomy":"product_cat","embeddable":true,"href":"https:\/\/www.altisfain.com\/en\/wp-json\/wp\/v2\/product_cat?post=4524"},{"taxonomy":"product_tag","embeddable":true,"href":"https:\/\/www.altisfain.com\/en\/wp-json\/wp\/v2\/product_tag?post=4524"}],"curies":[{"name":"wp","href":"https:\/\/api.w.org\/{rel}","templated":true}]}}