{"id":4507,"date":"2021-12-29T17:01:16","date_gmt":"2021-12-29T16:01:16","guid":{"rendered":"https:\/\/www.altisfain.com\/?post_type=product&#038;p=4507"},"modified":"2024-10-20T21:55:08","modified_gmt":"2024-10-20T19:55:08","slug":"collier-pendentif-inox-les-diaboliques-daenerys-limbrulee-agate-crazy-lace","status":"publish","type":"product","link":"https:\/\/www.altisfain.com\/en\/boutique\/les-adoptes\/collier-pendentif-inox-les-diaboliques-daenerys-limbrulee-agate-crazy-lace\/","title":{"rendered":"Collier pendentif inox &#8220;Les Diaboliques: Daenerys l&#8217;Imbr\u00fbl\u00e9e&#8221; Agate Crazy Lace"},"content":{"rendered":"<p style=\"text-align: center;\">&#8220;Le mot na\u00eff et \u00e9tonn\u00e9 de la Borgh\u00e8se, quand on lui demanda comment elle avait bien pu poser nue devant Canova: \u00abmais l&#8217;atelier \u00e9tait chaud! il y avait un po\u00eale!\u00bb&#8221;<br \/>\nLes Diaboliques, Barbey d&#8217;Aurevilly.<\/p>\n<p style=\"text-align: center;\">Collection inspir\u00e9e de femmes, fictives ou historiques qui, \u00e0 tord ou \u00e0 raison, ont suscit\u00e9 accusations et calomnies et marqu\u00e9 l&#8217;Histoire ou les histoires par leur personnalit\u00e9 sulfureuse&#8230;..<\/p>\n<p style=\"text-align: center;\">Daenerys est pr\u00e9sent\u00e9e comme une femme d&#8217;exception, \u00e0 la fois ferme et g\u00e9n\u00e9reuse. Son altruisme lui fait abolir l&#8217;esclavage et aider les malheureux, mais elle punit s\u00e9v\u00e8rement les personnes qui lui font du tort. Au d\u00e9but peu s\u00fbre d&#8217;elle et de ses qualit\u00e9s de reine, elle finit par gagner en confiance et autorit\u00e9 sur les autres. Elle parle couramment le valyrien qui est sa langue maternelle, et le dothraki qu&#8217;elle a ma\u00eetris\u00e9 en une ann\u00e9e. Daenerys est vue par certains analystes des romans et de la s\u00e9rie t\u00e9l\u00e9vis\u00e9e comme une ic\u00f4ne moderne du f\u00e9minisme<sup id=\"cite_ref-3\" class=\"reference\"><\/sup>.<\/p>\n<p style=\"text-align: center;\"><strong>Collier inox articul\u00e9, compos\u00e9 de six ailes de dragon martel\u00e9es main et au c\u0153ur,<\/strong><br \/>\n<strong>\u00a0un cabochon de tr\u00e8s belle qualit\u00e9 forme goutte serti griffe Agate Crazy Lace rouge.<\/strong><br \/>\n<strong>Le tour de cou fait environ 40 cm de long et se termine par une chainette de rallonge avec petite aile de dragon pour jouer sur la longueur du collier.<\/strong><br \/>\n<strong>Dimension du cabochon: 4,8 cm par 2,4 cm. Dimension de la pi\u00e8ce centrale: 11,5 cm par 17,5 cm.<\/strong><\/p>\n<p style=\"text-align: center;\"><strong>Collier infiniment fantastique et elfique, pi\u00e8ce unique!!<\/strong><\/p>\n<hr \/>\n<div class=\"text-wrap tlid-copy-target\" style=\"text-align: center;\"><span class=\"tlid-translation translation\" lang=\"en\"><span class=\"tlid-translation translation\" lang=\"en\"><strong>&#8220;The naive and astonished word from the Borghese, when asked how she could have posed naked in front of Canova:&#8221; but the workshop was hot! There was a stove! &#8220;&#8221;<\/strong><br \/>\n<strong>Les Diaboliques, Barbey d&#8217;Aurevilly.<\/strong><\/span><\/span><strong>Collection inspired by women, fictitious or historical who, rightly or wrongly, have aroused accusations and calumnies and marked History or stories by their sulphurous personality &#8230;..<\/strong><strong>Daenerys is presented as an exceptional woman, both firm and generous. Her altruism makes her abolish slavery and help the unfortunate, but she severely punishes those who wrong her. At first unsure of herself and her qualities as a queen, she ends up gaining confidence and authority over others. She is fluent in Valyrian which is her mother tongue, and Dothraki which she has mastered in one year. Daenerys is seen by some analysts of the novels and the television series as a modern icon of feminism.<\/strong><\/p>\n<p><span class=\"VIiyi\" lang=\"en\"><span class=\"JLqJ4b ChMk0b\" data-language-for-alternatives=\"en\" data-language-to-translate-into=\"fr\" data-phrase-index=\"0\" data-number-of-phrases=\"8\">Articulated stainless steel necklace, composed of six hand hammered dragon wings in the heart,<\/span> <span class=\"JLqJ4b ChMk0b\" data-language-for-alternatives=\"en\" data-language-to-translate-into=\"fr\" data-phrase-index=\"2\" data-number-of-phrases=\"8\">a very beautiful quality drop-shaped cabochon set with red Agate Crazy Lace claw.<\/span> <span class=\"JLqJ4b ChMk0b\" data-language-for-alternatives=\"en\" data-language-to-translate-into=\"fr\" data-phrase-index=\"4\" data-number-of-phrases=\"8\">The neckband is about 40 cm long and ends with an extension chain with a small dragon wing to play on the length of the necklace.<\/span> <span class=\"JLqJ4b ChMk0b\" data-language-for-alternatives=\"en\" data-language-to-translate-into=\"fr\" data-phrase-index=\"6\" data-number-of-phrases=\"8\">Dimension of the cabochon: 4.8 cm by 2.4 cm.<\/span> <span class=\"JLqJ4b ChMk0b\" data-language-for-alternatives=\"en\" data-language-to-translate-into=\"fr\" data-phrase-index=\"7\" data-number-of-phrases=\"8\">Dimension of the central piece: 11.5 cm by 17.5 cm.<\/span><\/span><\/p>\n<p>Infinitely fantastic and elven necklace, unique piece !!<\/p>\n<\/div>\n<div class=\"tlid-result-transliteration-container result-transliteration-container transliteration-container\">\n<div class=\"tlid-transliteration-content transliteration-content full\"><\/div>\n<\/div>\n","protected":false},"excerpt":{"rendered":"<p style=\"text-align: center;\"><strong>Collier inox, entrelacs, ailes de dragon et serti Agate Crazy Lace rouge, d&#8217;inspiration fantastique et m\u00e9di\u00e9vale.<br \/>\n<\/strong><\/p>\n<hr \/>\n<div class=\"text-wrap tlid-copy-target\">\n<div class=\"result-shield-container tlid-copy-target\" style=\"text-align: center;\" tabindex=\"0\"><strong><span class=\"tlid-translation translation\" lang=\"en\"><span class=\"\" title=\"\">Stainless steel necklace, interlacing, dragon wings and red Crazy Lace Agate setting, fantasy and medieval inspiration.<\/span><\/span><\/strong><\/div>\n<\/div>\n<div class=\"tlid-result-transliteration-container result-transliteration-container transliteration-container\" style=\"text-align: center;\">\n<div class=\"tlid-transliteration-content transliteration-content full\"><\/div>\n<\/div>\n<div class=\"result-footer source-or-target-footer tlid-copy-target\" style=\"text-align: center;\"><\/div>\n","protected":false},"featured_media":4508,"comment_status":"open","ping_status":"closed","template":"","meta":[],"product_brand":[],"product_cat":[222],"product_tag":[31],"class_list":{"0":"post-4507","1":"product","2":"type-product","3":"status-publish","4":"has-post-thumbnail","6":"product_cat-les-adoptes","7":"product_tag-collier","8":"pa_ambiance-antique","9":"pa_ambiance-art-nouveau","10":"pa_ambiance-baroque","11":"pa_ambiance-elfique","12":"pa_ambiance-feerique","13":"pa_ambiance-gothique","14":"pa_ambiance-grece-antique","15":"pa_ambiance-victorien","16":"pa_matiere-inox","17":"pa_ornement-agate-crazy-lace","18":"pa_ornement-hematite","19":"pa_ornement-pierre-semi","21":"first","22":"outofstock","23":"featured","24":"sold-individually","25":"shipping-taxable","26":"purchasable","27":"product-type-simple"},"translation":{"provider":"WPGlobus","version":"3.0.2","language":"en","enabled_languages":["fr","en"],"languages":{"fr":{"title":true,"content":true,"excerpt":true},"en":{"title":false,"content":false,"excerpt":false}}},"jetpack-related-posts":[],"jetpack_sharing_enabled":true,"_links":{"self":[{"href":"https:\/\/www.altisfain.com\/en\/wp-json\/wp\/v2\/product\/4507","targetHints":{"allow":["GET"]}}],"collection":[{"href":"https:\/\/www.altisfain.com\/en\/wp-json\/wp\/v2\/product"}],"about":[{"href":"https:\/\/www.altisfain.com\/en\/wp-json\/wp\/v2\/types\/product"}],"replies":[{"embeddable":true,"href":"https:\/\/www.altisfain.com\/en\/wp-json\/wp\/v2\/comments?post=4507"}],"wp:featuredmedia":[{"embeddable":true,"href":"https:\/\/www.altisfain.com\/en\/wp-json\/wp\/v2\/media\/4508"}],"wp:attachment":[{"href":"https:\/\/www.altisfain.com\/en\/wp-json\/wp\/v2\/media?parent=4507"}],"wp:term":[{"taxonomy":"product_brand","embeddable":true,"href":"https:\/\/www.altisfain.com\/en\/wp-json\/wp\/v2\/product_brand?post=4507"},{"taxonomy":"product_cat","embeddable":true,"href":"https:\/\/www.altisfain.com\/en\/wp-json\/wp\/v2\/product_cat?post=4507"},{"taxonomy":"product_tag","embeddable":true,"href":"https:\/\/www.altisfain.com\/en\/wp-json\/wp\/v2\/product_tag?post=4507"}],"curies":[{"name":"wp","href":"https:\/\/api.w.org\/{rel}","templated":true}]}}