{"id":438,"date":"2018-03-05T10:48:40","date_gmt":"2018-03-05T09:48:40","guid":{"rendered":"http:\/\/www.altisfain.com\/?post_type=product&#038;p=438"},"modified":"2018-04-17T18:13:15","modified_gmt":"2018-04-17T16:13:15","slug":"collier-inox-chrysalide-oeil-de-tigre-et-entrelacs","status":"publish","type":"product","link":"https:\/\/www.altisfain.com\/en\/boutique\/chrysalide\/collier-inox-chrysalide-oeil-de-tigre-et-entrelacs\/","title":{"rendered":"Collier inox Chrysalide \u0152il de Tigre et entrelacs"},"content":{"rendered":"<p style=\"text-align: center;\">\u00ab &#8230; Tout cr\u00e9puscule est double aurore et soir. Cette formidable chrysalide qu&#8217;on appelle l&#8217;univers tr\u00e9saille \u00e9ternellement de sentir \u00e0 la fois agoniser la chenille et s&#8217;\u00e9veiller le papillon. \u00bb<br \/>\nVictor HUGO.<\/p>\n<p style=\"text-align: center;\"><span class=\"texte_paragraphe\"> C\u2019est la pierre protectrice par excellence des influences n\u00e9gatives et contre la magie noire. \u0152il de tigre aide a atteindre ses objectifs reconnaissants ses ressources int\u00e9rieurs et favorise la clart\u00e9 d\u2019intention. Donne la conscience de ses propres d\u00e9fauts. Enracine et facilite la manifestation de la volont\u00e9.<\/span><\/p>\n<p style=\"text-align: center;\"><b>Collier sur tour de cou articul\u00e9 inox, fil inox soud\u00e9 en entrelacs.<br \/>\nUn pendentif inox cabochon pierre \u0152il de Tigre teinte marron dor\u00e9e serti soud\u00e9 sur entrelacs finalise l&#8217;ensemble.<br \/>\nInox 304L, type alimentaire, ne provoque pas d\u2019allergies, ne noircit pas.<br \/>\nAttache pendentif et cha\u00eenette de rallonge avec entrelacs qui permet de jouer sur longueur du collier.<br \/>\nDimension du pendentif: 7 cm par 2 cm.<br \/>\nDimension cabochon pierre: 2,7 cm par 1,8 cm.<br \/>\n<\/b><\/p>\n<p style=\"text-align: center;\"><strong>Pi\u00e8ce fait main, mod\u00e8le unique!<\/strong><\/p>\n","protected":false},"excerpt":{"rendered":"<p style=\"text-align: center;\"><strong>Collier inox articul\u00e9 entrelacs et pendentif serti \u0152il de Tigre, inspiration celtique et elfique.<\/strong><\/p>\n","protected":false},"featured_media":440,"comment_status":"open","ping_status":"closed","template":"","meta":[],"product_brand":[],"product_cat":[28],"product_tag":[31],"class_list":{"0":"post-438","1":"product","2":"type-product","3":"status-publish","4":"has-post-thumbnail","6":"product_cat-chrysalide","7":"product_tag-collier","8":"pa_ambiance-celtique","9":"pa_ambiance-elfique","10":"pa_ambiance-feerique","11":"pa_ambiance-victorien","12":"pa_matiere-inox","13":"pa_ornement-oeil-de-tigre","14":"pa_ornement-pierre-semi","16":"first","17":"instock","18":"sold-individually","19":"shipping-taxable","20":"purchasable","21":"product-type-simple"},"translation":{"provider":"WPGlobus","version":"3.0.2","language":"en","enabled_languages":["fr","en"],"languages":{"fr":{"title":true,"content":true,"excerpt":true},"en":{"title":false,"content":false,"excerpt":false}}},"jetpack-related-posts":[],"jetpack_sharing_enabled":true,"_links":{"self":[{"href":"https:\/\/www.altisfain.com\/en\/wp-json\/wp\/v2\/product\/438","targetHints":{"allow":["GET"]}}],"collection":[{"href":"https:\/\/www.altisfain.com\/en\/wp-json\/wp\/v2\/product"}],"about":[{"href":"https:\/\/www.altisfain.com\/en\/wp-json\/wp\/v2\/types\/product"}],"replies":[{"embeddable":true,"href":"https:\/\/www.altisfain.com\/en\/wp-json\/wp\/v2\/comments?post=438"}],"wp:featuredmedia":[{"embeddable":true,"href":"https:\/\/www.altisfain.com\/en\/wp-json\/wp\/v2\/media\/440"}],"wp:attachment":[{"href":"https:\/\/www.altisfain.com\/en\/wp-json\/wp\/v2\/media?parent=438"}],"wp:term":[{"taxonomy":"product_brand","embeddable":true,"href":"https:\/\/www.altisfain.com\/en\/wp-json\/wp\/v2\/product_brand?post=438"},{"taxonomy":"product_cat","embeddable":true,"href":"https:\/\/www.altisfain.com\/en\/wp-json\/wp\/v2\/product_cat?post=438"},{"taxonomy":"product_tag","embeddable":true,"href":"https:\/\/www.altisfain.com\/en\/wp-json\/wp\/v2\/product_tag?post=438"}],"curies":[{"name":"wp","href":"https:\/\/api.w.org\/{rel}","templated":true}]}}