{"id":4377,"date":"2021-10-24T19:07:55","date_gmt":"2021-10-24T17:07:55","guid":{"rendered":"https:\/\/www.altisfain.com\/?post_type=product&#038;p=4377"},"modified":"2024-12-14T22:15:48","modified_gmt":"2024-12-14T21:15:48","slug":"collier-inox-aux-confins-des-mondes-le-royaume-sylvestre-labradorite","status":"publish","type":"product","link":"https:\/\/www.altisfain.com\/en\/boutique\/les-adoptes\/collier-inox-aux-confins-des-mondes-le-royaume-sylvestre-labradorite\/","title":{"rendered":"Collier inox &#8220;Aux Confins des Mondes: le Royaume Sylvestre&#8221; Labradorite"},"content":{"rendered":"<p style=\"text-align: center;\">&#8220;Nous go\u00fbtions la fra\u00eecheur, l&#8217;odeur, l&#8217;humidit\u00e9 qui renouvelaient notre chair. Nous \u00e9tions perdus aux confins du monde, car nous savions d\u00e9j\u00e0 que voyager c&#8217;est avant tout changer de chair.&#8221;<br \/>\nSaint-Exup\u00e9ry.<\/p>\n<p style=\"text-align: center;\"><strong>Le<\/strong><b>\u00a0Royaume Sylvestre est le royaume du Roi Thranduil et de son peuple, les Elfes sylvestres. Ce royaume est situ\u00e9 dans la For\u00eat Noire, au Nord-Est de la Terre du Milieu. C&#8217;est un Royaume en parti souterrain de mani\u00e8re \u00e0 ce que les elfes puissent se prot\u00e9ger et de leurs ennemis et des mal\u00e9fices de la For\u00eat Noire. Le Royaume Sylvestre est un des deux seuls Royaumes cach\u00e9s elfiques restants en Terre du Milieu, Fondcombe ne comptant pas. Au Troisi\u00e8me \u00c2ge, Legolas, membre de la Communaut\u00e9 de l\u2019Anneau, est originaire de ce royaume car il est le fils du roi Thranduil.<\/b><\/p>\n<p style=\"text-align: center;\"><b>Ce collier tr\u00e8s elfique marie un plastron articul\u00e9 avec entrelacs et feuilles de fr\u00eane et un serti Labradorite d\u00e9cal\u00e9e du centre du collier . <\/b><b>La pierre est un cabochon de forme goutte, de tr\u00e8s belle qualit\u00e9 avec des teintes vertes, pointes de bleu et marron. <\/b><b>Le m\u00e9tal utilis\u00e9 est un inox type alimentaire, poli et martel\u00e9 main. <\/b><b>Le tour de cou se termine par un mousqueton et une chainette de rallonge agr\u00e9ment\u00e9e d\u2019une feuille de fr\u00eane . Cela permet de jouer sur la longueur du collier et ajoute \u00e0 l\u2019ensemble une coh\u00e9rence harmonieuse. <\/b><b>Dimension des feuilles de fr\u00eane : 2 cm par 1,5 cm. <\/b><b>Dimension du cabochon: 4 cm par 2,5 cm.<\/b><\/p>\n<p style=\"text-align: center;\"><b>Collier infiniment elfique et Art nouveau!!<\/b><\/p>\n<hr \/>\n<p style=\"text-align: center;\">&#8220;We taste the freshness, odor, moisture which renew our flesh. We were lost to the confines of the world, because we already knew that traveling is all about change of flesh.&#8221;<br \/>\nSaint-Exup\u00e9ry.<\/p>\n<p style=\"text-align: center;\">The Woodland Kingdom is the realm of King Thranduil and his people, the Wood Elves. This kingdom is located in the Mirkwood, northeast of Middle-earth. It is a Kingdom partly underground so that the elves can protect themselves and their enemies and the evil spells of Mirkwood. The Sylvester Kingdom is one of only two remaining Elven Hidden Kingdoms in Middle-earth, Rivendell not counting. In the Third Age, Legolas, a member of the Fellowship of the Ring, hails from this realm as he is the son of King Thranduil.<\/p>\n<p style=\"text-align: center;\"><strong>This very Elvish necklace combines an articulated breastplate with interlacing and ash leaves and a Labradorite setting offset from the center of the necklace.<\/strong><br \/>\n<strong>The stone is a drop-shaped cabochon, of very good quality with green tints, blue and brown tips.<\/strong><br \/>\n<strong>The metal used is food-grade stainless steel, polished and hand-hammered.<\/strong><br \/>\n<strong>The choker ends with a carabiner and an extension chain embellished with an ash leaf. This allows you to play on the length of the necklace and adds a harmonious coherence to the whole.<\/strong><br \/>\n<strong>Dimensions of the ash leaves: 2 cm by 1.5 cm.<\/strong><br \/>\n<strong>Dimensions of the cabochon: 4 cm by 2,5 cm.<\/strong><\/p>\n<p style=\"text-align: center;\">Infinitely elven and Art Nouveau necklace!!<\/p>\n","protected":false},"excerpt":{"rendered":"<p style=\"text-align: center; padding-left: 40px;\"><strong>Collier\u00a0 entrelacs inox et serti Labradorite, d&#8217;inspiration onirique et f\u00e9\u00e9rique.<\/strong><\/p>\n<hr \/>\n<p style=\"text-align: center;\"><strong><span class=\"tlid-translation translation\" lang=\"en\"><span class=\"\" title=\"\"><span class=\"VIiyi\" lang=\"en\"><span class=\"JLqJ4b ChMk0b\" data-language-for-alternatives=\"en\" data-language-to-translate-into=\"fr\" data-phrase-index=\"0\">Stainless steel interlacing necklace with Labradorite setting, dreamlike and magical inspiration.<\/span><\/span> <\/span><\/span><\/strong><\/p>\n","protected":false},"featured_media":5455,"comment_status":"open","ping_status":"closed","template":"","meta":[],"product_brand":[],"product_cat":[222],"product_tag":[31],"class_list":{"0":"post-4377","1":"product","2":"type-product","3":"status-publish","4":"has-post-thumbnail","6":"product_cat-les-adoptes","7":"product_tag-collier","8":"pa_ambiance-elfique","9":"pa_ambiance-feerique","10":"pa_matiere-inox","11":"pa_ornement-labradorite","12":"pa_ornement-labradorite-bleue","13":"pa_ornement-labradorite-brune","14":"pa_ornement-labradorite-verte","15":"pa_ornement-pierre-semi","17":"first","18":"outofstock","19":"featured","20":"sold-individually","21":"shipping-taxable","22":"purchasable","23":"product-type-simple"},"translation":{"provider":"WPGlobus","version":"3.0.2","language":"en","enabled_languages":["fr","en"],"languages":{"fr":{"title":true,"content":true,"excerpt":true},"en":{"title":false,"content":false,"excerpt":false}}},"jetpack-related-posts":[],"jetpack_sharing_enabled":true,"_links":{"self":[{"href":"https:\/\/www.altisfain.com\/en\/wp-json\/wp\/v2\/product\/4377","targetHints":{"allow":["GET"]}}],"collection":[{"href":"https:\/\/www.altisfain.com\/en\/wp-json\/wp\/v2\/product"}],"about":[{"href":"https:\/\/www.altisfain.com\/en\/wp-json\/wp\/v2\/types\/product"}],"replies":[{"embeddable":true,"href":"https:\/\/www.altisfain.com\/en\/wp-json\/wp\/v2\/comments?post=4377"}],"wp:featuredmedia":[{"embeddable":true,"href":"https:\/\/www.altisfain.com\/en\/wp-json\/wp\/v2\/media\/5455"}],"wp:attachment":[{"href":"https:\/\/www.altisfain.com\/en\/wp-json\/wp\/v2\/media?parent=4377"}],"wp:term":[{"taxonomy":"product_brand","embeddable":true,"href":"https:\/\/www.altisfain.com\/en\/wp-json\/wp\/v2\/product_brand?post=4377"},{"taxonomy":"product_cat","embeddable":true,"href":"https:\/\/www.altisfain.com\/en\/wp-json\/wp\/v2\/product_cat?post=4377"},{"taxonomy":"product_tag","embeddable":true,"href":"https:\/\/www.altisfain.com\/en\/wp-json\/wp\/v2\/product_tag?post=4377"}],"curies":[{"name":"wp","href":"https:\/\/api.w.org\/{rel}","templated":true}]}}