{"id":4362,"date":"2021-10-24T11:34:49","date_gmt":"2021-10-24T09:34:49","guid":{"rendered":"https:\/\/www.altisfain.com\/?post_type=product&#038;p=4362"},"modified":"2024-10-20T21:55:36","modified_gmt":"2024-10-20T19:55:36","slug":"collier-inox-les-diaboliques-calypso-labradorite","status":"publish","type":"product","link":"https:\/\/www.altisfain.com\/en\/boutique\/les-adoptes\/collier-inox-les-diaboliques-calypso-labradorite\/","title":{"rendered":"Collier inox &#8220;Les Diaboliques: Calypso&#8221; Labradorite"},"content":{"rendered":"<p style=\"text-align: center;\">&#8220;Le mot na\u00eff et \u00e9tonn\u00e9 de la Borgh\u00e8se, quand on lui demanda comment elle avait bien pu poser nue devant Canova: \u00abmais l&#8217;atelier \u00e9tait chaud! il y avait un po\u00eale!\u00bb&#8221;<br \/>\nLes Diaboliques, Barbey d&#8217;Aurevilly.<\/p>\n<p style=\"text-align: center;\">Collection inspir\u00e9e de femmes, fictives ou historiques qui, \u00e0 tord ou \u00e0 raison, ont suscit\u00e9 accusations et calomnies et marqu\u00e9 l&#8217;Histoire ou les histoires par leur personnalit\u00e9 sulfureuse&#8230;..<\/p>\n<p style=\"text-align: center;\"><span class=\"VIiyi\" lang=\"fr\"><span class=\"JLqJ4b\" data-language-for-alternatives=\"fr\" data-language-to-translate-into=\"en\" data-phrase-index=\"0\">Calypso \u00ab aux belles boucles \u00bb passe pour \u00eatre une nymphe, fille d&#8217;Atlas, selon Hom\u00e8re et le pseudo-Apollodore. H\u00e9siode la range quant \u00e0 lui parmi les Oc\u00e9anides et le po\u00e8te du Catalogue des femmes lui pr\u00eate des amours myst\u00e9rieuses mais prolifiques avec Herm\u00e8s, dont elle aurait eu le peuple entier des C\u00e9phall\u00e9niens.<br \/>\nElle est consid\u00e9r\u00e9e comme la reine de l&#8217;\u00eele mythique d&#8217;Ogygie, o\u00f9 elle vit entour\u00e9e d&#8217;autres nymphes.<br \/>\nDans l\u2019Odyss\u00e9e, elle recueille Ulysse apr\u00e8s son naufrage et tombe \u00e9perdument amoureuse de lui. Elle r\u00e9ussit \u00e0 le retenir sur son \u00eele pendant sept ans, lui offrant m\u00eame l&#8217;immortalit\u00e9 s&#8217;il consent \u00e0 rester pr\u00e8s d&#8217;elle. Mais Zeus prend piti\u00e9 de ce que lui dit sa ch\u00e8re fille Ath\u00e9na et envoie Herm\u00e8s son fils lui donner l&#8217;ordre de rel\u00e2cher Ulysse. Calypso le laisse partir et achever son retour. Il aura donc \u00e9t\u00e9 retenu par la pr\u00e9sence de Calypso deux fois plus longtemps que par l&#8217;ensemble des autres obstacles plac\u00e9s sur sa route par Pos\u00e9idon.<\/span><\/span><\/p>\n<p style=\"text-align: center;\"><strong>Collier inox articul\u00e9 motifs de vagues ac\u00e9r\u00e9es et serti Labradorite de qualit\u00e9 exceptionnelle.<br \/>\nSerti griffe pierre goutte Labradorites aux reflets bleus intenses. Des motifs de vagues entourent la pierre et serpentent sur le tour de cou.<br \/>\nTour de cou d&#8217;environ 45 cm.<br \/>\nDimension du cabochon labradorite: 3,4 cm par 2,4 cm. Dimension de la pi\u00e8ce centrale: 9 cm par 3,5 cm.<\/strong><\/p>\n<p style=\"text-align: center;\"><strong>Collier pi\u00e8ce unique, infiniment fantastique et elfique.<\/strong><\/p>\n<hr \/>\n<p style=\"text-align: center;\"><span class=\"VIiyi\" lang=\"en\"><span class=\"JLqJ4b\" data-language-for-alternatives=\"en\" data-language-to-translate-into=\"fr\" data-phrase-index=\"0\">&#8220;The naive and astonished word of the Borghese, when asked how she could have posed naked in front of Canova:&#8221; but the workshop was hot! There was a stove! &#8220;&#8221; Les Diaboliques, Barbey d&#8217;Aurevilly.<\/span><\/span><\/p>\n<p style=\"text-align: center;\"><span class=\"VIiyi\" lang=\"en\"><span class=\"JLqJ4b\" data-language-for-alternatives=\"en\" data-language-to-translate-into=\"fr\" data-phrase-index=\"0\">Collection inspired by women, fictional or historical who, rightly or wrongly, have aroused accusations and slanders and marked History or stories by their sulphurous personality &#8230;.. <\/span><\/span><\/p>\n<p style=\"text-align: center;\"><span class=\"VIiyi\" lang=\"en\"><span class=\"JLqJ4b\" data-language-for-alternatives=\"en\" data-language-to-translate-into=\"fr\" data-phrase-index=\"0\"><span class=\"JLqJ4b ChMk0b\" data-language-for-alternatives=\"en\" data-language-to-translate-into=\"fr\" data-phrase-index=\"2\">Calypso &#8220;with beautiful curls&#8221; passes to be a nymph, daughter of Atlas, according to Homer and the pseudo-Apollodorus. Hesiod ranks her among the Oceanids and the poet of the Catalog of Women lends her mysterious but prolific loves with Hermes, of which she would have had the entire people of the Cephallenians. She is considered the queen of the mythical island of Ogygia, where she lives surrounded by other nymphs. In the Odyssey, she takes in Odysseus after his shipwreck and falls head over heels in love with him. She manages to keep him on her island for seven years, even offering him immortality if he agrees to stay near her. But Zeus takes pity on what his dear daughter Athena tells him and sends his son Hermes to give him the order to release Odysseus. Calypso lets him go and complete his return. He will therefore have been held back by the presence of Calypso twice as long as by all the other obstacles placed in his path by Poseidon.<\/span><\/span><\/span><\/p>\n<p style=\"text-align: center;\"><span class=\"VIiyi\" lang=\"en\"><span class=\"JLqJ4b\" data-language-for-alternatives=\"en\" data-language-to-translate-into=\"fr\" data-phrase-index=\"0\"><strong><span class=\"JLqJ4b ChMk0b\" data-language-for-alternatives=\"en\" data-language-to-translate-into=\"fr\" data-phrase-index=\"11\">Articulated stainless steel necklace with sharp wave patterns and Labradorite setting of exceptional quality. Labradorites drop stone claw setting with intense blue reflections. Wave patterns surround the stone and meander around the neckline. Neck circumference of about 45 cm. Dimension of the labradorite cabochon: 3.4 cm by 2.4 cm. Dimension of the central piece: 9 cm by 3.5 cm. <\/span><\/strong> <\/span><\/span><\/p>\n<p style=\"text-align: center;\"><strong><span class=\"VIiyi\" lang=\"en\"><span class=\"JLqJ4b\" data-language-for-alternatives=\"en\" data-language-to-translate-into=\"fr\" data-phrase-index=\"0\">Unique piece necklace, infinitely fantastic and elven spirit.<\/span><\/span> <\/strong><\/p>\n<p>&nbsp;<\/p>\n","protected":false},"excerpt":{"rendered":"<p style=\"text-align: center;\"><strong>Collier\u00a0 inox style fantastique et serti Labradorite.<br \/>\n<\/strong><\/p>\n<hr \/>\n<p style=\"text-align: center;\"><strong><span class=\"VIiyi\" lang=\"en\"><span class=\"JLqJ4b ChMk0b\" data-language-for-alternatives=\"en\" data-language-to-translate-into=\"fr\" data-phrase-index=\"0\">Medieval fantasy style stainless steel necklace with Labradorite setting.<\/span><\/span> <\/strong><\/p>\n","protected":false},"featured_media":4363,"comment_status":"open","ping_status":"closed","template":"","meta":[],"product_brand":[],"product_cat":[222],"product_tag":[31],"class_list":{"0":"post-4362","1":"product","2":"type-product","3":"status-publish","4":"has-post-thumbnail","6":"product_cat-les-adoptes","7":"product_tag-collier","8":"pa_ambiance-antique","9":"pa_ambiance-art-deco","10":"pa_ambiance-egyptien","11":"pa_ambiance-elfique","12":"pa_ambiance-feerique","13":"pa_ambiance-historique","14":"pa_matiere-inox","15":"pa_matiere-laiton","16":"pa_ornement-labradorite","17":"pa_ornement-labradorite-bleue","18":"pa_ornement-pierre-naturelle","20":"first","21":"outofstock","22":"featured","23":"sold-individually","24":"shipping-taxable","25":"purchasable","26":"product-type-simple"},"translation":{"provider":"WPGlobus","version":"3.0.2","language":"en","enabled_languages":["fr","en"],"languages":{"fr":{"title":true,"content":true,"excerpt":true},"en":{"title":false,"content":false,"excerpt":false}}},"jetpack-related-posts":[],"jetpack_sharing_enabled":true,"_links":{"self":[{"href":"https:\/\/www.altisfain.com\/en\/wp-json\/wp\/v2\/product\/4362","targetHints":{"allow":["GET"]}}],"collection":[{"href":"https:\/\/www.altisfain.com\/en\/wp-json\/wp\/v2\/product"}],"about":[{"href":"https:\/\/www.altisfain.com\/en\/wp-json\/wp\/v2\/types\/product"}],"replies":[{"embeddable":true,"href":"https:\/\/www.altisfain.com\/en\/wp-json\/wp\/v2\/comments?post=4362"}],"wp:featuredmedia":[{"embeddable":true,"href":"https:\/\/www.altisfain.com\/en\/wp-json\/wp\/v2\/media\/4363"}],"wp:attachment":[{"href":"https:\/\/www.altisfain.com\/en\/wp-json\/wp\/v2\/media?parent=4362"}],"wp:term":[{"taxonomy":"product_brand","embeddable":true,"href":"https:\/\/www.altisfain.com\/en\/wp-json\/wp\/v2\/product_brand?post=4362"},{"taxonomy":"product_cat","embeddable":true,"href":"https:\/\/www.altisfain.com\/en\/wp-json\/wp\/v2\/product_cat?post=4362"},{"taxonomy":"product_tag","embeddable":true,"href":"https:\/\/www.altisfain.com\/en\/wp-json\/wp\/v2\/product_tag?post=4362"}],"curies":[{"name":"wp","href":"https:\/\/api.w.org\/{rel}","templated":true}]}}