{"id":4357,"date":"2021-10-24T11:20:16","date_gmt":"2021-10-24T09:20:16","guid":{"rendered":"https:\/\/www.altisfain.com\/?post_type=product&#038;p=4357"},"modified":"2024-10-20T21:55:51","modified_gmt":"2024-10-20T19:55:51","slug":"collier-inox-les-diaboliques-scathach-labradorite-et-opale-dendritique","status":"publish","type":"product","link":"https:\/\/www.altisfain.com\/en\/boutique\/les-adoptes\/collier-inox-les-diaboliques-scathach-labradorite-et-opale-dendritique\/","title":{"rendered":"Collier inox &#8220;Les Diaboliques: Scathach&#8221; Labradorite et Opale Dendritique"},"content":{"rendered":"<p style=\"text-align: center;\">&#8220;Le mot na\u00eff et \u00e9tonn\u00e9 de la Borgh\u00e8se, quand on lui demanda comment elle avait bien pu poser nue devant Canova: \u00abmais l&#8217;atelier \u00e9tait chaud! il y avait un po\u00eale!\u00bb&#8221;<br \/>\nLes Diaboliques, Barbey d&#8217;Aurevilly.<\/p>\n<p style=\"text-align: center;\">Collection inspir\u00e9e de femmes, fictives ou historiques qui, \u00e0 tord ou \u00e0 raison, ont suscit\u00e9 accusations et calomnies et marqu\u00e9 l&#8217;Histoire ou les histoires par leur personnalit\u00e9 sulfureuse&#8230;..<\/p>\n<p style=\"text-align: center;\">Dans la mythologie celtique irlandaise, Sc\u00e1thach Uanaind est une magicienne puissante et redoutable qui demeure en \u00c9cosse, certains textes \u00e9voquent l\u2019\u00eele de Skye. Elle est fille de Buanuinne, roi de Scotie et m\u00e8re de Lasair, Inghean Bhuidhe, Latiaran et Uathach. Selon le r\u00e9cit Le meurtre du fils unique d&#8217;A\u00edfe, Sc\u00e1thach est aussi la s\u0153ur d&#8217;A\u00edf\u00e9 (fille d&#8217;Ardgeimm).<br \/>\nOn acc\u00e8de \u00e0 sa r\u00e9sidence par le Pont-des-Sauts qui r\u00e9tr\u00e9cit et devient glissant ou s\u2019\u00e9tire et se redresse pour broyer le visiteur t\u00e9m\u00e9raire. Elle-m\u00eame initiatrice des plus valeureux guerriers, experte en magie, dans l\u2019art de la guerre et du sexe, elle commande une bande de femmes qui \u00e9duquent les h\u00e9ros.<\/p>\n<p style=\"text-align: center;\"><strong>Collier inox articul\u00e9 et serti Labradorite de qualit\u00e9 exceptionnelle.<br \/>\nSerti griffe double, pierres en forme ronde Labradorite dor\u00e9e verte et forme ovale Opale Dendritique blanche, transparente et vein\u00e9e noire.<br \/>\nTour de cou d\u2019environ 45 cm. Jeu d\u2019entrelacs trait\u00e9s comme des volutes celtiques.<br \/>\nDimension du collier: 40 \u00e0 45 cm de tour de cou.<br \/>\nDimension du serti double: 5 cm par 2,3 cm.<br \/>\nDimension des cabochons: 1,5 cm de diam\u00e8tre et de 2,5 cm par 2 cm.<\/strong><\/p>\n<p style=\"text-align: center;\"><strong>Collier infiniment antique et elfique, pi\u00e8ce unique!!<\/strong>&#8220;<\/p>\n<hr \/>\n<p style=\"text-align: center;\">The naive and astonished word of Borghese, when asked how she had been able to pose naked in front of Canova:&#8221; but the workshop was hot! There was a stove! &#8220;&#8221;<br \/>\nThe Diabolical, Barbey d&#8217;Aurevilly.<\/p>\n<p style=\"text-align: center;\">Collection inspired by women, fictional or historical, who, rightly or wrongly, aroused accusations and slander and marked History or stories by their sulphurous personality &#8230;..<\/p>\n<p style=\"text-align: center;\"><span class=\"VIiyi\" lang=\"en\"><span class=\"JLqJ4b\" data-language-for-alternatives=\"en\" data-language-to-translate-into=\"fr\" data-phrase-index=\"0\">In Irish Celtic mythology, Sc\u00e1thach Uanaind is a powerful and formidable magician who lives in Scotland, some texts refer to the Isle of Skye. She is the daughter of Buanuinne, King of Scotia and mother of Lasair, Inghean Bhuidhe, Latiaran and Uathach. According to the story The Murder of A\u00edfe&#8217;s Only Son, Sc\u00e1thach is also the sister of A\u00edf\u00e9 (daughter of Ardgeimm). You access his residence via the Pont-des-Sauts, which narrows and becomes slippery or stretches and straightens to crush the reckless visitor. Herself the initiator of the bravest warriors, expert in magic, in the art of war and sex, she commands a band of women who educate heroes.<\/span><\/span><\/p>\n<p style=\"text-align: center;\"><strong><span class=\"VIiyi\" lang=\"en\"><span class=\"JLqJ4b\" data-language-for-alternatives=\"en\" data-language-to-translate-into=\"fr\" data-phrase-index=\"0\">Exceptional quality articulated stainless steel necklace set with Labradorite. Double claw setting, round-shaped stones Green golden Labradorite and oval-shaped white Dendritic Opal, transparent and black veined. About 45 cm neck circumference. Interlacing game treated like Celtic scrolls. Necklace size: 40 to 45 cm around the neck. Dimension of the double setting: 5 cm by 2.3 cm. Dimension of the cabochons: 1.5 cm in diameter and 2.5 cm by 2 cm. <\/span><\/span> <\/strong><\/p>\n<p style=\"text-align: center;\"><strong>Unique piece necklace, infinitely Celtic and elven.<\/strong><\/p>\n","protected":false},"excerpt":{"rendered":"<p style=\"text-align: center;\"><strong>Collier inox ras de cou, entrelacs et serti Labradorite\u00a0 dor\u00e9e et Opale Dendritique, d&#8217;inspiration antique et art nouveau.<\/strong><\/p>\n<hr \/>\n<div class=\"text-wrap tlid-copy-target\">\n<div class=\"result-shield-container tlid-copy-target\" style=\"text-align: center;\" tabindex=\"0\"><strong><span class=\"tlid-translation translation\" lang=\"en\"><span class=\"\" title=\"\">Necklace stainless steel choker, tracery and set golden Labradorite and Opale Dendritic, antique inspiration and art nouveau.<\/span><\/span><\/strong><\/div>\n<\/div>\n<div class=\"tlid-result-transliteration-container result-transliteration-container transliteration-container\">\n<div class=\"tlid-transliteration-content transliteration-content full\"><\/div>\n<\/div>\n","protected":false},"featured_media":4358,"comment_status":"open","ping_status":"closed","template":"","meta":[],"product_brand":[],"product_cat":[222],"product_tag":[31],"class_list":{"0":"post-4357","1":"product","2":"type-product","3":"status-publish","4":"has-post-thumbnail","6":"product_cat-les-adoptes","7":"product_tag-collier","8":"pa_ambiance-antique","9":"pa_ambiance-art-nouveau","10":"pa_ambiance-baroque","11":"pa_ambiance-elfique","12":"pa_ambiance-feerique","13":"pa_ambiance-gothique","14":"pa_ambiance-grece-antique","15":"pa_ambiance-victorien","16":"pa_matiere-inox","17":"pa_ornement-labradorite-doree","18":"pa_ornement-merlinite","19":"pa_ornement-opale-dendritique","20":"pa_ornement-pierre-semi","22":"first","23":"outofstock","24":"featured","25":"sold-individually","26":"shipping-taxable","27":"purchasable","28":"product-type-simple"},"translation":{"provider":"WPGlobus","version":"3.0.2","language":"en","enabled_languages":["fr","en"],"languages":{"fr":{"title":true,"content":true,"excerpt":true},"en":{"title":false,"content":false,"excerpt":false}}},"jetpack-related-posts":[],"jetpack_sharing_enabled":true,"_links":{"self":[{"href":"https:\/\/www.altisfain.com\/en\/wp-json\/wp\/v2\/product\/4357","targetHints":{"allow":["GET"]}}],"collection":[{"href":"https:\/\/www.altisfain.com\/en\/wp-json\/wp\/v2\/product"}],"about":[{"href":"https:\/\/www.altisfain.com\/en\/wp-json\/wp\/v2\/types\/product"}],"replies":[{"embeddable":true,"href":"https:\/\/www.altisfain.com\/en\/wp-json\/wp\/v2\/comments?post=4357"}],"wp:featuredmedia":[{"embeddable":true,"href":"https:\/\/www.altisfain.com\/en\/wp-json\/wp\/v2\/media\/4358"}],"wp:attachment":[{"href":"https:\/\/www.altisfain.com\/en\/wp-json\/wp\/v2\/media?parent=4357"}],"wp:term":[{"taxonomy":"product_brand","embeddable":true,"href":"https:\/\/www.altisfain.com\/en\/wp-json\/wp\/v2\/product_brand?post=4357"},{"taxonomy":"product_cat","embeddable":true,"href":"https:\/\/www.altisfain.com\/en\/wp-json\/wp\/v2\/product_cat?post=4357"},{"taxonomy":"product_tag","embeddable":true,"href":"https:\/\/www.altisfain.com\/en\/wp-json\/wp\/v2\/product_tag?post=4357"}],"curies":[{"name":"wp","href":"https:\/\/api.w.org\/{rel}","templated":true}]}}