{"id":433,"date":"2018-03-05T10:37:24","date_gmt":"2018-03-05T09:37:24","guid":{"rendered":"http:\/\/www.altisfain.com\/?post_type=product&#038;p=433"},"modified":"2023-11-30T10:14:59","modified_gmt":"2023-11-30T09:14:59","slug":"collier-inox-chrysalide-aventurine-vert-tendre-et-entrelacs","status":"publish","type":"product","link":"https:\/\/www.altisfain.com\/en\/boutique\/chrysalide\/collier-inox-chrysalide-aventurine-vert-tendre-et-entrelacs\/","title":{"rendered":"Collier inox Chrysalide Aventurine vert tendre et entrelacs"},"content":{"rendered":"<p style=\"text-align: center;\">\u00ab &#8230; Tout cr\u00e9puscule est double aurore et soir. Cette formidable chrysalide qu&#8217;on appelle l&#8217;univers tr\u00e9saille \u00e9ternellement de sentir \u00e0 la fois agoniser la chenille et s&#8217;\u00e9veiller le papillon. \u00bb<br \/>\nVictor HUGO.<\/p>\n<p style=\"text-align: center;\">L\u2019\u2019aventurine est une pierre qui poss\u00e8de une \u00e9nergie tr\u00e8s douce, elle favorise l\u2019ouverture du c\u0153ur et de la conscience. L\u2019aventurine est aussi la pierre de l\u2019environnement, car sa positivit\u00e9 apporte la prosp\u00e9rit\u00e9 et la protection \u00e0 celui qui la porte.<\/p>\n<p style=\"text-align: center;\"><b>Collier sur tour de cou articul\u00e9 inox, fil inox soud\u00e9 en entrelacs.<br \/>\nUn pendentif inox cabochon ovale pierre Aventurine vert clair serti soud\u00e9 sur entrelacs finalise l&#8217;ensemble.<br \/>\nInox 304L, type alimentaire, ne provoque pas d\u2019allergies, ne noircit pas.<br \/>\nAttache pendentif et cha\u00eenette de rallonge avec entrelacs qui permet de jouer sur longueur du collier.<br \/>\nDimension du pendentif: 5,4 cm par 1,8 cm.<br \/>\nDimension cabochon pierre: 1,8 cm par 1,3 cm.<br \/>\n<\/b><\/p>\n<p style=\"text-align: center;\"><strong>Pi\u00e8ce fait main, mod\u00e8le unique!<\/strong><\/p>\n","protected":false},"excerpt":{"rendered":"<p style=\"text-align: center;\"><strong>Collier inox articul\u00e9 entrelacs et pendentif serti Aventurine, inspiration celtique et elfique.<\/strong><\/p>\n","protected":false},"featured_media":434,"comment_status":"open","ping_status":"closed","template":"","meta":[],"product_brand":[],"product_cat":[28],"product_tag":[31],"class_list":{"0":"post-433","1":"product","2":"type-product","3":"status-publish","4":"has-post-thumbnail","6":"product_cat-chrysalide","7":"product_tag-collier","8":"pa_ambiance-celtique","9":"pa_ambiance-elfique","10":"pa_ambiance-feerique","11":"pa_ambiance-victorien","12":"pa_matiere-inox","13":"pa_ornement-aventurine","14":"pa_ornement-pierre-semi","16":"first","17":"outofstock","18":"sold-individually","19":"shipping-taxable","20":"purchasable","21":"product-type-simple"},"translation":{"provider":"WPGlobus","version":"3.0.2","language":"en","enabled_languages":["fr","en"],"languages":{"fr":{"title":true,"content":true,"excerpt":true},"en":{"title":false,"content":false,"excerpt":false}}},"jetpack-related-posts":[],"jetpack_sharing_enabled":true,"_links":{"self":[{"href":"https:\/\/www.altisfain.com\/en\/wp-json\/wp\/v2\/product\/433","targetHints":{"allow":["GET"]}}],"collection":[{"href":"https:\/\/www.altisfain.com\/en\/wp-json\/wp\/v2\/product"}],"about":[{"href":"https:\/\/www.altisfain.com\/en\/wp-json\/wp\/v2\/types\/product"}],"replies":[{"embeddable":true,"href":"https:\/\/www.altisfain.com\/en\/wp-json\/wp\/v2\/comments?post=433"}],"wp:featuredmedia":[{"embeddable":true,"href":"https:\/\/www.altisfain.com\/en\/wp-json\/wp\/v2\/media\/434"}],"wp:attachment":[{"href":"https:\/\/www.altisfain.com\/en\/wp-json\/wp\/v2\/media?parent=433"}],"wp:term":[{"taxonomy":"product_brand","embeddable":true,"href":"https:\/\/www.altisfain.com\/en\/wp-json\/wp\/v2\/product_brand?post=433"},{"taxonomy":"product_cat","embeddable":true,"href":"https:\/\/www.altisfain.com\/en\/wp-json\/wp\/v2\/product_cat?post=433"},{"taxonomy":"product_tag","embeddable":true,"href":"https:\/\/www.altisfain.com\/en\/wp-json\/wp\/v2\/product_tag?post=433"}],"curies":[{"name":"wp","href":"https:\/\/api.w.org\/{rel}","templated":true}]}}