{"id":4301,"date":"2021-09-19T19:01:24","date_gmt":"2021-09-19T17:01:24","guid":{"rendered":"https:\/\/www.altisfain.com\/?post_type=product&#038;p=4301"},"modified":"2025-09-08T22:19:20","modified_gmt":"2025-09-08T20:19:20","slug":"collier-inox-les-passages-celestes-les-rituels-de-magie-bleue-labradorite","status":"publish","type":"product","link":"https:\/\/www.altisfain.com\/en\/boutique\/les-passages-celestes\/collier-inox-les-passages-celestes-les-rituels-de-magie-bleue-labradorite\/","title":{"rendered":"Collier inox &#8220;les Passages C\u00e9lestes: les Rituels de Magie Bleue&#8221; Labradorite"},"content":{"rendered":"<p style=\"text-align: center;\"><strong>\u201cSi la vie n&#8217;est qu&#8217;un passage, sur ce passage au moins semons des fleurs.\u201d<\/strong><br \/>\n<strong>Montaigne<\/strong><\/p>\n<p style=\"text-align: center;\"><strong>\u00ab Les Passages C\u00e9lestes \u00bb est une collection inspir\u00e9e des diff\u00e9rents portes conduisant \u00e0 des univers oniriques mais aussi personnels, des voies qui m\u00e8nent \u00e0 la pleine conscience de soi et du monde. Ces passerelles nous transportent vers des havres supr\u00eames, des finalit\u00e9s plus hautes, des buts ultimes. Ils touchent l&#8217;Histoire, la Spiritualit\u00e9, le Fantastique. Empruntons ces passages et nous entrons dans des contr\u00e9es intimes et fantaisistes.<\/strong><\/p>\n<p style=\"text-align: center;\"><strong>Connue \u00e9galement sous le nom de \u00ab magie de l\u2019eau \u00bb, la magie bleue est l\u2019un des nombreux embranchements de la magie blanche qui, elle, regroupe tout ce qui a trait aux rituels de protection et aux envoutements en lien avec la chance ou l\u2019argent.<br \/>\nLorsqu\u2019un rituel de magie blanche requiert l\u2019utilisation de l\u2019eau et qu\u2019il vise la purification d\u2019un lieu ou simplement la gu\u00e9rison d\u2019une personne, on parle de magie bleue. Il faut d\u2019ailleurs souligner le fait que l\u2019eau est l\u2019un des ingr\u00e9dients essentiels de toute pr\u00e9paration magique, peu importe qu\u2019elle soit d\u2019un fleuve, d\u2019un ruisseau, de la mer ou du robinet. Presque tous les courants religieux se servent de cet \u00e9l\u00e9ment pour la purification. Chez les chr\u00e9tiens catholiques en l\u2019occurrence, l\u2019eau b\u00e9nite est toujours pr\u00e9sente au sein des \u00e9glises. Chez les Hindous, cent millions de personnes se purifient chaque ann\u00e9e dans l\u2019eau du Gange \u00e0 la faveur de la \u00ab Kumbh Mela \u00bb qui est une c\u00e9l\u00e9bration annuelle de 55 jours.<\/strong><\/p>\n<p style=\"text-align: center;\">Collier inox ambiance elfique, tour de cou articul\u00e9 et pendentif serti Labradorite.<br \/>\nCabochon de tr\u00e8s belle qualit\u00e9 forme ovale, teintes bleues tr\u00e8s intenses.<br \/>\nTour de cou articul\u00e9 avec fils qui serpentent, de 40 \u00e0 45 cm de long, avec chainette de rallonge termin\u00e9 par un entrelacs, afin de jouer sur la longueur du collier.Dimension du pendentif: 4 cm par 2,8 cm. Dimension du cabochon: 3,5 cm par 2 cm.<\/p>\n<p style=\"text-align: center;\">Pendentif infiniment elfique et mystique!!<\/p>\n<hr \/>\n<p style=\"text-align: center;\">&#8220;If life is only a passage, on this passage at least sow flowers.&#8221;<br \/>\nMontaigne<\/p>\n<p style=\"text-align: center;\">&#8220;The heavenly passages&#8221; is a collection inspired by the different doors leading to dreamlike but also personal worlds, paths that lead to the full awareness of oneself and the world. These bridges carry us to supreme havens, higher ends, ultimate goals. They touch History, Spirituality, Fantasy. Let&#8217;s take these passages and we enter intimate and fanciful countries.<\/p>\n<p style=\"text-align: center;\"><span class=\"VIiyi\" lang=\"en\"><span class=\"JLqJ4b\" data-language-for-alternatives=\"en\" data-language-to-translate-into=\"fr\" data-phrase-index=\"0\">Also known under the name of &#8220;water magic&#8221;, blue magic is one of the many branches of white magic which, for its part, includes everything related to protection rituals and spells related to luck. or money. When a ritual of white magic requires the use of water and is aimed at purifying a place or simply healing a person, it is called blue magic. It should also be emphasized that water is one of the essential ingredients of any magical preparation, no matter whether it is from a river, a stream, the sea or the tap. Almost all religious currents use this element for purification. Among Catholic Christians in this case, holy water is still present in churches. Among the Hindus, one hundred million people purify themselves each year in the water of the Ganges through the &#8220;Kumbh Mela&#8221; which is an annual celebration of 55 days.<\/span><\/span><\/p>\n<p><strong><span class=\"VIiyi\" lang=\"en\"><span class=\"JLqJ4b\" data-language-for-alternatives=\"en\" data-language-to-translate-into=\"fr\" data-phrase-index=\"0\">Stainless steel necklace with an elven atmosphere, articulated choker and Labradorite-set pendant. Very nice quality oval cabochon, very intense blue hues. Articulated choker with winding threads, 40 to 45 cm long, with an extension chain ending in an interlacing, in order to play on the length of the necklace.Dimension of the pendant: 4 cm by 2.8 cm. Dimension of the cabochon: 3.5 cm by 2 cm.<\/span><\/span> <\/strong><\/p>\n<p><strong>Pendant infinitely Elvish and mystical !!<\/strong><\/p>\n","protected":false},"excerpt":{"rendered":"<p style=\"text-align: center;\"><strong>Collier pendentif esprit elfique et celtique, serti Labradorite. <\/strong><\/p>\n<p style=\"text-align: center;\"><strong>Infiniment mystique et onirique!<\/strong><\/p>\n<hr \/>\n<p style=\"text-align: center;\"><span class=\"tlid-translation translation\" lang=\"en\"><strong><span class=\"\" title=\"\">Elven and Celtic spirit pendant necklace, set with Labradorite.<\/span><\/strong><\/span><\/p>\n<p style=\"text-align: center;\"><strong><span title=\"\">Infinitely mystical and dreamlike!<\/span><\/strong><\/p>\n","protected":false},"featured_media":4302,"comment_status":"open","ping_status":"closed","template":"","meta":[],"product_brand":[],"product_cat":[130],"product_tag":[31,131],"class_list":{"0":"post-4301","1":"product","2":"type-product","3":"status-publish","4":"has-post-thumbnail","6":"product_cat-les-passages-celestes","7":"product_tag-collier","8":"product_tag-pendentif","9":"pa_ambiance-baroque","10":"pa_ambiance-celtique","11":"pa_ambiance-elfique","12":"pa_ambiance-feerique","13":"pa_ambiance-mystique","14":"pa_ambiance-victorien","15":"pa_matiere-inox","16":"pa_ornement-labradorite","17":"pa_ornement-labradorite-argentee","18":"pa_ornement-labradorite-bleue","19":"pa_ornement-labradorite-doree","20":"pa_ornement-labradorite-grise","21":"pa_ornement-labradorite-violette","22":"pa_ornement-pierre-semi","24":"first","25":"outofstock","26":"featured","27":"shipping-taxable","28":"purchasable","29":"product-type-simple"},"translation":{"provider":"WPGlobus","version":"3.0.2","language":"en","enabled_languages":["fr","en"],"languages":{"fr":{"title":true,"content":true,"excerpt":true},"en":{"title":false,"content":false,"excerpt":false}}},"jetpack-related-posts":[],"jetpack_sharing_enabled":true,"_links":{"self":[{"href":"https:\/\/www.altisfain.com\/en\/wp-json\/wp\/v2\/product\/4301","targetHints":{"allow":["GET"]}}],"collection":[{"href":"https:\/\/www.altisfain.com\/en\/wp-json\/wp\/v2\/product"}],"about":[{"href":"https:\/\/www.altisfain.com\/en\/wp-json\/wp\/v2\/types\/product"}],"replies":[{"embeddable":true,"href":"https:\/\/www.altisfain.com\/en\/wp-json\/wp\/v2\/comments?post=4301"}],"wp:featuredmedia":[{"embeddable":true,"href":"https:\/\/www.altisfain.com\/en\/wp-json\/wp\/v2\/media\/4302"}],"wp:attachment":[{"href":"https:\/\/www.altisfain.com\/en\/wp-json\/wp\/v2\/media?parent=4301"}],"wp:term":[{"taxonomy":"product_brand","embeddable":true,"href":"https:\/\/www.altisfain.com\/en\/wp-json\/wp\/v2\/product_brand?post=4301"},{"taxonomy":"product_cat","embeddable":true,"href":"https:\/\/www.altisfain.com\/en\/wp-json\/wp\/v2\/product_cat?post=4301"},{"taxonomy":"product_tag","embeddable":true,"href":"https:\/\/www.altisfain.com\/en\/wp-json\/wp\/v2\/product_tag?post=4301"}],"curies":[{"name":"wp","href":"https:\/\/api.w.org\/{rel}","templated":true}]}}