{"id":4261,"date":"2021-09-08T14:59:13","date_gmt":"2021-09-08T12:59:13","guid":{"rendered":"https:\/\/www.altisfain.com\/?post_type=product&#038;p=4261"},"modified":"2023-02-11T10:18:02","modified_gmt":"2023-02-11T09:18:02","slug":"collier-inox-les-diaboliques-clythie-labradorite","status":"publish","type":"product","link":"https:\/\/www.altisfain.com\/en\/boutique\/diaboliques\/collier-inox-les-diaboliques-clythie-labradorite\/","title":{"rendered":"Collier inox &#8220;Les Diaboliques: Clytie&#8221; Labradorite"},"content":{"rendered":"<p style=\"text-align: left;\">&#8220;Le mot na\u00eff et \u00e9tonn\u00e9 de la Borgh\u00e8se, quand on lui demanda comment elle avait bien pu poser nue devant Canova: \u00abmais l&#8217;atelier \u00e9tait chaud! il y avait un po\u00eale!\u00bb&#8221;<br \/>\nLes Diaboliques, Barbey d&#8217;Aurevilly.<\/p>\n<p style=\"text-align: center;\">Collection inspir\u00e9e de femmes, fictives ou historiques qui, \u00e0 tord ou \u00e0 raison, ont suscit\u00e9 accusations et calomnies et marqu\u00e9 l&#8217;Histoire ou les histoires par leur personnalit\u00e9 sulfureuse&#8230;..<\/p>\n<p style=\"text-align: center;\">Son histoire est racont\u00e9e par Ovide : elle fut aim\u00e9e d&#8217;H\u00e9lios (le Soleil) mais ensuite supplant\u00e9e par Leucotho\u00e9. Elle en r\u00e9f\u00e9ra alors au p\u00e8re de cette derni\u00e8re, Orchamos, qui punit sa fille pour l&#8217;avoir d\u00e9shonor\u00e9e en l&#8217;enterrant vivante. Le dieu du soleil essaie de la secourir, mais en vain. Il arrose la terre et le corps de son amante d&#8217;un nectar parfum\u00e9 : il en na\u00eet l&#8217;encens. Mais au lieu de permettre \u00e0 Clytie de regagner l&#8217;amour d&#8217;H\u00e9lios, la mort de Leucotho\u00e9 ne lui rapporta que le ressentiment de celui-ci. D\u00e9sesp\u00e9r\u00e9e, elle s&#8217;assit nue sur les rochers et y demeura durant neuf jours, sans eau ni nourriture, tourn\u00e9e vers le soleil, suivant du regard la course du char de son bien-aim\u00e9. Jaunie et brunie par son \u00e9clat, elle se change alors en tournesol.<\/p>\n<p style=\"text-align: center;\"><strong>Collier inox entrelacs articul\u00e9.<br \/>\nUn pendentif serti griffe Labradorite en reflets bleus et pointe de dor\u00e9e.<br \/>\nLe b\u00e9li\u00e8re accroche une s\u00e9rie de fils entrelac\u00e9s et soud\u00e9s. Un tour de cou inox et chainette de rallonge permet de fermer le collier \u00e0 l&#8217;arri\u00e8re du cou.<br \/>\nLe tour de cou est orn\u00e9 de petits entrelacs serpentant.<br \/>\nDimension du collier: 40 \u00e0 45 cm de tour de cou.<br \/>\nDimension du pendentif: 6 cm par 6 cm.<br \/>\nDimension du cabochon: 3,5 cm de diam\u00e8tre.<\/strong><\/p>\n<p style=\"text-align: center;\"><strong>Collier infiniment antique et elfique, pi\u00e8ce unique!!<\/strong>&#8220;<\/p>\n<hr \/>\n<p style=\"text-align: center;\">The naive and astonished word of Borghese, when asked how she had been able to pose naked in front of Canova:&#8221; but the workshop was hot! There was a stove! &#8220;&#8221;<br \/>\nThe Diabolical, Barbey d&#8217;Aurevilly.<\/p>\n<p style=\"text-align: center;\">Collection inspired by women, fictional or historical, who, rightly or wrongly, aroused accusations and slander and marked History or stories by their sulphurous personality &#8230;..<\/p>\n<p style=\"text-align: center;\"><span class=\"VIiyi\" lang=\"en\"><span class=\"JLqJ4b\" data-language-for-alternatives=\"en\" data-language-to-translate-into=\"fr\" data-phrase-index=\"0\">Her story is told by Ovid: she was loved by Helios (the Sun) but then supplanted by Leucotho\u00e9. She then referred to the latter&#8217;s father, Orchamos, who punished his daughter for having dishonored her by burying her alive. The sun god tries to rescue her, but to no avail. He sprinkles the earth and the body of his lover with a fragrant nectar: \u200b\u200bincense is born from it. But instead of allowing Clytie to regain Helios&#8217; love, Leucothoe&#8217;s death only brought him resentment. Desperate, she sat down naked on the rocks and remained there for nine days, without food or water, turned towards the sun, following with her gaze the race of her beloved&#8217;s chariot. Yellowed and browned by its radiance, it then turns into a sunflower.<\/span><\/span><\/p>\n<p style=\"text-align: center;\"><strong><span class=\"VIiyi\" lang=\"en\"><span class=\"JLqJ4b\" data-language-for-alternatives=\"en\" data-language-to-translate-into=\"fr\" data-phrase-index=\"0\">Articulated interlacing stainless steel collar. A Labradorite claw-set pendant in blue reflections and a hint of gold. The bail hangs a series of intertwined and welded wires. A stainless steel choker and extension chain allow the collar to be closed at the back of the neck. The neckband is adorned with small winding tracery. Necklace size: 40 to 45 cm around the neck. Dimension of the pendant: 6 cm by 6 cm. Dimension of the cabochon: 3,5 cm of diameter.<\/span><\/span> <\/strong><\/p>\n<p style=\"text-align: center;\"><strong>Unique piece necklace, infinitely Celtic and elven.<\/strong><\/p>\n","protected":false},"excerpt":{"rendered":"<p style=\"text-align: center;\"><strong>Collier inox ras de cou, entrelacs et serti Labradorite bleue et dor\u00e9e, d&#8217;inspiration antique et art nouveau.<\/strong><\/p>\n<hr \/>\n<div class=\"text-wrap tlid-copy-target\">\n<div class=\"result-shield-container tlid-copy-target\" style=\"text-align: center;\" tabindex=\"0\"><strong><span class=\"tlid-translation translation\" lang=\"en\"><span class=\"\" title=\"\">Necklace stainless steel choker, tracery and set blue and golden Labradorite, antique inspiration and art nouveau.<\/span><\/span><\/strong><\/div>\n<\/div>\n<div class=\"tlid-result-transliteration-container result-transliteration-container transliteration-container\">\n<div class=\"tlid-transliteration-content transliteration-content full\"><\/div>\n<\/div>\n","protected":false},"featured_media":4262,"comment_status":"open","ping_status":"closed","template":"","meta":[],"product_brand":[],"product_cat":[15],"product_tag":[31],"class_list":{"0":"post-4261","1":"product","2":"type-product","3":"status-publish","4":"has-post-thumbnail","6":"product_cat-diaboliques","7":"product_tag-collier","8":"pa_ambiance-antique","9":"pa_ambiance-art-nouveau","10":"pa_ambiance-baroque","11":"pa_ambiance-elfique","12":"pa_ambiance-feerique","13":"pa_ambiance-gothique","14":"pa_ambiance-grece-antique","15":"pa_ambiance-victorien","16":"pa_matiere-inox","17":"pa_ornement-labradorite-bleue","18":"pa_ornement-labradorite-doree","19":"pa_ornement-pierre-semi","21":"first","22":"outofstock","23":"featured","24":"sold-individually","25":"shipping-taxable","26":"purchasable","27":"product-type-simple"},"translation":{"provider":"WPGlobus","version":"3.0.2","language":"en","enabled_languages":["fr","en"],"languages":{"fr":{"title":true,"content":true,"excerpt":true},"en":{"title":false,"content":false,"excerpt":false}}},"jetpack-related-posts":[],"jetpack_sharing_enabled":true,"_links":{"self":[{"href":"https:\/\/www.altisfain.com\/en\/wp-json\/wp\/v2\/product\/4261","targetHints":{"allow":["GET"]}}],"collection":[{"href":"https:\/\/www.altisfain.com\/en\/wp-json\/wp\/v2\/product"}],"about":[{"href":"https:\/\/www.altisfain.com\/en\/wp-json\/wp\/v2\/types\/product"}],"replies":[{"embeddable":true,"href":"https:\/\/www.altisfain.com\/en\/wp-json\/wp\/v2\/comments?post=4261"}],"wp:featuredmedia":[{"embeddable":true,"href":"https:\/\/www.altisfain.com\/en\/wp-json\/wp\/v2\/media\/4262"}],"wp:attachment":[{"href":"https:\/\/www.altisfain.com\/en\/wp-json\/wp\/v2\/media?parent=4261"}],"wp:term":[{"taxonomy":"product_brand","embeddable":true,"href":"https:\/\/www.altisfain.com\/en\/wp-json\/wp\/v2\/product_brand?post=4261"},{"taxonomy":"product_cat","embeddable":true,"href":"https:\/\/www.altisfain.com\/en\/wp-json\/wp\/v2\/product_cat?post=4261"},{"taxonomy":"product_tag","embeddable":true,"href":"https:\/\/www.altisfain.com\/en\/wp-json\/wp\/v2\/product_tag?post=4261"}],"curies":[{"name":"wp","href":"https:\/\/api.w.org\/{rel}","templated":true}]}}