{"id":4224,"date":"2021-08-30T21:14:18","date_gmt":"2021-08-30T19:14:18","guid":{"rendered":"https:\/\/www.altisfain.com\/?post_type=product&#038;p=4224"},"modified":"2021-08-30T21:37:51","modified_gmt":"2021-08-30T19:37:51","slug":"collier-inox-les-diaboliques-galatee-labradorite","status":"publish","type":"product","link":"https:\/\/www.altisfain.com\/en\/boutique\/diaboliques\/collier-inox-les-diaboliques-galatee-labradorite\/","title":{"rendered":"Collier inox &#8220;Les Diaboliques: Galat\u00e9e&#8221; Labradorite"},"content":{"rendered":"<p style=\"text-align: center;\">&#8220;Le mot na\u00eff et \u00e9tonn\u00e9 de la Borgh\u00e8se, quand on lui demanda comment elle avait bien pu poser nue devant Canova: \u00abmais l&#8217;atelier \u00e9tait chaud! il y avait un po\u00eale!\u00bb&#8221;<br \/>\nLes Diaboliques, Barbey d&#8217;Aurevilly.<\/p>\n<p style=\"text-align: center;\">Collection inspir\u00e9e de femmes, fictives ou historiques qui, \u00e0 tord ou \u00e0 raison, ont suscit\u00e9 accusations et calomnies et marqu\u00e9 l&#8217;Histoire ou les histoires par leur personnalit\u00e9 sulfureuse&#8230;..<\/p>\n<p style=\"text-align: center;\"><span class=\"VIiyi\" lang=\"fr\"><span class=\"JLqJ4b\" data-language-for-alternatives=\"fr\" data-language-to-translate-into=\"en\" data-phrase-index=\"0\">Dans ses M\u00e9tamorphoses, Ovide d\u00e9veloppe la l\u00e9gende d&#8217;Acis et Galat\u00e9e sur un ton plus dramatique. La nymphe aime le berger Acis et en est aim\u00e9e. Mais ce dernier est victime de la jalousie du cyclope Polyph\u00e8me, \u00e9galement amoureux de Galat\u00e9e mais disqualifi\u00e9 par ses traits monstrueux. Polyph\u00e8me, ayant surpris les deux amants, arrache un rocher de l&#8217;Etna et le pr\u00e9cipite sur Acis. Galat\u00e9e, voyant des filets de sang sourdre sous le rocher, les change en rivi\u00e8re afin de pouvoir s&#8217;y baigner tous les jours. Cette version sera reprise par de nombreux po\u00e8tes, comme un des exemples de l&#8217;amour non partag\u00e9 conduisant \u00e0 la folie destructrice. <\/span><\/span><\/p>\n<p style=\"text-align: center;\"><strong>Collier inox articul\u00e9 motifs de flammes et de vagues et serti Labradorite de qualit\u00e9 exceptionnelle.<br \/>\nSerti griffe pierre ovale Labradorites aux reflets bleus avec quelques traits verts. Des motifs de flamme et de vagues entourent la pierre et serpentent sur le tour de cou.<br \/>\nTour de cou d&#8217;environ 45 cm.<br \/>\nDimension du cabochon labradorite: 3,7 cm par 2,6 cm. Dimension de la pi\u00e8ce centrale: 5 cm par 3,8 cm.<\/strong><\/p>\n<p style=\"text-align: center;\"><strong>Collier pi\u00e8ce unique, infiniment fantastique et elfique.<\/strong><\/p>\n<hr \/>\n<p style=\"text-align: center;\"><span class=\"VIiyi\" lang=\"en\"><span class=\"JLqJ4b\" data-language-for-alternatives=\"en\" data-language-to-translate-into=\"fr\" data-phrase-index=\"0\">&#8220;The naive and astonished word of the Borghese, when asked how she could have posed naked in front of Canova:&#8221; but the workshop was hot! There was a stove! &#8220;&#8221; Les Diaboliques, Barbey d&#8217;Aurevilly.<\/span><\/span><\/p>\n<p style=\"text-align: center;\"><span class=\"VIiyi\" lang=\"en\"><span class=\"JLqJ4b\" data-language-for-alternatives=\"en\" data-language-to-translate-into=\"fr\" data-phrase-index=\"0\">Collection inspired by women, fictional or historical who, rightly or wrongly, have aroused accusations and slanders and marked History or stories by their sulphurous personality &#8230;.. <\/span><\/span><\/p>\n<p style=\"text-align: center;\"><span class=\"VIiyi\" lang=\"en\"><span class=\"JLqJ4b\" data-language-for-alternatives=\"en\" data-language-to-translate-into=\"fr\" data-phrase-index=\"0\"><span class=\"JLqJ4b ChMk0b\" data-language-for-alternatives=\"en\" data-language-to-translate-into=\"fr\" data-phrase-index=\"2\">In his Metamorphoses, Ovid develops the legend of Acis and Galatea in a more dramatic tone. The nymph loves the shepherd Acis and is loved by him. But the latter is the victim of the jealousy of Cyclops Polyphemus, also in love with Galatea but disqualified by his monstrous features. Polyphemus, having surprised the two lovers, tears off a rock from Etna and throws it on Acis. Galatea, seeing streams of blood gushing under the rock, changes them into a river so that she can bathe there every day. This version will be taken up by many poets, as one of the examples of unrequited love leading to destructive madness.<\/span><\/span><\/span><\/p>\n<p style=\"text-align: center;\"><span class=\"VIiyi\" lang=\"en\"><span class=\"JLqJ4b\" data-language-for-alternatives=\"en\" data-language-to-translate-into=\"fr\" data-phrase-index=\"0\"><strong><span class=\"JLqJ4b ChMk0b\" data-language-for-alternatives=\"en\" data-language-to-translate-into=\"fr\" data-phrase-index=\"11\">Articulated stainless steel necklace with flame and wave patterns and Labradorite setting of exceptional quality. Labradorites oval stone claw setting with blue reflections with some green lines. Flame and wave patterns surround the stone and wind around the neckline. Neck circumference of about 45 cm. Dimension of the labradorite cabochon: 3.7 cm by 2.6 cm. Dimension of the central piece: 5 cm by 3.8 cm.<\/span><\/strong> <\/span><\/span><\/p>\n<p style=\"text-align: center;\"><strong><span class=\"VIiyi\" lang=\"en\"><span class=\"JLqJ4b\" data-language-for-alternatives=\"en\" data-language-to-translate-into=\"fr\" data-phrase-index=\"0\">Unique piece necklace, infinitely fantastic and elven spirit.<\/span><\/span> <\/strong><\/p>\n<p>&nbsp;<\/p>\n","protected":false},"excerpt":{"rendered":"<p style=\"text-align: center;\"><strong>Collier\u00a0 inox style fantastique et serti Labradorite.<br \/>\n<\/strong><\/p>\n<hr \/>\n<p style=\"text-align: center;\"><strong><span class=\"VIiyi\" lang=\"en\"><span class=\"JLqJ4b ChMk0b\" data-language-for-alternatives=\"en\" data-language-to-translate-into=\"fr\" data-phrase-index=\"0\">Medieval fantasy style stainless steel necklace with Labradorite setting.<\/span><\/span> <\/strong><\/p>\n","protected":false},"featured_media":4225,"comment_status":"open","ping_status":"closed","template":"","meta":[],"product_brand":[],"product_cat":[15],"product_tag":[31],"class_list":{"0":"post-4224","1":"product","2":"type-product","3":"status-publish","4":"has-post-thumbnail","6":"product_cat-diaboliques","7":"product_tag-collier","8":"pa_ambiance-antique","9":"pa_ambiance-art-deco","10":"pa_ambiance-egyptien","11":"pa_ambiance-elfique","12":"pa_ambiance-feerique","13":"pa_ambiance-historique","14":"pa_matiere-inox","15":"pa_matiere-laiton","16":"pa_ornement-labradorite","17":"pa_ornement-labradorite-bleue","18":"pa_ornement-labradorite-verte","19":"pa_ornement-pierre-naturelle","21":"first","22":"instock","23":"featured","24":"sold-individually","25":"shipping-taxable","26":"purchasable","27":"product-type-simple"},"translation":{"provider":"WPGlobus","version":"3.0.2","language":"en","enabled_languages":["fr","en"],"languages":{"fr":{"title":true,"content":true,"excerpt":true},"en":{"title":false,"content":false,"excerpt":false}}},"jetpack-related-posts":[],"jetpack_sharing_enabled":true,"_links":{"self":[{"href":"https:\/\/www.altisfain.com\/en\/wp-json\/wp\/v2\/product\/4224","targetHints":{"allow":["GET"]}}],"collection":[{"href":"https:\/\/www.altisfain.com\/en\/wp-json\/wp\/v2\/product"}],"about":[{"href":"https:\/\/www.altisfain.com\/en\/wp-json\/wp\/v2\/types\/product"}],"replies":[{"embeddable":true,"href":"https:\/\/www.altisfain.com\/en\/wp-json\/wp\/v2\/comments?post=4224"}],"wp:featuredmedia":[{"embeddable":true,"href":"https:\/\/www.altisfain.com\/en\/wp-json\/wp\/v2\/media\/4225"}],"wp:attachment":[{"href":"https:\/\/www.altisfain.com\/en\/wp-json\/wp\/v2\/media?parent=4224"}],"wp:term":[{"taxonomy":"product_brand","embeddable":true,"href":"https:\/\/www.altisfain.com\/en\/wp-json\/wp\/v2\/product_brand?post=4224"},{"taxonomy":"product_cat","embeddable":true,"href":"https:\/\/www.altisfain.com\/en\/wp-json\/wp\/v2\/product_cat?post=4224"},{"taxonomy":"product_tag","embeddable":true,"href":"https:\/\/www.altisfain.com\/en\/wp-json\/wp\/v2\/product_tag?post=4224"}],"curies":[{"name":"wp","href":"https:\/\/api.w.org\/{rel}","templated":true}]}}