{"id":4210,"date":"2021-08-30T19:24:36","date_gmt":"2021-08-30T17:24:36","guid":{"rendered":"https:\/\/www.altisfain.com\/?post_type=product&#038;p=4210"},"modified":"2024-10-20T21:56:51","modified_gmt":"2024-10-20T19:56:51","slug":"collier-inox-les-passages-celestes-les-secrets-dalcove-labradorite-2","status":"publish","type":"product","link":"https:\/\/www.altisfain.com\/en\/boutique\/les-adoptes\/collier-inox-les-passages-celestes-les-secrets-dalcove-labradorite-2\/","title":{"rendered":"Collier inox &#8220;les Passages C\u00e9lestes: les Secrets d&#8217;Alc\u00f4ve&#8221; Labradorite"},"content":{"rendered":"<p style=\"text-align: center;\"><strong>\u201cSi la vie n&#8217;est qu&#8217;un passage, sur ce passage au moins semons des fleurs.\u201d<\/strong><br \/>\n<strong>Montaigne<\/strong><\/p>\n<p style=\"text-align: center;\"><strong>\u00ab Les Passages C\u00e9lestes \u00bb est une collection inspir\u00e9e des diff\u00e9rents portes conduisant \u00e0 des univers oniriques mais aussi personnels, des voies qui m\u00e8nent \u00e0 la pleine conscience de soi et du monde. Ces passerelles nous transportent vers des havres supr\u00eames, des finalit\u00e9s plus hautes, des buts ultimes. Ils touchent l&#8217;Histoire, la Spiritualit\u00e9, le Fantastique. Empruntons ces passages et nous entrons dans des contr\u00e9es intimes et fantaisistes.<\/strong><\/p>\n<p style=\"text-align: center;\"><strong>En France, le style XVIIeme lance la mode des alc\u00f4ves , et c&#8217;est Mme de Rambouillet, la reine des Pr\u00e9cieuses qui en ai l&#8217;instigatrice. Dans les pi\u00e8ces immenses, une balustrade de marbre, de fer forg\u00e9 , de m\u00e9tal ou une boiserie ancienne isolait le lit de parade sur lequel \u00e9tait \u00e9tendue la ma\u00eetresse de maison.<br \/>\nLe mot alc\u00f4ve vient de &#8220;l&#8217;al-k\u00f4ba&#8221;, une tente arabe, lit de repos. Sans doute la mode de ces renfoncements o\u00f9 l&#8217;on se retire pour s&#8217;\u00e9tendre est-elle venue de l&#8217;architecture hispano-mauresque. On remarque des alc\u00f4ves au palais maure de l&#8217;Alhambra, \u00e0 Grenade.<br \/>\nDans la &#8220;ruelle&#8221; de l&#8217;alc\u00f4ve, se tenaient les intimes. Etre re\u00e7u dans &#8220;l&#8217;alc\u00f4ve&#8221;, \u00e9quivalait, en ce temps d&#8217;\u00e9tiquette, \u00e0 un brevet d&#8217;intimit\u00e9.<br \/>\nAu XVII\u00e8me si\u00e8cle, l&#8217;alc\u00f4ve change de caract\u00e8re. Entour\u00e9e d&#8217;ornements, de boiserie ou de stuc, l&#8217;alc\u00f4ve devient, avec ses rideaux ferm\u00e9s, le lieu et le synonyme des \u00e9bats amoureux.<br \/>\nDepuis le XVIII\u00e8me si\u00e8cle, &#8220;secrets d&#8217;alc\u00f4ve&#8221; signifie amours illicites ou intimit\u00e9 conjugale.<br \/>\nAu XIX\u00e8me si\u00e8cle, en ville dans les logements mal construits, l&#8217;alc\u00f4ve d\u00e9signe alors une sorte de placard ou l&#8217;on enfermait un lit, dans les campagnes, on en trouve le nombre qu&#8217;il faut \u00e0 une famille de plusieurs personnes.<br \/>\nAujourd&#8217;hui, les d\u00e9corateurs se gardent, comme on le fit au d\u00e9but du XX\u00e8me si\u00e8cle, de d\u00e9truire les alc\u00f4ves.<br \/>\nToute en po\u00e9sie, l&#8217;alc\u00f4ve appelle d\u00e9sormais \u00e0 la r\u00eaverie, avec tout un pass\u00e9 litt\u00e9raire o\u00f9 ceux qui tenaient salon, les &#8220;alc\u00f4vistes&#8221; d\u00e9battaient avec raffinement de questions m\u00e9taphysiques ou frivoles !<\/strong><\/p>\n<p style=\"text-align: center;\">Collier inox ambiance elfique, tour de cou articul\u00e9 et pendentif serti Labradorite.<br \/>\nCabochon de tr\u00e8s belle qualit\u00e9 forme ovale, teintes allant du violet \u00e0 l&#8217;argent\u00e9 en passant par le bleu et quelques touches dor\u00e9es.<br \/>\nTour de cou articul\u00e9 avec fils qui serpentent, de 40 \u00e0 45 cm de long, avec chainette de rallonge termin\u00e9 par un entrelacs, afin de jouer sur la longueur du collier.Dimension du pendentif: 5,2 cm par 4,1 cm. Dimension du cabochon: 3,8 cm par 2,3 cm.<\/p>\n<p style=\"text-align: center;\">Pendentif infiniment elfique et mystique!!<\/p>\n<hr \/>\n<p style=\"text-align: center;\">&#8220;If life is only a passage, on this passage at least sow flowers.&#8221;<br \/>\nMontaigne<\/p>\n<p style=\"text-align: center;\">&#8220;The heavenly passages&#8221; is a collection inspired by the different doors leading to dreamlike but also personal worlds, paths that lead to the full awareness of oneself and the world. These bridges carry us to supreme havens, higher ends, ultimate goals. They touch History, Spirituality, Fantasy. Let&#8217;s take these passages and we enter intimate and fanciful countries.<\/p>\n<p style=\"text-align: center;\"><span class=\"VIiyi\" lang=\"en\"><span class=\"JLqJ4b\" data-language-for-alternatives=\"en\" data-language-to-translate-into=\"fr\" data-phrase-index=\"0\">In France, the 17th century style launched the fashion for alcoves, and it was Mme de Rambouillet, the Queen of Precious, who was the instigator. In the huge rooms, a balustrade of marble, wrought iron, metal or old woodwork isolated the parade bed on which the hostess was stretched out. The word alcove comes from &#8220;al-k\u00f4ba&#8221;, an Arab tent, a daybed. No doubt the fashion for these recesses where one withdraws to stretch out came from Hispano-Moorish architecture. There are alcoves in the Moorish palace of the Alhambra, in Granada. In the &#8220;alley&#8221; of the alcove, stood the intimate. Being received in the &#8220;alcove&#8221; was equivalent, in those days of etiquette, to a patent of privacy. In the 17th century, the alcove changes character. Surrounded by ornaments, woodwork or stucco, the alcove becomes, with its closed curtains, the place and the synonym for lovemaking. Since the 18th century, &#8220;secrets of an alcove&#8221; has meant illicit love or conjugal intimacy. In the 19th century, in the city in poorly constructed housing, the alcove then designates a kind of cupboard where a bed was locked up, in the countryside, there are the necessary number for a family of several people. Today, decorators are careful not to destroy the alcoves, as they did at the start of the 20th century. All in poetry, the alcove now calls for reverie, with a whole literary past where those who kept living room, the &#8220;alc\u00f4vistes&#8221; debated with refinement of metaphysical or frivolous questions!<\/span><\/span><\/p>\n<p><strong><span class=\"VIiyi\" lang=\"en\"><span class=\"JLqJ4b\" data-language-for-alternatives=\"en\" data-language-to-translate-into=\"fr\" data-phrase-index=\"0\">Stainless steel necklace with an elven atmosphere, articulated choker and Labradorite-set pendant. Very good quality oval cabochon, shades ranging from purple to silver through blue and some golden touches. Articulated choker with winding threads, 40 to 45 cm long, with an extension chain ending in an interlacing, in order to play on the length of the necklace.Dimension of the pendant: 5.2 cm by 4.1 cm. Dimension of the cabochon: 3.8 cm by 2.3 cm. <\/span><\/span> <\/strong><\/p>\n<p><strong>Pendant infinitely Elvish and mystical !!<\/strong><\/p>\n","protected":false},"excerpt":{"rendered":"<p style=\"text-align: center;\"><strong>Collier pendentif esprit elfique et celtique, serti Labradorite. <\/strong><\/p>\n<p style=\"text-align: center;\"><strong>Infiniment mystique et onirique!<\/strong><\/p>\n<hr \/>\n<p style=\"text-align: center;\"><span class=\"tlid-translation translation\" lang=\"en\"><strong><span class=\"\" title=\"\">Elven and Celtic spirit pendant necklace, set with Labradorite.<\/span><\/strong><\/span><\/p>\n<p style=\"text-align: center;\"><strong><span title=\"\">Infinitely mystical and dreamlike!<\/span><\/strong><\/p>\n","protected":false},"featured_media":4203,"comment_status":"open","ping_status":"closed","template":"","meta":[],"product_brand":[],"product_cat":[222],"product_tag":[31,131],"class_list":{"0":"post-4210","1":"product","2":"type-product","3":"status-publish","4":"has-post-thumbnail","6":"product_cat-les-adoptes","7":"product_tag-collier","8":"product_tag-pendentif","9":"pa_ambiance-baroque","10":"pa_ambiance-celtique","11":"pa_ambiance-elfique","12":"pa_ambiance-feerique","13":"pa_ambiance-mystique","14":"pa_ambiance-victorien","15":"pa_matiere-inox","16":"pa_ornement-labradorite","17":"pa_ornement-labradorite-argentee","18":"pa_ornement-labradorite-bleue","19":"pa_ornement-labradorite-doree","20":"pa_ornement-labradorite-grise","21":"pa_ornement-labradorite-violette","22":"pa_ornement-pierre-semi","24":"first","25":"outofstock","26":"shipping-taxable","27":"purchasable","28":"product-type-simple"},"translation":{"provider":"WPGlobus","version":"3.0.2","language":"en","enabled_languages":["fr","en"],"languages":{"fr":{"title":true,"content":true,"excerpt":true},"en":{"title":false,"content":false,"excerpt":false}}},"jetpack-related-posts":[],"jetpack_sharing_enabled":true,"_links":{"self":[{"href":"https:\/\/www.altisfain.com\/en\/wp-json\/wp\/v2\/product\/4210","targetHints":{"allow":["GET"]}}],"collection":[{"href":"https:\/\/www.altisfain.com\/en\/wp-json\/wp\/v2\/product"}],"about":[{"href":"https:\/\/www.altisfain.com\/en\/wp-json\/wp\/v2\/types\/product"}],"replies":[{"embeddable":true,"href":"https:\/\/www.altisfain.com\/en\/wp-json\/wp\/v2\/comments?post=4210"}],"wp:featuredmedia":[{"embeddable":true,"href":"https:\/\/www.altisfain.com\/en\/wp-json\/wp\/v2\/media\/4203"}],"wp:attachment":[{"href":"https:\/\/www.altisfain.com\/en\/wp-json\/wp\/v2\/media?parent=4210"}],"wp:term":[{"taxonomy":"product_brand","embeddable":true,"href":"https:\/\/www.altisfain.com\/en\/wp-json\/wp\/v2\/product_brand?post=4210"},{"taxonomy":"product_cat","embeddable":true,"href":"https:\/\/www.altisfain.com\/en\/wp-json\/wp\/v2\/product_cat?post=4210"},{"taxonomy":"product_tag","embeddable":true,"href":"https:\/\/www.altisfain.com\/en\/wp-json\/wp\/v2\/product_tag?post=4210"}],"curies":[{"name":"wp","href":"https:\/\/api.w.org\/{rel}","templated":true}]}}