{"id":4180,"date":"2021-08-30T16:31:43","date_gmt":"2021-08-30T14:31:43","guid":{"rendered":"https:\/\/www.altisfain.com\/?post_type=product&#038;p=4180"},"modified":"2024-10-20T21:57:04","modified_gmt":"2024-10-20T19:57:04","slug":"collier-inox-les-diaboliques-persephone-pyrite","status":"publish","type":"product","link":"https:\/\/www.altisfain.com\/en\/boutique\/les-adoptes\/collier-inox-les-diaboliques-persephone-pyrite\/","title":{"rendered":"Collier inox &#8220;Les Diaboliques: Pers\u00e9phone&#8221; Pyrite"},"content":{"rendered":"<p style=\"text-align: center;\">&#8220;Le mot na\u00eff et \u00e9tonn\u00e9 de la Borgh\u00e8se, quand on lui demanda comment elle avait bien pu poser nue devant Canova: \u00abmais l&#8217;atelier \u00e9tait chaud! il y avait un po\u00eale!\u00bb&#8221;<br \/>\nLes Diaboliques, Barbey d&#8217;Aurevilly.<\/p>\n<p style=\"text-align: center;\">Collection inspir\u00e9e de femmes, fictives ou historiques qui, \u00e0 tord ou \u00e0 raison, ont suscit\u00e9 accusations et calomnies et marqu\u00e9 l&#8217;Histoire ou les histoires par leur personnalit\u00e9 sulfureuse&#8230;..<\/p>\n<p style=\"text-align: center;\"><span class=\"VIiyi\" lang=\"fr\"><span class=\"JLqJ4b\" data-language-for-alternatives=\"fr\" data-language-to-translate-into=\"en\" data-phrase-index=\"0\">Pers\u00e9phone est une des principales divinit\u00e9s chthoniennes des Grecs. Son histoire est cont\u00e9e notamment dans l\u2019Hymne hom\u00e9rique \u00e0 D\u00e9m\u00e9ter. Pers\u00e9phone est une tr\u00e8s belle femme, et sa m\u00e8re D\u00e9m\u00e9ter l&#8217;\u00e9l\u00e8ve en secret en Sicile, son \u00eele favorite, o\u00f9 la jeune fille est en s\u00e9curit\u00e9. Dans les bois d&#8217;Enna (ou dans les bois de Mysa selon certains), Pers\u00e9phone se divertit en compagnie de nymphes, des Oc\u00e9anides. L\u00e0, elle est remarqu\u00e9e par le puissant Had\u00e8s, son oncle, qui souhaite en faire sa reine. Il enl\u00e8ve la jeune fille qui d&#8217;un cri alerte sa m\u00e8re mais celle-ci arrive trop tard. Personne n&#8217;ayant rien vu, D\u00e9m\u00e9ter partira \u00e0 la recherche de sa fille unique pendant neuf jours et neuf nuits avant de d\u00e9clarer : \u00ab La Terre sera affam\u00e9e tant que je n&#8217;aurai pas retrouv\u00e9 ma fille \u00bb. H\u00e9lios, le Soleil, d\u00e9cidera alors de r\u00e9v\u00e9ler \u00e0 D\u00e9m\u00e9ter qu&#8217;Had\u00e8s a enlev\u00e9 sa fille. La d\u00e9esse ira jusqu&#8217;aux Enfers afin d&#8217;aller la chercher, mais Had\u00e8s refusera de la rendre. L&#8217;affaire est port\u00e9e devant Zeus.<br \/>\nZeus n&#8217;est pas capable de prendre une d\u00e9cision car il ne veut froisser ni D\u00e9m\u00e9ter, ni Had\u00e8s. Zeus pense que Pers\u00e9phone doit rester aux Enfers. Cependant il d\u00e9cide de faire un compromis. La jeune fille passera six mois (les p\u00e9riodes automnale et hivernale) aux c\u00f4t\u00e9s de son \u00e9poux en tant que reine des Enfers. Les six autres mois de l&#8217;ann\u00e9e, elle retournera sur Terre et dans l&#8217;Olympe en tant que Cor\u00e9, pour redonner la joie \u00e0 sa m\u00e8re, ce qui provoque le printemps et l&#8217;\u00e9t\u00e9. D\u00e9m\u00e9ter, elle, souhaitait profiter de sa fille plus que 6 mois par an. Elle prit donc comme argument que Pers\u00e9phone \u00e9tait sa fille et aurait voulu que celle-ci rest\u00e2t huit mois sur terre et 4 mois aux Enfers. Zeus et Had\u00e8s accept\u00e8rent.<br \/>\nPers\u00e9phone semble avoir accept\u00e9 son r\u00f4le de reine des Morts, puisque dans les l\u00e9gendes, elle agit toujours en accord avec son \u00e9poux. Elle se montre m\u00eame dure et inflexible. Toutefois, certains auteurs ne la reconnaissent pas comme la fille de D\u00e9m\u00e9ter, mais comme celle du Styx, et selon eux, Pers\u00e9phone est depuis toujours la d\u00e9esse des Enfers.<\/span><\/span><\/p>\n<p style=\"text-align: center;\"><strong>Collier inox articul\u00e9 asymetrique et serti pyrite de qualit\u00e9 exceptionnelle.<\/strong><br \/>\n<strong>Serti griffe pierre ovale Pyrite aux couleurs sombres, noires et dor\u00e9es, de texture brillante et mate. <\/strong><br \/>\n<strong>Tour de cou d&#8217;environ 45 cm. Jeu d&#8217;entrelacs trait\u00e9s comme des volutes v\u00e9g\u00e9tales.<\/strong><br \/>\n<strong>Dimension du cabochon labradorite: 3,5 cm par 1,7 cm.<br \/>\n<\/strong><\/p>\n<p style=\"text-align: center;\"><strong>Collier pi\u00e8ce unique, infiniment fantastique et elfique.<\/strong><\/p>\n<hr \/>\n<p style=\"text-align: center;\"><span class=\"VIiyi\" lang=\"en\"><span class=\"JLqJ4b\" data-language-for-alternatives=\"en\" data-language-to-translate-into=\"fr\" data-phrase-index=\"0\">&#8220;The naive and astonished word of the Borghese, when asked how she could have posed naked in front of Canova:&#8221; but the workshop was hot! There was a stove! &#8220;&#8221; Les Diaboliques, Barbey d&#8217;Aurevilly.<\/span><\/span><\/p>\n<p style=\"text-align: center;\"><span class=\"VIiyi\" lang=\"en\"><span class=\"JLqJ4b\" data-language-for-alternatives=\"en\" data-language-to-translate-into=\"fr\" data-phrase-index=\"0\">Collection inspired by women, fictional or historical who, rightly or wrongly, have aroused accusations and slanders and marked History or stories by their sulphurous personality &#8230;.. <\/span><\/span><\/p>\n<p style=\"text-align: center;\"><span class=\"VIiyi\" lang=\"en\"><span class=\"JLqJ4b\" data-language-for-alternatives=\"en\" data-language-to-translate-into=\"fr\" data-phrase-index=\"0\"><span class=\"JLqJ4b ChMk0b\" data-language-for-alternatives=\"en\" data-language-to-translate-into=\"fr\" data-phrase-index=\"2\">Persephone is one of the main chthonic deities of the Greeks. Its story is told in particular in the Homeric Hymn to Demeter. Persephone is a very beautiful woman, and her mother Demeter secretly educates her in Sicily, her favorite island, where the young girl is safe. In the woods of Enna (or in the woods of Mysa according to some), Persephone is entertained in the company of nymphs, the Oceanids. There, she is noticed by the powerful Hades, her uncle, who wishes to make her his queen. He kidnaps the young girl who with a cry alerts her mother, but she arrives too late. Nobody having seen anything, Demeter will go in search of his only daughter for nine days and nine nights before declaring: &#8220;The Earth will be hungry until I find my daughter&#8221;. Helios, the Sun, will then decide to reveal to Demeter that Hades has kidnapped his daughter. The goddess will go to the Underworld in order to get her, but Hades will refuse to return her. The case is brought before Zeus. Zeus is not able to make a decision because he does not want to offend either Demeter or Hades. Zeus thinks that Persephone must stay in the Underworld. However, he decides to make a compromise. The young girl will spend six months (the autumn and winter periods) alongside her husband as Queen of the Underworld. The other six months of the year, she will return to Earth and Olympus as Korah, to restore joy to her mother, causing spring and summer. Demeter, she wanted to take advantage of her daughter for more than 6 months a year. She therefore took as an argument that Persephone was her daughter and would have wanted her to stay eight months on earth and four months in the Underworld. Zeus and Hades agreed. Persephone seems to have accepted her role as Queen of the Dead, since in legends she always acts in agreement with her husband. She is even tough and inflexible. However, some authors do not recognize her as the daughter of Demeter, but as that of the Styx, and according to them, Persephone has always been the goddess of the Underworld.<\/span><\/span><\/span><\/p>\n<p style=\"text-align: center;\"><span class=\"VIiyi\" lang=\"en\"><span class=\"JLqJ4b\" data-language-for-alternatives=\"en\" data-language-to-translate-into=\"fr\" data-phrase-index=\"0\"><strong><span class=\"JLqJ4b ChMk0b\" data-language-for-alternatives=\"en\" data-language-to-translate-into=\"fr\" data-phrase-index=\"11\">Asymmetric articulated stainless steel necklace and pyrite setting of exceptional quality. Pyrite oval stone claw setting in dark, black and golden colors, with a shiny and mat texture. Neck circumference of about 45 cm. Interlacing game treated like vegetable scrolls. Dimension of the labradorite cabochon: 3.5 cm by 1.7 cm.<\/span><\/strong> <\/span><\/span><\/p>\n<p style=\"text-align: center;\"><strong><span class=\"VIiyi\" lang=\"en\"><span class=\"JLqJ4b\" data-language-for-alternatives=\"en\" data-language-to-translate-into=\"fr\" data-phrase-index=\"0\">Unique piece necklace, infinitely fantastic and elven spirit.<\/span><\/span> <\/strong><\/p>\n<p>&nbsp;<\/p>\n","protected":false},"excerpt":{"rendered":"<p style=\"text-align: center;\"><strong>Collier\u00a0 inox style fantastique et serti Pyrite.<br \/>\n<\/strong><\/p>\n<hr \/>\n<p style=\"text-align: center;\"><strong><span class=\"VIiyi\" lang=\"en\"><span class=\"JLqJ4b ChMk0b\" data-language-for-alternatives=\"en\" data-language-to-translate-into=\"fr\" data-phrase-index=\"0\">Medieval fantasy style stainless steel torc with Pyrite setting.<\/span><\/span> <\/strong><\/p>\n","protected":false},"featured_media":4181,"comment_status":"open","ping_status":"closed","template":"","meta":[],"product_brand":[],"product_cat":[222],"product_tag":[31],"class_list":{"0":"post-4180","1":"product","2":"type-product","3":"status-publish","4":"has-post-thumbnail","6":"product_cat-les-adoptes","7":"product_tag-collier","8":"pa_ambiance-antique","9":"pa_ambiance-art-deco","10":"pa_ambiance-egyptien","11":"pa_ambiance-elfique","12":"pa_ambiance-feerique","13":"pa_ambiance-historique","14":"pa_matiere-inox","15":"pa_matiere-laiton","16":"pa_ornement-pierre-semi","17":"pa_ornement-pyrite","19":"first","20":"outofstock","21":"featured","22":"sold-individually","23":"shipping-taxable","24":"purchasable","25":"product-type-simple"},"translation":{"provider":"WPGlobus","version":"3.0.2","language":"en","enabled_languages":["fr","en"],"languages":{"fr":{"title":true,"content":true,"excerpt":true},"en":{"title":false,"content":false,"excerpt":false}}},"jetpack-related-posts":[],"jetpack_sharing_enabled":true,"_links":{"self":[{"href":"https:\/\/www.altisfain.com\/en\/wp-json\/wp\/v2\/product\/4180","targetHints":{"allow":["GET"]}}],"collection":[{"href":"https:\/\/www.altisfain.com\/en\/wp-json\/wp\/v2\/product"}],"about":[{"href":"https:\/\/www.altisfain.com\/en\/wp-json\/wp\/v2\/types\/product"}],"replies":[{"embeddable":true,"href":"https:\/\/www.altisfain.com\/en\/wp-json\/wp\/v2\/comments?post=4180"}],"wp:featuredmedia":[{"embeddable":true,"href":"https:\/\/www.altisfain.com\/en\/wp-json\/wp\/v2\/media\/4181"}],"wp:attachment":[{"href":"https:\/\/www.altisfain.com\/en\/wp-json\/wp\/v2\/media?parent=4180"}],"wp:term":[{"taxonomy":"product_brand","embeddable":true,"href":"https:\/\/www.altisfain.com\/en\/wp-json\/wp\/v2\/product_brand?post=4180"},{"taxonomy":"product_cat","embeddable":true,"href":"https:\/\/www.altisfain.com\/en\/wp-json\/wp\/v2\/product_cat?post=4180"},{"taxonomy":"product_tag","embeddable":true,"href":"https:\/\/www.altisfain.com\/en\/wp-json\/wp\/v2\/product_tag?post=4180"}],"curies":[{"name":"wp","href":"https:\/\/api.w.org\/{rel}","templated":true}]}}