{"id":4117,"date":"2021-05-31T21:11:35","date_gmt":"2021-05-31T19:11:35","guid":{"rendered":"https:\/\/www.altisfain.com\/?post_type=product&#038;p=4117"},"modified":"2024-10-20T21:57:24","modified_gmt":"2024-10-20T19:57:24","slug":"collier-inox-les-passages-celestes-la-fierte-de-y-draigg-goch-rubis-zoisite","status":"publish","type":"product","link":"https:\/\/www.altisfain.com\/en\/boutique\/les-adoptes\/collier-inox-les-passages-celestes-la-fierte-de-y-draigg-goch-rubis-zoisite\/","title":{"rendered":"Collier inox &#8220;les Passages C\u00e9lestes: la Fiert\u00e9 de Y Draigg Goch&#8221;, Rubis Zoisite"},"content":{"rendered":"<p style=\"text-align: center;\"><strong>\u201cSi la vie n&#8217;est qu&#8217;un passage, sur ce passage au moins semons des fleurs.\u201d<\/strong><br \/>\n<strong>Montaigne<\/strong><\/p>\n<p style=\"text-align: center;\"><strong>\u00ab Les Passages C\u00e9lestes \u00bb est une collection inspir\u00e9e des diff\u00e9rents portes conduisant \u00e0 des univers oniriques mais aussi personnels, des voies qui m\u00e8nent \u00e0 la pleine conscience de soi et du monde. Ces passerelles nous transportent vers des havres supr\u00eames, des finalit\u00e9s plus hautes, des buts ultimes. Ils touchent l&#8217;Histoire, la Spiritualit\u00e9, le Fantastique. Empruntons ces passages et nous entrons dans des contr\u00e9es intimes et fantaisistes.<\/strong><\/p>\n<p style=\"text-align: center;\"><strong><span class=\"ILfuVd NA6bn\"><span class=\"hgKElc\">Cet embl\u00e8me du Pays de Galles s\u2019affiche vaillamment sur le drapeau national, le dragon est omnipr\u00e9sent dans sa culture et son histoire .<br \/>\nLa l\u00e9gende \u00e9voque une lutte acharn\u00e9e entre le dragon rouge du pays de Galles et le dragon blanc de l\u2019Angleterre. Au cours de la bataille, le dragon blanc prit le dessus et r\u00e9ussit \u00e0 capturer son rival. Mais lorsque ce dernier parvint \u00e0 s\u2019\u00e9chapper, il attaqua de nouveau et gagna. Ce dragon vainqueur est aussi \u00e0 l\u2019origine de la devise galloise : &#8220;le Dragon Rouge Donne de l\u2019Elan&#8221; (Y Ddraig Goch Ddyry Cychwyn en gallois).<br \/>\nCette tradition celte devint r\u00e9alit\u00e9 lorsque Henri Tudor, Roi d\u2019Angleterre et d\u2019Irlande choisit le dragon rouge comme embl\u00e8me. Sous le nom de Henri VII, il int\u00e9gra le dragon gallois aux armoiries royales jusqu\u2019\u00e0 ce que Jacques I le fasse remplacer par l\u2019unicorne \u00e9cossaise. En 1959, la Reine ordonna de nouveau que le dragon rouge sur fond vert et blanc devienne le drapeau officiel.<\/span><\/span><\/strong><\/p>\n<p style=\"text-align: center;\">Collier inox ambiance draconique, serti Rubis zoisite et ailes de dragons.<br \/>\nCabochon de tr\u00e8s qualit\u00e9 exceptionnelle forme marquise, Rubis zoisite aux reflets rouges roses et aux motifs d&#8217;\u00e9cailles.<br \/>\nCollier articul\u00e9 aux multiples ailes de dragons martel\u00e9es qui se d\u00e9ploient autour du serti.<br \/>\nDimension du motif central: 11,5 cm par 9,5 cm .<br \/>\nDimension du cabochon: 5,1 cm par 2,5 cm.<br \/>\nTour de cou d&#8217;environ 40 cm, chaine de rallonge pour jouer sur la longueur du collier.<\/p>\n<p style=\"text-align: center;\">Pendentif infiniment elfique!!<\/p>\n<hr \/>\n<p style=\"text-align: center;\"><strong>&#8220;If life is only a passage, on this passage at least sow flowers.&#8221;<\/strong><br \/>\n<strong>Montaigne<\/strong><\/p>\n<p style=\"text-align: center;\"><strong>&#8220;The heavenly passages&#8221; is a collection inspired by the different doors leading to dreamlike but also personal worlds, paths that lead to the full awareness of oneself and the world. These bridges carry us to supreme havens, higher ends, ultimate goals. They touch History, Spirituality, Fantasy. Let&#8217;s take these passages and we enter intimate and fanciful countries.<\/strong><\/p>\n<div class=\"text-wrap tlid-copy-target\">\n<div class=\"text-wrap tlid-copy-target\">\n<p class=\"result-shield-container tlid-copy-target\" style=\"text-align: center;\" tabindex=\"0\"><strong><span class=\"VIiyi\" lang=\"en\"><span class=\"JLqJ4b ChMk0b\" data-language-for-alternatives=\"en\" data-language-to-translate-into=\"fr\" data-phrase-index=\"3\"><span class=\"JLqJ4b\" data-language-for-alternatives=\"en\" data-language-to-translate-into=\"fr\" data-phrase-index=\"0\">This emblem of Wales is valiantly displayed on the national flag, the dragon is omnipresent in its culture and history. The legend tells of a fierce struggle between the red dragon of Wales and the white dragon of England. During the battle, the white dragon gained the upper hand and managed to capture his rival. But when the latter managed to escape, he attacked again and won. This victorious dragon is also the origin of the Welsh motto: &#8220;The Red Dragon Gives Elan&#8221; (Y Ddraig Goch Ddyry Cychwyn in Welsh). This Celtic tradition became reality when Henry Tudor, King of England and Ireland chose the red dragon as his emblem. Under the name of Henry VII, he incorporated the Welsh dragon into the royal coat of arms until James I replaced it with the Scottish unicorn. In 1959, the Queen again ordered the red dragon on a green and white background to become the official flag.<\/span><\/span><\/span><\/strong><\/p>\n<\/div>\n<\/div>\n<p><span class=\"tlid-translation translation\" lang=\"en\"><span title=\"\"><span class=\"VIiyi\" lang=\"en\"><span class=\"JLqJ4b ChMk0b\" data-language-for-alternatives=\"en\" data-language-to-translate-into=\"fr\" data-phrase-index=\"10\"><span class=\"JLqJ4b\" data-language-for-alternatives=\"en\" data-language-to-translate-into=\"fr\" data-phrase-index=\"0\">Stainless steel necklace with a draconic atmosphere, ruby \u200b\u200bzoisite and dragon wings setting. Very exceptional quality cabochon in marquise shape, Ruby zoisite with pink red reflections and scale patterns. Articulated necklace with multiple hammered dragon wings that unfold around the setting. Dimension of the central motif: 11.5 cm by 9.5 cm. Dimension of the cabochon: 5.1 cm by 2.5 cm. Neck circumference of about 40 cm, extension chain to play on the length of the necklace. <\/span> <\/span><\/span><\/span><\/span><\/p>\n<p>Infinitely elvish style pendant !!<\/p>\n<p>&nbsp;<\/p>\n<p>&nbsp;<\/p>\n","protected":false},"excerpt":{"rendered":"<p style=\"text-align: center;\"><strong>Collier esprit m\u00e9di\u00e9val fantastique, serti Rubis zoisite .<br \/>\n<\/strong><\/p>\n<p style=\"text-align: center;\"><strong>Infiniment mystique et onirique!<\/strong><\/p>\n<hr \/>\n<p style=\"text-align: center;\"><strong><span class=\"tlid-translation translation\" lang=\"en\"><span class=\"\" title=\"\">Medieval fantasy spirit stainless necklace, set with Rubis zoisite .<\/span><\/span><\/strong><\/p>\n<p style=\"text-align: center;\"><strong><span class=\"\" title=\"\">Infinitely mystical and dreamlike!<\/span><\/strong><\/p>\n","protected":false},"featured_media":4118,"comment_status":"open","ping_status":"closed","template":"","meta":[],"product_brand":[],"product_cat":[222],"product_tag":[31,131],"class_list":{"0":"post-4117","1":"product","2":"type-product","3":"status-publish","4":"has-post-thumbnail","6":"product_cat-les-adoptes","7":"product_tag-collier","8":"product_tag-pendentif","9":"pa_ambiance-baroque","10":"pa_ambiance-celtique","11":"pa_ambiance-elfique","12":"pa_ambiance-feerique","13":"pa_ambiance-mystique","14":"pa_ambiance-victorien","15":"pa_matiere-inox","16":"pa_ornement-pierre-semi","17":"pa_ornement-rubis","18":"pa_ornement-rubis-zoisite","20":"first","21":"outofstock","22":"shipping-taxable","23":"purchasable","24":"product-type-simple"},"translation":{"provider":"WPGlobus","version":"3.0.2","language":"en","enabled_languages":["fr","en"],"languages":{"fr":{"title":true,"content":true,"excerpt":true},"en":{"title":false,"content":false,"excerpt":false}}},"jetpack-related-posts":[],"jetpack_sharing_enabled":true,"_links":{"self":[{"href":"https:\/\/www.altisfain.com\/en\/wp-json\/wp\/v2\/product\/4117","targetHints":{"allow":["GET"]}}],"collection":[{"href":"https:\/\/www.altisfain.com\/en\/wp-json\/wp\/v2\/product"}],"about":[{"href":"https:\/\/www.altisfain.com\/en\/wp-json\/wp\/v2\/types\/product"}],"replies":[{"embeddable":true,"href":"https:\/\/www.altisfain.com\/en\/wp-json\/wp\/v2\/comments?post=4117"}],"wp:featuredmedia":[{"embeddable":true,"href":"https:\/\/www.altisfain.com\/en\/wp-json\/wp\/v2\/media\/4118"}],"wp:attachment":[{"href":"https:\/\/www.altisfain.com\/en\/wp-json\/wp\/v2\/media?parent=4117"}],"wp:term":[{"taxonomy":"product_brand","embeddable":true,"href":"https:\/\/www.altisfain.com\/en\/wp-json\/wp\/v2\/product_brand?post=4117"},{"taxonomy":"product_cat","embeddable":true,"href":"https:\/\/www.altisfain.com\/en\/wp-json\/wp\/v2\/product_cat?post=4117"},{"taxonomy":"product_tag","embeddable":true,"href":"https:\/\/www.altisfain.com\/en\/wp-json\/wp\/v2\/product_tag?post=4117"}],"curies":[{"name":"wp","href":"https:\/\/api.w.org\/{rel}","templated":true}]}}