{"id":410,"date":"2018-03-04T17:15:52","date_gmt":"2018-03-04T16:15:52","guid":{"rendered":"http:\/\/www.altisfain.com\/?post_type=product&#038;p=410"},"modified":"2019-10-20T19:30:11","modified_gmt":"2019-10-20T17:30:11","slug":"collier-conte-les-musiciens-de-breme-feuilles-bambou-ou-plumes","status":"publish","type":"product","link":"https:\/\/www.altisfain.com\/en\/boutique\/conte\/collier-conte-les-musiciens-de-breme-feuilles-bambou-ou-plumes\/","title":{"rendered":"Collier Conte &#8220;Les Musiciens de Br\u00eame&#8221; feuilles bambou ou plumes"},"content":{"rendered":"<p style=\"text-align: center;\">&#8220;La vie ressemble \u00e0 un conte ; ce qui importe, ce n&#8217;est pas sa longueur, mais sa valeur.&#8221;<br \/>\nS\u00e9n\u00e8que.<\/p>\n<p style=\"text-align: center;\">&#8220;Les Musiciens de Br\u00eame&#8221; est un conte des Fr\u00e8res Grimm.<\/p>\n<p style=\"text-align: center;\"><b>Collier inox torque asym\u00e9trique mall\u00e9able, s&#8217;adaptant \u00e0 toutes les anatomies.<br \/>\nTorque de 40 cm environ.<br \/>\nForme serpent, fil martel\u00e9 termin\u00e9 par une s\u00e9rie d&#8217;entrelacs soud\u00e9s argent qui entourent quatre branches de feuilles de bambou ou plumes martel\u00e9es main et form\u00e9es \u00e0 l&#8217;enclume.<br \/>\nSoudure argent en 15 points.<br \/>\nDimension des feuilles de bambou: 3,5 cm par 1 cm et 3,8 cm par 1,2cm.<\/b><\/p>\n<p style=\"text-align: center;\"><b>Collier \u00e9perdument elfique!!<\/b><\/p>\n<p style=\"text-align: center;\"><strong>Peut \u00eatre r\u00e9alis\u00e9 en laiton verni satin haute r\u00e9sistance.<\/strong><\/p>\n<hr \/>\n<p><span class=\"tlid-translation translation\" lang=\"en\"><span class=\"\" title=\"\">&#8220;Life is like a tale, what matters is not its length, but its value.&#8221;<\/span><br \/>\n<span title=\"\">Seneca.<\/span><\/p>\n<p><span class=\"\" title=\"\">&#8220;The Musicians of Bremen&#8221; is a tale of the Brothers Grimm.<\/span><\/p>\n<p><strong><span class=\"\" title=\"\">Stainless steel asymmetrical torque collar, adaptable to all anatomies.<\/span><\/strong><br \/>\n<strong><span class=\"\" title=\"\">Torque of about 40 cm.<\/span><\/strong><br \/>\n<strong><span title=\"\">Snake shape, hammered wire finished by a series of silver-welded interlacings that surround four branches of bamboo leaves or hand-hammered feathers formed at the anvil.<\/span><\/strong><br \/>\n<strong><span title=\"\">Silver soldering in 15 points.<\/span><\/strong><br \/>\n<strong><span title=\"\">Size of bamboo leaves: 3.5 cm by 1 cm and 3.8 cm by 1.2 cm.<\/span><\/strong><\/p>\n<p><strong><span title=\"\">Necklace madly elfic !!<\/span><\/strong><\/p>\n<p><strong><span title=\"\">Can be made of high resistance satin varnished brass.<\/span><\/strong><\/span><\/p>\n","protected":false},"excerpt":{"rendered":"<p style=\"text-align: center;\"><strong>Collier torque inox asym\u00e9trique avec quatre feuilles de bambou ou forme plume et entrelacs, esprit elfique et f\u00e9\u00e9rique.<\/strong><\/p>\n<hr \/>\n<p style=\"text-align: center;\"><strong><span class=\"tlid-translation translation\" lang=\"en\"><span class=\"\" title=\"\">Asymmetrical stainless steel torque necklace with four bamboo leaves or feather and tracery, elven and fairy spirit.<\/span><\/span><\/strong><\/p>\n","protected":false},"featured_media":411,"comment_status":"open","ping_status":"closed","template":"","meta":[],"product_brand":[],"product_cat":[29],"product_tag":[31,36],"class_list":{"0":"post-410","1":"product","2":"type-product","3":"status-publish","4":"has-post-thumbnail","6":"product_cat-conte","7":"product_tag-collier","8":"product_tag-torque","9":"pa_ambiance-bucolique","10":"pa_ambiance-celtique","11":"pa_ambiance-elfique","12":"pa_ambiance-feerique","13":"pa_ambiance-vegetal","14":"pa_feuille-bambou","15":"pa_matiere-inox","16":"pa_matiere-laiton","18":"first","19":"instock","20":"sold-individually","21":"shipping-taxable","22":"purchasable","23":"product-type-variable"},"translation":{"provider":"WPGlobus","version":"3.0.2","language":"en","enabled_languages":["fr","en"],"languages":{"fr":{"title":true,"content":true,"excerpt":true},"en":{"title":false,"content":false,"excerpt":false}}},"jetpack-related-posts":[],"jetpack_sharing_enabled":true,"_links":{"self":[{"href":"https:\/\/www.altisfain.com\/en\/wp-json\/wp\/v2\/product\/410","targetHints":{"allow":["GET"]}}],"collection":[{"href":"https:\/\/www.altisfain.com\/en\/wp-json\/wp\/v2\/product"}],"about":[{"href":"https:\/\/www.altisfain.com\/en\/wp-json\/wp\/v2\/types\/product"}],"replies":[{"embeddable":true,"href":"https:\/\/www.altisfain.com\/en\/wp-json\/wp\/v2\/comments?post=410"}],"wp:featuredmedia":[{"embeddable":true,"href":"https:\/\/www.altisfain.com\/en\/wp-json\/wp\/v2\/media\/411"}],"wp:attachment":[{"href":"https:\/\/www.altisfain.com\/en\/wp-json\/wp\/v2\/media?parent=410"}],"wp:term":[{"taxonomy":"product_brand","embeddable":true,"href":"https:\/\/www.altisfain.com\/en\/wp-json\/wp\/v2\/product_brand?post=410"},{"taxonomy":"product_cat","embeddable":true,"href":"https:\/\/www.altisfain.com\/en\/wp-json\/wp\/v2\/product_cat?post=410"},{"taxonomy":"product_tag","embeddable":true,"href":"https:\/\/www.altisfain.com\/en\/wp-json\/wp\/v2\/product_tag?post=410"}],"curies":[{"name":"wp","href":"https:\/\/api.w.org\/{rel}","templated":true}]}}