{"id":4080,"date":"2021-05-22T16:38:16","date_gmt":"2021-05-22T14:38:16","guid":{"rendered":"https:\/\/www.altisfain.com\/?post_type=product&#038;p=4080"},"modified":"2021-05-22T16:56:22","modified_gmt":"2021-05-22T14:56:22","slug":"bague-inox-les-diaboliques-malefique-labradorite","status":"publish","type":"product","link":"https:\/\/www.altisfain.com\/en\/boutique\/diaboliques\/bague-inox-les-diaboliques-malefique-labradorite\/","title":{"rendered":"Bague inox &#8220;Les Diaboliques: Mal\u00e9fique&#8221; Labradorite"},"content":{"rendered":"<p style=\"text-align: center;\">&#8220;Le mot na\u00eff et \u00e9tonn\u00e9 de la Borgh\u00e8se, quand on lui demanda comment elle avait bien pu poser nue devant Canova: \u00abmais l&#8217;atelier \u00e9tait chaud! il y avait un po\u00eale!\u00bb&#8221;<br \/>\nLes Diaboliques, Barbey d&#8217;Aurevilly.<\/p>\n<p style=\"text-align: center;\">Collection inspir\u00e9e de femmes, fictives ou historiques qui, \u00e0 tord ou \u00e0 raison, ont suscit\u00e9 accusations et calomnies et marqu\u00e9 l&#8217;Histoire ou les histoires par leur personnalit\u00e9 sulfureuse&#8230;..<\/p>\n<p style=\"text-align: center;\">Mal\u00e9fique est un personnage fictif qui appara\u00eet dans le 16\u00e8me film d&#8217;animation de Walt Disney Pictures, La Belle au bois dormant (1959). Elle est une m\u00e9chante f\u00e9e et la &#8220;Ma\u00eetresse Absolue du Mal&#8221; autoproclam\u00e9e qui, apr\u00e8s ne pas avoir \u00e9t\u00e9 invit\u00e9e au bapt\u00eame de la Princesse Aurore, jette un sort \u00e0 cette derni\u00e8re : &#8220;Ma volont\u00e9 est telle qu&#8217;avant l&#8217;aube des ses 16 ans, elle se piquera le doigt, \u00e0 la pointe d&#8217;une quenouille, et en mourra !&#8221;<\/p>\n<p style=\"text-align: center;\"><strong>Bague inox taille 59, anneau martel\u00e9 froiss\u00e9, serti Labradorite d\u00e9port\u00e9 de tr\u00e8s belle qualit\u00e9 de forme goutte et aux reflets violets. Largueur de l\u2019anneau: 0,4 cm, dimension de la pierre: 3 cm par 1,3 cm. Dimension monture: 3,5 cm.<\/strong><\/p>\n<p style=\"text-align: center;\"><strong>Style elfique, pi\u00e8ce unique!!<\/strong><\/p>\n<hr \/>\n<p style=\"text-align: center;\">&#8220;The naive and astonished word of the Borghese, when asked how she could have posed naked before Canova:&#8221; but the workshop was hot, there was a stove! &#8220;&#8221;<br \/>\nThe Diabolics, Barbey d&#8217;Aurevilly.<\/p>\n<p style=\"text-align: center;\">Collection inspired by women, fictional or historical, who, rightly or wrongly, have succeeded in accusations and calumnies and marked history or stories by their sulphurous personality &#8230;..<\/p>\n<p style=\"text-align: center;\"><span class=\"VIiyi\" lang=\"en\"><span class=\"JLqJ4b ChMk0b\" data-language-for-alternatives=\"en\" data-language-to-translate-into=\"fr\" data-phrase-index=\"10\"><span class=\"JLqJ4b\" data-language-for-alternatives=\"en\" data-language-to-translate-into=\"fr\" data-phrase-index=\"0\">Maleficent is a fictional character who appears in Walt Disney Pictures&#8217; 16th animated film, Sleeping Beauty (1959). She is a wicked fairy and the self-proclaimed &#8220;Absolute Mistress of Evil&#8221; who, after not being invited to the baptism of Princess Aurora, casts a spell on the latter: &#8220;My will is as before the dawn of her 16 years. years, she will prick her finger on the tip of a distaff and die! &#8220;<\/span><\/span><\/span><\/p>\n<p style=\"text-align: left;\"><strong><span class=\"VIiyi\" lang=\"en\"><span class=\"JLqJ4b ChMk0b\" data-language-for-alternatives=\"en\" data-language-to-translate-into=\"fr\" data-phrase-index=\"8\"><span class=\"JLqJ4b\" data-language-for-alternatives=\"en\" data-language-to-translate-into=\"fr\" data-phrase-index=\"0\">Stainless steel ring size 59, crumpled hammered ring, offset Labradorite setting of very good quality in the shape of a drop and with purple reflections. Ring width: 0.4 cm, dimension of the stone: 3 cm by 1.3 cm. Frame size: 3.5 cm. <\/span><\/span><\/span><\/strong><\/p>\n<p><strong><span class=\"VIiyi\" lang=\"en\"><span class=\"JLqJ4b\" data-language-for-alternatives=\"en\" data-language-to-translate-into=\"fr\" data-phrase-index=\"0\">Elvish style, unique piece !!<\/span><\/span><\/strong><\/p>\n","protected":false},"excerpt":{"rendered":"<p style=\"text-align: center;\"><strong>Bague inox et serti Labradorite, esprit elfique.<br \/>\n<\/strong><\/p>\n<hr \/>\n<p style=\"text-align: center;\"><strong><span class=\"tlid-translation translation\" lang=\"en\"><span class=\"\" title=\"\"><span class=\"VIiyi\" lang=\"en\"><span class=\"JLqJ4b ChMk0b\" data-language-for-alternatives=\"en\" data-language-to-translate-into=\"fr\" data-phrase-index=\"0\">Stainless steel ring and setting Labradorite stone, elvish spirit<\/span><\/span>.<\/span><\/span><\/strong><\/p>\n","protected":false},"featured_media":4081,"comment_status":"open","ping_status":"closed","template":"","meta":{"jetpack_publicize_message":"","jetpack_publicize_feature_enabled":true,"jetpack_social_post_already_shared":false,"jetpack_social_options":{"image_generator_settings":{"template":"highway","default_image_id":0,"font":"","enabled":false},"version":2}},"product_brand":[],"product_cat":[15],"product_tag":[31,36],"class_list":{"0":"post-4080","1":"product","2":"type-product","3":"status-publish","4":"has-post-thumbnail","6":"product_cat-diaboliques","7":"product_tag-collier","8":"product_tag-torque","9":"pa_ambiance-baroque","10":"pa_ambiance-elfique","11":"pa_ambiance-feerique","12":"pa_ambiance-futuriste","13":"pa_ambiance-gothique","14":"pa_ambiance-historique","15":"pa_ambiance-victorien","16":"pa_matiere-inox","17":"pa_ornement-labradorite","18":"pa_ornement-labradorite-violette","19":"pa_ornement-pierre-semi","21":"first","22":"instock","23":"featured","24":"sold-individually","25":"shipping-taxable","26":"purchasable","27":"product-type-simple"},"translation":{"provider":"WPGlobus","version":"3.0.2","language":"en","enabled_languages":["fr","en"],"languages":{"fr":{"title":true,"content":true,"excerpt":true},"en":{"title":false,"content":false,"excerpt":false}}},"jetpack_publicize_connections":[],"jetpack-related-posts":[],"jetpack_sharing_enabled":true,"jetpack_likes_enabled":true,"_links":{"self":[{"href":"https:\/\/www.altisfain.com\/en\/wp-json\/wp\/v2\/product\/4080","targetHints":{"allow":["GET"]}}],"collection":[{"href":"https:\/\/www.altisfain.com\/en\/wp-json\/wp\/v2\/product"}],"about":[{"href":"https:\/\/www.altisfain.com\/en\/wp-json\/wp\/v2\/types\/product"}],"replies":[{"embeddable":true,"href":"https:\/\/www.altisfain.com\/en\/wp-json\/wp\/v2\/comments?post=4080"}],"wp:featuredmedia":[{"embeddable":true,"href":"https:\/\/www.altisfain.com\/en\/wp-json\/wp\/v2\/media\/4081"}],"wp:attachment":[{"href":"https:\/\/www.altisfain.com\/en\/wp-json\/wp\/v2\/media?parent=4080"}],"wp:term":[{"taxonomy":"product_brand","embeddable":true,"href":"https:\/\/www.altisfain.com\/en\/wp-json\/wp\/v2\/product_brand?post=4080"},{"taxonomy":"product_cat","embeddable":true,"href":"https:\/\/www.altisfain.com\/en\/wp-json\/wp\/v2\/product_cat?post=4080"},{"taxonomy":"product_tag","embeddable":true,"href":"https:\/\/www.altisfain.com\/en\/wp-json\/wp\/v2\/product_tag?post=4080"}],"curies":[{"name":"wp","href":"https:\/\/api.w.org\/{rel}","templated":true}]}}