{"id":4064,"date":"2021-05-22T15:18:45","date_gmt":"2021-05-22T13:18:45","guid":{"rendered":"https:\/\/www.altisfain.com\/?post_type=product&#038;p=4064"},"modified":"2024-06-08T00:03:26","modified_gmt":"2024-06-07T22:03:26","slug":"collier-inox-les-diaboliques-la-fee-verte-malachite","status":"publish","type":"product","link":"https:\/\/www.altisfain.com\/en\/boutique\/diaboliques\/collier-inox-les-diaboliques-la-fee-verte-malachite\/","title":{"rendered":"Collier inox &#8220;Les Diaboliques: la F\u00e9e Verte&#8221; Malachite"},"content":{"rendered":"<p style=\"text-align: center;\">&#8220;Le mot na\u00eff et \u00e9tonn\u00e9 de la Borgh\u00e8se, quand on lui demanda comment elle avait bien pu poser nue devant Canova: \u00abmais l&#8217;atelier \u00e9tait chaud! il y avait un po\u00eale!\u00bb&#8221;<br \/>\nLes Diaboliques, Barbey d&#8217;Aurevilly.<\/p>\n<p style=\"text-align: center;\">Collection inspir\u00e9e de femmes, fictives ou historiques qui, \u00e0 tord ou \u00e0 raison, ont suscit\u00e9 accusations et calomnies et marqu\u00e9 l&#8217;Histoire ou les histoires par leur personnalit\u00e9 sulfureuse&#8230;..<\/p>\n<p style=\"text-align: center;\"><span class=\"VIiyi\" lang=\"fr\"><span class=\"JLqJ4b\" data-language-for-alternatives=\"fr\" data-language-to-translate-into=\"en\" data-phrase-index=\"0\">La \u00ab F\u00e9e Verte \u00bb est riche en significations et a pu alimenter les fantasmes et l&#8217;imaginaire de nombreuses personnes depuis son apparition \u00e0 la fin du XVIIIe si\u00e8cle. Ainsi, elle a influenc\u00e9 un certain nombre d&#8217;artistes qui l&#8217;on repr\u00e9sent\u00e9e sous les traits d&#8217;une f\u00e9e ensorceleuse.<br \/>\nL&#8217;absinthe \u00e9tait alors un bon moyen de sublimer son inspiration. Elle \u00e9tait d\u00e8s lors fascinante pour de nombreuses artistes d&#8217;autant plus que la boisson est devenue peu \u00e0 peu objet de critique de la part des autorit\u00e9s, des viticulteurs et autres ligues de temp\u00e9rances. Ces derni\u00e8res disaient de l&#8217;absinthe qu&#8217;elle \u00ab fait de l&#8217;homme une b\u00eate f\u00e9roce, de la femme une martyre, de l&#8217;enfant un d\u00e9g\u00e9n\u00e9r\u00e9, elle ruine la famille et l&#8217;avenir du pays. \u00bb De plus, sur les affiches annon\u00e7ant son interdiction, l&#8217;absinthe \u00e9tait \u00e0 l&#8217;\u00e9poque commun\u00e9ment repr\u00e9sent\u00e9e par une une f\u00e9e verte comme si la boisson avait une existence propre.<\/span><\/span><\/p>\n<p style=\"text-align: center;\"><strong>Collier inox articul\u00e9 serti griffe Malachite.<br \/>\nJeux de plaques inox martel\u00e9s et cisel\u00e9es main et soud\u00e9s argent aux motifs liquides.<br \/>\nCabochon forme goutte, Malachite de tr\u00e8s belle qualit\u00e9, teintes vertes fonc\u00e9es et claires.<br \/>\nDimension du cabochon: 4 cm par 3,7 cm. Dimension de la pi\u00e8ce centrale: 9 cm par 4,2 cm .<\/strong><\/p>\n<p style=\"text-align: center;\"><strong>Collier pi\u00e8ce unique, infiniment fantastique et elfique.<\/strong><\/p>\n<hr \/>\n<p style=\"text-align: center;\"><span class=\"VIiyi\" lang=\"en\"><span class=\"JLqJ4b\" data-language-for-alternatives=\"en\" data-language-to-translate-into=\"fr\" data-phrase-index=\"0\">&#8220;The naive and astonished word of the Borghese, when asked how she could have posed naked in front of Canova:&#8221; but the workshop was hot! There was a stove! &#8220;&#8221; Les Diaboliques, Barbey d&#8217;Aurevilly.<\/span><\/span><\/p>\n<p style=\"text-align: center;\"><span class=\"VIiyi\" lang=\"en\"><span class=\"JLqJ4b\" data-language-for-alternatives=\"en\" data-language-to-translate-into=\"fr\" data-phrase-index=\"0\">Collection inspired by women, fictional or historical who, rightly or wrongly, have aroused accusations and slanders and marked History or stories by their sulphurous personality &#8230;.. <\/span><\/span><\/p>\n<p style=\"text-align: center;\"><span class=\"VIiyi\" lang=\"en\"><span class=\"JLqJ4b\" data-language-for-alternatives=\"en\" data-language-to-translate-into=\"fr\" data-phrase-index=\"0\"><span class=\"JLqJ4b ChMk0b\" data-language-for-alternatives=\"en\" data-language-to-translate-into=\"fr\" data-phrase-index=\"2\">The \u201cGreen Fairy\u201d is rich in meanings and has been able to fuel the fantasies and imaginations of many people since its appearance at the end of the 18th century. Thus, she influenced a number of artists who represented her as a bewitching fairy. Absinthe was then a good way to sublimate his inspiration. It was therefore fascinating for many artists, all the more so as the drink gradually became the object of criticism from the authorities, winegrowers and other leagues of temperance. The latter said of absinthe that it &#8220;makes a man a ferocious beast, a woman a martyr, a child a degenerate, it ruins the family and the future of the country.&#8221; In addition, on posters announcing its ban, absinthe was at the time commonly represented by a green fairy as if the drink had an existence of its own.<\/span><\/span><\/span><\/p>\n<p style=\"text-align: center;\"><span class=\"VIiyi\" lang=\"en\"><span class=\"JLqJ4b\" data-language-for-alternatives=\"en\" data-language-to-translate-into=\"fr\" data-phrase-index=\"0\"><strong><span class=\"JLqJ4b ChMk0b\" data-language-for-alternatives=\"en\" data-language-to-translate-into=\"fr\" data-phrase-index=\"11\">Hinged stainless steel necklace set with Malachite claw. Sets of hand hammered and chiseled stainless steel plates and silver welded with liquid patterns. Cabochon in the shape of a drop, very good quality Malachite, dark and light green tints. Dimension of the cabochon: 4 cm by 3.7 cm. Dimension of the central piece: 9 cm by 4.2 cm. <\/span><\/strong> <\/span><\/span><\/p>\n<p style=\"text-align: center;\"><strong><span class=\"VIiyi\" lang=\"en\"><span class=\"JLqJ4b\" data-language-for-alternatives=\"en\" data-language-to-translate-into=\"fr\" data-phrase-index=\"0\">Unique piece necklace, infinitely fantastic and elven spirit.<\/span><\/span> <\/strong><\/p>\n<p>&nbsp;<\/p>\n","protected":false},"excerpt":{"rendered":"<p style=\"text-align: center;\"><strong>Collier\u00a0 inox style fantastique et serti Malachite.<br \/>\n<\/strong><\/p>\n<hr \/>\n<p style=\"text-align: center;\"><strong><span class=\"VIiyi\" lang=\"en\"><span class=\"JLqJ4b ChMk0b\" data-language-for-alternatives=\"en\" data-language-to-translate-into=\"fr\" data-phrase-index=\"0\">Medieval fantasy style stainless steel necklace with Malachite setting.<\/span><\/span> <\/strong><\/p>\n","protected":false},"featured_media":4065,"comment_status":"open","ping_status":"closed","template":"","meta":[],"product_brand":[],"product_cat":[15,221],"product_tag":[31],"class_list":{"0":"post-4064","1":"product","2":"type-product","3":"status-publish","4":"has-post-thumbnail","6":"product_cat-diaboliques","7":"product_cat-prix-doux","8":"product_tag-collier","9":"pa_ambiance-antique","10":"pa_ambiance-art-deco","11":"pa_ambiance-egyptien","12":"pa_ambiance-elfique","13":"pa_ambiance-feerique","14":"pa_ambiance-historique","15":"pa_matiere-inox","16":"pa_matiere-laiton","17":"pa_ornement-malachite","18":"pa_ornement-pierre-semi","20":"first","21":"instock","22":"sale","23":"featured","24":"sold-individually","25":"shipping-taxable","26":"purchasable","27":"product-type-simple"},"translation":{"provider":"WPGlobus","version":"3.0.2","language":"en","enabled_languages":["fr","en"],"languages":{"fr":{"title":true,"content":true,"excerpt":true},"en":{"title":false,"content":false,"excerpt":false}}},"jetpack-related-posts":[],"jetpack_sharing_enabled":true,"_links":{"self":[{"href":"https:\/\/www.altisfain.com\/en\/wp-json\/wp\/v2\/product\/4064","targetHints":{"allow":["GET"]}}],"collection":[{"href":"https:\/\/www.altisfain.com\/en\/wp-json\/wp\/v2\/product"}],"about":[{"href":"https:\/\/www.altisfain.com\/en\/wp-json\/wp\/v2\/types\/product"}],"replies":[{"embeddable":true,"href":"https:\/\/www.altisfain.com\/en\/wp-json\/wp\/v2\/comments?post=4064"}],"wp:featuredmedia":[{"embeddable":true,"href":"https:\/\/www.altisfain.com\/en\/wp-json\/wp\/v2\/media\/4065"}],"wp:attachment":[{"href":"https:\/\/www.altisfain.com\/en\/wp-json\/wp\/v2\/media?parent=4064"}],"wp:term":[{"taxonomy":"product_brand","embeddable":true,"href":"https:\/\/www.altisfain.com\/en\/wp-json\/wp\/v2\/product_brand?post=4064"},{"taxonomy":"product_cat","embeddable":true,"href":"https:\/\/www.altisfain.com\/en\/wp-json\/wp\/v2\/product_cat?post=4064"},{"taxonomy":"product_tag","embeddable":true,"href":"https:\/\/www.altisfain.com\/en\/wp-json\/wp\/v2\/product_tag?post=4064"}],"curies":[{"name":"wp","href":"https:\/\/api.w.org\/{rel}","templated":true}]}}