{"id":4053,"date":"2021-05-22T13:44:54","date_gmt":"2021-05-22T11:44:54","guid":{"rendered":"https:\/\/www.altisfain.com\/?post_type=product&#038;p=4053"},"modified":"2021-05-22T15:16:40","modified_gmt":"2021-05-22T13:16:40","slug":"collier-inox-aux-confins-des-mondes-cite-de-faillaise-labradorite","status":"publish","type":"product","link":"https:\/\/www.altisfain.com\/en\/boutique\/confins-monde\/collier-inox-aux-confins-des-mondes-cite-de-faillaise-labradorite\/","title":{"rendered":"Collier inox &#8220;Aux Confins des Mondes: cit\u00e9 de Faillaise&#8221; Labradorite"},"content":{"rendered":"<p style=\"text-align: center;\">&#8220;Nous go\u00fbtions la fra\u00eecheur, l&#8217;odeur, l&#8217;humidit\u00e9 qui renouvelaient notre chair. Nous \u00e9tions perdus aux confins du monde, car nous savions d\u00e9j\u00e0 que voyager c&#8217;est avant tout changer de chair.&#8221;<br \/>\nSaint-Exup\u00e9ry.<\/p>\n<p style=\"text-align: center;\">Faillaise est la capitale de la ch\u00e2tellerie de la Br\u00e8che. Elle est situ\u00e9e au sud-est de la ch\u00e2tellerie, \u00e0 l&#8217;extr\u00e9mit\u00e9 est du Lac Honrich, pr\u00e8s de la fronti\u00e8re de Morrowind et de Cyrodiil.<br \/>\nLa ville est connue pour abriter la c\u00e9l\u00e8bre Guilde des Voleurs op\u00e9rant depuis les \u00e9gouts de la cit\u00e9 dans un lieu appel\u00e9 &#8220;La Sourici\u00e8re&#8221; et qui se pr\u00e9sente comme une &#8220;ville sous la ville&#8221;.<br \/>\nParmi la population de Faillaise on retrouve une des familles la plus puissante et la plus influente de Bordeciel, la famille Roncenoir.<br \/>\nL&#8217;\u00e9conomie de Faillaise repose essentiellement sur la p\u00eache, la vente d&#8217;hydromel et de quelques objets artisanaux. Faillaise est une ville appauvrie dont le syst\u00e8me est corrompu par la pr\u00e9sence de la guilde des voleurs.<\/p>\n<p style=\"text-align: center;\"><b>Collier inox\u00a0 plastron \u00e9cusson serti griffe Labradorite.<br \/>\nJeux de plaques inox martel\u00e9s et lisses main et soud\u00e9s argent aux motifs esprit m\u00e9di\u00e9val fantastique.<br \/>\nCabochon forme ronde, Lapis Lazuli de tr\u00e8s belle qualit\u00e9, teintes jaune d&#8217;or, vertes et rayon bleu roi tr\u00e8s intense.<br \/>\nDimension du cabochon: 4,2 cm de diam\u00e8tre. Dimension du plastron: 9 cm par 10,5 cm .<br \/>\n<\/b><\/p>\n<p style=\"text-align: center;\"><b>Pi\u00e8ce unique, infiniment elfique et onirique!<\/b><\/p>\n<hr \/>\n<p style=\"text-align: center;\">&#8220;We taste the freshness, odor, moisture which renew our flesh. We were lost to the confines of the world, because we already knew that traveling is all about change of flesh.&#8221;<br \/>\nSaint-Exup\u00e9ry.<\/p>\n<p style=\"text-align: center;\"><span class=\"tlid-translation translation\" lang=\"en\"><span class=\"\" title=\"\"><span title=\"\"><span class=\"VIiyi\" lang=\"en\"><span class=\"JLqJ4b\" data-language-for-alternatives=\"en\" data-language-to-translate-into=\"fr\" data-phrase-index=\"0\"><span class=\"JLqJ4b ChMk0b\" data-language-for-alternatives=\"en\" data-language-to-translate-into=\"fr\" data-phrase-index=\"2\">Faillaise is the capital of the ch\u00e2tellerie de la Br\u00e8che. It is located southeast of the castle, at the eastern end of Lake Honrich, near the border of Morrowind and Cyrodiil. The city is known to house the famous Thieves Guild operating from the city sewers in a place called &#8220;La Sourici\u00e8re&#8221; and which presents itself as a &#8220;city under the city&#8221;. Among the population of Faillaise is one of the most powerful and influential families in Skyrim, the Roncenoir family. The economy of Faillaise is essentially based on fishing, the sale of mead and a few handicrafts. Faillaise is an impoverished city whose system is corrupted by the presence of the thieves&#8217; guild. <\/span><\/span><\/span><\/span><\/span><\/span><\/p>\n<p><strong><span class=\"tlid-translation translation\" lang=\"en\"><span title=\"\"><span class=\"VIiyi\" lang=\"en\"><span class=\"JLqJ4b ChMk0b\" data-language-for-alternatives=\"en\" data-language-to-translate-into=\"fr\" data-phrase-index=\"6\"><span class=\"JLqJ4b\" data-language-for-alternatives=\"en\" data-language-to-translate-into=\"fr\" data-phrase-index=\"0\">Stainless steel necklace with Labradorite claw-set crest. Sets of hand hammered and smooth stainless steel plates and silver welded with medieval fantasy motifs. Round cabochon, very good quality Lapis Lazuli, golden yellow hues, green and very intense royal blue ray. Dimension of the cabochon: 4.2 cm in diameter. Size of the plastron: 9 cm by 10.5 cm.<\/span><\/span><\/span><\/span><\/span><\/strong><\/p>\n<p><strong>Unique, infinitely elven, dreamlike!<\/strong><\/p>\n","protected":false},"excerpt":{"rendered":"<p style=\"text-align: center;\"><strong>Collier plastron inox et serti Labradorite, d&#8217;inspiration onirique et f\u00e9\u00e9rique.<\/strong><\/p>\n<hr \/>\n<p style=\"text-align: center;\"><strong><span class=\"tlid-translation translation\" lang=\"en\"><span class=\"\" title=\"\"><span class=\"VIiyi\" lang=\"en\"><span class=\"JLqJ4b ChMk0b\" data-language-for-alternatives=\"en\" data-language-to-translate-into=\"fr\" data-phrase-index=\"0\">Stainless steel choker necklace with Labradorite setting, dreamlike and magical inspiration.<\/span><\/span> <\/span><\/span><\/strong><\/p>\n","protected":false},"featured_media":4060,"comment_status":"open","ping_status":"closed","template":"","meta":[],"product_brand":[],"product_cat":[17],"product_tag":[31],"class_list":{"0":"post-4053","1":"product","2":"type-product","3":"status-publish","4":"has-post-thumbnail","6":"product_cat-confins-monde","7":"product_tag-collier","8":"pa_ambiance-elfique","9":"pa_ambiance-feerique","10":"pa_matiere-inox","11":"pa_ornement-labradorite","12":"pa_ornement-labradorite-bleue","13":"pa_ornement-labradorite-doree","14":"pa_ornement-pierre-semi","16":"first","17":"instock","18":"featured","19":"sold-individually","20":"shipping-taxable","21":"purchasable","22":"product-type-simple"},"translation":{"provider":"WPGlobus","version":"3.0.2","language":"en","enabled_languages":["fr","en"],"languages":{"fr":{"title":true,"content":true,"excerpt":true},"en":{"title":false,"content":false,"excerpt":false}}},"jetpack-related-posts":[],"jetpack_sharing_enabled":true,"_links":{"self":[{"href":"https:\/\/www.altisfain.com\/en\/wp-json\/wp\/v2\/product\/4053","targetHints":{"allow":["GET"]}}],"collection":[{"href":"https:\/\/www.altisfain.com\/en\/wp-json\/wp\/v2\/product"}],"about":[{"href":"https:\/\/www.altisfain.com\/en\/wp-json\/wp\/v2\/types\/product"}],"replies":[{"embeddable":true,"href":"https:\/\/www.altisfain.com\/en\/wp-json\/wp\/v2\/comments?post=4053"}],"wp:featuredmedia":[{"embeddable":true,"href":"https:\/\/www.altisfain.com\/en\/wp-json\/wp\/v2\/media\/4060"}],"wp:attachment":[{"href":"https:\/\/www.altisfain.com\/en\/wp-json\/wp\/v2\/media?parent=4053"}],"wp:term":[{"taxonomy":"product_brand","embeddable":true,"href":"https:\/\/www.altisfain.com\/en\/wp-json\/wp\/v2\/product_brand?post=4053"},{"taxonomy":"product_cat","embeddable":true,"href":"https:\/\/www.altisfain.com\/en\/wp-json\/wp\/v2\/product_cat?post=4053"},{"taxonomy":"product_tag","embeddable":true,"href":"https:\/\/www.altisfain.com\/en\/wp-json\/wp\/v2\/product_tag?post=4053"}],"curies":[{"name":"wp","href":"https:\/\/api.w.org\/{rel}","templated":true}]}}