{"id":4048,"date":"2021-05-22T13:32:00","date_gmt":"2021-05-22T11:32:00","guid":{"rendered":"https:\/\/www.altisfain.com\/?post_type=product&#038;p=4048"},"modified":"2021-05-22T13:43:13","modified_gmt":"2021-05-22T11:43:13","slug":"pendentif-inox-les-passages-celestes-la-danse-des-voiles-turquoise-darizona","status":"publish","type":"product","link":"https:\/\/www.altisfain.com\/en\/boutique\/les-passages-celestes\/pendentif-inox-les-passages-celestes-la-danse-des-voiles-turquoise-darizona\/","title":{"rendered":"Pendentif inox &#8220;les Passages C\u00e9lestes: la Danse des Voiles&#8221;, Turquoise d&#8217;Arizona"},"content":{"rendered":"<p style=\"text-align: center;\"><strong>\u201cSi la vie n&#8217;est qu&#8217;un passage, sur ce passage au moins semons des fleurs.\u201d<\/strong><br \/>\n<strong>Montaigne<\/strong><\/p>\n<p style=\"text-align: center;\"><strong>\u00ab Les Passages C\u00e9lestes \u00bb est une collection inspir\u00e9e des diff\u00e9rents portes conduisant \u00e0 des univers oniriques mais aussi personnels, des voies qui m\u00e8nent \u00e0 la pleine conscience de soi et du monde. Ces passerelles nous transportent vers des havres supr\u00eames, des finalit\u00e9s plus hautes, des buts ultimes. Ils touchent l&#8217;Histoire, la Spiritualit\u00e9, le Fantastique. Empruntons ces passages et nous entrons dans des contr\u00e9es intimes et fantaisistes.<\/strong><\/p>\n<p style=\"text-align: center;\"><strong><span class=\"ILfuVd NA6bn\"><span class=\"hgKElc\">La danse des 7 voiles est un des fantasmes attach\u00e9s \u00e0 la danse orientale. Elle est parfois reli\u00e9e \u00e0 la danse ex\u00e9cut\u00e9e par Salom\u00e9 pour H\u00e9rodote Antipas afin d\u2019obtenir la t\u00eate de Saint Jean-Baptiste. Il s\u2019agit en fait d\u2019une modification jud\u00e9o-chr\u00e9tienne d\u2019un mythe sum\u00e9rien bien plus ancien, dont la protagoniste est la d\u00e9esse Inanna, Ishtar en Akkadien.<br \/>\nD\u00e9esse des conflits et des inversions, elle d\u00e9cide un jour d\u2019aller taquiner sa s\u0153ur Ereshkigal d\u00e9esse des enfers, et de la d\u00e9tr\u00f4ner pour prendre sa place. Mais sa venue \u00e9veille la m\u00e9fiance d\u2019Ereshkigal qui lui demande de se d\u00e9faire d\u2019un v\u00eatement et d\u2019un bijou \u00e0 chacune des 7 portes menant au monde inf\u00e9rieur. Ainsi, Inanna\/Ishtar appara\u00eet nue et fragile devant sa s\u0153ur qui la fait mettre \u00e0 mort par les d\u00e9mons. Les dieux interc\u00e8dent \u00e0 temps, et obtiennent d\u2019Ereshkigal qu\u2019elle laisse partir sa s\u0153ur \u00e0 la condition qu\u2019elle lui envoie un autre dieu pour prendre sa place. Asperg\u00e9e des eaux de la vie, Inanna\/Ishtar revient \u00e0 la surface de la terre et choisi une de ses nombreuses conqu\u00eates pour la remplacer au royaume d\u2019Ereshkigal. Il s\u2019agit de Dumuzi, Tammuz pour les akkadiens, pasteur et h\u00e9ros mythique devenu dieu de fertilit\u00e9. La s\u0153ur du malheureux obtient qu\u2019Ereshkigal le laisse demeurer une moiti\u00e9 de l\u2019ann\u00e9e \u00e0 la surface du monde, tandis qu\u2019il passe l\u2019autre moiti\u00e9 aux enfers. Quand Dumuzi est \u00e0 la surface de la terre, la v\u00e9g\u00e9tation rena\u00eet.<\/span><\/span><\/strong><\/p>\n<p style=\"text-align: center;\">Collier inox ambiance Art Nouveau, chaine inox et pendentif serti pierre Turquoise d&#8217;Arizona.<br \/>\nCabochon de tr\u00e8s qualit\u00e9 exceptionnelle forme goutte, Turquoise d&#8217;Arizona de tr\u00e8s belle qualit\u00e9, bleue et tachet\u00e9e d&#8217;or.<br \/>\nChaine forme serpent, de 45 cm de long, avec chainette de rallonge termin\u00e9 par un entrelacs, afin de jouer sur la longueur du collier.<br \/>\nLongueur du pendentif: 6,5 cm.<br \/>\nLargeur du pendentif: 7,8 cm.<br \/>\nDimension du cabochon: 2,8 cm par 2,2 cm.<\/p>\n<p style=\"text-align: center;\">Pendentif infiniment mystique!!<\/p>\n<hr \/>\n<p style=\"text-align: center;\"><strong>&#8220;If life is only a passage, on this passage at least sow flowers.&#8221;<\/strong><br \/>\n<strong>Montaigne<\/strong><\/p>\n<p style=\"text-align: center;\"><strong>&#8220;The heavenly passages&#8221; is a collection inspired by the different doors leading to dreamlike but also personal worlds, paths that lead to the full awareness of oneself and the world. These bridges carry us to supreme havens, higher ends, ultimate goals. They touch History, Spirituality, Fantasy. Let&#8217;s take these passages and we enter intimate and fanciful countries.<\/strong><\/p>\n<div class=\"text-wrap tlid-copy-target\">\n<div class=\"text-wrap tlid-copy-target\">\n<p class=\"result-shield-container tlid-copy-target\" style=\"text-align: center;\" tabindex=\"0\"><strong><span class=\"VIiyi\" lang=\"en\"><span class=\"JLqJ4b ChMk0b\" data-language-for-alternatives=\"en\" data-language-to-translate-into=\"fr\" data-phrase-index=\"3\"><span class=\"JLqJ4b\" data-language-for-alternatives=\"en\" data-language-to-translate-into=\"fr\" data-phrase-index=\"0\">The dance of the 7 veils is one of the fantasies attached to oriental dance. It is sometimes connected with the dance performed by Salome for Herodotus Antipas in order to obtain the head of Saint John the Baptist. It is in fact a Judeo-Christian modification of a much older Sumerian myth, whose protagonist is the goddess Inanna, Ishtar in Akkadian. Goddess of conflicts and inversions, she decides one day to tease her sister Ereshkigal, goddess of the underworld, and to dethrone her to take her place. But his coming arouses suspicion in Ereshkigal who asks him to discard a garment and a jewel at each of the 7 doors leading to the lower world. Thus, Inanna \/ Ishtar appears naked and fragile in front of her sister who has her put to death by demons. The gods intercede in time, and get Ereshkigal to let her sister go on the condition that she send her another god to take her place. Sprayed with the waters of life, Inanna \/ Ishtar returns to the face of the earth and chooses one of her many conquests to replace it in the realm of Ereshkigal. It is about Dumuzi, Tammuz for the Akkadians, pastor and mythical hero turned god of fertility. The unfortunate&#8217;s sister gets Ereshkigal to let him stay half the year on the surface of the world, while he spends the other half in the underworld. When Dumuzi is on the surface of the earth, vegetation is reborn.<\/span><\/span><\/span><\/strong><\/p>\n<\/div>\n<\/div>\n<p><span class=\"tlid-translation translation\" lang=\"en\"><span title=\"\"><span class=\"VIiyi\" lang=\"en\"><span class=\"JLqJ4b ChMk0b\" data-language-for-alternatives=\"en\" data-language-to-translate-into=\"fr\" data-phrase-index=\"10\"><span class=\"JLqJ4b\" data-language-for-alternatives=\"en\" data-language-to-translate-into=\"fr\" data-phrase-index=\"0\">Stainless steel necklace with Art Nouveau atmosphere, stainless steel chain and pendant set with Arizona Turquoise stone. Cabochon of very exceptional quality, teardrop shape, Arizona Turquoise of very good quality, blue and spotted with gold. Snake-shaped chain, 45 cm long, with an extension chain ending in an interlacing, in order to play on the length of the necklace. Pendant length: 6.5 cm. Pendant width: 7.8 cm. Dimension of the cabochon: 2.8 cm by 2.2 cm.<\/span> <\/span><\/span><\/span><\/span><\/p>\n<p>Infinitely mystical style pendant !!<\/p>\n<p>&nbsp;<\/p>\n<p>&nbsp;<\/p>\n","protected":false},"excerpt":{"rendered":"<p style=\"text-align: center;\"><strong>Collier pendentif esprit Art Nouveau, serti Turquoise d&#8217;Arizona .<br \/>\n<\/strong><\/p>\n<p style=\"text-align: center;\"><strong>Infiniment mystique et onirique!<\/strong><\/p>\n<hr \/>\n<p style=\"text-align: center;\"><strong><span class=\"tlid-translation translation\" lang=\"en\"><span class=\"\" title=\"\">Art Nouveau spirit pendant necklace, set with Turquoise of Arizona .<\/span><\/span><\/strong><\/p>\n<p style=\"text-align: center;\"><strong><span class=\"\" title=\"\">Infinitely mystical and dreamlike!<\/span><\/strong><\/p>\n","protected":false},"featured_media":4049,"comment_status":"open","ping_status":"closed","template":"","meta":[],"product_brand":[],"product_cat":[130],"product_tag":[31,131],"class_list":{"0":"post-4048","1":"product","2":"type-product","3":"status-publish","4":"has-post-thumbnail","6":"product_cat-les-passages-celestes","7":"product_tag-collier","8":"product_tag-pendentif","9":"pa_ambiance-baroque","10":"pa_ambiance-celtique","11":"pa_ambiance-elfique","12":"pa_ambiance-feerique","13":"pa_ambiance-mystique","14":"pa_ambiance-victorien","15":"pa_matiere-inox","16":"pa_ornement-pierre-semi","17":"pa_ornement-turquoise","19":"first","20":"instock","21":"shipping-taxable","22":"purchasable","23":"product-type-simple"},"translation":{"provider":"WPGlobus","version":"3.0.2","language":"en","enabled_languages":["fr","en"],"languages":{"fr":{"title":true,"content":true,"excerpt":true},"en":{"title":false,"content":false,"excerpt":false}}},"jetpack-related-posts":[],"jetpack_sharing_enabled":true,"_links":{"self":[{"href":"https:\/\/www.altisfain.com\/en\/wp-json\/wp\/v2\/product\/4048","targetHints":{"allow":["GET"]}}],"collection":[{"href":"https:\/\/www.altisfain.com\/en\/wp-json\/wp\/v2\/product"}],"about":[{"href":"https:\/\/www.altisfain.com\/en\/wp-json\/wp\/v2\/types\/product"}],"replies":[{"embeddable":true,"href":"https:\/\/www.altisfain.com\/en\/wp-json\/wp\/v2\/comments?post=4048"}],"wp:featuredmedia":[{"embeddable":true,"href":"https:\/\/www.altisfain.com\/en\/wp-json\/wp\/v2\/media\/4049"}],"wp:attachment":[{"href":"https:\/\/www.altisfain.com\/en\/wp-json\/wp\/v2\/media?parent=4048"}],"wp:term":[{"taxonomy":"product_brand","embeddable":true,"href":"https:\/\/www.altisfain.com\/en\/wp-json\/wp\/v2\/product_brand?post=4048"},{"taxonomy":"product_cat","embeddable":true,"href":"https:\/\/www.altisfain.com\/en\/wp-json\/wp\/v2\/product_cat?post=4048"},{"taxonomy":"product_tag","embeddable":true,"href":"https:\/\/www.altisfain.com\/en\/wp-json\/wp\/v2\/product_tag?post=4048"}],"curies":[{"name":"wp","href":"https:\/\/api.w.org\/{rel}","templated":true}]}}