{"id":3985,"date":"2021-04-14T18:16:23","date_gmt":"2021-04-14T16:16:23","guid":{"rendered":"https:\/\/www.altisfain.com\/?post_type=product&#038;p=3985"},"modified":"2023-04-10T12:02:20","modified_gmt":"2023-04-10T10:02:20","slug":"pendentif-inox-les-passages-celestes-le-crepuscule-des-dieux-labradorite","status":"publish","type":"product","link":"https:\/\/www.altisfain.com\/en\/boutique\/non-classe\/pendentif-inox-les-passages-celestes-le-crepuscule-des-dieux-labradorite\/","title":{"rendered":"Pendentif inox &#8220;les Passages C\u00e9lestes: le Cr\u00e9puscule des Dieux&#8221;, Labradorite"},"content":{"rendered":"<p style=\"text-align: center;\"><strong>\u201cSi la vie n&#8217;est qu&#8217;un passage, sur ce passage au moins semons des fleurs.\u201d<\/strong><br \/>\n<strong>Montaigne<\/strong><\/p>\n<p style=\"text-align: center;\"><strong>\u00ab Les Passages C\u00e9lestes \u00bb est une collection inspir\u00e9e des diff\u00e9rents portes conduisant \u00e0 des univers oniriques mais aussi personnels, des voies qui m\u00e8nent \u00e0 la pleine conscience de soi et du monde. Ces passerelles nous transportent vers des havres supr\u00eames, des finalit\u00e9s plus hautes, des buts ultimes. Ils touchent l&#8217;Histoire, la Spiritualit\u00e9, le Fantastique. Empruntons ces passages et nous entrons dans des contr\u00e9es intimes et fantaisistes.<\/strong><\/p>\n<p style=\"text-align: center;\"><strong>Avec \u00ab Le Cr\u00e9puscule des Dieux \u00bb, Wagner cl\u00f4t l\u2019Anneau du Nibelung, cette longue histoire d\u2019apocalypse, racont\u00e9e tout au long des seize heures d\u2019un grandiose \u00ab festival sc\u00e9nique \u00bb.<\/strong><br \/>\n<strong>Prisonniers de leur destin, les h\u00e9ros de cette troisi\u00e8me journ\u00e9e, s\u2019enfoncent vers la mort dans une sorte de chevauch\u00e9e fantastique, o\u00f9 s\u2019encha\u00eenent, \u00e9v\u00e8nements tragiques et machinations diaboliques, vers l\u2019implacable fin d\u2019un monde, annonc\u00e9e d\u00e8s le d\u00e9but de la T\u00e9tralogie.<\/strong><\/p>\n<p style=\"text-align: center;\">Collier inox ambiance nordique, chaine inox et pendentif serti pierre Labradorite.<br \/>\nCabochon de tr\u00e8s qualit\u00e9 exceptionnelle forme ronde, labradorite noire, violette, dor\u00e9e, bleue et verte en tache.<br \/>\nChaine forme serpent, de 45 cm de long, avec chainette de rallonge termin\u00e9 par un entrelacs, afin de jouer sur la longueur du collier.<br \/>\nLongueur du pendentif: 6,5 cm.<br \/>\nLargeur du pendentif: 5 cm.<br \/>\nDimension du cabochon: 2,9 cm de diam\u00e8tre.<\/p>\n<p style=\"text-align: center;\">Pendentif infiniment elfique et mystique!!<\/p>\n<hr \/>\n<p style=\"text-align: center;\"><strong>&#8220;If life is only a passage, on this passage at least sow flowers.&#8221;<\/strong><br \/>\n<strong>Montaigne<\/strong><\/p>\n<p style=\"text-align: center;\"><strong>&#8220;The heavenly passages&#8221; is a collection inspired by the different doors leading to dreamlike but also personal worlds, paths that lead to the full awareness of oneself and the world. These bridges carry us to supreme havens, higher ends, ultimate goals. They touch History, Spirituality, Fantasy. Let&#8217;s take these passages and we enter intimate and fanciful countries.<\/strong><\/p>\n<div class=\"text-wrap tlid-copy-target\">\n<div class=\"text-wrap tlid-copy-target\">\n<p class=\"result-shield-container tlid-copy-target\" style=\"text-align: center;\" tabindex=\"0\"><strong><span class=\"VIiyi\" lang=\"en\"><span class=\"JLqJ4b ChMk0b\" data-language-for-alternatives=\"en\" data-language-to-translate-into=\"fr\" data-phrase-index=\"3\"><span class=\"JLqJ4b\" data-language-for-alternatives=\"en\" data-language-to-translate-into=\"fr\" data-phrase-index=\"0\">With &#8220;The Twilight of the Gods&#8221;, Wagner closes the Ring of Nibelung, this long story of the apocalypse, told throughout the sixteen hours of a grandiose &#8220;scenic festival&#8221;. Prisoners of their destiny, the heroes of this third day, plunge towards death in a kind of fantastic ride, where tragic events and diabolical machinations are linked, towards the implacable end of a world, announced from the beginning. of the Tetralogy. <\/span><\/span><\/span><\/strong><\/p>\n<\/div>\n<\/div>\n<p><span class=\"tlid-translation translation\" lang=\"en\"><span title=\"\"><span class=\"VIiyi\" lang=\"en\"><span class=\"JLqJ4b ChMk0b\" data-language-for-alternatives=\"en\" data-language-to-translate-into=\"fr\" data-phrase-index=\"10\">Nordic style stainless steel necklace, stainless steel chain and pendant set with Labradorite stone. Cabochon of very exceptional quality, round shape, black, purple, golden, blue and green labradorite in stain. Snake-shaped chain, 45 cm long, with an extension chain ending in an interlacing, in order to play on the length of the necklace. Pendant length: 6.5 cm. Pendant width: 5 cm. Dimension of the cabochon: 2.9 cm in diameter. <\/span><\/span><\/span><\/span><\/p>\n<p>Infinitely elven and mystical pendant !!<\/p>\n<p>&nbsp;<\/p>\n<p>&nbsp;<\/p>\n","protected":false},"excerpt":{"rendered":"<p style=\"text-align: center;\"><strong>Collier pendentif esprit elfique, serti Labradorite .<br \/>\n<\/strong><\/p>\n<p style=\"text-align: center;\"><strong>Infiniment mystique et onirique!<\/strong><\/p>\n<hr \/>\n<p style=\"text-align: center;\"><strong><span class=\"tlid-translation translation\" lang=\"en\"><span class=\"\" title=\"\">Elven spirit pendant necklace, set with Labradorite .<\/span><\/span><\/strong><\/p>\n<p style=\"text-align: center;\"><strong><span class=\"\" title=\"\">Infinitely mystical and dreamlike!<\/span><\/strong><\/p>\n","protected":false},"featured_media":3986,"comment_status":"open","ping_status":"closed","template":"","meta":[],"product_brand":[],"product_cat":[46,130],"product_tag":[31,131],"class_list":{"0":"post-3985","1":"product","2":"type-product","3":"status-publish","4":"has-post-thumbnail","6":"product_cat-non-classe","7":"product_cat-les-passages-celestes","8":"product_tag-collier","9":"product_tag-pendentif","10":"pa_ambiance-baroque","11":"pa_ambiance-celtique","12":"pa_ambiance-elfique","13":"pa_ambiance-feerique","14":"pa_ambiance-mystique","15":"pa_ambiance-victorien","16":"pa_matiere-inox","17":"pa_ornement-labradorite-bleue","18":"pa_ornement-labradorite-doree","19":"pa_ornement-labradorite-grise","20":"pa_ornement-labradorite-verte","21":"pa_ornement-labradorite-violette","22":"pa_ornement-pierre-semi","24":"first","25":"instock","26":"shipping-taxable","27":"purchasable","28":"product-type-simple"},"translation":{"provider":"WPGlobus","version":"3.0.2","language":"en","enabled_languages":["fr","en"],"languages":{"fr":{"title":true,"content":true,"excerpt":true},"en":{"title":false,"content":false,"excerpt":false}}},"jetpack-related-posts":[],"jetpack_sharing_enabled":true,"_links":{"self":[{"href":"https:\/\/www.altisfain.com\/en\/wp-json\/wp\/v2\/product\/3985","targetHints":{"allow":["GET"]}}],"collection":[{"href":"https:\/\/www.altisfain.com\/en\/wp-json\/wp\/v2\/product"}],"about":[{"href":"https:\/\/www.altisfain.com\/en\/wp-json\/wp\/v2\/types\/product"}],"replies":[{"embeddable":true,"href":"https:\/\/www.altisfain.com\/en\/wp-json\/wp\/v2\/comments?post=3985"}],"wp:featuredmedia":[{"embeddable":true,"href":"https:\/\/www.altisfain.com\/en\/wp-json\/wp\/v2\/media\/3986"}],"wp:attachment":[{"href":"https:\/\/www.altisfain.com\/en\/wp-json\/wp\/v2\/media?parent=3985"}],"wp:term":[{"taxonomy":"product_brand","embeddable":true,"href":"https:\/\/www.altisfain.com\/en\/wp-json\/wp\/v2\/product_brand?post=3985"},{"taxonomy":"product_cat","embeddable":true,"href":"https:\/\/www.altisfain.com\/en\/wp-json\/wp\/v2\/product_cat?post=3985"},{"taxonomy":"product_tag","embeddable":true,"href":"https:\/\/www.altisfain.com\/en\/wp-json\/wp\/v2\/product_tag?post=3985"}],"curies":[{"name":"wp","href":"https:\/\/api.w.org\/{rel}","templated":true}]}}