{"id":3979,"date":"2021-04-14T18:06:24","date_gmt":"2021-04-14T16:06:24","guid":{"rendered":"https:\/\/www.altisfain.com\/?post_type=product&#038;p=3979"},"modified":"2022-05-05T18:25:19","modified_gmt":"2022-05-05T16:25:19","slug":"pendentif-inox-les-passages-celestes-les-envolees-lyriques-labradorite","status":"publish","type":"product","link":"https:\/\/www.altisfain.com\/en\/boutique\/non-classe\/pendentif-inox-les-passages-celestes-les-envolees-lyriques-labradorite\/","title":{"rendered":"Pendentif inox &#8220;les Passages C\u00e9lestes: les Envol\u00e9es Lyriques&#8221;, Labradorite"},"content":{"rendered":"<p style=\"text-align: center; padding-left: 30px;\"><strong>\u201cSi la vie n&#8217;est qu&#8217;un passage, sur ce passage au moins semons des fleurs.\u201d<\/strong><br \/>\n<strong>Montaigne<\/strong><\/p>\n<p style=\"text-align: center;\"><strong>\u00ab Les Passages C\u00e9lestes \u00bb est une collection inspir\u00e9e des diff\u00e9rents portes conduisant \u00e0 des univers oniriques mais aussi personnels, des voies qui m\u00e8nent \u00e0 la pleine conscience de soi et du monde. Ces passerelles nous transportent vers des havres supr\u00eames, des finalit\u00e9s plus hautes, des buts ultimes. Ils touchent l&#8217;Histoire, la Spiritualit\u00e9, le Fantastique. Empruntons ces passages et nous entrons dans des contr\u00e9es intimes et fantaisistes.<\/strong><\/p>\n<p style=\"text-align: center;\"><strong>C&#8217;est une figure de style assez rare, et \u00e0 ce titre remarquable.<\/strong><br \/>\n<strong>C&#8217;est le contraire m\u00eame du style litt\u00e9raire maraboutique, qui veut que le texte ne soit que la reprise de formules, de phrases, de mots, d\u00e9j\u00e0 employ\u00e9s des centaines de fois.<\/strong><\/p>\n<p style=\"text-align: center;\"><strong>L&#8217;Envol\u00e9e Lyrique, c&#8217;est le marabout qui, pris d&#8217;un acc\u00e8s de confiance en soi irr\u00e9pressible, assailli d&#8217;une soudaine verve po\u00e9tique, se lance dans une tirade litt\u00e9raire compl\u00e8tement innovante, voire improvis\u00e9e. Il fait oeuvre de cr\u00e9ation, se dresse fi\u00e8rement parmi ses pairs, tel un Spartacus du prospectus refusant de se laisser dicter son texte par les us et coutumes. Il se l\u00e2che.<\/strong><\/p>\n<p style=\"text-align: center;\">Collier inox ambiance art nouveau, chaine inox et pendentif serti pierre Labradorite.<br \/>\nCabochon de tr\u00e8s qualit\u00e9 exceptionnelle forme ronde, labradorite stri\u00e9e argent\u00e9e, bleue et verte.<br \/>\nChaine forme serpent, de 45 cm de long, avec chainette de rallonge termin\u00e9 par un entrelacs, afin de jouer sur la longueur du collier.<br \/>\nLongueur du pendentif: 5,5 cm.<br \/>\nLargeur du pendentif: 6,8 cm.<br \/>\nDimension du cabochon: 3,1 cm de diam\u00e8tre.<\/p>\n<p style=\"text-align: center;\">Pendentif infiniment elfique et mystique!!<\/p>\n<hr \/>\n<p style=\"text-align: center;\"><strong>&#8220;If life is only a passage, on this passage at least sow flowers.&#8221;<\/strong><br \/>\n<strong>Montaigne<\/strong><\/p>\n<p style=\"text-align: center;\"><strong>&#8220;The heavenly passages&#8221; is a collection inspired by the different doors leading to dreamlike but also personal worlds, paths that lead to the full awareness of oneself and the world. These bridges carry us to supreme havens, higher ends, ultimate goals. They touch History, Spirituality, Fantasy. Let&#8217;s take these passages and we enter intimate and fanciful countries.<\/strong><\/p>\n<div class=\"text-wrap tlid-copy-target\">\n<div class=\"text-wrap tlid-copy-target\">\n<p class=\"result-shield-container tlid-copy-target\" style=\"text-align: center;\" tabindex=\"0\"><strong><span class=\"VIiyi\" lang=\"en\"><span class=\"JLqJ4b ChMk0b\" data-language-for-alternatives=\"en\" data-language-to-translate-into=\"fr\" data-phrase-index=\"3\"><span class=\"JLqJ4b\" data-language-for-alternatives=\"en\" data-language-to-translate-into=\"fr\" data-phrase-index=\"0\">It is a rather rare figure of speech, and for this reason remarkable. It is the very opposite of the maraboutic literary style, which wants the text to be only the resumption of formulas, sentences, words, already used hundreds of times. L&#8217;Envol\u00e9e Lyrique is the marabout who, seized with a fit of irrepressible self-confidence, assailed by a sudden poetic verve, launches into a completely innovative, even improvised literary tirade. He creates a work of creation, stands proudly among his peers, like a Spartacus from the prospectus refusing to allow his text to be dictated by habits and customs. He lets go. <\/span><\/span><\/span><\/strong><\/p>\n<\/div>\n<\/div>\n<p><span class=\"tlid-translation translation\" lang=\"en\"><span title=\"\"><span class=\"VIiyi\" lang=\"en\"><span class=\"JLqJ4b ChMk0b\" data-language-for-alternatives=\"en\" data-language-to-translate-into=\"fr\" data-phrase-index=\"10\">Stainless steel necklace with art nouveau atmosphere, stainless steel chain and pendant set with Labradorite stone. Cabochon of exceptional quality, round shape, silver, blue and green streaked labradorite. Snake-shaped chain, 45 cm long, with an extension chain ending in an interlacing, in order to play on the length of the necklace. Pendant length: 5.5 cm. Pendant width: 6.8 cm. Dimension of the cabochon: 3.1 cm in diameter. <\/span><\/span><\/span><\/span><\/p>\n<p>Infinitely elven and mystical pendant !!<\/p>\n<p>&nbsp;<\/p>\n<p>&nbsp;<\/p>\n","protected":false},"excerpt":{"rendered":"<p style=\"text-align: center;\"><strong>Collier pendentif esprit elfique, serti Labradorite .<br \/>\n<\/strong><\/p>\n<p style=\"text-align: center;\"><strong>Infiniment mystique et onirique!<\/strong><\/p>\n<hr \/>\n<p style=\"text-align: center;\"><strong><span class=\"tlid-translation translation\" lang=\"en\"><span class=\"\" title=\"\">Elven spirit pendant necklace, set with Labradorite .<\/span><\/span><\/strong><\/p>\n<p style=\"text-align: center;\"><strong><span class=\"\" title=\"\">Infinitely mystical and dreamlike!<\/span><\/strong><\/p>\n","protected":false},"featured_media":3981,"comment_status":"open","ping_status":"closed","template":"","meta":[],"product_brand":[],"product_cat":[46,130],"product_tag":[31,131],"class_list":{"0":"post-3979","1":"product","2":"type-product","3":"status-publish","4":"has-post-thumbnail","6":"product_cat-non-classe","7":"product_cat-les-passages-celestes","8":"product_tag-collier","9":"product_tag-pendentif","10":"pa_ambiance-baroque","11":"pa_ambiance-celtique","12":"pa_ambiance-elfique","13":"pa_ambiance-feerique","14":"pa_ambiance-mystique","15":"pa_ambiance-victorien","16":"pa_matiere-inox","17":"pa_ornement-labradorite-argentee","18":"pa_ornement-labradorite-bleue","19":"pa_ornement-labradorite-verte","20":"pa_ornement-pierre-semi","22":"first","23":"instock","24":"sale","25":"shipping-taxable","26":"purchasable","27":"product-type-simple"},"translation":{"provider":"WPGlobus","version":"3.0.2","language":"en","enabled_languages":["fr","en"],"languages":{"fr":{"title":true,"content":true,"excerpt":true},"en":{"title":false,"content":false,"excerpt":false}}},"jetpack-related-posts":[],"jetpack_sharing_enabled":true,"_links":{"self":[{"href":"https:\/\/www.altisfain.com\/en\/wp-json\/wp\/v2\/product\/3979","targetHints":{"allow":["GET"]}}],"collection":[{"href":"https:\/\/www.altisfain.com\/en\/wp-json\/wp\/v2\/product"}],"about":[{"href":"https:\/\/www.altisfain.com\/en\/wp-json\/wp\/v2\/types\/product"}],"replies":[{"embeddable":true,"href":"https:\/\/www.altisfain.com\/en\/wp-json\/wp\/v2\/comments?post=3979"}],"wp:featuredmedia":[{"embeddable":true,"href":"https:\/\/www.altisfain.com\/en\/wp-json\/wp\/v2\/media\/3981"}],"wp:attachment":[{"href":"https:\/\/www.altisfain.com\/en\/wp-json\/wp\/v2\/media?parent=3979"}],"wp:term":[{"taxonomy":"product_brand","embeddable":true,"href":"https:\/\/www.altisfain.com\/en\/wp-json\/wp\/v2\/product_brand?post=3979"},{"taxonomy":"product_cat","embeddable":true,"href":"https:\/\/www.altisfain.com\/en\/wp-json\/wp\/v2\/product_cat?post=3979"},{"taxonomy":"product_tag","embeddable":true,"href":"https:\/\/www.altisfain.com\/en\/wp-json\/wp\/v2\/product_tag?post=3979"}],"curies":[{"name":"wp","href":"https:\/\/api.w.org\/{rel}","templated":true}]}}