{"id":3923,"date":"2021-03-15T20:12:51","date_gmt":"2021-03-15T19:12:51","guid":{"rendered":"https:\/\/www.altisfain.com\/?post_type=product&#038;p=3923"},"modified":"2021-03-15T20:35:34","modified_gmt":"2021-03-15T19:35:34","slug":"collier-laiton-les-diaboliques-la-belle-otero-labradorite-peristerite","status":"publish","type":"product","link":"https:\/\/www.altisfain.com\/en\/boutique\/diaboliques\/collier-laiton-les-diaboliques-la-belle-otero-labradorite-peristerite\/","title":{"rendered":"Collier laiton &#8220;Les Diaboliques: la Belle Otero&#8221; Labradorite Peristerite"},"content":{"rendered":"<p style=\"text-align: center;\">&#8220;Le mot na\u00eff et \u00e9tonn\u00e9 de la Borgh\u00e8se, quand on lui demanda comment elle avait bien pu poser nue devant Canova: \u00abmais l&#8217;atelier \u00e9tait chaud! il y avait un po\u00eale!\u00bb&#8221;<br \/>\nLes Diaboliques, Barbey d&#8217;Aurevilly.<\/p>\n<p style=\"text-align: center;\">Collection inspir\u00e9e de femmes, fictives ou historiques qui, \u00e0 tord ou \u00e0 raison, ont suscit\u00e9 accusations et calomnies et marqu\u00e9 l&#8217;Histoire ou les histoires par leur personnalit\u00e9 sulfureuse&#8230;..<\/p>\n<p style=\"text-align: center;\">Elle a \u00e9t\u00e9 tour \u00e0 tour chanteuse, danseuse et courtisane\u2026 Personnage f\u00e9minin incontournable de la Belle \u00c9poque, Caroline Otero, a une histoire tr\u00e8s \u00e9troite avec la Principaut\u00e9. N\u00e9e en Espagne en 1868 dans une famille tr\u00e8s pauvre, Agustina Otero Iglesias (de son vrai nom), vit une enfance et une adolescence marqu\u00e9es par la mis\u00e8re et la violence. D\u00e8s l\u2019\u00e2ge de 12 ans, elle danse dans les rues, les auberges et les cabarets pour subvenir \u00e0 ses besoins.\u00a0 A 21 ans, nouveau tournant. Elle d\u00e9barque dans la capitale fran\u00e7aise et d\u00e9bute sa carri\u00e8re au Cirque d\u2019\u00e9t\u00e9 et au Grand V\u00e9four. C\u2019est l\u00e0 que les journalistes surnomment cette femme fatale \u201cLa Belle Otero\u201d. Une belle qui affole le Tout-Paris et qui fait bien des ravages aupr\u00e8s des hommes\u2026 En effet, certains de ses amants malheureux se suicident. D\u2019autres rivaux se provoqueront en duel. Et lors de ses nombreuses tourn\u00e9es, elle s\u00e9duit tous les messieurs les plus puissants de l\u2019\u00e9poque\u2009: des rois, des aristocrates, des \u00e9crivains ou encore des hommes politiques. . En 1915, alors qu\u2019elle est au sommet de sa gloire, la quadrag\u00e9naire quitte les planches pour laisser d\u2019elle le souvenir d\u2019une femme encore jeune et d\u00e9sirable. Elle s\u2019installe \u00e0 Nice, et acquiert un manoir, qu\u2019elle ne parviendra cependant pas \u00e0 conserver. Le d\u00e9mon du jeu la gagne \u00e0 nouveau et La belle Ot\u00e9ro dilapide des sommes faramineuses \u00e0 Monaco. <em>\u00ab\u202fElle passe son temps au Casino, accumule les pertes et sombre dans la ruine. <\/em>L\u2019ancienne ma\u00eetresse de nombreuses t\u00eates couronn\u00e9es d\u00e9c\u00e8de \u00e0 86 ans d\u2019une crise cardiaque, dans le plus complet d\u00e9nuement, seule et sans un sou.<\/p>\n<p style=\"text-align: center;\"><strong>Collier laiton et inox, chaine inox maillons forme rectangle avec travail de martelage plaque laiton soud\u00e9e argent.<\/strong><br \/>\n<strong>Serti griffe pierre goutte Labradorite blanche aux reflets g\u00e9om\u00e9triques bleus et dor\u00e9s, mont\u00e9e sur une plaque inox martel\u00e9e sable et entour\u00e9e de palmettes martel\u00e9es laiton. Un petit motif inox et laiton sur feuilles de palmette retient le pendentif dans un style typiquement Art Nouveau.<\/strong><br \/>\n<strong>Vernis haute r\u00e9sistance aspect satin\u00e9.<\/strong><br \/>\n<strong>Attache pendentif et chainette de rallonge termin\u00e9e par entrelacs qui permet de jouer sur la longueur du collier.<\/strong><br \/>\n<strong>Dimension du cabochon: 3,2 cm par 1,9 cm. Dimension de la pi\u00e8ce centrale: 6,8 cm par 5,5 cm. Dimension du petit motif sup\u00e9rieur: 2,5 cm par 3 cm.<br \/>\n<\/strong><\/p>\n<p style=\"text-align: center;\"><strong>Collier pi\u00e8ce unique, infiniment art nouveau.<\/strong><\/p>\n<hr \/>\n<p style=\"text-align: center;\"><span class=\"VIiyi\" lang=\"en\"><span class=\"JLqJ4b\" data-language-for-alternatives=\"en\" data-language-to-translate-into=\"fr\" data-phrase-index=\"0\">&#8220;The naive and astonished word of the Borghese, when asked how she could have posed naked in front of Canova:&#8221; but the workshop was hot! There was a stove! &#8220;&#8221; Les Diaboliques, Barbey d&#8217;Aurevilly.<\/span><\/span><\/p>\n<p style=\"text-align: center;\"><span class=\"VIiyi\" lang=\"en\"><span class=\"JLqJ4b\" data-language-for-alternatives=\"en\" data-language-to-translate-into=\"fr\" data-phrase-index=\"0\">Collection inspired by women, fictional or historical who, rightly or wrongly, have aroused accusations and slanders and marked History or stories by their sulphurous personality &#8230;.. <\/span><\/span><\/p>\n<p style=\"text-align: center;\"><span class=\"VIiyi\" lang=\"en\"><span class=\"JLqJ4b\" data-language-for-alternatives=\"en\" data-language-to-translate-into=\"fr\" data-phrase-index=\"0\">She was alternately singer, dancer and courtesan\u2026 A key female figure of the Belle \u00c9poque, Caroline Otero, has a very close history with the Principality. Born in Spain in 1868 into a very poor family, Agustina Otero Iglesias (her real name), lived a childhood and adolescence marked by poverty and violence. From the age of 12, she dances in the streets, inns and cabarets to support herself. At 21, a new turning point. She landed in the French capital and began her career at the Cirque d&#8217;\u00c9t\u00e9 and Le Grand V\u00e9four. This is where journalists nicknamed this femme fatale &#8220;La Belle Otero&#8221;. A beautiful woman who panics all of Paris and who wreaks havoc with men &#8230; Indeed, some of her unhappy lovers commit suicide. Other rivals will challenge each other. And during her numerous tours, she seduced all the most powerful gentlemen of the time: kings, aristocrats, writers and even politicians. . In 1915, when she was at the height of her fame, the 40-year-old left the stage to be remembered as a still young and desirable woman. She settles in Nice, and acquires a mansion, which she will not however manage to keep. The demon of the game wins her again and La belle Ot\u00e9ro squanders huge sums of money in Monaco. \u201cShe spends her time at the Casino, accumulating losses and sinking into ruin. The former mistress of many crowned heads dies at the age of 86 of a heart attack, in utter destitution, alone and penniless.<\/span><\/span><\/p>\n<p style=\"text-align: center;\"><span class=\"VIiyi\" lang=\"en\"><span class=\"JLqJ4b\" data-language-for-alternatives=\"en\" data-language-to-translate-into=\"fr\" data-phrase-index=\"0\"><strong>Brass and stainless steel necklace, stainless steel chain with rectangle shaped links with hammering work on silver welded brass plate. White Labradorite drop stone claw setting with blue and gold geometric reflections, mounted on a sand hammered stainless steel plate and surrounded by hammered brass palmettes. A small stainless steel and brass motif on palm leaves holds the pendant in a typical Art Nouveau style. High resistance satin finish varnish. Pendant attachment and extension chain terminated by interlacing which allows to play on the length of the necklace. Dimension of the cabochon: 3.2 cm by 1.9 cm. Dimension of the central piece: 6.8 cm by 5.5 cm. Dimension of the small upper motif: 2.5 cm by 3 cm.<\/strong> <\/span><\/span><\/p>\n<p style=\"text-align: center;\"><strong><span class=\"VIiyi\" lang=\"en\"><span class=\"JLqJ4b\" data-language-for-alternatives=\"en\" data-language-to-translate-into=\"fr\" data-phrase-index=\"0\">Unique piece necklace, infinitely art nouveau.<\/span><\/span> <\/strong><\/p>\n<p>&nbsp;<\/p>\n","protected":false},"excerpt":{"rendered":"<p style=\"text-align: center;\"><strong>Collier laiton et inox style plongeant et serti Peristerite Labradorite blanche, esprit Art Nouveau.<br \/>\n<\/strong><\/p>\n","protected":false},"featured_media":3924,"comment_status":"open","ping_status":"closed","template":"","meta":[],"product_brand":[],"product_cat":[15],"product_tag":[31],"class_list":{"0":"post-3923","1":"product","2":"type-product","3":"status-publish","4":"has-post-thumbnail","6":"product_cat-diaboliques","7":"product_tag-collier","8":"pa_ambiance-antique","9":"pa_ambiance-celtique","10":"pa_ambiance-egyptien","11":"pa_ambiance-elfique","12":"pa_ambiance-feerique","13":"pa_ambiance-historique","14":"pa_matiere-inox","15":"pa_matiere-laiton","16":"pa_ornement-labradorite-blanche","17":"pa_ornement-peristerite","18":"pa_ornement-pierre-semi","20":"first","21":"instock","22":"featured","23":"sold-individually","24":"shipping-taxable","25":"purchasable","26":"product-type-simple"},"translation":{"provider":"WPGlobus","version":"3.0.2","language":"en","enabled_languages":["fr","en"],"languages":{"fr":{"title":true,"content":true,"excerpt":true},"en":{"title":false,"content":false,"excerpt":false}}},"jetpack-related-posts":[],"jetpack_sharing_enabled":true,"_links":{"self":[{"href":"https:\/\/www.altisfain.com\/en\/wp-json\/wp\/v2\/product\/3923","targetHints":{"allow":["GET"]}}],"collection":[{"href":"https:\/\/www.altisfain.com\/en\/wp-json\/wp\/v2\/product"}],"about":[{"href":"https:\/\/www.altisfain.com\/en\/wp-json\/wp\/v2\/types\/product"}],"replies":[{"embeddable":true,"href":"https:\/\/www.altisfain.com\/en\/wp-json\/wp\/v2\/comments?post=3923"}],"wp:featuredmedia":[{"embeddable":true,"href":"https:\/\/www.altisfain.com\/en\/wp-json\/wp\/v2\/media\/3924"}],"wp:attachment":[{"href":"https:\/\/www.altisfain.com\/en\/wp-json\/wp\/v2\/media?parent=3923"}],"wp:term":[{"taxonomy":"product_brand","embeddable":true,"href":"https:\/\/www.altisfain.com\/en\/wp-json\/wp\/v2\/product_brand?post=3923"},{"taxonomy":"product_cat","embeddable":true,"href":"https:\/\/www.altisfain.com\/en\/wp-json\/wp\/v2\/product_cat?post=3923"},{"taxonomy":"product_tag","embeddable":true,"href":"https:\/\/www.altisfain.com\/en\/wp-json\/wp\/v2\/product_tag?post=3923"}],"curies":[{"name":"wp","href":"https:\/\/api.w.org\/{rel}","templated":true}]}}