{"id":3870,"date":"2021-02-05T18:58:39","date_gmt":"2021-02-05T17:58:39","guid":{"rendered":"https:\/\/www.altisfain.com\/?post_type=product&#038;p=3870"},"modified":"2025-11-25T20:28:13","modified_gmt":"2025-11-25T19:28:13","slug":"collier-inox-les-diaboliques-amphitrine-labradorites","status":"publish","type":"product","link":"https:\/\/www.altisfain.com\/en\/boutique\/diaboliques\/collier-inox-les-diaboliques-amphitrine-labradorites\/","title":{"rendered":"Collier inox &#8220;Les Diaboliques: Amphitrite&#8221; Labradorites"},"content":{"rendered":"<p style=\"text-align: center;\">&#8220;Le mot na\u00eff et \u00e9tonn\u00e9 de la Borgh\u00e8se, quand on lui demanda comment elle avait bien pu poser nue devant Canova: \u00abmais l&#8217;atelier \u00e9tait chaud! il y avait un po\u00eale!\u00bb&#8221;<br \/>\nLes Diaboliques, Barbey d&#8217;Aurevilly.<\/p>\n<p style=\"text-align: center;\">Collection inspir\u00e9e de femmes, fictives ou historiques qui, \u00e0 tord ou \u00e0 raison, ont suscit\u00e9 accusations et calomnies et marqu\u00e9 l&#8217;Histoire ou les histoires par leur personnalit\u00e9 sulfureuse&#8230;..<\/p>\n<p style=\"text-align: center;\">Amphitrite est une N\u00e9r\u00e9ide fille de N\u00e9r\u00e9e et de Doris. D\u00e9esse de la mer et des monstres marins elle vivait pr\u00e8s de son p\u00e8re au fond de l&#8217;oc\u00e9an.Elle menait une vie heureuse en dansant et chantant loin des conflits qui occupaient l&#8217;Olympe et le monde des hommes. Les dauphins et les tritons \u00e9taient ses compagnons de jeu. Elle \u00e9tait g\u00e9n\u00e9reuse et se servait de ses pouvoirs pour prot\u00e9ger les marins.Un jour, Pos\u00e9idon la vit danser sur les flots et en devint amoureux. Il voulut l&#8217;approcher et lui faire part de ses sentiments mais la belle prit peur et s&#8217;enfuit. Elle s&#8217;enfuit aupr\u00e8s du Titan Atlas.Il demanda \u00e0 Delphinos le dauphin de plaider sa cause aupr\u00e8s d&#8217;Amphitrite et il le fit si bien que la belle accepta de l&#8217;\u00e9pouser. Pos\u00e9idon pour r\u00e9compenser Delphinos le pla\u00e7a au rang des astres de la constellation du Dauphin.Les \u00e9poux eurent trois enfants. Un fils Triton et une fille qui donna son nom \u00e0 l&#8217;ile de Rhodes et Benth\u00e9sicym\u00e9 qui alla s&#8217;\u00e9tablir en \u00c9thiopie.Pos\u00e9idon \u00e9tait volage et Amphitrite gardait le silence, mais Scylla, une conqu\u00eate de son mari lui d\u00e9plut au point qu&#8217;elle la changea en monstre \u00e0 six t\u00eates et douze pattes.<\/p>\n<p style=\"text-align: center;\"><strong>Collier tour de cou inox se plaquant sur le cot\u00e9 du cou. Deux sertis Labradorite en pendentif est accroch\u00e9 au tour de cou. Les sertis sont mont\u00e9s sur une plaque, entour\u00e9e d&#8217;un d\u00e9cor fait de plaques cisel\u00e9es et martel\u00e9e et de fils martel\u00e9s .<\/strong><strong><br \/>\nLe collier est mall\u00e9able, il peut se serrer et desserrer pour s&#8217;adapter au plus pr\u00e8s de votre cou .<br \/>\nDimension du tour de cou: 35 cm \u00e0 environ 40 cm.<br \/>\nDimension des cabochons: 3,3 cm par 2,8 cm; 2 cm par 2 cm. Dimension du pendentif:10 cm par 5,2 cm.<br \/>\n<\/strong><\/p>\n<p style=\"text-align: center;\"><strong>Style elfique, pi\u00e8ce unique!!<\/strong><\/p>\n<hr \/>\n<p style=\"text-align: center;\">&#8220;The naive and astonished word of the Borghese, when asked how she could have posed naked before Canova:&#8221; but the workshop was hot, there was a stove! &#8220;&#8221;<br \/>\nThe Diabolics, Barbey d&#8217;Aurevilly.<\/p>\n<p style=\"text-align: center;\">Collection inspired by women, fictional or historical, who, rightly or wrongly, have succeeded in accusations and calumnies and marked history or stories by their sulphurous personality &#8230;..<\/p>\n<p style=\"text-align: center;\"><span class=\"VIiyi\" lang=\"en\"><span class=\"JLqJ4b ChMk0b\" data-language-for-alternatives=\"en\" data-language-to-translate-into=\"fr\" data-phrase-index=\"10\"><span class=\"JLqJ4b\" data-language-for-alternatives=\"en\" data-language-to-translate-into=\"fr\" data-phrase-index=\"0\">Amphitrite is a Nereid daughter of Nereus and Doris. Goddess of the sea and sea monsters, she lived near her father at the bottom of the ocean, she led a happy life dancing and singing far from the conflicts that occupied Olympus and the world of men. Dolphins and newts were her playmates. She was generous and used her powers to protect sailors. One day Poseidon saw her dancing on the waves and fell in love with them. He wanted to approach her and tell her about his feelings but the beauty got scared and fled. She fled to the Titan Atlas. He asked Delphinos the dolphin to plead his case with Amphitrite and he did so so that the beauty agreed to marry him. Poseidon to reward Delphinos placed him among the stars of the constellation of the Dauphin. The couple had three children. A son Triton and a daughter who gave his name to the island of Rhodes and Benthesicyme who went to settle in Ethiopia.Poseidon was fickle and Amphitrite kept silent, but Scylla, a conquest of her husband displeased her to the point that she changed her into a monster with six heads and twelve legs. <\/span><\/span><\/span><\/p>\n<p style=\"text-align: left;\"><strong><span class=\"VIiyi\" lang=\"en\"><span class=\"JLqJ4b ChMk0b\" data-language-for-alternatives=\"en\" data-language-to-translate-into=\"fr\" data-phrase-index=\"8\"><span class=\"JLqJ4b\" data-language-for-alternatives=\"en\" data-language-to-translate-into=\"fr\" data-phrase-index=\"0\">Stainless steel choker necklace plating on the side of the neck. Two Labradorite pendant settings are hung around the neck. The settings are mounted on a plate, surrounded by a decoration made of chiseled and hammered plates and hammered threads. The collar is malleable, it can tighten and loosen to fit closer to your neck. Neck size: 35 cm to about 40 cm. Dimension of the cabochons: 3.3 cm by 2.8 cm; 2 cm by 2 cm. Dimension of the pendant: 10 cm by 5.2 cm. <\/span><\/span><\/span><\/strong><\/p>\n<p><strong><span class=\"VIiyi\" lang=\"en\"><span class=\"JLqJ4b\" data-language-for-alternatives=\"en\" data-language-to-translate-into=\"fr\" data-phrase-index=\"0\">Elvish style, unique piece !!<\/span><\/span><\/strong><\/p>\n","protected":false},"excerpt":{"rendered":"<p style=\"text-align: center;\"><strong>Collier inox, forme tour de cou, sertis Labradorite, esprit elfique.<br \/>\n<\/strong><\/p>\n<hr \/>\n<p style=\"text-align: center;\"><strong><span class=\"tlid-translation translation\" lang=\"en\"><span class=\"\" title=\"\"><span class=\"VIiyi\" lang=\"en\"><span class=\"JLqJ4b ChMk0b\" data-language-for-alternatives=\"en\" data-language-to-translate-into=\"fr\" data-phrase-index=\"0\">Stainless steel necklace, choker shape, setting Labradorites stone, elvish spirit<\/span><\/span>.<\/span><\/span><\/strong><\/p>\n","protected":false},"featured_media":3871,"comment_status":"open","ping_status":"closed","template":"","meta":[],"product_brand":[],"product_cat":[15],"product_tag":[31,36],"class_list":{"0":"post-3870","1":"product","2":"type-product","3":"status-publish","4":"has-post-thumbnail","6":"product_cat-diaboliques","7":"product_tag-collier","8":"product_tag-torque","9":"pa_ambiance-baroque","10":"pa_ambiance-elfique","11":"pa_ambiance-feerique","12":"pa_ambiance-futuriste","13":"pa_ambiance-gothique","14":"pa_ambiance-historique","15":"pa_ambiance-victorien","16":"pa_matiere-inox","17":"pa_ornement-labradorite","18":"pa_ornement-labradorite-bleue","19":"pa_ornement-labradorite-doree","20":"pa_ornement-pierre-semi","22":"first","23":"instock","24":"featured","25":"sold-individually","26":"shipping-taxable","27":"purchasable","28":"product-type-simple"},"translation":{"provider":"WPGlobus","version":"3.0.2","language":"en","enabled_languages":["fr","en"],"languages":{"fr":{"title":true,"content":true,"excerpt":true},"en":{"title":false,"content":false,"excerpt":false}}},"jetpack-related-posts":[],"jetpack_sharing_enabled":true,"_links":{"self":[{"href":"https:\/\/www.altisfain.com\/en\/wp-json\/wp\/v2\/product\/3870","targetHints":{"allow":["GET"]}}],"collection":[{"href":"https:\/\/www.altisfain.com\/en\/wp-json\/wp\/v2\/product"}],"about":[{"href":"https:\/\/www.altisfain.com\/en\/wp-json\/wp\/v2\/types\/product"}],"replies":[{"embeddable":true,"href":"https:\/\/www.altisfain.com\/en\/wp-json\/wp\/v2\/comments?post=3870"}],"wp:featuredmedia":[{"embeddable":true,"href":"https:\/\/www.altisfain.com\/en\/wp-json\/wp\/v2\/media\/3871"}],"wp:attachment":[{"href":"https:\/\/www.altisfain.com\/en\/wp-json\/wp\/v2\/media?parent=3870"}],"wp:term":[{"taxonomy":"product_brand","embeddable":true,"href":"https:\/\/www.altisfain.com\/en\/wp-json\/wp\/v2\/product_brand?post=3870"},{"taxonomy":"product_cat","embeddable":true,"href":"https:\/\/www.altisfain.com\/en\/wp-json\/wp\/v2\/product_cat?post=3870"},{"taxonomy":"product_tag","embeddable":true,"href":"https:\/\/www.altisfain.com\/en\/wp-json\/wp\/v2\/product_tag?post=3870"}],"curies":[{"name":"wp","href":"https:\/\/api.w.org\/{rel}","templated":true}]}}