{"id":3860,"date":"2021-02-05T18:27:08","date_gmt":"2021-02-05T17:27:08","guid":{"rendered":"https:\/\/www.altisfain.com\/?post_type=product&#038;p=3860"},"modified":"2021-10-25T10:57:53","modified_gmt":"2021-10-25T08:57:53","slug":"collier-inox-les-diaboliques-diane-chasseresse-labradorite","status":"publish","type":"product","link":"https:\/\/www.altisfain.com\/en\/boutique\/diaboliques\/collier-inox-les-diaboliques-diane-chasseresse-labradorite\/","title":{"rendered":"Collier inox &#8220;Les Diaboliques: Diane Chasseresse&#8221; Labradorite"},"content":{"rendered":"<p style=\"text-align: center;\">&#8220;Le mot na\u00eff et \u00e9tonn\u00e9 de la Borgh\u00e8se, quand on lui demanda comment elle avait bien pu poser nue devant Canova: \u00abmais l&#8217;atelier \u00e9tait chaud! il y avait un po\u00eale!\u00bb&#8221;<br \/>\nLes Diaboliques, Barbey d&#8217;Aurevilly.<\/p>\n<p style=\"text-align: center;\">Collection inspir\u00e9e de femmes, fictives ou historiques qui, \u00e0 tord ou \u00e0 raison, ont suscit\u00e9 accusations et calomnies et marqu\u00e9 l&#8217;Histoire ou les histoires par leur personnalit\u00e9 sulfureuse&#8230;..<\/p>\n<p style=\"text-align: center;\">Diane est la d\u00e9esse de la chasse, de la guerre et de la nuit dans la mythologie romaine, assimil\u00e9e \u00e0 Art\u00e9mis dans la mythologie grecque. Fille de Jupiter et s\u0153ur jumelle d\u2019Apollon, dieu du Soleil, elle souhaite rester vierge \u00e0 perp\u00e9tuit\u00e9 apr\u00e8s avoir assist\u00e9 \u00e0 l\u2019accouchement de son fr\u00e8re. Arm\u00e9e d\u2019un arc, de fl\u00e8ches et court v\u00eatues elle est la d\u00e9esse de la chasse et vit dans les for\u00eats et clairi\u00e8res, \u00e0 la lisi\u00e8re entre le monde sauvage et civilis\u00e9. Elle est accompagn\u00e9e d\u2019un cort\u00e8ge compos\u00e9 de nymphes appel\u00e9es Oc\u00e9ane. Diane est repr\u00e9sent\u00e9e aur\u00e9ol\u00e9e d\u2019un croissant de lune sur la t\u00eate et entour\u00e9e de biches et de cerfs. Quand Apollon (le Soleil) dispara\u00eet Diane (la Lune) prend sa place dans les cieux.<\/p>\n<p style=\"text-align: center;\"><strong>Collier inox compos\u00e9 d&#8217; une plaque martel\u00e9e et cisel\u00e9e, surmont\u00e9e d&#8217;un serti cabochon de tr\u00e8s belle qualit\u00e9 forme goutte serti griffe Labradorite au bleu et vert tr\u00e8s intenses.<br \/>\nLe martel\u00e9 est une cr\u00e9ation sp\u00e9cifique. Une s\u00e9rie de longues lames inox poli et de fils inox viennent rythmer le plastron.<br \/>\nLe collier articul\u00e9 se termine par une chainette de rallonge avec entrelacs pour jouer sur la longueur du collier.<br \/>\nDimension du cabochon: 3,7 cm par 2,3 cm.<br \/>\nDimension du collier: 10,5 cm de long au centre, 8,5 cm d&#8217;un bord \u00e0 l&#8217;autre.<br \/>\nTaille du tour de cou: 42 cm \u00e0 49 cm.<\/strong><\/p>\n<p style=\"text-align: center;\"><strong>Collier infiniment gothique, pi\u00e8ce unique!!<\/strong><\/p>\n<hr \/>\n<div class=\"text-wrap tlid-copy-target\" style=\"text-align: center;\"><span class=\"tlid-translation translation\" lang=\"en\"><span class=\"tlid-translation translation\" lang=\"en\"><strong>&#8220;The naive and astonished word from the Borghese, when asked how she could have posed naked in front of Canova:&#8221; but the workshop was hot! There was a stove! &#8220;<\/strong><br \/>\n<strong>Les Diaboliques, Barbey d&#8217;Aurevilly.<\/strong><\/span><\/span><\/div>\n<div><\/div>\n<div class=\"text-wrap tlid-copy-target\" style=\"text-align: center;\"><strong>Collection inspired by women, fictitious or historical who, rightl<\/strong><strong>y or wrongly, have aroused accusations and calumnies and marked History or stories by their sulphurous personality &#8230;..<\/strong><\/div>\n<div><\/div>\n<div class=\"text-wrap tlid-copy-target\" style=\"text-align: center;\"><span class=\"VIiyi\" lang=\"en\"><span class=\"JLqJ4b\" data-language-for-alternatives=\"en\" data-language-to-translate-into=\"fr\" data-phrase-index=\"0\">Diana is the goddess of hunting, war and the night in Roman mythology, assimilated to Artemis in Greek mythology. Daughter of Jupiter and twin sister of Apollo, god of the Sun, she wishes to remain a virgin in perpetuity after attending the birth of her brother. Armed with a bow, arrows and clothed court, she is the goddess of the hunt and lives in forests and glades, on the border between the wild and the civilized world. She is accompanied by a procession made up of nymphs called Oc\u00e9ane. Diana is depicted with a halo of a crescent moon on her head and surrounded by hinds and deer. When Apollo (the Sun) disappears Diana (the Moon) takes her place in the heavens. <\/span><\/span><\/div>\n<div><\/div>\n<p style=\"text-align: center;\"><strong><span class=\"VIiyi\" lang=\"en\"><span class=\"JLqJ4b\" data-language-for-alternatives=\"en\" data-language-to-translate-into=\"fr\" data-phrase-index=\"0\">Stainless steel necklace composed of a hammered and chiseled plate, surmounted by a very beautiful quality drop &#8211; shaped cabochon setting with Labradorite claw setting in very intense blue and green. The hammered is a specific creation. A series of long polished stainless steel blades and stainless steel wires punctuate the faceplate. The articulated necklace ends with an extension chain with interlacing to play on the length of the necklace. Dimension of the cabochon: 3.7 cm by 2.3 cm. Necklace dimension: 10.5 cm long in the center, 8.5 cm from edge to edge. Neck size: 42 cm to 49 cm.<\/span><\/span><\/strong><\/p>\n<p style=\"text-align: center;\"><strong><span class=\"VIiyi\" lang=\"en\"><span class=\"JLqJ4b ChMk0b\" data-language-for-alternatives=\"en\" data-language-to-translate-into=\"fr\" data-phrase-index=\"0\">Infinitely gothic necklace, unique piece !!<\/span><\/span> <\/strong><\/p>\n<p>&nbsp;<\/p>\n","protected":false},"excerpt":{"rendered":"<p style=\"text-align: center;\"><strong>Collier inox serti Labradorite, d&#8217;inspiration gothique.<br \/>\n<\/strong><\/p>\n<hr \/>\n<div class=\"text-wrap tlid-copy-target\">\n<div class=\"result-shield-container tlid-copy-target\" style=\"text-align: center;\" tabindex=\"0\">\n<div class=\"text-wrap tlid-copy-target\">\n<div class=\"result-shield-container tlid-copy-target\" tabindex=\"0\"><strong><span class=\"tlid-translation translation\" lang=\"en\"><span class=\"\" title=\"\">Stainless steel necklace with Labradorite setting, of gothic inspiration.<\/span><\/span><\/strong><\/div>\n<\/div>\n<div class=\"tlid-result-transliteration-container result-transliteration-container transliteration-container\">\n<div class=\"tlid-transliteration-content transliteration-content full\"><\/div>\n<\/div>\n<p><strong><span class=\"tlid-translation translation\" lang=\"en\"><span class=\"\" title=\"\">\u00a0<\/span><\/span><\/strong><\/p>\n<\/div>\n<\/div>\n<div class=\"tlid-result-transliteration-container result-transliteration-container transliteration-container\" style=\"text-align: center;\">\n<div class=\"tlid-transliteration-content transliteration-content full\"><\/div>\n<\/div>\n<div class=\"result-footer source-or-target-footer tlid-copy-target\" style=\"text-align: center;\"><\/div>\n","protected":false},"featured_media":3861,"comment_status":"open","ping_status":"closed","template":"","meta":[],"product_brand":[],"product_cat":[15],"product_tag":[31],"class_list":{"0":"post-3860","1":"product","2":"type-product","3":"status-publish","4":"has-post-thumbnail","6":"product_cat-diaboliques","7":"product_tag-collier","8":"pa_ambiance-antique","9":"pa_ambiance-art-nouveau","10":"pa_ambiance-baroque","11":"pa_ambiance-elfique","12":"pa_ambiance-feerique","13":"pa_ambiance-gothique","14":"pa_ambiance-grece-antique","15":"pa_ambiance-victorien","16":"pa_matiere-inox","17":"pa_ornement-labradorite","18":"pa_ornement-labradorite-bleue","19":"pa_ornement-pierre-semi","21":"first","22":"instock","23":"featured","24":"sold-individually","25":"shipping-taxable","26":"purchasable","27":"product-type-simple"},"translation":{"provider":"WPGlobus","version":"3.0.2","language":"en","enabled_languages":["fr","en"],"languages":{"fr":{"title":true,"content":true,"excerpt":true},"en":{"title":false,"content":false,"excerpt":false}}},"jetpack-related-posts":[],"jetpack_sharing_enabled":true,"_links":{"self":[{"href":"https:\/\/www.altisfain.com\/en\/wp-json\/wp\/v2\/product\/3860","targetHints":{"allow":["GET"]}}],"collection":[{"href":"https:\/\/www.altisfain.com\/en\/wp-json\/wp\/v2\/product"}],"about":[{"href":"https:\/\/www.altisfain.com\/en\/wp-json\/wp\/v2\/types\/product"}],"replies":[{"embeddable":true,"href":"https:\/\/www.altisfain.com\/en\/wp-json\/wp\/v2\/comments?post=3860"}],"wp:featuredmedia":[{"embeddable":true,"href":"https:\/\/www.altisfain.com\/en\/wp-json\/wp\/v2\/media\/3861"}],"wp:attachment":[{"href":"https:\/\/www.altisfain.com\/en\/wp-json\/wp\/v2\/media?parent=3860"}],"wp:term":[{"taxonomy":"product_brand","embeddable":true,"href":"https:\/\/www.altisfain.com\/en\/wp-json\/wp\/v2\/product_brand?post=3860"},{"taxonomy":"product_cat","embeddable":true,"href":"https:\/\/www.altisfain.com\/en\/wp-json\/wp\/v2\/product_cat?post=3860"},{"taxonomy":"product_tag","embeddable":true,"href":"https:\/\/www.altisfain.com\/en\/wp-json\/wp\/v2\/product_tag?post=3860"}],"curies":[{"name":"wp","href":"https:\/\/api.w.org\/{rel}","templated":true}]}}