{"id":3808,"date":"2020-12-18T17:48:53","date_gmt":"2020-12-18T16:48:53","guid":{"rendered":"https:\/\/www.altisfain.com\/?post_type=product&#038;p=3808"},"modified":"2023-04-10T12:02:34","modified_gmt":"2023-04-10T10:02:34","slug":"collier-inox-les-passages-celestes-lenvol-du-phoenix-labradorite","status":"publish","type":"product","link":"https:\/\/www.altisfain.com\/en\/boutique\/les-passages-celestes\/collier-inox-les-passages-celestes-lenvol-du-phoenix-labradorite\/","title":{"rendered":"Collier inox &#8220;les Passages C\u00e9lestes: L&#8217;Envol du Phoenix&#8221;, Labradorite"},"content":{"rendered":"<p style=\"text-align: center; padding-left: 30px;\"><strong>\u201cSi la vie n&#8217;est qu&#8217;un passage, sur ce passage au moins semons des fleurs.\u201d<\/strong><br \/>\n<strong>Montaigne<\/strong><\/p>\n<p style=\"text-align: center;\"><strong>\u00ab Les Passages C\u00e9lestes \u00bb est une collection inspir\u00e9e des diff\u00e9rents portes conduisant \u00e0 des univers oniriques mais aussi personnels, des voies qui m\u00e8nent \u00e0 la pleine conscience de soi et du monde. Ces passerelles nous transportent vers des havres supr\u00eames, des finalit\u00e9s plus hautes, des buts ultimes. Ils touchent l&#8217;Histoire, la Spiritualit\u00e9, le Fantastique. Empruntons ces passages et nous entrons dans des contr\u00e9es intimes et fantaisistes.<\/strong><\/p>\n<p style=\"text-align: center;\"><strong>Le <b>ph\u00e9nix<\/b>, parfois \u00e9crit <b>ph\u0153nix<\/b> (du grec ancien <span class=\"lang-grc\" lang=\"grc\">\u03c6\u03bf\u1fd6\u03bd\u03b9\u03be<\/span> \/ <span class=\"lang-grc-latn\" lang=\"grc-latn\"><i>pho\u00eenix<\/i><\/span>, au sens probable de <span class=\"citation\">\u00ab\u00a0rouge sang\u00a0\u00bb<\/span>), est un oiseau l\u00e9gendaire, dou\u00e9 d&#8217;une grande long\u00e9vit\u00e9 et caract\u00e9ris\u00e9 par son pouvoir de rena\u00eetre apr\u00e8s s&#8217;\u00eatre consum\u00e9 dans les flammes. Il symbolise ainsi les cycles de mort et de r\u00e9surrection. Son surnom moderne est l&#8217;<b>oiseau de feu<\/b>. <\/strong><\/p>\n<p style=\"text-align: center;\">Collier inox ambiance elfique, chaine et pendentif serti Labradorite. D\u00e9cor plaques martel\u00e9es, cisel\u00e9es.<br \/>\nCabochon de tr\u00e8s belle qualit\u00e9 forme goutte, labradorite de tr\u00e8s belle qualit\u00e9 aux teintes bleues, dor\u00e9es et violettes.<br \/>\nChaine forme serpent, de 45 cm de long, avec chainette de rallonge termin\u00e9 par un entrelacs, afin de jouer sur la longueur du collier.<br \/>\nLongueur du pendentif: 9,8 cm.<br \/>\nLargeur du pendentif: 5,2 cm.<br \/>\nDimension du cabochon: 4,5 cm par 3,2 cm.<\/p>\n<p style=\"text-align: center;\">Pendentif infiniment elfique et mystique!!<\/p>\n<hr \/>\n<p style=\"text-align: center;\"><span class=\"tlid-translation translation\" lang=\"en\"><strong>\u201cIf life is only a passage, at least on this passage we will sow flowers.\u201d<\/strong><br \/>\n<strong>Montaigne<\/strong><br \/>\n<\/span><\/p>\n<p style=\"text-align: center;\"><span class=\"tlid-translation translation\" lang=\"en\"><strong>&#8220;Les Passages C\u00e9lestes&#8221; is a collection inspired by different doors leading to dreamlike but also personal universes, paths that lead to full awareness of oneself and the world. These gateways transport us to supreme havens, higher goals, ultimate goals. They touch History, Spirituality, the Fantastic. Let us take these passages and we enter intimate and whimsical regions.<\/strong><br \/>\n<\/span><\/p>\n<p style=\"text-align: center;\"><strong><span class=\"tlid-translation translation\" lang=\"en\"><span title=\"\"><span class=\"\" title=\"\"><span class=\"VIiyi\" lang=\"en\"><span class=\"JLqJ4b ChMk0b\" data-language-for-alternatives=\"en\" data-language-to-translate-into=\"fr\" data-phrase-index=\"0\">The phoenix, sometimes written ph\u0153nix (from the ancient Greek \u03c6\u03bf\u1fd6\u03bd\u03b9\u03be \/ pho\u00eenix, in the probable sense of \u201cblood red\u201d), is a legendary bird, endowed with great longevity and characterized by its power to be reborn after being consumed in flames<\/span> <span class=\"JLqJ4b ChMk0b\" data-language-for-alternatives=\"en\" data-language-to-translate-into=\"fr\" data-phrase-index=\"1\">.<\/span> <span class=\"JLqJ4b ChMk0b\" data-language-for-alternatives=\"en\" data-language-to-translate-into=\"fr\" data-phrase-index=\"2\">It thus symbolizes the cycles of death and resurrection.<\/span> <span class=\"JLqJ4b ChMk0b\" data-language-for-alternatives=\"en\" data-language-to-translate-into=\"fr\" data-phrase-index=\"3\">Its modern nickname is the firebird.<\/span> <\/span><\/span><\/span><\/span><\/strong><\/p>\n<div class=\"text-wrap tlid-copy-target\">\n<div class=\"result-shield-container tlid-copy-target\" tabindex=\"0\">\n<div class=\"J0lOec\"><span class=\"VIiyi\" lang=\"en\"><span class=\"JLqJ4b ChMk0b\" data-language-for-alternatives=\"en\" data-language-to-translate-into=\"fr\" data-phrase-index=\"5\">Stainless steel necklace, elven atmosphere, chain and pendant set with Labradorite.<\/span> <span class=\"JLqJ4b ChMk0b\" data-language-for-alternatives=\"en\" data-language-to-translate-into=\"fr\" data-phrase-index=\"6\">Decor hammered, chiseled plates.<\/span> <span class=\"JLqJ4b ChMk0b\" data-language-for-alternatives=\"en\" data-language-to-translate-into=\"fr\" data-phrase-index=\"8\">Very good quality drop shaped cabochon, very good quality labradorite in blue, golden and purple shades.<\/span> <span class=\"JLqJ4b ChMk0b\" data-language-for-alternatives=\"en\" data-language-to-translate-into=\"fr\" data-phrase-index=\"10\">Snake-shaped chain, 45 cm long, with an extension chain ending in an interlacing, in order to play on the length of the necklace.<\/span> <span class=\"JLqJ4b ChMk0b\" data-language-for-alternatives=\"en\" data-language-to-translate-into=\"fr\" data-phrase-index=\"12\">Pendant length: 9.8 cm.<\/span> <span class=\"JLqJ4b ChMk0b\" data-language-for-alternatives=\"en\" data-language-to-translate-into=\"fr\" data-phrase-index=\"14\">Pendant width: 5.2 cm.<\/span> <span class=\"JLqJ4b ChMk0b\" data-language-for-alternatives=\"en\" data-language-to-translate-into=\"fr\" data-phrase-index=\"16\">Dimension of the cabochon: 4.5 cm by 3.2 cm.<\/span><\/span><\/div>\n<p><span class=\"tlid-translation translation\" lang=\"en\"><span title=\"\"><br \/>\n<\/span><\/span><\/div>\n<\/div>\n<p><span class=\"tlid-translation translation\" lang=\"en\">Infinitely elven and mystical pendant !!<\/span><\/p>\n<p>&nbsp;<\/p>\n","protected":false},"excerpt":{"rendered":"<p style=\"text-align: center;\"><strong>Collier pendentif esprit elfique, serti Labradorite.<br \/>\n<\/strong><\/p>\n<p style=\"text-align: center;\"><strong>Infiniment mystique et onirique!<\/strong><\/p>\n<hr \/>\n<p style=\"text-align: center;\"><strong><span class=\"tlid-translation translation\" lang=\"en\"><span class=\"\" title=\"\">Elven spirit pendant necklace, set with Labradorite .<\/span><\/span><\/strong><\/p>\n<p style=\"text-align: center;\"><strong><span title=\"\">Infinitely mystical and dreamlike!<\/span><\/strong><\/p>\n","protected":false},"featured_media":3866,"comment_status":"open","ping_status":"closed","template":"","meta":[],"product_brand":[],"product_cat":[130],"product_tag":[31,131],"class_list":{"0":"post-3808","1":"product","2":"type-product","3":"status-publish","4":"has-post-thumbnail","6":"product_cat-les-passages-celestes","7":"product_tag-collier","8":"product_tag-pendentif","9":"pa_ambiance-baroque","10":"pa_ambiance-celtique","11":"pa_ambiance-elfique","12":"pa_ambiance-feerique","13":"pa_ambiance-mystique","14":"pa_ambiance-victorien","15":"pa_matiere-inox","16":"pa_ornement-labradorite-bleue","17":"pa_ornement-labradorite-doree","18":"pa_ornement-labradorite-rouge","19":"pa_ornement-labradorite-violette","20":"pa_ornement-pierre-semi","22":"first","23":"instock","24":"shipping-taxable","25":"purchasable","26":"product-type-simple"},"translation":{"provider":"WPGlobus","version":"3.0.2","language":"en","enabled_languages":["fr","en"],"languages":{"fr":{"title":true,"content":true,"excerpt":true},"en":{"title":false,"content":false,"excerpt":false}}},"jetpack-related-posts":[],"jetpack_sharing_enabled":true,"_links":{"self":[{"href":"https:\/\/www.altisfain.com\/en\/wp-json\/wp\/v2\/product\/3808","targetHints":{"allow":["GET"]}}],"collection":[{"href":"https:\/\/www.altisfain.com\/en\/wp-json\/wp\/v2\/product"}],"about":[{"href":"https:\/\/www.altisfain.com\/en\/wp-json\/wp\/v2\/types\/product"}],"replies":[{"embeddable":true,"href":"https:\/\/www.altisfain.com\/en\/wp-json\/wp\/v2\/comments?post=3808"}],"wp:featuredmedia":[{"embeddable":true,"href":"https:\/\/www.altisfain.com\/en\/wp-json\/wp\/v2\/media\/3866"}],"wp:attachment":[{"href":"https:\/\/www.altisfain.com\/en\/wp-json\/wp\/v2\/media?parent=3808"}],"wp:term":[{"taxonomy":"product_brand","embeddable":true,"href":"https:\/\/www.altisfain.com\/en\/wp-json\/wp\/v2\/product_brand?post=3808"},{"taxonomy":"product_cat","embeddable":true,"href":"https:\/\/www.altisfain.com\/en\/wp-json\/wp\/v2\/product_cat?post=3808"},{"taxonomy":"product_tag","embeddable":true,"href":"https:\/\/www.altisfain.com\/en\/wp-json\/wp\/v2\/product_tag?post=3808"}],"curies":[{"name":"wp","href":"https:\/\/api.w.org\/{rel}","templated":true}]}}