{"id":380,"date":"2018-03-04T15:16:35","date_gmt":"2018-03-04T14:16:35","guid":{"rendered":"http:\/\/www.altisfain.com\/?post_type=product&#038;p=380"},"modified":"2024-06-08T21:26:35","modified_gmt":"2024-06-08T19:26:35","slug":"boucles-doreilles-conte-la-conte-du-graal-feuille-lierre-trilobee","status":"publish","type":"product","link":"https:\/\/www.altisfain.com\/en\/boutique\/conte\/boucles-doreilles-conte-la-conte-du-graal-feuille-lierre-trilobee\/","title":{"rendered":"Boucles d&#8217;oreilles Conte &#8220;Le Conte du Graal&#8221; feuille lierre trilob\u00e9e"},"content":{"rendered":"<p style=\"text-align: center;\">&#8220;La vie ressemble \u00e0 un conte ; ce qui importe, ce n&#8217;est pas sa longueur, mais sa valeur.&#8221;<br \/>\nS\u00e9n\u00e8que.<\/p>\n<p style=\"text-align: center;\">&#8220;Le Conte du Graal&#8221; est un roman de Chr\u00e9tien de Troyes.<\/p>\n<p style=\"text-align: center;\"><b>Boucles d&#8217;oreilles inox et attaches am\u00e9ricaines 925.<br \/>\nFeuille de lierre martel\u00e9e main et fils inox martel\u00e9s soud\u00e9s argent.<br \/>\nEntrelacs travaill\u00e9s avec 4 points de soudure.<br \/>\nDimension de la feuille: 2,5 cm par 2 cm.<br \/>\nLongueur totale de la boucle d&#8217;oreille: 7 cm.<br \/>\nAttaches argent 925.<br \/>\nLivr\u00e9es dans leur \u00e9crin.<\/b><\/p>\n<p style=\"text-align: center;\"><strong>Boucles d&#8217;oreilles infiniment f\u00e9eriques et elfiques!!<\/strong><\/p>\n<p style=\"text-align: center;\"><strong>Peut \u00eatre r\u00e9alis\u00e9es en laiton verni satin haute r\u00e9sistance.<\/strong><\/p>\n<hr \/>\n<p><span class=\"tlid-translation translation\" lang=\"en\"><span class=\"\" title=\"\">&#8220;Life is like a tale, what matters is not its length, but its value.&#8221;<\/span><br \/>\n<span class=\"\" title=\"\">Seneca.<\/span><\/p>\n<p><span title=\"\">&#8220;The Tale of the Grail&#8221; is a novel by Chr\u00e9tien de Troyes.<\/span><\/p>\n<p><strong><span title=\"\">Stainless steel earrings and 925 American fasteners.<\/span><\/strong><br \/>\n<strong><span title=\"\">Hand hammered ivy leaf and hammered silver hammered stainless steel wires.<\/span><\/strong><br \/>\n<strong><span title=\"\">Interlacing worked with 4 points of welding.<\/span><\/strong><br \/>\n<strong><span title=\"\">Size of the leaf: 2.5 cm by 2 cm.<\/span><\/strong><br \/>\n<strong><span title=\"\">Total length of the earring: 7 cm.<\/span><\/strong><br \/>\n<strong><span title=\"\">Fasteners 925 silver.<\/span><\/strong><br \/>\n<strong><span title=\"\">Delivered in their case.<\/span><\/strong><\/p>\n<p><strong><span title=\"\">Earrings infinitely magical and elfic !!<\/span><\/strong><\/p>\n<p><strong><span title=\"\">Can be made of high resistance varnished satin brass.<\/span><\/strong><\/span><\/p>\n","protected":false},"excerpt":{"rendered":"<p style=\"text-align: center;\"><strong>Boucles d&#8217;oreilles inox feuilles de lierre trilob\u00e9es et entrelacs, attaches argent 925.<\/strong><\/p>\n<hr \/>\n<div class=\"text-wrap tlid-copy-target\">\n<p class=\"result-shield-container tlid-copy-target\" style=\"text-align: center;\" tabindex=\"0\"><strong><span class=\"tlid-translation translation\" lang=\"en\"><span class=\"\" title=\"\">Earrings stainless steel ivy leaves trilob\u00e9es and tracery, fasteners silver 925.<\/span><\/span><\/strong><\/p>\n<\/div>\n<div class=\"tlid-result-transliteration-container result-transliteration-container transliteration-container\">\n<div class=\"tlid-transliteration-content transliteration-content full\"><\/div>\n<\/div>\n","protected":false},"featured_media":381,"comment_status":"open","ping_status":"closed","template":"","meta":[],"product_brand":[],"product_cat":[29],"product_tag":[34],"class_list":{"0":"post-380","1":"product","2":"type-product","3":"status-publish","4":"has-post-thumbnail","6":"product_cat-conte","7":"product_tag-boucles-oreilles","8":"pa_ambiance-bucolique","9":"pa_ambiance-celtique","10":"pa_ambiance-elfique","11":"pa_ambiance-feerique","12":"pa_ambiance-vegetal","13":"pa_feuille-lierre","14":"pa_matiere-argent-925","15":"pa_matiere-inox","16":"pa_matiere-laiton","18":"first","19":"instock","20":"featured","21":"sold-individually","22":"shipping-taxable","23":"purchasable","24":"product-type-variable"},"translation":{"provider":"WPGlobus","version":"3.0.2","language":"en","enabled_languages":["fr","en"],"languages":{"fr":{"title":true,"content":true,"excerpt":true},"en":{"title":false,"content":false,"excerpt":false}}},"jetpack-related-posts":[],"jetpack_sharing_enabled":true,"_links":{"self":[{"href":"https:\/\/www.altisfain.com\/en\/wp-json\/wp\/v2\/product\/380","targetHints":{"allow":["GET"]}}],"collection":[{"href":"https:\/\/www.altisfain.com\/en\/wp-json\/wp\/v2\/product"}],"about":[{"href":"https:\/\/www.altisfain.com\/en\/wp-json\/wp\/v2\/types\/product"}],"replies":[{"embeddable":true,"href":"https:\/\/www.altisfain.com\/en\/wp-json\/wp\/v2\/comments?post=380"}],"wp:featuredmedia":[{"embeddable":true,"href":"https:\/\/www.altisfain.com\/en\/wp-json\/wp\/v2\/media\/381"}],"wp:attachment":[{"href":"https:\/\/www.altisfain.com\/en\/wp-json\/wp\/v2\/media?parent=380"}],"wp:term":[{"taxonomy":"product_brand","embeddable":true,"href":"https:\/\/www.altisfain.com\/en\/wp-json\/wp\/v2\/product_brand?post=380"},{"taxonomy":"product_cat","embeddable":true,"href":"https:\/\/www.altisfain.com\/en\/wp-json\/wp\/v2\/product_cat?post=380"},{"taxonomy":"product_tag","embeddable":true,"href":"https:\/\/www.altisfain.com\/en\/wp-json\/wp\/v2\/product_tag?post=380"}],"curies":[{"name":"wp","href":"https:\/\/api.w.org\/{rel}","templated":true}]}}