{"id":3749,"date":"2020-12-05T16:01:01","date_gmt":"2020-12-05T15:01:01","guid":{"rendered":"https:\/\/www.altisfain.com\/?post_type=product&#038;p=3749"},"modified":"2024-10-23T23:59:30","modified_gmt":"2024-10-23T21:59:30","slug":"pendentif-inox-les-passages-celestes-l-etoile-bleue-des-hopis-labradorite","status":"publish","type":"product","link":"https:\/\/www.altisfain.com\/en\/boutique\/les-adoptes\/pendentif-inox-les-passages-celestes-l-etoile-bleue-des-hopis-labradorite\/","title":{"rendered":"Pendentif inox &#8220;les Passages C\u00e9lestes: l&#8217; Etoile bleue des Hopis&#8221;, Labradorite"},"content":{"rendered":"<p style=\"text-align: center;\"><strong>\u201cSi la vie n&#8217;est qu&#8217;un passage, sur ce passage au moins semons des fleurs.\u201d<\/strong><br \/>\n<strong>Montaigne<\/strong><\/p>\n<p style=\"text-align: center;\"><strong>\u00ab Les Passages C\u00e9lestes \u00bb est une collection inspir\u00e9e des diff\u00e9rents portes conduisant \u00e0 des univers oniriques mais aussi personnels, des voies qui m\u00e8nent \u00e0 la pleine conscience de soi et du monde. Ces passerelles nous transportent vers des havres supr\u00eames, des finalit\u00e9s plus hautes, des buts ultimes. Ils touchent l&#8217;Histoire, la Spiritualit\u00e9, le Fantastique. Empruntons ces passages et nous entrons dans des contr\u00e9es intimes et fantaisistes.<\/strong><\/p>\n<p style=\"text-align: center;\"><strong>D&#8217;apr\u00e8s les Hopis , un peuple indig\u00e8ne d&#8217;Am\u00e9rique du Nord, l&#8217;\u00e9quilibre du monde est instable et sa fin est imminente. Ils avaient d\u00e9j\u00e0 pr\u00e9vu, avec une exactitude surprenante, l&#8217;arriv\u00e9e des colons sur leurs terres et m\u00eame, l&#8217;\u00e9mergence des t\u00e9l\u00e9communications.<br \/>\nConcernant l&#8217;Apocalypse , ils pr\u00e9disent l&#8217;arriv\u00e9e d&#8217;une \u00e9toile bleue qui fera trembler la Terre et entra\u00eenera la fin du monde.<\/strong><\/p>\n<p style=\"text-align: center;\">Collier inox ambiance art nouveau, chaine inox et pendentif serti pierre Labradorite.<br \/>\nCabochon de tr\u00e8s belle qualit\u00e9 forme ovale, labradorite dor\u00e9e et verte avec une com\u00e8te bleue intense qui traverse la pierre.<br \/>\nChaine forme serpent, de 45 cm de long, avec chainette de rallonge termin\u00e9 par un entrelacs, afin de jouer sur la longueur du collier.<br \/>\nLongueur du pendentif: 7,9 cm.<br \/>\nLargeur du pendentif: 4,5 cm.<br \/>\nDimension du cabochon: 4,1 cm par 2,8 cm.<\/p>\n<p style=\"text-align: center;\">Pendentif infiniment elfique et mystique!!<\/p>\n<hr \/>\n<p style=\"text-align: center;\"><strong>&#8220;If life is only a passage, on this passage at least sow flowers.&#8221;<\/strong><br \/>\n<strong>Montaigne<\/strong><\/p>\n<p style=\"text-align: center;\"><strong>&#8220;The heavenly passages&#8221; is a collection inspired by the different doors leading to dreamlike but also personal worlds, paths that lead to the full awareness of oneself and the world. These bridges carry us to supreme havens, higher ends, ultimate goals. They touch History, Spirituality, Fantasy. Let&#8217;s take these passages and we enter intimate and fanciful countries.<\/strong><\/p>\n<div class=\"text-wrap tlid-copy-target\">\n<div class=\"text-wrap tlid-copy-target\">\n<p class=\"result-shield-container tlid-copy-target\" style=\"text-align: center;\" tabindex=\"0\"><strong><span class=\"VIiyi\" lang=\"en\"><span class=\"JLqJ4b ChMk0b\" data-language-for-alternatives=\"en\" data-language-to-translate-into=\"fr\" data-phrase-index=\"0\">According to the Hopi, an indigenous people of North America, the balance of the world is unstable and its end is imminent.<\/span> <span class=\"JLqJ4b ChMk0b\" data-language-for-alternatives=\"en\" data-language-to-translate-into=\"fr\" data-phrase-index=\"1\">They had already predicted, with surprising accuracy, the arrival of settlers on their land and even the emergence of telecommunications.<\/span> <span class=\"JLqJ4b ChMk0b\" data-language-for-alternatives=\"en\" data-language-to-translate-into=\"fr\" data-phrase-index=\"3\">Regarding the Apocalypse, they predict the arrival of a blue star which will make the Earth tremble and bring about the end of the world.<\/span><\/span><\/strong><\/p>\n<\/div>\n<\/div>\n<p><span class=\"tlid-translation translation\" lang=\"en\"><span title=\"\"><span class=\"VIiyi\" lang=\"en\"><span class=\"JLqJ4b ChMk0b\" data-language-for-alternatives=\"en\" data-language-to-translate-into=\"fr\" data-phrase-index=\"5\">Stainless steel necklace with art nouveau atmosphere, stainless steel chain and pendant set with Labradorite stone.<\/span> <span class=\"JLqJ4b ChMk0b\" data-language-for-alternatives=\"en\" data-language-to-translate-into=\"fr\" data-phrase-index=\"7\">Very nice quality oval cabochon, golden and green labradorite with an intense blue comet that crosses the stone.<\/span> <span class=\"JLqJ4b ChMk0b\" data-language-for-alternatives=\"en\" data-language-to-translate-into=\"fr\" data-phrase-index=\"9\">Snake-shaped chain, 45 cm long, with an extension chain ending in an interlacing, in order to play on the length of the necklace.<\/span> <span class=\"JLqJ4b ChMk0b\" data-language-for-alternatives=\"en\" data-language-to-translate-into=\"fr\" data-phrase-index=\"11\">Pendant length: 7.9 cm.<\/span> <span class=\"JLqJ4b ChMk0b\" data-language-for-alternatives=\"en\" data-language-to-translate-into=\"fr\" data-phrase-index=\"13\">Pendant width: 4.5 cm.<\/span> <span class=\"JLqJ4b ChMk0b\" data-language-for-alternatives=\"en\" data-language-to-translate-into=\"fr\" data-phrase-index=\"15\">Dimension of the cabochon: 4.1 cm by 2.8 cm.<\/span><\/span><br \/>\n<\/span><\/span><\/p>\n<p>Infinitely elven and mystical pendant !!<\/p>\n<p>&nbsp;<\/p>\n<p>&nbsp;<\/p>\n","protected":false},"excerpt":{"rendered":"<p style=\"text-align: center;\"><strong>Collier pendentif esprit elfique, serti Labradorite aux d\u00e9grad\u00e9s de couleurs vertes, dor\u00e9es et bleues.<br \/>\n<\/strong><\/p>\n<p style=\"text-align: center;\"><strong>Infiniment mystique et onirique!<\/strong><\/p>\n<hr \/>\n<p style=\"text-align: center;\"><strong><span class=\"tlid-translation translation\" lang=\"en\"><span class=\"\" title=\"\">Elven spirit pendant necklace, set with Labradorite in green, blue and golden color gradients.<\/span><\/span><\/strong><\/p>\n<p style=\"text-align: center;\"><strong><span class=\"\" title=\"\">Infinitely mystical and dreamlike!<\/span><\/strong><\/p>\n","protected":false},"featured_media":3750,"comment_status":"open","ping_status":"closed","template":"","meta":[],"product_brand":[],"product_cat":[222],"product_tag":[31,131],"class_list":{"0":"post-3749","1":"product","2":"type-product","3":"status-publish","4":"has-post-thumbnail","6":"product_cat-les-adoptes","7":"product_tag-collier","8":"product_tag-pendentif","9":"pa_ambiance-baroque","10":"pa_ambiance-celtique","11":"pa_ambiance-elfique","12":"pa_ambiance-feerique","13":"pa_ambiance-mystique","14":"pa_ambiance-victorien","15":"pa_matiere-inox","16":"pa_ornement-labradorite-bleue","17":"pa_ornement-labradorite-doree","18":"pa_ornement-labradorite-verte","19":"pa_ornement-pierre-semi","21":"first","22":"outofstock","23":"shipping-taxable","24":"purchasable","25":"product-type-simple"},"translation":{"provider":"WPGlobus","version":"3.0.2","language":"en","enabled_languages":["fr","en"],"languages":{"fr":{"title":true,"content":true,"excerpt":true},"en":{"title":false,"content":false,"excerpt":false}}},"jetpack-related-posts":[],"jetpack_sharing_enabled":true,"_links":{"self":[{"href":"https:\/\/www.altisfain.com\/en\/wp-json\/wp\/v2\/product\/3749","targetHints":{"allow":["GET"]}}],"collection":[{"href":"https:\/\/www.altisfain.com\/en\/wp-json\/wp\/v2\/product"}],"about":[{"href":"https:\/\/www.altisfain.com\/en\/wp-json\/wp\/v2\/types\/product"}],"replies":[{"embeddable":true,"href":"https:\/\/www.altisfain.com\/en\/wp-json\/wp\/v2\/comments?post=3749"}],"wp:featuredmedia":[{"embeddable":true,"href":"https:\/\/www.altisfain.com\/en\/wp-json\/wp\/v2\/media\/3750"}],"wp:attachment":[{"href":"https:\/\/www.altisfain.com\/en\/wp-json\/wp\/v2\/media?parent=3749"}],"wp:term":[{"taxonomy":"product_brand","embeddable":true,"href":"https:\/\/www.altisfain.com\/en\/wp-json\/wp\/v2\/product_brand?post=3749"},{"taxonomy":"product_cat","embeddable":true,"href":"https:\/\/www.altisfain.com\/en\/wp-json\/wp\/v2\/product_cat?post=3749"},{"taxonomy":"product_tag","embeddable":true,"href":"https:\/\/www.altisfain.com\/en\/wp-json\/wp\/v2\/product_tag?post=3749"}],"curies":[{"name":"wp","href":"https:\/\/api.w.org\/{rel}","templated":true}]}}