{"id":3739,"date":"2020-12-05T14:59:37","date_gmt":"2020-12-05T13:59:37","guid":{"rendered":"https:\/\/www.altisfain.com\/?post_type=product&#038;p=3739"},"modified":"2024-10-20T21:59:41","modified_gmt":"2024-10-20T19:59:41","slug":"collier-inox-aux-confins-des-mondes-themiscyre-labradorite-bleue-verte","status":"publish","type":"product","link":"https:\/\/www.altisfain.com\/en\/boutique\/les-adoptes\/collier-inox-aux-confins-des-mondes-themiscyre-labradorite-bleue-verte\/","title":{"rendered":"Collier inox &#8220;Aux Confins des Mondes: Themiscyre&#8221; Labradorite bleue verte"},"content":{"rendered":"<p style=\"text-align: center;\">&#8220;Nous go\u00fbtions la fra\u00eecheur, l&#8217;odeur, l&#8217;humidit\u00e9 qui renouvelaient notre chair. Nous \u00e9tions perdus aux confins du monde, car nous savions d\u00e9j\u00e0 que voyager c&#8217;est avant tout changer de chair.&#8221;<br \/>\nSaint-Exup\u00e9ry.<\/p>\n<p style=\"text-align: center;\">&#8220;Sur les rives du Thermodon, pr\u00e8s du Pont-Euxin, dans la Cappadoce (le Taraboaan), les Amazones formaient un \u00c9tat, dont la capitale \u00e9tait Th\u00e9miscyre. L&#8217;\u00c9tat, sous le commandement d&#8217;une reine, se composait d&#8217;elles seules. Elles n&#8217;admettaient aucun homme; seulement, pour se perp\u00e9tuer, elles se rapprochaient une fois l&#8217;an, au printemps, des Gargar\u00e9ens, peuple qui habitait sur leur fronti\u00e8re Les enfants m\u00e2les qui naissaient de ces unions passag\u00e8res \u00e9taient mis \u00e0 mort, ou renvoy\u00e9s aux Gargar\u00e9ens. Les filles au contrairement \u00e9lev\u00e9es dans les exercices de la guerre et de la chasse; pour leur faciliter l&#8217;usage des armes, on leur retranchait d\u00e8s l&#8217;enfance le sein droit par le fer ou la caut\u00e9risation.<\/p>\n<p style=\"text-align: center;\"><b>Collier inox articul\u00e9 serti griffe Labradorite.<br \/>\nJeux d&#8217;entrelacs sur dix fils inox martel\u00e9s main et soud\u00e9s argent.<br \/>\nCabochon forme goutte \u00e9vas\u00e9e, Labradorite de tr\u00e8s belle qualit\u00e9, teintes bleues et vertes tr\u00e8s intenses.<br \/>\nDimension du cabochon: 3,8 cm par 3,5 cm.<\/b><\/p>\n<p style=\"text-align: center;\"><b>Pi\u00e8ce unique, infiniment elfique et onirique!<\/b><\/p>\n<hr \/>\n<p style=\"text-align: center;\">&#8220;We taste the freshness, odor, moisture which renew our flesh. We were lost to the confines of the world, because we already knew that traveling is all about change of flesh.&#8221;<br \/>\nSaint-Exup\u00e9ry.<\/p>\n<p style=\"text-align: center;\"><span class=\"tlid-translation translation\" lang=\"en\"><span class=\"\" title=\"\"><span title=\"\"><span class=\"VIiyi\" lang=\"en\"><span class=\"JLqJ4b\" data-language-for-alternatives=\"en\" data-language-to-translate-into=\"fr\" data-phrase-index=\"0\"><span class=\"JLqJ4b ChMk0b\" data-language-for-alternatives=\"en\" data-language-to-translate-into=\"fr\" data-phrase-index=\"0\">&#8220;On the banks of the Thermodon, near Pont-Euxin, in Cappadocia (Taraboaan), the Amazons formed a state, the capital of which was Th\u00e9miscyre. The state, under the command of a queen, consisted of them<\/span> <span class=\"JLqJ4b ChMk0b\" data-language-for-alternatives=\"en\" data-language-to-translate-into=\"fr\" data-phrase-index=\"1\">They did not admit any man; only, in order to perpetuate themselves, they approached once a year, in the spring, the Gargareans, a people who lived on their border. The male children who were born from these temporary unions were put to death,<\/span> <span class=\"JLqJ4b ChMk0b\" data-language-for-alternatives=\"en\" data-language-to-translate-into=\"fr\" data-phrase-index=\"2\">or sent back to the Gargareans, the girls on the contrary brought up in the exercises of war and hunting, to facilitate their use of arms, their right breasts were cut off from childhood by iron or cauterization.<\/span><\/span><\/span><\/span><\/span><\/span><\/p>\n<p><strong><span class=\"tlid-translation translation\" lang=\"en\"><span title=\"\"><span class=\"VIiyi\" lang=\"en\"><span class=\"JLqJ4b ChMk0b\" data-language-for-alternatives=\"en\" data-language-to-translate-into=\"fr\" data-phrase-index=\"0\">Articulated stainless steel necklace set with Labradorite claw.<\/span> <span class=\"JLqJ4b ChMk0b\" data-language-for-alternatives=\"en\" data-language-to-translate-into=\"fr\" data-phrase-index=\"2\">Interlacing games on ten stainless steel wires hammered by hand and silver welded.<\/span> <span class=\"JLqJ4b ChMk0b\" data-language-for-alternatives=\"en\" data-language-to-translate-into=\"fr\" data-phrase-index=\"4\">Flared drop-shaped cabochon, very good quality Labradorite, very intense blue and green hues.<\/span> <span class=\"JLqJ4b ChMk0b\" data-language-for-alternatives=\"en\" data-language-to-translate-into=\"fr\" data-phrase-index=\"6\">Dimension of the cabochon: 3.8 cm by 3.5 cm.<\/span><\/span><\/span><\/span><\/strong><\/p>\n<p><strong>Unique, infinitely elven, dreamlike!<\/strong><\/p>\n","protected":false},"excerpt":{"rendered":"<p style=\"text-align: center;\"><strong>Collier entrelacs inox et serti Labradorite bleue et verte, d&#8217;inspiration onirique et f\u00e9\u00e9rique.<\/strong><\/p>\n<hr \/>\n<p style=\"text-align: center;\"><strong><span class=\"tlid-translation translation\" lang=\"en\"><span class=\"\" title=\"\">Necklace interlacing stainless steel and set blue and green Labradorite, inspired dreamlike and magical.<\/span><\/span><\/strong><\/p>\n","protected":false},"featured_media":3740,"comment_status":"open","ping_status":"closed","template":"","meta":[],"product_brand":[],"product_cat":[222],"product_tag":[31],"class_list":{"0":"post-3739","1":"product","2":"type-product","3":"status-publish","4":"has-post-thumbnail","6":"product_cat-les-adoptes","7":"product_tag-collier","8":"pa_ambiance-elfique","9":"pa_ambiance-feerique","10":"pa_matiere-inox","11":"pa_ornement-labradorite","12":"pa_ornement-labradorite-bleue","13":"pa_ornement-labradorite-verte","14":"pa_ornement-pierre-semi","16":"first","17":"outofstock","18":"featured","19":"sold-individually","20":"shipping-taxable","21":"purchasable","22":"product-type-simple"},"translation":{"provider":"WPGlobus","version":"3.0.2","language":"en","enabled_languages":["fr","en"],"languages":{"fr":{"title":true,"content":true,"excerpt":true},"en":{"title":false,"content":false,"excerpt":false}}},"jetpack-related-posts":[],"jetpack_sharing_enabled":true,"_links":{"self":[{"href":"https:\/\/www.altisfain.com\/en\/wp-json\/wp\/v2\/product\/3739","targetHints":{"allow":["GET"]}}],"collection":[{"href":"https:\/\/www.altisfain.com\/en\/wp-json\/wp\/v2\/product"}],"about":[{"href":"https:\/\/www.altisfain.com\/en\/wp-json\/wp\/v2\/types\/product"}],"replies":[{"embeddable":true,"href":"https:\/\/www.altisfain.com\/en\/wp-json\/wp\/v2\/comments?post=3739"}],"wp:featuredmedia":[{"embeddable":true,"href":"https:\/\/www.altisfain.com\/en\/wp-json\/wp\/v2\/media\/3740"}],"wp:attachment":[{"href":"https:\/\/www.altisfain.com\/en\/wp-json\/wp\/v2\/media?parent=3739"}],"wp:term":[{"taxonomy":"product_brand","embeddable":true,"href":"https:\/\/www.altisfain.com\/en\/wp-json\/wp\/v2\/product_brand?post=3739"},{"taxonomy":"product_cat","embeddable":true,"href":"https:\/\/www.altisfain.com\/en\/wp-json\/wp\/v2\/product_cat?post=3739"},{"taxonomy":"product_tag","embeddable":true,"href":"https:\/\/www.altisfain.com\/en\/wp-json\/wp\/v2\/product_tag?post=3739"}],"curies":[{"name":"wp","href":"https:\/\/api.w.org\/{rel}","templated":true}]}}