{"id":3722,"date":"2020-12-05T13:11:13","date_gmt":"2020-12-05T12:11:13","guid":{"rendered":"https:\/\/www.altisfain.com\/?post_type=product&#038;p=3722"},"modified":"2023-02-11T10:19:33","modified_gmt":"2023-02-11T09:19:33","slug":"collier-laiton-les-diaboliques-coyolxauhqui-pierre-de-lune-adulaire","status":"publish","type":"product","link":"https:\/\/www.altisfain.com\/en\/boutique\/diaboliques\/collier-laiton-les-diaboliques-coyolxauhqui-pierre-de-lune-adulaire\/","title":{"rendered":"Collier laiton &#8220;Les Diaboliques: Coyolxauhqui&#8221; Pierre de Lune Adulaire"},"content":{"rendered":"<p style=\"text-align: center;\">&#8220;Le mot na\u00eff et \u00e9tonn\u00e9 de la Borgh\u00e8se, quand on lui demanda comment elle avait bien pu poser nue devant Canova: \u00abmais l&#8217;atelier \u00e9tait chaud! il y avait un po\u00eale!\u00bb&#8221;<br \/>\nLes Diaboliques, Barbey d&#8217;Aurevilly.<\/p>\n<p style=\"text-align: center;\">Collection inspir\u00e9e de femmes, fictives ou historiques qui, \u00e0 tord ou \u00e0 raison, ont suscit\u00e9 accusations et calomnies et marqu\u00e9 l&#8217;Histoire ou les histoires par leur personnalit\u00e9 sulfureuse&#8230;..<\/p>\n<p style=\"text-align: center;\">D\u2019apr\u00e8s le mythe mexica, chaque nuit la lune livrait bataille \u00e0 son fr\u00e8re Huitzilopochtli (le soleil), qui \u00e9taient les enfants de Coatlicue, d\u00e9esse m\u00e8re de la terre et r\u00e9gente des Quatre cent m\u00e9ridionaux, leurs fr\u00e8res, les \u00e9toiles du sud.<br \/>\nLa l\u00e9gende de Coyolxauhqui et de son d\u00e9membrement par Huitzilopochtli est l\u2019explication du ph\u00e9nom\u00e8ne des phases de la lune, qui meurt afin de laisser na\u00eetre le Soleil.<\/p>\n<p style=\"text-align: center;\"><strong>Collier tour de cou laiton bross\u00e9 vernis satin compos\u00e9 d&#8217; un fil laiton qui enserre le cou. Un serti Pierre de Lune en pendentif est accroch\u00e9 au tour de cou. Le serti est surmont\u00e9 d&#8217;un disque qui symbolise le soleil et d&#8217;un petit croissant de lune.<\/strong><strong><br \/>\nLe collier est mall\u00e9able, il peut se serrer et desserrer pour s&#8217;adapter au plus pr\u00e8s de votre cou .<br \/>\nDimension du tour de cou: 35 cm \u00e0 environ 40 cm.<br \/>\nDimension du cabochon: 3,5 cm par 2,4 cm. Dimension du pendentif:10,6 cm par 5,3 cm.<br \/>\n<\/strong><\/p>\n<p style=\"text-align: center;\"><strong>Ce collier est en laiton premier titre, bross\u00e9 et vernis satin haute r\u00e9sistance pour \u00e9viter toutes oxydation.<\/strong><\/p>\n<p style=\"text-align: center;\"><strong>Style azt\u00e8que et oriental, pi\u00e8ce unique!!<\/strong><\/p>\n<hr \/>\n<p style=\"text-align: center;\">&#8220;The naive and astonished word of the Borghese, when asked how she could have posed naked before Canova:&#8221; but the workshop was hot, there was a stove! &#8220;&#8221;<br \/>\nThe Diabolics, Barbey d&#8217;Aurevilly.<\/p>\n<p style=\"text-align: center;\">Collection inspired by women, fictional or historical, who, rightly or wrongly, have succeeded in accusations and calumnies and marked history or stories by their sulphurous personality &#8230;..<\/p>\n<p style=\"text-align: center;\"><span class=\"VIiyi\" lang=\"en\"><span class=\"JLqJ4b ChMk0b\" data-language-for-alternatives=\"en\" data-language-to-translate-into=\"fr\" data-phrase-index=\"10\"><span class=\"JLqJ4b\" data-language-for-alternatives=\"en\" data-language-to-translate-into=\"fr\" data-phrase-index=\"0\">According to the Mexica myth, every night the moon fought her brother Huitzilopochtli (the sun), who were the children of Coatlicue, mother goddess of the earth and ruler of the Southern Four Hundred, their brothers, the southern stars. The legend of Coyolxauhqui and its dismemberment by Huitzilopochtli is the explanation of the phenomenon of the phases of the moon, which dies in order to give birth to the Sun.<\/span><\/span><\/span><\/p>\n<p style=\"text-align: left;\"><strong><span class=\"VIiyi\" lang=\"en\"><span class=\"JLqJ4b ChMk0b\" data-language-for-alternatives=\"en\" data-language-to-translate-into=\"fr\" data-phrase-index=\"8\"><span class=\"JLqJ4b\" data-language-for-alternatives=\"en\" data-language-to-translate-into=\"fr\" data-phrase-index=\"0\">Satin varnished brushed brass choker necklace composed of a brass wire which surrounds the neck. A Moonstone pendant setting hangs around the neck. The setting is surmounted by a disc symbolizing the sun and a small crescent moon. The collar is malleable, it can tighten and loosen to fit closer to your neck. Neck size: 35 cm to about 40 cm. Dimension of the cabochon: 3.5 cm by 2.4 cm. Dimension of the pendant: 10.6 cm by 5.3 cm. This necklace is in first grade brass, brushed and high resistance satin varnish to prevent any oxidation. <\/span><\/span><\/span><\/strong><\/p>\n<p><strong><span class=\"VIiyi\" lang=\"en\"><span class=\"JLqJ4b\" data-language-for-alternatives=\"en\" data-language-to-translate-into=\"fr\" data-phrase-index=\"0\">Aztec and oriental style, unique piece !!<\/span><\/span><\/strong><\/p>\n","protected":false},"excerpt":{"rendered":"<p style=\"text-align: center;\"><strong>Collier laiton, forme tour de cou, serti Moonstone , esprit oriental et azt\u00e8que.<br \/>\n<\/strong><\/p>\n<hr \/>\n<p style=\"text-align: center;\"><strong><span class=\"tlid-translation translation\" lang=\"en\"><span class=\"\" title=\"\"><span class=\"VIiyi\" lang=\"en\"><span class=\"JLqJ4b ChMk0b\" data-language-for-alternatives=\"en\" data-language-to-translate-into=\"fr\" data-phrase-index=\"0\">Brass necklace, choker shape, setting Serpentine stone, oriental and aztec spirit<\/span><\/span>.<\/span><\/span><\/strong><\/p>\n","protected":false},"featured_media":3723,"comment_status":"open","ping_status":"closed","template":"","meta":[],"product_brand":[],"product_cat":[15],"product_tag":[31,36],"class_list":{"0":"post-3722","1":"product","2":"type-product","3":"status-publish","4":"has-post-thumbnail","6":"product_cat-diaboliques","7":"product_tag-collier","8":"product_tag-torque","9":"pa_ambiance-baroque","10":"pa_ambiance-elfique","11":"pa_ambiance-feerique","12":"pa_ambiance-futuriste","13":"pa_ambiance-gothique","14":"pa_ambiance-historique","15":"pa_ambiance-victorien","16":"pa_matiere-laiton","17":"pa_ornement-pierre-de-lune","18":"pa_ornement-pierre-semi","20":"first","21":"outofstock","22":"featured","23":"sold-individually","24":"shipping-taxable","25":"purchasable","26":"product-type-simple"},"translation":{"provider":"WPGlobus","version":"3.0.2","language":"en","enabled_languages":["fr","en"],"languages":{"fr":{"title":true,"content":true,"excerpt":true},"en":{"title":false,"content":false,"excerpt":false}}},"jetpack-related-posts":[],"jetpack_sharing_enabled":true,"_links":{"self":[{"href":"https:\/\/www.altisfain.com\/en\/wp-json\/wp\/v2\/product\/3722","targetHints":{"allow":["GET"]}}],"collection":[{"href":"https:\/\/www.altisfain.com\/en\/wp-json\/wp\/v2\/product"}],"about":[{"href":"https:\/\/www.altisfain.com\/en\/wp-json\/wp\/v2\/types\/product"}],"replies":[{"embeddable":true,"href":"https:\/\/www.altisfain.com\/en\/wp-json\/wp\/v2\/comments?post=3722"}],"wp:featuredmedia":[{"embeddable":true,"href":"https:\/\/www.altisfain.com\/en\/wp-json\/wp\/v2\/media\/3723"}],"wp:attachment":[{"href":"https:\/\/www.altisfain.com\/en\/wp-json\/wp\/v2\/media?parent=3722"}],"wp:term":[{"taxonomy":"product_brand","embeddable":true,"href":"https:\/\/www.altisfain.com\/en\/wp-json\/wp\/v2\/product_brand?post=3722"},{"taxonomy":"product_cat","embeddable":true,"href":"https:\/\/www.altisfain.com\/en\/wp-json\/wp\/v2\/product_cat?post=3722"},{"taxonomy":"product_tag","embeddable":true,"href":"https:\/\/www.altisfain.com\/en\/wp-json\/wp\/v2\/product_tag?post=3722"}],"curies":[{"name":"wp","href":"https:\/\/api.w.org\/{rel}","templated":true}]}}