{"id":372,"date":"2018-03-04T14:32:39","date_gmt":"2018-03-04T13:32:39","guid":{"rendered":"http:\/\/www.altisfain.com\/?post_type=product&#038;p=372"},"modified":"2019-10-20T18:56:18","modified_gmt":"2019-10-20T16:56:18","slug":"boucles-doreilles-conte-la-belle-au-bois-dormant-feuille-orme","status":"publish","type":"product","link":"https:\/\/www.altisfain.com\/en\/boutique\/conte\/boucles-doreilles-conte-la-belle-au-bois-dormant-feuille-orme\/","title":{"rendered":"Boucles d&#8217;oreilles Conte &#8220;La Belle au Bois Dormant&#8221; feuille orme"},"content":{"rendered":"<p style=\"text-align: center;\">&#8220;La vie ressemble \u00e0 un conte ; ce qui importe, ce n&#8217;est pas sa longueur, mais sa valeur.&#8221;<br \/>\nS\u00e9n\u00e8que.<\/p>\n<p style=\"text-align: center;\">&#8220;La Belle au Bois Dormant&#8221; est un conte de Charles Perrault.<\/p>\n<p style=\"text-align: center;\"><b>Boucles d&#8217;oreilles inox et attaches am\u00e9ricaines 925.<br \/>\nFeuille d&#8217;orme martel\u00e9e main et fils inox martel\u00e9s soud\u00e9s argent.<br \/>\nEntrelacs travaill\u00e9s avec 4 points de soudure.<br \/>\nDimension de la feuille: 3 cm par 2 cm.<br \/>\nLongueur totale de la boucle d&#8217;oreille: 5,5 cm.<br \/>\nAttaches argent 925.<br \/>\nLivr\u00e9es dans leur \u00e9crin.<br \/>\n<\/b><\/p>\n<p style=\"text-align: center;\"><strong>Boucles d&#8217;oreilles infiniment f\u00e9eriques et elfiques!!<\/strong><\/p>\n<p style=\"text-align: center;\"><strong>Peut \u00eatre r\u00e9alis\u00e9es en laiton verni satin haute r\u00e9sistance.<\/strong><\/p>\n<hr \/>\n<p style=\"text-align: center;\"><span class=\"tlid-translation translation\" lang=\"en\"><span title=\"\">&#8220;Life is like a tale, what matters is not its length, but its value.&#8221;<\/span><br \/>\n<span title=\"\">Seneca.<\/span><\/span><\/p>\n<p style=\"text-align: center;\"><span title=\"\">&#8220;The Sleeping Beauty&#8221; is a tale by Charles Perrault.<\/span><\/p>\n<p style=\"text-align: left;\"><strong><span title=\"\">Stainless steel earrings and 925 American fasteners.<\/span><\/strong><br \/>\n<strong><span title=\"\">Hand-hammered elm leaf and hammered silver hammered stainless steel wires.<\/span><\/strong><br \/>\n<strong><span title=\"\">Interlacing worked with 4 points of welding.<\/span><\/strong><br \/>\n<strong><span title=\"\">Size of the leaf: 3 cm by 2 cm.<\/span><\/strong><br \/>\n<strong><span title=\"\">Total length of the earring: 5.5 cm.<\/span><\/strong><br \/>\n<strong><span title=\"\">Fasteners 925 silver.<\/span><\/strong><br \/>\n<strong><span title=\"\">Delivered in their case.<\/span><\/strong><\/p>\n<p><strong><span title=\"\">Earrings infinitely magical and elfic !!<\/span><\/strong><\/p>\n<p><strong><span title=\"\">Can be made of high resistance varnished satin brass.<\/span><\/strong><\/p>\n","protected":false},"excerpt":{"rendered":"<p style=\"text-align: center;\"><strong>Boucles d&#8217;oreilles inox feuilles d&#8217;orme et entrelacs, attaches argent 925.<\/strong><\/p>\n<hr \/>\n<p style=\"text-align: center;\"><strong><span class=\"tlid-translation translation\" lang=\"en\"><span class=\"\" title=\"\">Stainless steel earrings elm leaves and tracery, 925 silver fasteners.<\/span><\/span><\/strong><\/p>\n","protected":false},"featured_media":377,"comment_status":"open","ping_status":"closed","template":"","meta":{"jetpack_publicize_message":"","jetpack_publicize_feature_enabled":true,"jetpack_social_post_already_shared":false,"jetpack_social_options":{"image_generator_settings":{"template":"highway","default_image_id":0,"font":"","enabled":false},"version":2}},"product_brand":[],"product_cat":[29],"product_tag":[34],"class_list":{"0":"post-372","1":"product","2":"type-product","3":"status-publish","4":"has-post-thumbnail","6":"product_cat-conte","7":"product_tag-boucles-oreilles","8":"pa_ambiance-bucolique","9":"pa_ambiance-celtique","10":"pa_ambiance-elfique","11":"pa_ambiance-feerique","12":"pa_ambiance-vegetal","13":"pa_feuille-orme","14":"pa_matiere-argent-925","15":"pa_matiere-inox","16":"pa_matiere-laiton","18":"first","19":"instock","20":"sold-individually","21":"shipping-taxable","22":"purchasable","23":"product-type-variable"},"translation":{"provider":"WPGlobus","version":"3.0.2","language":"en","enabled_languages":["fr","en"],"languages":{"fr":{"title":true,"content":true,"excerpt":true},"en":{"title":false,"content":false,"excerpt":false}}},"jetpack_publicize_connections":[],"jetpack-related-posts":[],"jetpack_sharing_enabled":true,"jetpack_likes_enabled":true,"_links":{"self":[{"href":"https:\/\/www.altisfain.com\/en\/wp-json\/wp\/v2\/product\/372","targetHints":{"allow":["GET"]}}],"collection":[{"href":"https:\/\/www.altisfain.com\/en\/wp-json\/wp\/v2\/product"}],"about":[{"href":"https:\/\/www.altisfain.com\/en\/wp-json\/wp\/v2\/types\/product"}],"replies":[{"embeddable":true,"href":"https:\/\/www.altisfain.com\/en\/wp-json\/wp\/v2\/comments?post=372"}],"wp:featuredmedia":[{"embeddable":true,"href":"https:\/\/www.altisfain.com\/en\/wp-json\/wp\/v2\/media\/377"}],"wp:attachment":[{"href":"https:\/\/www.altisfain.com\/en\/wp-json\/wp\/v2\/media?parent=372"}],"wp:term":[{"taxonomy":"product_brand","embeddable":true,"href":"https:\/\/www.altisfain.com\/en\/wp-json\/wp\/v2\/product_brand?post=372"},{"taxonomy":"product_cat","embeddable":true,"href":"https:\/\/www.altisfain.com\/en\/wp-json\/wp\/v2\/product_cat?post=372"},{"taxonomy":"product_tag","embeddable":true,"href":"https:\/\/www.altisfain.com\/en\/wp-json\/wp\/v2\/product_tag?post=372"}],"curies":[{"name":"wp","href":"https:\/\/api.w.org\/{rel}","templated":true}]}}