{"id":3717,"date":"2020-12-05T12:37:56","date_gmt":"2020-12-05T11:37:56","guid":{"rendered":"https:\/\/www.altisfain.com\/?post_type=product&#038;p=3717"},"modified":"2021-10-25T19:57:47","modified_gmt":"2021-10-25T17:57:47","slug":"collier-laiton-les-diaboliques-karaba-la-sorciere-serpentine","status":"publish","type":"product","link":"https:\/\/www.altisfain.com\/en\/boutique\/diaboliques\/collier-laiton-les-diaboliques-karaba-la-sorciere-serpentine\/","title":{"rendered":"Collier laiton &#8220;Les Diaboliques: Karaba la Sorci\u00e8re&#8221; Serpentine"},"content":{"rendered":"<p style=\"text-align: center;\">&#8220;Le mot na\u00eff et \u00e9tonn\u00e9 de la Borgh\u00e8se, quand on lui demanda comment elle avait bien pu poser nue devant Canova: \u00abmais l&#8217;atelier \u00e9tait chaud! il y avait un po\u00eale!\u00bb&#8221;<br \/>\nLes Diaboliques, Barbey d&#8217;Aurevilly.<\/p>\n<p style=\"text-align: center;\">Collection inspir\u00e9e de femmes, fictives ou historiques qui, \u00e0 tord ou \u00e0 raison, ont suscit\u00e9 accusations et calomnies et marqu\u00e9 l&#8217;Histoire ou les histoires par leur personnalit\u00e9 sulfureuse&#8230;..<\/p>\n<p style=\"text-align: center;\">Karaba est un personnage d&#8217;un long m\u00e9trage d&#8217;animation franco-belgo-luxembourgeois r\u00e9alis\u00e9 par Michel Ocelot et sorti en 1998 et adapt\u00e9 d&#8217;un conte africain. C\u2019est une femme puissante, m\u00e9chante, tr\u00e8s belle et par\u00e9e de bijoux. Elle vit seule avec ses f\u00e9tiches qu\u2019elle dirige d\u2019une voix de stentor. Elle est grande et elle domine. Son regard paralyse et sa parole tue! Elle d\u00e9teste les hommes car ce sont eux qui l&#8217;ont rendu m\u00e9chante en lui enfon\u00e7ant une \u00e9pine empoisonn\u00e9e dans le dos. Elle habite dans une grande case dont les murs ext\u00e9rieurs sont gris et l&#8217;int\u00e9rieur couleur rouge sang.<\/p>\n<p style=\"text-align: center;\"><strong>Collier tour de cou laiton bross\u00e9 vernis satin compos\u00e9 de 3 fils laiton donc un qui enserre le cou et les deux autres se d\u00e9veloppent sur les c\u00f4t\u00e9s sans faire le tour du cou. Un serti Serpentine en pendentif est accroch\u00e9 au tour de cou. Le serti est surmont\u00e9 d&#8217;une s\u00e9rie de fils fin soud\u00e9s argent qui en ferme la pierre \u00e0 son sommet.<\/strong><strong><br \/>\nLe collier est mall\u00e9able, il peut se serrer et desserrer pour s&#8217;adapter au plus pr\u00e8s de votre cou .<br \/>\nDimension du tour de cou: 35 cm \u00e0 environ 40 cm.<br \/>\nDimension du cabochon: 5 cm par 3,8 cm. Dimension du pendentif:10,8 cm par 4,8 cm.<br \/>\n<\/strong><\/p>\n<p style=\"text-align: center;\"><strong>Ce collier est en laiton premier titre, bross\u00e9 et vernis satin haute r\u00e9sistance pour \u00e9viter toutes oxydation.<\/strong><\/p>\n<p style=\"text-align: center;\"><strong>Style africain et oriental, pi\u00e8ce unique!!<\/strong><\/p>\n<hr \/>\n<p style=\"text-align: center;\">&#8220;The naive and astonished word of the Borghese, when asked how she could have posed naked before Canova:&#8221; but the workshop was hot, there was a stove! &#8220;&#8221;<br \/>\nThe Diabolics, Barbey d&#8217;Aurevilly.<\/p>\n<p style=\"text-align: center;\">Collection inspired by women, fictional or historical, who, rightly or wrongly, have succeeded in accusations and calumnies and marked history or stories by their sulphurous personality &#8230;..<\/p>\n<p style=\"text-align: center;\"><span class=\"VIiyi\" lang=\"en\"><span class=\"JLqJ4b ChMk0b\" data-language-for-alternatives=\"en\" data-language-to-translate-into=\"fr\" data-phrase-index=\"10\"><span class=\"JLqJ4b\" data-language-for-alternatives=\"en\" data-language-to-translate-into=\"fr\" data-phrase-index=\"0\">Karaba is a character in a Franco-Belgian-Luxembourg animated feature film directed by Michel Ocelot and released in 1998 and adapted from an African tale. She is a powerful, wicked, very beautiful and jeweled woman. She lives alone with her fetishes which she directs in a stentorian voice. She is tall and she dominates. His gaze paralyzes and his words kill! She hates men because they are the ones who made her mean by sticking a poisoned thorn in her back. She lives in a large hut with gray exterior walls and blood red interior. <\/span><\/span><\/span><\/p>\n<p style=\"text-align: left;\"><strong><span class=\"VIiyi\" lang=\"en\"><span class=\"JLqJ4b ChMk0b\" data-language-for-alternatives=\"en\" data-language-to-translate-into=\"fr\" data-phrase-index=\"8\"><span class=\"JLqJ4b\" data-language-for-alternatives=\"en\" data-language-to-translate-into=\"fr\" data-phrase-index=\"0\">Satin varnished brushed brass choker necklace composed of 3 brass wires, one which surrounds the neck and the other two develop on the sides without going around the neck. A Serpentine pendant setting hangs around the neck. The setting is surmounted by a series of fine silver welded wires which closes the stone at its top. The collar is malleable, it can tighten and loosen to fit closer to your neck. Neck size: 35 cm to about 40 cm. Dimension of the cabochon: 5 cm by 3.8 cm. Pendant dimension: 10.8 cm by 4.8 cm. This necklace is in first grade brass, brushed and high resistance satin varnish to prevent any oxidation. <\/span><\/span><\/span><\/strong><\/p>\n<p><strong><span class=\"VIiyi\" lang=\"en\"><span class=\"JLqJ4b\" data-language-for-alternatives=\"en\" data-language-to-translate-into=\"fr\" data-phrase-index=\"0\">African and oriental style, unique piece !!<\/span><\/span><\/strong><\/p>\n","protected":false},"excerpt":{"rendered":"<p style=\"text-align: center;\"><strong>Collier laiton, forme tour de cou, serti Serpentine, esprit oriental et africaine.<br \/>\n<\/strong><\/p>\n<hr \/>\n<p style=\"text-align: center;\"><strong><span class=\"tlid-translation translation\" lang=\"en\"><span class=\"\" title=\"\"><span class=\"VIiyi\" lang=\"en\"><span class=\"JLqJ4b ChMk0b\" data-language-for-alternatives=\"en\" data-language-to-translate-into=\"fr\" data-phrase-index=\"0\">Brass necklace, choker shape, setting Serpentine stone, oriental and african spirit<\/span><\/span>.<\/span><\/span><\/strong><\/p>\n","protected":false},"featured_media":3718,"comment_status":"open","ping_status":"closed","template":"","meta":[],"product_brand":[],"product_cat":[15],"product_tag":[31,36],"class_list":{"0":"post-3717","1":"product","2":"type-product","3":"status-publish","4":"has-post-thumbnail","6":"product_cat-diaboliques","7":"product_tag-collier","8":"product_tag-torque","9":"pa_ambiance-baroque","10":"pa_ambiance-elfique","11":"pa_ambiance-feerique","12":"pa_ambiance-futuriste","13":"pa_ambiance-gothique","14":"pa_ambiance-historique","15":"pa_ambiance-victorien","16":"pa_matiere-laiton","17":"pa_ornement-pierre-semi","18":"pa_ornement-serpentine","20":"first","21":"instock","22":"featured","23":"sold-individually","24":"shipping-taxable","25":"purchasable","26":"product-type-simple"},"translation":{"provider":"WPGlobus","version":"3.0.2","language":"en","enabled_languages":["fr","en"],"languages":{"fr":{"title":true,"content":true,"excerpt":true},"en":{"title":false,"content":false,"excerpt":false}}},"jetpack-related-posts":[],"jetpack_sharing_enabled":true,"_links":{"self":[{"href":"https:\/\/www.altisfain.com\/en\/wp-json\/wp\/v2\/product\/3717","targetHints":{"allow":["GET"]}}],"collection":[{"href":"https:\/\/www.altisfain.com\/en\/wp-json\/wp\/v2\/product"}],"about":[{"href":"https:\/\/www.altisfain.com\/en\/wp-json\/wp\/v2\/types\/product"}],"replies":[{"embeddable":true,"href":"https:\/\/www.altisfain.com\/en\/wp-json\/wp\/v2\/comments?post=3717"}],"wp:featuredmedia":[{"embeddable":true,"href":"https:\/\/www.altisfain.com\/en\/wp-json\/wp\/v2\/media\/3718"}],"wp:attachment":[{"href":"https:\/\/www.altisfain.com\/en\/wp-json\/wp\/v2\/media?parent=3717"}],"wp:term":[{"taxonomy":"product_brand","embeddable":true,"href":"https:\/\/www.altisfain.com\/en\/wp-json\/wp\/v2\/product_brand?post=3717"},{"taxonomy":"product_cat","embeddable":true,"href":"https:\/\/www.altisfain.com\/en\/wp-json\/wp\/v2\/product_cat?post=3717"},{"taxonomy":"product_tag","embeddable":true,"href":"https:\/\/www.altisfain.com\/en\/wp-json\/wp\/v2\/product_tag?post=3717"}],"curies":[{"name":"wp","href":"https:\/\/api.w.org\/{rel}","templated":true}]}}