{"id":3604,"date":"2020-11-01T18:32:18","date_gmt":"2020-11-01T17:32:18","guid":{"rendered":"https:\/\/www.altisfain.com\/?post_type=product&#038;p=3604"},"modified":"2020-11-01T18:56:57","modified_gmt":"2020-11-01T17:56:57","slug":"collier-inox-les-diaboliques-chani-palmier-petrifie","status":"publish","type":"product","link":"https:\/\/www.altisfain.com\/en\/boutique\/diaboliques\/collier-inox-les-diaboliques-chani-palmier-petrifie\/","title":{"rendered":"Collier inox &#8220;Les Diaboliques: Chani&#8221; Palmier P\u00e9trifi\u00e9"},"content":{"rendered":"<p style=\"text-align: center;\">&#8220;Le mot na\u00eff et \u00e9tonn\u00e9 de la Borgh\u00e8se, quand on lui demanda comment elle avait bien pu poser nue devant Canova: \u00abmais l&#8217;atelier \u00e9tait chaud! il y avait un po\u00eale!\u00bb&#8221;<br \/>\nLes Diaboliques, Barbey d&#8217;Aurevilly.<\/p>\n<p style=\"text-align: center;\">Collection inspir\u00e9e de femmes, fictives ou historiques qui, \u00e0 tord ou \u00e0 raison, ont suscit\u00e9 accusations et calomnies et marqu\u00e9 l&#8217;Histoire ou les histoires par leur personnalit\u00e9 sulfureuse&#8230;..<\/p>\n<p>Chani est un personnage du cycle de fiction de Dune de Frank Herbert. Elle appara\u00eet dans Dune (1965) et Le Messie de Dune (1969). Chani est la femme Fremen et concubine l\u00e9gale de Paul Atreides (Muad&#8217;Dib). Elle est \u00e9galement la fille du plan\u00e9tologue imp\u00e9rial Liet Kynes et de son \u00e9pouse Fremen Faroula et la petite fille de Pardot Kynes. Elle sera plus tard, la m\u00e8re des jumeaux Ghanima et Leto. Morte apr\u00e8s l\u2019accouchement comme Paul l\u2019avait vu dans ses visions, le personnage est ressuscit\u00e9 comme un ghola et appara\u00eet dans Les Chasseurs de Dune (2006) et Le Triomphe de Dune (2007), les romans de Brian Herbert et Kevin J. Anderson qui exploitent l&#8217;univers de la s\u00e9rie originale.<br \/>\nChani est \u00e9galement une version courte du nom h\u00e9breu Hannah. Paul l\u2019appelle souvent Sihaya, ce qui signifie \u00ab printemps du d\u00e9sert \u00bb en Chakobsa, le langage des Fremen.<\/p>\n<p style=\"text-align: center;\"><strong>Collier torque laiton\u00a0 compos\u00e9 de 10 fils laiton de diam\u00e8tres diff\u00e9rents, soud\u00e9s argent et martel\u00e9s Deux sertis Palmiers Fossilis\u00e9s surmontent les deux plaques<\/strong><strong> en forme de bani\u00e8res sym\u00e9triques.<br \/>\nLe collier est mall\u00e9able, il peut se serrer et desserrer pour s&#8217;adapter au plus pr\u00e8s de votre cou .<br \/>\nDans le dos se d\u00e9veloppe une s\u00e9rie d&#8217;entrelacs.<br \/>\nDimension des plaques: 8,5 cm par 4,5 cm, tour de cou de 35 cm \u00e0 environ 40 cm.<br \/>\nDimension des cabochons: 4,1 cm par 1 cm.<\/p>\n<p><\/strong><\/p>\n<p style=\"text-align: center;\"><strong>Style m\u00e9di\u00e9val fantastique et oriental, pi\u00e8ce unique!!<\/strong><\/p>\n<hr \/>\n<p style=\"text-align: center;\">&#8220;The naive and astonished word of the Borghese, when asked how she could have posed naked before Canova:&#8221; but the workshop was hot, there was a stove! &#8220;&#8221;<br \/>\nThe Diabolics, Barbey d&#8217;Aurevilly.<\/p>\n<p style=\"text-align: center;\">Collection inspired by women, fictional or historical, who, rightly or wrongly, have succeeded in accusations and calumnies and marked history or stories by their sulphurous personality &#8230;..<\/p>\n<p style=\"text-align: center;\"><span class=\"VIiyi\" lang=\"en\"><span class=\"JLqJ4b ChMk0b\" data-language-for-alternatives=\"en\" data-language-to-translate-into=\"fr\" data-phrase-index=\"0\">Chani is a character from Frank Herbert&#8217;s Dune fiction cycle.<\/span> <span class=\"JLqJ4b ChMk0b\" data-language-for-alternatives=\"en\" data-language-to-translate-into=\"fr\" data-phrase-index=\"1\">She appears in Dune (1965) and Le Messie de Dune (1969).<\/span> <span class=\"JLqJ4b ChMk0b\" data-language-for-alternatives=\"en\" data-language-to-translate-into=\"fr\" data-phrase-index=\"3\">Chani is the Fremen wife and legal concubine of Paul Atreides (Muad&#8217;Dib).<\/span> <span class=\"JLqJ4b ChMk0b\" data-language-for-alternatives=\"en\" data-language-to-translate-into=\"fr\" data-phrase-index=\"4\">She is also the daughter of the Imperial planetologist Liet Kynes and his wife Fremen Faroula and the granddaughter of Pardot Kynes.<\/span> <span class=\"JLqJ4b ChMk0b\" data-language-for-alternatives=\"en\" data-language-to-translate-into=\"fr\" data-phrase-index=\"5\">She will later be the mother of twins Ghanima and Leto.<\/span> <span class=\"JLqJ4b ChMk0b\" data-language-for-alternatives=\"en\" data-language-to-translate-into=\"fr\" data-phrase-index=\"6\">Dead after childbirth as Paul had seen in his visions, the character is resurrected as a ghola and appears in Les Chasseurs de Dune (2006) and Le Triomphe de Dune (2007), the novels of Brian Herbert and Kevin J.<\/span> <span class=\"JLqJ4b ChMk0b\" data-language-for-alternatives=\"en\" data-language-to-translate-into=\"fr\" data-phrase-index=\"7\">Anderson who exploit the universe of the original series.<\/span> <span class=\"JLqJ4b ChMk0b\" data-language-for-alternatives=\"en\" data-language-to-translate-into=\"fr\" data-phrase-index=\"9\">Chani is also a short version of the Hebrew name Hannah.<\/span> <span class=\"JLqJ4b ChMk0b\" data-language-for-alternatives=\"en\" data-language-to-translate-into=\"fr\" data-phrase-index=\"10\">Paul often calls her Sihaya, which means &#8220;desert spring&#8221; in Chakobsa, the language of the Fremen.<\/span><\/span><\/p>\n<p><strong><span class=\"VIiyi\" lang=\"en\"><span class=\"JLqJ4b ChMk0b\" data-language-for-alternatives=\"en\" data-language-to-translate-into=\"fr\" data-phrase-index=\"0\">Torque brass necklace made up of 10 brass wires of different diameters, soldered in silver and hammered. Two fossilized Palm tree settings surmount the two plates in the form of symmetrical banners.<\/span> <span class=\"JLqJ4b ChMk0b\" data-language-for-alternatives=\"en\" data-language-to-translate-into=\"fr\" data-phrase-index=\"2\">The collar is malleable, it can tighten and loosen to fit closer to your neck.<\/span> <span class=\"JLqJ4b ChMk0b\" data-language-for-alternatives=\"en\" data-language-to-translate-into=\"fr\" data-phrase-index=\"4\">In the back develops a series of interlacings.<\/span> <span class=\"JLqJ4b ChMk0b\" data-language-for-alternatives=\"en\" data-language-to-translate-into=\"fr\" data-phrase-index=\"6\">Size of the plates: 8.5 cm by 4.5 cm, neck size from 35 cm to about 40 cm.<\/span> <span class=\"JLqJ4b ChMk0b\" data-language-for-alternatives=\"en\" data-language-to-translate-into=\"fr\" data-phrase-index=\"8\">Dimension of the cabochons: 4.1 cm by 1 cm.<\/span><\/span><\/strong><\/p>\n<p><strong>Fantastic and oriental style, unique piece !!<\/strong><\/p>\n","protected":false},"excerpt":{"rendered":"<p style=\"text-align: center;\"><strong>Collier laiton, forme torque, entrelacs et serti Palmier fossilis\u00e9, esprit oriental et fantastique.<br \/>\n<\/strong><\/p>\n<hr \/>\n<p style=\"text-align: center;\"><strong><span class=\"tlid-translation translation\" lang=\"en\"><span class=\"\" title=\"\"><span class=\"VIiyi\" lang=\"en\"><span class=\"JLqJ4b ChMk0b\" data-language-for-alternatives=\"en\" data-language-to-translate-into=\"fr\" data-phrase-index=\"0\">Brass necklace, torque shape, interlacing and setting Fossilized palm tree, oriental and fantastic spirit<\/span><\/span>.<\/span><\/span><\/strong><\/p>\n","protected":false},"featured_media":3605,"comment_status":"open","ping_status":"closed","template":"","meta":[],"product_brand":[],"product_cat":[15],"product_tag":[31,36],"class_list":{"0":"post-3604","1":"product","2":"type-product","3":"status-publish","4":"has-post-thumbnail","6":"product_cat-diaboliques","7":"product_tag-collier","8":"product_tag-torque","9":"pa_ambiance-baroque","10":"pa_ambiance-elfique","11":"pa_ambiance-feerique","12":"pa_ambiance-futuriste","13":"pa_ambiance-gothique","14":"pa_ambiance-historique","15":"pa_ambiance-victorien","16":"pa_matiere-laiton","17":"pa_ornement-palmier-fossilise","18":"pa_ornement-palmier-petrifie","19":"pa_ornement-pierre-semi","21":"first","22":"instock","23":"featured","24":"sold-individually","25":"shipping-taxable","26":"purchasable","27":"product-type-simple"},"translation":{"provider":"WPGlobus","version":"3.0.2","language":"en","enabled_languages":["fr","en"],"languages":{"fr":{"title":true,"content":true,"excerpt":true},"en":{"title":false,"content":false,"excerpt":false}}},"jetpack-related-posts":[],"jetpack_sharing_enabled":true,"_links":{"self":[{"href":"https:\/\/www.altisfain.com\/en\/wp-json\/wp\/v2\/product\/3604","targetHints":{"allow":["GET"]}}],"collection":[{"href":"https:\/\/www.altisfain.com\/en\/wp-json\/wp\/v2\/product"}],"about":[{"href":"https:\/\/www.altisfain.com\/en\/wp-json\/wp\/v2\/types\/product"}],"replies":[{"embeddable":true,"href":"https:\/\/www.altisfain.com\/en\/wp-json\/wp\/v2\/comments?post=3604"}],"wp:featuredmedia":[{"embeddable":true,"href":"https:\/\/www.altisfain.com\/en\/wp-json\/wp\/v2\/media\/3605"}],"wp:attachment":[{"href":"https:\/\/www.altisfain.com\/en\/wp-json\/wp\/v2\/media?parent=3604"}],"wp:term":[{"taxonomy":"product_brand","embeddable":true,"href":"https:\/\/www.altisfain.com\/en\/wp-json\/wp\/v2\/product_brand?post=3604"},{"taxonomy":"product_cat","embeddable":true,"href":"https:\/\/www.altisfain.com\/en\/wp-json\/wp\/v2\/product_cat?post=3604"},{"taxonomy":"product_tag","embeddable":true,"href":"https:\/\/www.altisfain.com\/en\/wp-json\/wp\/v2\/product_tag?post=3604"}],"curies":[{"name":"wp","href":"https:\/\/api.w.org\/{rel}","templated":true}]}}