{"id":3585,"date":"2020-11-01T16:35:16","date_gmt":"2020-11-01T15:35:16","guid":{"rendered":"https:\/\/www.altisfain.com\/?post_type=product&#038;p=3585"},"modified":"2024-10-20T22:01:01","modified_gmt":"2024-10-20T20:01:01","slug":"bague-inox-les-passages-celestes-la-porte-de-la-lune-pierre-de-lune-naturelle","status":"publish","type":"product","link":"https:\/\/www.altisfain.com\/en\/boutique\/les-passages-celestes\/bague-inox-les-passages-celestes-la-porte-de-la-lune-pierre-de-lune-naturelle\/","title":{"rendered":"Bague inox &#8220;Les Passages C\u00e9lestes: la Porte de la Lune&#8221;, pierre de Lune naturelle"},"content":{"rendered":"<p style=\"text-align: center;\"><strong>\u201cSi la vie n\u2019est qu\u2019un passage, sur ce passage au moins semons des fleurs.\u201d<\/strong><br \/>\n<strong>Montaigne<\/strong><\/p>\n<p style=\"text-align: center;\"><strong>\u00ab Les Passages C\u00e9lestes \u00bb est une collection inspir\u00e9e des diff\u00e9rents portes conduisant \u00e0 des univers oniriques mais aussi personnels, des voies qui m\u00e8nent \u00e0 la pleine conscience de soi et du monde. Ces passerelles nous transportent vers des havres supr\u00eames, des finalit\u00e9s plus hautes, des buts ultimes. Ils touchent l\u2019Histoire, la Spiritualit\u00e9, le Fantastique. Empruntons ces passages et nous entrons dans des contr\u00e9es intimes et fantaisistes.<\/strong><\/p>\n<p style=\"text-align: center;\"><strong><b>Les Eyri\u00e9<\/b> sont le si\u00e8ge de la maison Arryn dans le roman de G. R. Martin \u00ab\u00a0Games of Throne\u00a0\u00bb.Les Eyri\u00e9 pr\u00e9sentent deux caract\u00e8res originaux. D\u2019une part, aucun bourreau n\u2019y est appoint\u00e9. En effet, dans la grande salle du ch\u00e2teau, une porte s\u2019ouvre directement sur le gouffre, et les condamn\u00e9s y sont pr\u00e9cipit\u00e9s. Cette porte, ferm\u00e9e par trois barres et s\u2019ouvrant vers l\u2019int\u00e9rieur, est appel\u00e9e la <b>porte de la Lune<\/b>, car elle est constitu\u00e9e de bois blanc de barral et orn\u00e9e d\u2019un croissant de lune. D\u2019autre part, les prisons de la forteresse comprennent des cellules, appel\u00e9es \u00ab\u00a0cellules c\u00e9lestes\u00a0\u00bb. Celles-ci sont creus\u00e9es dans la montagne, mais elles ne sont dot\u00e9es que de trois murs, le quatri\u00e8me c\u00f4t\u00e9 donnant directement sur le vide, avec le sol six cents pieds (cent quatre vingt m\u00e8tres) plus bas. Quant au sol, il est en pente (plus ou moins prononc\u00e9e) vers le vide. S\u2019ils ne tombent pas par accident, les prisonniers deviennent fous et finissent par se jeter d\u2019eux-m\u00eame dans le vide (r\u00e9pondant \u00e0 \u00ab\u00a0l\u2019appel du bleu\u00a0\u00bb)<\/strong><\/p>\n<p style=\"text-align: center;\">Bague inox taille 58, chaton serti Pierre de Lune adulaire de tr\u00e8s belle qualit\u00e9 en forme de goutte et aux reflets p\u00eache et argent\u00e9s, avec scintillements. Largueur de l\u2019anneau: 0,5 cm, dimension de la pierre: 3,1 cm par 1,8 cm.<\/p>\n<p style=\"text-align: center;\">Esprit tr\u00e8s mystique et cosmique.<\/p>\n<hr \/>\n<p style=\"text-align: center;\"><strong><span class=\"VIiyi\" lang=\"en\"><span class=\"JLqJ4b\" data-language-for-alternatives=\"en\" data-language-to-translate-into=\"fr\" data-phrase-index=\"0\">&#8220;If life is only a passage, in this passage at least let us sow flowers.&#8221; Montaigne<\/span><\/span><\/strong><\/p>\n<p style=\"text-align: center;\"><span class=\"VIiyi\" lang=\"en\"><span class=\"JLqJ4b\" data-language-for-alternatives=\"en\" data-language-to-translate-into=\"fr\" data-phrase-index=\"0\"><strong>\u201cLes Passages C\u00e9lestes\u201d is a collection inspired by the different doors leading to dreamlike but also personal universes, paths that lead to full awareness of oneself and the world. These bridges transport us to supreme havens, higher goals, ultimate goals. They touch on History, Spirituality, the Fantastic. Take these passages and we enter intimate and fanciful lands.<\/strong> <\/span><\/span><\/p>\n<p style=\"text-align: center;\"><strong><span class=\"VIiyi\" lang=\"en\"><span class=\"JLqJ4b\" data-language-for-alternatives=\"en\" data-language-to-translate-into=\"fr\" data-phrase-index=\"0\">The Eyri\u00e9 are the seat of House Arryn in the novel by G. R. Martin &#8220;Games of Throne&#8221;. The Eyri\u00e9 have two original characters. On the one hand, no executioner is appointed. Indeed, in the great hall of the castle, a door opens directly onto the abyss, and the condemned are rushed there. This door, closed with three bars and opening inwards, is called the Moon Gate, because it is made of white barral wood and decorated with a crescent moon. On the other hand, the prisons of the fortress have cells, called &#8220;celestial cells&#8221;. These are carved into the mountain, but they have only three walls, the fourth side facing directly into the void, with the ground six hundred feet (one hundred and eighty meters) lower. As for the ground, it slopes (more or less pronounced) towards the void. If they don&#8217;t fall by accident, prisoners go mad and eventually throw themselves into the void (responding to the &#8220;call of blue&#8221;)<\/span><\/span><\/strong><\/p>\n<p style=\"text-align: center;\"><span class=\"VIiyi\" lang=\"en\"><span class=\"JLqJ4b\" data-language-for-alternatives=\"en\" data-language-to-translate-into=\"fr\" data-phrase-index=\"0\">Stainless steel ring size 58, bezel set with very fine quality adular moonstone in the shape of a drop with peach and silver reflections, with sparkles. Ring width: 0.5 cm, dimension of the stone: 3.1 cm by 1.8 cm. <\/span><\/span><\/p>\n<p style=\"text-align: center;\"><span class=\"VIiyi\" lang=\"en\"><span class=\"JLqJ4b\" data-language-for-alternatives=\"en\" data-language-to-translate-into=\"fr\" data-phrase-index=\"0\">Very mystical and cosmic spirit.<\/span><\/span><\/p>\n","protected":false},"excerpt":{"rendered":"<p style=\"text-align: center;\"><strong>Bague inox et serti Pierre de Lune naturelle, ambiance elfique et \u00e9pur\u00e9e!<\/strong><\/p>\n<hr \/>\n<p style=\"text-align: center;\"><strong><span class=\"VIiyi\" lang=\"en\"><span class=\"JLqJ4b ChMk0b\" data-language-for-alternatives=\"en\" data-language-to-translate-into=\"fr\" data-phrase-index=\"0\">Stainless steel ring and natural Moonstone set, elven and refined atmosphere!<\/span><\/span><\/strong><\/p>\n","protected":false},"featured_media":3586,"comment_status":"open","ping_status":"closed","template":"","meta":[],"product_brand":[],"product_cat":[130],"product_tag":[32],"class_list":{"0":"post-3585","1":"product","2":"type-product","3":"status-publish","4":"has-post-thumbnail","6":"product_cat-les-passages-celestes","7":"product_tag-bague","8":"product_shipping_class-colissimo-france-et-assurance","9":"pa_ambiance-art-nouveau","10":"pa_ambiance-elfique","11":"pa_ambiance-gothique","12":"pa_matiere-inox","13":"pa_ornement-pierre-de-lune","14":"pa_ornement-pierre-naturelle","16":"first","17":"instock","18":"sold-individually","19":"shipping-taxable","20":"purchasable","21":"product-type-simple"},"translation":{"provider":"WPGlobus","version":"3.0.2","language":"en","enabled_languages":["fr","en"],"languages":{"fr":{"title":true,"content":true,"excerpt":true},"en":{"title":false,"content":false,"excerpt":false}}},"jetpack-related-posts":[],"jetpack_sharing_enabled":true,"_links":{"self":[{"href":"https:\/\/www.altisfain.com\/en\/wp-json\/wp\/v2\/product\/3585","targetHints":{"allow":["GET"]}}],"collection":[{"href":"https:\/\/www.altisfain.com\/en\/wp-json\/wp\/v2\/product"}],"about":[{"href":"https:\/\/www.altisfain.com\/en\/wp-json\/wp\/v2\/types\/product"}],"replies":[{"embeddable":true,"href":"https:\/\/www.altisfain.com\/en\/wp-json\/wp\/v2\/comments?post=3585"}],"wp:featuredmedia":[{"embeddable":true,"href":"https:\/\/www.altisfain.com\/en\/wp-json\/wp\/v2\/media\/3586"}],"wp:attachment":[{"href":"https:\/\/www.altisfain.com\/en\/wp-json\/wp\/v2\/media?parent=3585"}],"wp:term":[{"taxonomy":"product_brand","embeddable":true,"href":"https:\/\/www.altisfain.com\/en\/wp-json\/wp\/v2\/product_brand?post=3585"},{"taxonomy":"product_cat","embeddable":true,"href":"https:\/\/www.altisfain.com\/en\/wp-json\/wp\/v2\/product_cat?post=3585"},{"taxonomy":"product_tag","embeddable":true,"href":"https:\/\/www.altisfain.com\/en\/wp-json\/wp\/v2\/product_tag?post=3585"}],"curies":[{"name":"wp","href":"https:\/\/api.w.org\/{rel}","templated":true}]}}