{"id":356,"date":"2018-03-04T13:14:08","date_gmt":"2018-03-04T12:14:08","guid":{"rendered":"http:\/\/www.altisfain.com\/?post_type=product&#038;p=356"},"modified":"2024-06-07T23:06:16","modified_gmt":"2024-06-07T21:06:16","slug":"collier-laiton-les-diaboliques-la-marquise-de-pompadour-rhodonite","status":"publish","type":"product","link":"https:\/\/www.altisfain.com\/en\/boutique\/prix-doux\/collier-laiton-les-diaboliques-la-marquise-de-pompadour-rhodonite\/","title":{"rendered":"Collier inox &#8220;Les Diaboliques: la Marquise de Pompadour&#8221; Rhodonite"},"content":{"rendered":"<p style=\"text-align: center;\">&#8220;Le mot na\u00eff et \u00e9tonn\u00e9 de la Borgh\u00e8se, quand on lui demanda comment elle avait bien pu poser nue devant Canova: \u00abmais l&#8217;atelier \u00e9tait chaud! il y avait un po\u00eale!\u00bb&#8221;<br \/>\nLes Diaboliques, Barbey d&#8217;Aurevilly.<\/p>\n<p style=\"text-align: center;\">Collection inspir\u00e9e de femmes, fictives ou historiques qui, \u00e0 tord ou \u00e0 raison, ont suscit\u00e9 accusations et calomnies et marqu\u00e9 l&#8217;Histoire ou les histoires par leur personnalit\u00e9 sulfureuse&#8230;..<\/p>\n<p style=\"text-align: center;\">La Marquise de Pompadour, n\u00e9e Jeanne Antoinette Poisson et favorite du roi Louis XV, fut la seule \u00e0 r\u00e9gner aussi longtemps aupr\u00e8s d&#8217;un roi.<br \/>\nElle fit une ascension fulgurante. Les envieux, les rancuniers, lui ont fait un mauvais portrait: pour les uns, belle, raffin\u00e9e, d&#8217;une intelligence sup\u00e9rieure, habile, une classe inn\u00e9e qui sera les pr\u00e9misses d&#8217;un style qui perdura; pour les autres, avide, perverse, assoiff\u00e9e de pouvoir, responsable de choix militaires et politiques d\u00e9sastreux.<br \/>\nElle fut la seule favorite \u00e0 mourir \u00e0 Versailles, le dernier hommage d&#8217;un roi avec qui elle passa 20 ans de sa vie.<\/p>\n<p style=\"text-align: center;\"><b>Collier inox ras de cou asym\u00e9trique plastron plaque inox polie lisse<br \/>\nEn pendentifs soud\u00e9s de chaque c\u00f4t\u00e9, deux cabochons de tr\u00e8s belle qualit\u00e9 forme ovale serti griffe Rhodonite rose vein\u00e9e noire.<br \/>\nD&#8217;un c\u00f4t\u00e9, un cabochon avec s\u00e9rie d&#8217;entrelacs retombant en pluie. De l&#8217;autre, un cabochon travaill\u00e9 en fleur avec p\u00e9tales cisel\u00e9es en form\u00e9s \u00e0 l&#8217;enclume.<br \/>\nUne chaine inox et chainette de rallonge permet de fermer le collier \u00e0 l&#8217;arri\u00e8re du cou.<br \/>\nDimension du collier: 3 cm de l&#8217;encolure \u00e0 la pointe du collier, 10 cm du cabochon aux pointes des entrelacs, 4,5 cm pour la fleur. Le tour de cou est de 38 cm \u00e0 environ 45 cm avec extension de chaine.<br \/>\nDimension des cabochons: 2,5 cm par 1,8 cm.<br \/>\n<\/b><\/p>\n<p style=\"text-align: center;\"><b>Style victorien et rococo, pi\u00e8ce unique!!<\/b><\/p>\n<hr \/>\n<p style=\"text-align: center;\">&#8220;The word naive and amazed at the Borghese, when asked how she could well pose nude in front of Canova,&#8221; but the studio was hot there was a stove! &#8220;&#8221;<br \/>\nDiabolique, Barbey d&#8217;Aurevilly.<\/p>\n<p style=\"text-align: center;\">Collection inspired by women, fictional or historical, rightly or wrongly, have sucit\u00e9 accusations and slander and marked history or stories by their sulfurous personality &#8230;..<\/p>\n<p style=\"text-align: center;\">The Marquise of Pompadour, born Jeanne Antoinette Poisson and favorite of King Louis XV, was the only one to reign so long with a king.<br \/>\nShe made a meteoric rise. The envious, the resentful, have made him a bad portrait: for some, beautiful, refined, superior intelligence, skillful, an innate class that will be the premises of a style that persists; for others, greedy, perverse, thirsty for power, responsible for military and political choices.<br \/>\nShe was the only favorite to die at Versailles, the last homage of a king with whom she spent 20 years of her life.<\/p>\n<p><strong>Stainless steel necklace.<\/strong><br \/>\n<strong>In pendants welded on each side, two cabochons of very beautiful oval shape set claw Rhodonite pink veined black.<\/strong><br \/>\n<strong>On one side, a cabochon with series of interlacings falling in rain. On the other, a cabochon worked in flower with carved petals formed in the anvil.<\/strong><br \/>\n<strong>A stainless steel chain and chain extension allows to close the necklace at the back of the neck.<\/strong><br \/>\n<strong>Size of the necklace: 3 cm from the neck to the tip of the necklace, 10 cm from the cabochon to the tips of the interlacings, 4.5 cm for the flower. The neck strap is 38 cm to about 45 cm with chain extension.<\/strong><br \/>\n<strong>Dimension of the cabochons: 2,5 cm by 1,8 cm.<\/strong><\/p>\n<p><strong>Victorian and rococo style, unique piece !!<\/strong><\/p>\n","protected":false},"excerpt":{"rendered":"<p style=\"text-align: center;\"><strong>Collier inox , forme corbeille et serti Rhodonite, d&#8217;inspiration victorienne et rococo.<\/strong><\/p>\n<hr \/>\n<p style=\"text-align: center;\"><strong><span class=\"tlid-translation translation\" lang=\"en\"><span class=\"\" title=\"\">Stainless steel necklace, basket shape and rhodium-plated Rhodonite, of Victorian and Rococo inspiration.<\/span><\/span><\/strong><\/p>\n","protected":false},"featured_media":2806,"comment_status":"open","ping_status":"closed","template":"","meta":[],"product_brand":[],"product_cat":[221,15],"product_tag":[31],"class_list":{"0":"post-356","1":"product","2":"type-product","3":"status-publish","4":"has-post-thumbnail","6":"product_cat-prix-doux","7":"product_cat-diaboliques","8":"product_tag-collier","9":"pa_ambiance-baroque","10":"pa_ambiance-elfique","11":"pa_ambiance-feerique","12":"pa_ambiance-historique","13":"pa_ambiance-victorien","14":"pa_matiere-inox","15":"pa_ornement-pierre-semi","16":"pa_ornement-rhodonite","18":"first","19":"instock","20":"sale","21":"featured","22":"sold-individually","23":"shipping-taxable","24":"purchasable","25":"product-type-simple"},"translation":{"provider":"WPGlobus","version":"3.0.2","language":"en","enabled_languages":["fr","en"],"languages":{"fr":{"title":true,"content":true,"excerpt":true},"en":{"title":false,"content":false,"excerpt":false}}},"jetpack-related-posts":[],"jetpack_sharing_enabled":true,"_links":{"self":[{"href":"https:\/\/www.altisfain.com\/en\/wp-json\/wp\/v2\/product\/356","targetHints":{"allow":["GET"]}}],"collection":[{"href":"https:\/\/www.altisfain.com\/en\/wp-json\/wp\/v2\/product"}],"about":[{"href":"https:\/\/www.altisfain.com\/en\/wp-json\/wp\/v2\/types\/product"}],"replies":[{"embeddable":true,"href":"https:\/\/www.altisfain.com\/en\/wp-json\/wp\/v2\/comments?post=356"}],"wp:featuredmedia":[{"embeddable":true,"href":"https:\/\/www.altisfain.com\/en\/wp-json\/wp\/v2\/media\/2806"}],"wp:attachment":[{"href":"https:\/\/www.altisfain.com\/en\/wp-json\/wp\/v2\/media?parent=356"}],"wp:term":[{"taxonomy":"product_brand","embeddable":true,"href":"https:\/\/www.altisfain.com\/en\/wp-json\/wp\/v2\/product_brand?post=356"},{"taxonomy":"product_cat","embeddable":true,"href":"https:\/\/www.altisfain.com\/en\/wp-json\/wp\/v2\/product_cat?post=356"},{"taxonomy":"product_tag","embeddable":true,"href":"https:\/\/www.altisfain.com\/en\/wp-json\/wp\/v2\/product_tag?post=356"}],"curies":[{"name":"wp","href":"https:\/\/api.w.org\/{rel}","templated":true}]}}