{"id":3553,"date":"2020-10-18T20:01:08","date_gmt":"2020-10-18T18:01:08","guid":{"rendered":"https:\/\/www.altisfain.com\/?post_type=product&#038;p=3553"},"modified":"2024-10-20T22:01:23","modified_gmt":"2024-10-20T20:01:23","slug":"bague-inox-les-passages-celestes-la-grotte-de-psychro-agate-druzy","status":"publish","type":"product","link":"https:\/\/www.altisfain.com\/en\/boutique\/les-adoptes\/bague-inox-les-passages-celestes-la-grotte-de-psychro-agate-druzy\/","title":{"rendered":"Bague inox &#8220;Les Passages C\u00e9l\u00e8stes: la Grotte de Psychro&#8221;, Agate Druzy"},"content":{"rendered":"<p style=\"text-align: center;\"><strong>\u201cSi la vie n&#8217;est qu&#8217;un passage, sur ce passage au moins semons des fleurs.\u201d<\/strong><br \/>\n<strong>Montaigne<\/strong><\/p>\n<p style=\"text-align: center;\"><strong>\u00ab Les Passages C\u00e9lestes \u00bb est une collection inspir\u00e9e des diff\u00e9rents portes conduisant \u00e0 des univers oniriques mais aussi personnels, des voies qui m\u00e8nent \u00e0 la pleine conscience de soi et du monde. Ces passerelles nous transportent vers des havres supr\u00eames, des finalit\u00e9s plus hautes, des buts ultimes. Ils touchent l&#8217;Histoire, la Spiritualit\u00e9, le Fantastique. Empruntons ces passages et nous entrons dans des contr\u00e9es intimes et fantaisistes.<\/strong><\/p>\n<p style=\"text-align: center;\">La <b>grotte de Psychro<\/b>, ou <b>grotte du Dikt\u00e9<\/b> (ou antre du Dikt\u00e9), est une grotte de Cr\u00e8te, en Gr\u00e8ce. Situ\u00e9e dans le nome de Lasithi, \u00e0 1\u00a0025\u00a0m\u00e8tres d&#8217;altitude, elle est consid\u00e9r\u00e9e comme le lieu de naissance de Zeus. Selon H\u00e9siode<sup id=\"cite_ref-1\" class=\"reference\"><\/sup>, Rh\u00e9a mit au monde Zeus dans une caverne du mont \u00c9g\u00e9e, pr\u00e8s de Lyttos. Lors de fouilles \u00e0 la fin du <abbr class=\"abbr\" title=\"19\u1d49 si\u00e8cle\"><span class=\"romain\">XIX<\/span><sup>e<\/sup><\/abbr>\u00a0si\u00e8cle, le site fut identifi\u00e9 comme celui d\u00e9crit par H\u00e9siode.<\/p>\n<p style=\"text-align: center;\">Bague inox taille 56,6, chaton serti Agate Druzy de tr\u00e8s belle qualit\u00e9 en forme de goutte et de couleurs vert, bleu, dor\u00e9 avec en son centre des cristaux tr\u00e8s scintillants. Largueur de l&#8217;anneau: 0,5 cm, dimension de la pierre: 3,8 cm par 1,8 cm.<\/p>\n<p style=\"text-align: center;\">Esprit tr\u00e8s mystique et cosmique.<\/p>\n<hr \/>\n<p style=\"text-align: center;\"><span class=\"tlid-translation translation\" lang=\"en\"><strong>&#8220;If life is only a passage, on this passage at least let us sow flowers.&#8221;<\/strong><br \/>\n<strong>Montaigne<\/strong><br \/>\n<\/span><\/p>\n<p style=\"text-align: center;\"><span class=\"tlid-translation translation\" lang=\"en\"><strong>&#8220;Les Passages C\u00e9lestes&#8221; is a collection inspired by the different doors leading to dreamlike but also personal universes, paths that lead to full awareness of oneself and the world. These bridges transport us to supreme havens, higher goals, ultimate goals. They touch the History, the Spirituality, the Fantastic. Take these passages and we enter intimate and fanciful lands.<\/strong><\/span><\/p>\n<p style=\"text-align: center;\"><strong><span class=\"tlid-translation translation\" lang=\"en\">Psychro Cave, or Dikt\u00e9 Cave (or Dikt\u00e9 Lair), is a cave in Crete, Greece. Located in the nome of Lasithi, at 1,025 meters above sea level, it is considered the birthplace of Zeus. According to Hesiod, Rhea gave birth to Zeus in a cave on Mount Aegean, near Lyttos. During excavations at the end of the 19th century, the site was identified as that described by Hesiod.<\/span><\/strong><\/p>\n<p><span class=\"tlid-translation translation\" lang=\"en\">Stainless steel ring size 56,6, bezel set with very high quality Druzy Agate in the shape of a drop and in green, blue, gold colors with very sparkling crystals in its center. Ring width: 0.5 cm, dimension of the stone: 3.8 cm by 1.8 cm.<br \/>\n<\/span><\/p>\n<p style=\"text-align: center;\"><span class=\"tlid-translation translation\" lang=\"en\">Very mystical and cosmic spirit.<\/span><\/p>\n<p>&nbsp;<\/p>\n","protected":false},"excerpt":{"rendered":"<p style=\"text-align: center;\"><strong>Bague inox et serti Agate Druzy naturelle, ambiance cosmique!<\/strong><\/p>\n<hr \/>\n<p style=\"text-align: center;\"><strong><span class=\"tlid-translation translation\" lang=\"en\"><span class=\"\" title=\"\">Stainless steel ring and natural Agate Druzy setting, cosmic atmosphere!<\/span><\/span><\/strong><\/p>\n","protected":false},"featured_media":3555,"comment_status":"open","ping_status":"closed","template":"","meta":[],"product_brand":[],"product_cat":[222],"product_tag":[32],"class_list":{"0":"post-3553","1":"product","2":"type-product","3":"status-publish","4":"has-post-thumbnail","6":"product_cat-les-adoptes","7":"product_tag-bague","8":"product_shipping_class-colissimo-france-et-assurance","9":"pa_ambiance-art-nouveau","10":"pa_ambiance-elfique","11":"pa_ambiance-gothique","12":"pa_matiere-inox","13":"pa_ornement-agate-druzy","14":"pa_ornement-agate-druzy-bleue","15":"pa_ornement-agate-druzy-jaune","16":"pa_ornement-pierre-naturelle","18":"first","19":"outofstock","20":"sold-individually","21":"shipping-taxable","22":"purchasable","23":"product-type-simple"},"translation":{"provider":"WPGlobus","version":"3.0.2","language":"en","enabled_languages":["fr","en"],"languages":{"fr":{"title":true,"content":true,"excerpt":true},"en":{"title":false,"content":false,"excerpt":false}}},"jetpack-related-posts":[],"jetpack_sharing_enabled":true,"_links":{"self":[{"href":"https:\/\/www.altisfain.com\/en\/wp-json\/wp\/v2\/product\/3553","targetHints":{"allow":["GET"]}}],"collection":[{"href":"https:\/\/www.altisfain.com\/en\/wp-json\/wp\/v2\/product"}],"about":[{"href":"https:\/\/www.altisfain.com\/en\/wp-json\/wp\/v2\/types\/product"}],"replies":[{"embeddable":true,"href":"https:\/\/www.altisfain.com\/en\/wp-json\/wp\/v2\/comments?post=3553"}],"wp:featuredmedia":[{"embeddable":true,"href":"https:\/\/www.altisfain.com\/en\/wp-json\/wp\/v2\/media\/3555"}],"wp:attachment":[{"href":"https:\/\/www.altisfain.com\/en\/wp-json\/wp\/v2\/media?parent=3553"}],"wp:term":[{"taxonomy":"product_brand","embeddable":true,"href":"https:\/\/www.altisfain.com\/en\/wp-json\/wp\/v2\/product_brand?post=3553"},{"taxonomy":"product_cat","embeddable":true,"href":"https:\/\/www.altisfain.com\/en\/wp-json\/wp\/v2\/product_cat?post=3553"},{"taxonomy":"product_tag","embeddable":true,"href":"https:\/\/www.altisfain.com\/en\/wp-json\/wp\/v2\/product_tag?post=3553"}],"curies":[{"name":"wp","href":"https:\/\/api.w.org\/{rel}","templated":true}]}}